{"id":8657,"date":"2022-04-20T15:27:31","date_gmt":"2022-04-20T13:27:31","guid":{"rendered":"https:\/\/www.lazioeuropa.it\/archivio1420\/vision_e_programmazione-1\/analisi_del_territorio-2\/"},"modified":"2022-05-11T14:27:05","modified_gmt":"2022-05-11T12:27:05","slug":"analisi_del_territorio-2","status":"publish","type":"page","link":"https:\/\/www.lazioeuropa.it\/archivio1420\/vision_e_programmazione-1\/analisi_del_territorio-2\/","title":{"rendered":"Analisi del territorio"},"content":{"rendered":"<p style=\"text-align: justify;\">La definizione degli interventi necessari per lo sviluppo del Lazio e il miglioramento della qualit\u00e0 della vita dei suoi cittadini \u00e8 stata possibile grazie ad un attento studio del territorio, delle sue peculiarit\u00e0 e dei suoi bisogni.<\/p>\n<p style=\"text-align: justify;\">Attraverso l\u2019interpretazione dei principali dati statistici e di alcune variabili qualitative, \u00e8 stato dunque analizzato il territorio nei suoi molteplici aspetti: demografici, abitativi, socio-economici, produttivi, ambientali.<\/p>\n<p style=\"text-align: justify;\">Sono stati, infine, individuati alcuni indicatori statistici che, oltre a mettere in evidenza la presenza e la significativit\u00e0 di problematiche che costituiscono un freno per la crescita economica e sociale, potranno fornire un contributo utile a misurare gli obiettivi da raggiungere nei prossimi anni.<\/p>\n<p><main id=\"primary\" class=\"site-main\"><\/p>\n<article id=\"post-6961\" class=\"post-6961 documenti type-documenti status-publish hentry categorie-documenti-analisi-territoriali\">\n<header class=\"entry-header\">\n<h2 class=\"entry-title\"><a href=\"https:\/\/www.lazioeuropa.it\/documenti\/luglio-2021\/\" rel=\"bookmark\">Luglio 2021<\/a><\/h2>\n<\/header>\n<div class=\"entry-content\">\n<div class=\"documenti-allegati\">\n<div><a href=\"https:\/\/www.lazioeuropa.it\/app\/uploads\/2022\/04\/l_economia_internazionale_luglio_2021.pdf\" target=\"_blank\" rel=\"noopener\" data-icon=\"\uf1c1\"> L\u2019economia Internazionale \u2013 Luglio 2021 <\/a><\/div>\n<div><a href=\"https:\/\/www.lazioeuropa.it\/app\/uploads\/2022\/04\/l_economia_dell_eurozona_luglio_2021.pdf\" target=\"_blank\" rel=\"noopener\" data-icon=\"\uf1c1\"> L\u2019economia dell\u2019Eurozona \u2013 Luglio 2021 <\/a><\/div>\n<div><a href=\"https:\/\/www.lazioeuropa.it\/app\/uploads\/2022\/04\/l_economia_nazionale_luglio_2021.pdf\" target=\"_blank\" rel=\"noopener\" data-icon=\"\uf1c1\"> L\u2019economia Nazionale \u2013 Luglio 2021 <\/a><\/div>\n<\/div>\n<\/div>\n<\/article>\n<article id=\"post-6962\" class=\"post-6962 documenti type-documenti status-publish hentry categorie-documenti-analisi-territoriali\">\n<header class=\"entry-header\">\n<h2 class=\"entry-title\"><a href=\"https:\/\/www.lazioeuropa.it\/documenti\/gennaio-2021\/\" rel=\"bookmark\">Gennaio 2021<\/a><\/h2>\n<\/header>\n<div class=\"entry-content\">\n<div class=\"documenti-allegati\">\n<div><a href=\"https:\/\/www.lazioeuropa.it\/app\/uploads\/2022\/04\/l_economia_internazionale_gennaio_2021.pdf\" target=\"_blank\" rel=\"noopener\" data-icon=\"\uf1c1\"> L\u2019economia Internazionale \u2013 Gennaio 2021 <\/a><\/div>\n<div><a href=\"https:\/\/www.lazioeuropa.it\/app\/uploads\/2022\/04\/l_economia_dell_eurozona_gennaio_2021.pdf\" target=\"_blank\" rel=\"noopener\" data-icon=\"\uf1c1\"> L\u2019economia dell\u2019Eurozona \u2013 Gennaio 2021 <\/a><\/div>\n<div><a href=\"https:\/\/www.lazioeuropa.it\/app\/uploads\/2022\/04\/l_economia_nazionale_gennaio_2021.pdf\" target=\"_blank\" rel=\"noopener\" data-icon=\"\uf1c1\"> L\u2019economia Nazionale \u2013 Gennaio 2021 <\/a><\/div>\n<\/div>\n<\/div>\n<\/article>\n<article id=\"post-6963\" class=\"post-6963 documenti type-documenti status-publish hentry categorie-documenti-analisi-territoriali\">\n<header class=\"entry-header\">\n<h2 class=\"entry-title\"><a href=\"https:\/\/www.lazioeuropa.it\/documenti\/quarto-trimestre-2019\/\" rel=\"bookmark\">Quarto trimestre 2019<\/a><\/h2>\n<\/header>\n<div class=\"entry-content\">\n<div class=\"documenti-allegati\">\n<div><a href=\"https:\/\/www.lazioeuropa.it\/app\/uploads\/2022\/04\/l_economia_internazionale_quarto_trimestre_2019.pdf\" target=\"_blank\" rel=\"noopener\" data-icon=\"\uf1c1\"> L\u2019economia Internazionale \u2013 quarto trimestre 2019 <\/a><\/div>\n<div><a href=\"https:\/\/www.lazioeuropa.it\/app\/uploads\/2022\/04\/l_economia_dell_eurozona_quarto_trimestre_2019.pdf\" target=\"_blank\" rel=\"noopener\" data-icon=\"\uf1c1\"> L\u2019economia dell\u2019Eurozona \u2013 quarto trimestre 2019 <\/a><\/div>\n<div><a href=\"https:\/\/www.lazioeuropa.it\/app\/uploads\/2022\/04\/l_economia_nazionale_quarto_trimestre_2019.pdf\" target=\"_blank\" rel=\"noopener\" data-icon=\"\uf1c1\"> L\u2019economia Nazionale \u2013 quarto trimestre 2019 <\/a><\/div>\n<\/div>\n<\/div>\n<\/article>\n<article id=\"post-6964\" class=\"post-6964 documenti type-documenti status-publish hentry categorie-documenti-analisi-territoriali\">\n<header class=\"entry-header\">\n<h2 class=\"entry-title\"><a href=\"https:\/\/www.lazioeuropa.it\/documenti\/terzo-trimestre-2019\/\" rel=\"bookmark\">Terzo trimestre 2019<\/a><\/h2>\n<\/header>\n<div class=\"entry-content\">\n<div class=\"documenti-allegati\">\n<div><a href=\"https:\/\/www.lazioeuropa.it\/app\/uploads\/2022\/04\/l_economia_internazionale_terzo_trimestre_2019.pdf\" target=\"_blank\" rel=\"noopener\" data-icon=\"\uf1c1\"> L\u2019economia Internazionale \u2013 terzo trimestre 2019 <\/a><\/div>\n<div><a href=\"https:\/\/www.lazioeuropa.it\/app\/uploads\/2022\/04\/l_economia_dell_eurozona_terzo_trimestre_2019.pdf\" target=\"_blank\" rel=\"noopener\" data-icon=\"\uf1c1\"> L\u2019economia dell\u2019Eurozona \u2013 terzo trimestre 2019 <\/a><\/div>\n<div><a href=\"https:\/\/www.lazioeuropa.it\/app\/uploads\/2022\/04\/l_economia_nazionale_terzo_trimestre_2019.pdf\" target=\"_blank\" rel=\"noopener\" data-icon=\"\uf1c1\"> L\u2019economia Internazionale \u2013 terzo trimestre 2019 <\/a><\/div>\n<\/div>\n<\/div>\n<\/article>\n<article id=\"post-6965\" class=\"post-6965 documenti type-documenti status-publish hentry categorie-documenti-analisi-territoriali\">\n<header class=\"entry-header\">\n<h2 class=\"entry-title\"><a href=\"https:\/\/www.lazioeuropa.it\/documenti\/secondo-trimestre-2019\/\" rel=\"bookmark\">Secondo trimestre 2019<\/a><\/h2>\n<\/header>\n<div class=\"entry-content\">\n<div class=\"documenti-allegati\">\n<div><a href=\"https:\/\/www.lazioeuropa.it\/app\/uploads\/2022\/04\/l_economia_internazionale_secondo_trimestre_2019.pdf\" target=\"_blank\" rel=\"noopener\" data-icon=\"\uf1c1\"> L\u2019economia Internazionale \u2013 secondo trimestre 2019 <\/a><\/div>\n<div><a href=\"https:\/\/www.lazioeuropa.it\/app\/uploads\/2022\/04\/l_economia_dell_eurozona_secondo_trimestre_2019.pdf\" target=\"_blank\" rel=\"noopener\" data-icon=\"\uf1c1\"> L\u2019economia dell\u2019Eurozona \u2013 secondo trimestre 2019 <\/a><\/div>\n<div><a href=\"https:\/\/www.lazioeuropa.it\/app\/uploads\/2022\/04\/l_economia_italiana_secondo_trimestre_2019.pdf\" target=\"_blank\" rel=\"noopener\" data-icon=\"\uf1c1\"> L\u2019economia Nazionale \u2013 secondo trimestre 2019 <\/a><\/div>\n<\/div>\n<\/div>\n<\/article>\n<article id=\"post-6966\" class=\"post-6966 documenti type-documenti status-publish hentry categorie-documenti-analisi-territoriali\">\n<header class=\"entry-header\">\n<h2 class=\"entry-title\"><a href=\"https:\/\/www.lazioeuropa.it\/documenti\/primo-trimestre-2019\/\" rel=\"bookmark\">Primo trimestre 2019<\/a><\/h2>\n<\/header>\n<div class=\"entry-content\">\n<div class=\"documenti-allegati\">\n<div><a href=\"https:\/\/www.lazioeuropa.it\/app\/uploads\/2022\/04\/l_economia_internazionale_primo_trimestre_2019.pdf\" target=\"_blank\" rel=\"noopener\" data-icon=\"\uf1c1\"> L\u2019economia Internazionale \u2013 primo trimestre 2019 <\/a><\/div>\n<div><a href=\"https:\/\/www.lazioeuropa.it\/app\/uploads\/2022\/04\/l_economia_dell_eurozona_primo_trimestre_2019.pdf\" target=\"_blank\" rel=\"noopener\" data-icon=\"\uf1c1\"> L\u2019economia dell\u2019Eurozona \u2013 primo trimestre 2019 <\/a><\/div>\n<div><a href=\"https:\/\/www.lazioeuropa.it\/app\/uploads\/2022\/04\/l_economia_nazionale_primo_trimestre_2019.pdf\" target=\"_blank\" rel=\"noopener\" data-icon=\"\uf1c1\"> L\u2019economia Nazionale \u2013 primo trimestre 2019 <\/a><\/div>\n<\/div>\n<\/div>\n<\/article>\n<p><\/main><\/p>\n<footer class=\"site-footer\">\n<div class=\"footer-menu\">\n<div class=\"menu-footer-container\">\n<\/div>\n<\/div>\n<\/footer>\n","protected":false},"excerpt":{"rendered":"<p>La definizione degli interventi necessari per lo sviluppo del Lazio e il miglioramento della qualit\u00e0 della vita dei suoi cittadini \u00e8 stata possibile grazie ad un attento studio del territorio, delle sue peculiarit\u00e0 e dei suoi bisogni. Attraverso l\u2019interpretazione dei principali dati statistici e di alcune variabili qualitative, \u00e8 stato dunque analizzato il territorio nei [&hellip;]<\/p>\n","protected":false},"author":1,"featured_media":0,"parent":8655,"menu_order":0,"comment_status":"closed","ping_status":"closed","template":"","meta":{"_acf_changed":false,"ghostkit_customizer_options":"","ghostkit_custom_css":"","ghostkit_custom_js_head":"","ghostkit_custom_js_foot":"","ghostkit_typography":"","footnotes":""},"class_list":["post-8657","page","type-page","status-publish","hentry"],"acf":[],"yoast_head":"<!-- This site is optimized with the Yoast SEO plugin v24.2 - https:\/\/yoast.com\/wordpress\/plugins\/seo\/ -->\n<title>Analisi del territorio - LazioEuropa Archivio 1420<\/title>\n<meta name=\"robots\" content=\"index, follow, max-snippet:-1, max-image-preview:large, max-video-preview:-1\" \/>\n<link rel=\"canonical\" href=\"https:\/\/www.lazioeuropa.it\/archivio1420\/vision_e_programmazione-1\/analisi_del_territorio-2\/\" \/>\n<meta property=\"og:locale\" content=\"it_IT\" \/>\n<meta property=\"og:type\" content=\"article\" \/>\n<meta property=\"og:title\" content=\"Analisi del territorio - LazioEuropa Archivio 1420\" \/>\n<meta property=\"og:description\" content=\"La definizione degli interventi necessari per lo sviluppo del Lazio e il miglioramento della qualit\u00e0 della vita dei suoi cittadini \u00e8 stata possibile grazie ad un attento studio del territorio, delle sue peculiarit\u00e0 e dei suoi bisogni. Attraverso l\u2019interpretazione dei principali dati statistici e di alcune variabili qualitative, \u00e8 stato dunque analizzato il territorio nei [&hellip;]\" \/>\n<meta property=\"og:url\" content=\"https:\/\/www.lazioeuropa.it\/archivio1420\/vision_e_programmazione-1\/analisi_del_territorio-2\/\" \/>\n<meta property=\"og:site_name\" content=\"LazioEuropa Archivio 1420\" \/>\n<meta property=\"article:modified_time\" content=\"2022-05-11T12:27:05+00:00\" \/>\n<meta name=\"twitter:card\" content=\"summary_large_image\" \/>\n<meta name=\"twitter:label1\" content=\"Est. reading time\" \/>\n\t<meta name=\"twitter:data1\" content=\"2 minuti\" \/>\n<script type=\"application\/ld+json\" class=\"yoast-schema-graph\">{\"@context\":\"https:\/\/schema.org\",\"@graph\":[{\"@type\":\"WebPage\",\"@id\":\"https:\/\/www.lazioeuropa.it\/archivio1420\/vision_e_programmazione-1\/analisi_del_territorio-2\/\",\"url\":\"https:\/\/www.lazioeuropa.it\/archivio1420\/vision_e_programmazione-1\/analisi_del_territorio-2\/\",\"name\":\"Analisi del territorio - LazioEuropa Archivio 1420\",\"isPartOf\":{\"@id\":\"https:\/\/www.lazioeuropa.it\/archivio1420\/#website\"},\"datePublished\":\"2022-04-20T13:27:31+00:00\",\"dateModified\":\"2022-05-11T12:27:05+00:00\",\"breadcrumb\":{\"@id\":\"https:\/\/www.lazioeuropa.it\/archivio1420\/vision_e_programmazione-1\/analisi_del_territorio-2\/#breadcrumb\"},\"inLanguage\":\"it-IT\",\"potentialAction\":[{\"@type\":\"ReadAction\",\"target\":[\"https:\/\/www.lazioeuropa.it\/archivio1420\/vision_e_programmazione-1\/analisi_del_territorio-2\/\"]}]},{\"@type\":\"BreadcrumbList\",\"@id\":\"https:\/\/www.lazioeuropa.it\/archivio1420\/vision_e_programmazione-1\/analisi_del_territorio-2\/#breadcrumb\",\"itemListElement\":[{\"@type\":\"ListItem\",\"position\":1,\"name\":\"Home\",\"item\":\"https:\/\/www.lazioeuropa.it\/archivio1420\/\"},{\"@type\":\"ListItem\",\"position\":2,\"name\":\"Vision e Programmazione\",\"item\":\"https:\/\/www.lazioeuropa.it\/archivio1420\/vision_e_programmazione-1\/\"},{\"@type\":\"ListItem\",\"position\":3,\"name\":\"Analisi del territorio\"}]},{\"@type\":\"WebSite\",\"@id\":\"https:\/\/www.lazioeuropa.it\/archivio1420\/#website\",\"url\":\"https:\/\/www.lazioeuropa.it\/archivio1420\/\",\"name\":\"LazioEuropa Archivio 1420\",\"description\":\"Lazio Europa\",\"potentialAction\":[{\"@type\":\"SearchAction\",\"target\":{\"@type\":\"EntryPoint\",\"urlTemplate\":\"https:\/\/www.lazioeuropa.it\/archivio1420\/?s={search_term_string}\"},\"query-input\":{\"@type\":\"PropertyValueSpecification\",\"valueRequired\":true,\"valueName\":\"search_term_string\"}}],\"inLanguage\":\"it-IT\"}]}<\/script>\n<!-- \/ Yoast SEO plugin. -->","yoast_head_json":{"title":"Analisi del territorio - LazioEuropa Archivio 1420","robots":{"index":"index","follow":"follow","max-snippet":"max-snippet:-1","max-image-preview":"max-image-preview:large","max-video-preview":"max-video-preview:-1"},"canonical":"https:\/\/www.lazioeuropa.it\/archivio1420\/vision_e_programmazione-1\/analisi_del_territorio-2\/","og_locale":"it_IT","og_type":"article","og_title":"Analisi del territorio - LazioEuropa Archivio 1420","og_description":"La definizione degli interventi necessari per lo sviluppo del Lazio e il miglioramento della qualit\u00e0 della vita dei suoi cittadini \u00e8 stata possibile grazie ad un attento studio del territorio, delle sue peculiarit\u00e0 e dei suoi bisogni. Attraverso l\u2019interpretazione dei principali dati statistici e di alcune variabili qualitative, \u00e8 stato dunque analizzato il territorio nei [&hellip;]","og_url":"https:\/\/www.lazioeuropa.it\/archivio1420\/vision_e_programmazione-1\/analisi_del_territorio-2\/","og_site_name":"LazioEuropa Archivio 1420","article_modified_time":"2022-05-11T12:27:05+00:00","twitter_card":"summary_large_image","twitter_misc":{"Est. reading time":"2 minuti"},"schema":{"@context":"https:\/\/schema.org","@graph":[{"@type":"WebPage","@id":"https:\/\/www.lazioeuropa.it\/archivio1420\/vision_e_programmazione-1\/analisi_del_territorio-2\/","url":"https:\/\/www.lazioeuropa.it\/archivio1420\/vision_e_programmazione-1\/analisi_del_territorio-2\/","name":"Analisi del territorio - LazioEuropa Archivio 1420","isPartOf":{"@id":"https:\/\/www.lazioeuropa.it\/archivio1420\/#website"},"datePublished":"2022-04-20T13:27:31+00:00","dateModified":"2022-05-11T12:27:05+00:00","breadcrumb":{"@id":"https:\/\/www.lazioeuropa.it\/archivio1420\/vision_e_programmazione-1\/analisi_del_territorio-2\/#breadcrumb"},"inLanguage":"it-IT","potentialAction":[{"@type":"ReadAction","target":["https:\/\/www.lazioeuropa.it\/archivio1420\/vision_e_programmazione-1\/analisi_del_territorio-2\/"]}]},{"@type":"BreadcrumbList","@id":"https:\/\/www.lazioeuropa.it\/archivio1420\/vision_e_programmazione-1\/analisi_del_territorio-2\/#breadcrumb","itemListElement":[{"@type":"ListItem","position":1,"name":"Home","item":"https:\/\/www.lazioeuropa.it\/archivio1420\/"},{"@type":"ListItem","position":2,"name":"Vision e Programmazione","item":"https:\/\/www.lazioeuropa.it\/archivio1420\/vision_e_programmazione-1\/"},{"@type":"ListItem","position":3,"name":"Analisi del territorio"}]},{"@type":"WebSite","@id":"https:\/\/www.lazioeuropa.it\/archivio1420\/#website","url":"https:\/\/www.lazioeuropa.it\/archivio1420\/","name":"LazioEuropa Archivio 1420","description":"Lazio Europa","potentialAction":[{"@type":"SearchAction","target":{"@type":"EntryPoint","urlTemplate":"https:\/\/www.lazioeuropa.it\/archivio1420\/?s={search_term_string}"},"query-input":{"@type":"PropertyValueSpecification","valueRequired":true,"valueName":"search_term_string"}}],"inLanguage":"it-IT"}]}},"featured_image_src":null,"featured_image_src_square":null,"_links":{"self":[{"href":"https:\/\/www.lazioeuropa.it\/archivio1420\/wp-json\/wp\/v2\/pages\/8657","targetHints":{"allow":["GET"]}}],"collection":[{"href":"https:\/\/www.lazioeuropa.it\/archivio1420\/wp-json\/wp\/v2\/pages"}],"about":[{"href":"https:\/\/www.lazioeuropa.it\/archivio1420\/wp-json\/wp\/v2\/types\/page"}],"author":[{"embeddable":true,"href":"https:\/\/www.lazioeuropa.it\/archivio1420\/wp-json\/wp\/v2\/users\/1"}],"replies":[{"embeddable":true,"href":"https:\/\/www.lazioeuropa.it\/archivio1420\/wp-json\/wp\/v2\/comments?post=8657"}],"version-history":[{"count":2,"href":"https:\/\/www.lazioeuropa.it\/archivio1420\/wp-json\/wp\/v2\/pages\/8657\/revisions"}],"predecessor-version":[{"id":9624,"href":"https:\/\/www.lazioeuropa.it\/archivio1420\/wp-json\/wp\/v2\/pages\/8657\/revisions\/9624"}],"up":[{"embeddable":true,"href":"https:\/\/www.lazioeuropa.it\/archivio1420\/wp-json\/wp\/v2\/pages\/8655"}],"wp:attachment":[{"href":"https:\/\/www.lazioeuropa.it\/archivio1420\/wp-json\/wp\/v2\/media?parent=8657"}],"curies":[{"name":"wp","href":"https:\/\/api.w.org\/{rel}","templated":true}]}}