{"id":8666,"date":"2022-04-20T15:27:31","date_gmt":"2022-04-20T13:27:31","guid":{"rendered":"https:\/\/www.lazioeuropa.it\/archivio1420\/vision_e_programmazione-1\/le_risorse_per_lo_sviluppo-4\/le_risorse_europee-6\/i_fondi_strutturali_e_di_investimento_europei-1\/"},"modified":"2022-05-11T15:07:27","modified_gmt":"2022-05-11T13:07:27","slug":"i_fondi_strutturali_e_di_investimento_europei-1","status":"publish","type":"page","link":"https:\/\/www.lazioeuropa.it\/archivio1420\/vision_e_programmazione-1\/le_risorse_per_lo_sviluppo-4\/le_risorse_europee-6\/i_fondi_strutturali_e_di_investimento_europei-1\/","title":{"rendered":"I Fondi Strutturali e di Investimento Europei"},"content":{"rendered":"<p style=\"text-align: justify;\">I Fondi strutturali e di investimento europei (Fondi SIE) costituiscono i principali strumenti finanziari della politica regionale dell\u2019Unione Europea per lo sviluppo.<\/p>\n<p style=\"text-align: justify;\">I fondi operano congiuntamente a supporto dello sviluppo economico di tutti i Paesi dell\u2019Unione Europea in linea con gli obiettivi della strategia Europa 2020 e si suddividono in:<\/p>\n<ul>\n<li>\n<h3 style=\"text-align: justify;\"><a href=\"https:\/\/www.lazioeuropa.it\/archivio1420\/por_fesr-15\/\">Fondo Europeo di Sviluppo Regionale<\/a> (FESR)<\/h3>\n<p style=\"text-align: justify;\">La sua finalit\u00e0 strategica \u00e8 creare per il territorio regionale un vantaggio competitivo durevole. Le azioni da finanziare e il riparto delle somme sono stabilite nel Programma Operativo Regionale (POR), proposto dalla Regione e successivamente approvato dalla Commissione Europea.<\/p>\n<\/li>\n<li>\n<h3 style=\"text-align: justify;\"><a href=\"https:\/\/www.lazioeuropa.it\/archivio1420\/por_fse-16\/\">Fondo Sociale Europeo<\/a> (FSE)<\/h3>\n<p style=\"text-align: justify;\">Ha l\u2019obiettivo di accrescere la competitivit\u00e0 del sistema regionale attraverso la creazione e l&#8217;utilizzo della conoscenza, nonch\u00e9 consolidare e migliorare gli attuali livelli di occupazione, qualit\u00e0 del lavoro e coesione sociale. Analogamente al FESR, si articola in ciascuna regione in uno specifico Programma Operativo Regionale (POR).<\/p>\n<\/li>\n<li style=\"text-align: justify;\">\n<h3 style=\"text-align: justify;\"><a href=\"https:\/\/www.lazioeuropa.it\/psr-feasr\/\" target=\"_blank\" rel=\"noopener\">Fondo Europeo Agricolo per lo Sviluppo Rurale<\/a> (FEASR)<\/h3>\n<p style=\"text-align: justify;\">Rappresenta lo strumento di finanziamento della politica di sviluppo rurale. Il Fondo viene attuato mediante il Programma di Sviluppo Rurale regionale (PSR)<\/p>\n<\/li>\n<li>\n<h3 style=\"text-align: justify;\"><a href=\"http:\/\/ec.europa.eu\/fisheries\/cfp\/emff\/index_en.htm\">Fondo Europeo per gli Affari Marittimi e la Pesca<\/a> (FEAMP)<\/h3>\n<p style=\"text-align: justify;\">Attraverso un Programma Operativo Nazionale, il Fondo sosterr\u00e0 i pescatori nella transizione verso una pesca sostenibile; aiuter\u00e0 le comunit\u00e0 costiere a diversificare le loro economie; finanzier\u00e0 i progetti che creano nuovi posti di lavoro e migliorano la qualit\u00e0 della vita nelle regioni costiere europee.<\/p>\n<\/li>\n<li>\n<h3 style=\"text-align: justify;\"><a href=\"http:\/\/ec.europa.eu\/regional_policy\/thefunds\/cohesion\/index_en.cfm\">Fondo di Coesione<\/a> (FC)<\/h3>\n<p style=\"text-align: justify;\">E\u2019 destinato agli Stati membri con un reddito nazionale lordo pro capite inferiore al 90% della media dell\u2019Unione Europea (l\u2019Italia, dunque, non \u00e8 tra i Paesi interessati dal Fondo).<\/p>\n<\/li>\n<\/ul>\n<p style=\"text-align: justify;\">L\u2019impostazione strategica definita per i Fondi Strutturali (FSE e FESR) e per il FEASR \u00e8 articolata su 11 obiettivi tematici, corrispondenti a quelli individuati dall\u2019articolo 9 del Regolamento UE n. 1303\/2013 e richiamati nell\u2019<a href=\"https:\/\/www.lazioeuropa.it\/archivio1420\/app\/uploads\/2014\/05\/accordo_di_partenariato_italia_completo_18.04.2014_finale.pdf\" target=\"_blank\" rel=\"noopener\"><u>Accordo di Partenariato 2014-2020 Italia<\/u><\/a>:<\/p>\n<ol>\n<li>\n<p style=\"text-align: justify;\">Rafforzare la ricerca, lo sviluppo tecnologico e l&#8217;innovazione;<\/p>\n<\/li>\n<li>\n<p style=\"text-align: justify;\">Migliorare l&#8217;accesso alle tecnologie dell&#8217;informazione e della comunicazione, nonch\u00e9 l&#8217;impiego e la qualit\u00e0 delle medesime;<\/p>\n<\/li>\n<li>\n<p style=\"text-align: justify;\">Promuovere la competitivit\u00e0 delle piccole e medie imprese, il settore agricolo (per il FEASR) e il settore della pesca e dell&#8217;acquacoltura (per il FEAMP);<\/p>\n<\/li>\n<li>\n<p style=\"text-align: justify;\">Sostenere la transizione verso un&#8217;economia a basse emissioni di carbonio in tutti i settori;<\/p>\n<\/li>\n<li>\n<p style=\"text-align: justify;\">Promuovere l&#8217;adattamento al cambiamento climatico, la prevenzione e la gestione dei rischi;<\/p>\n<\/li>\n<li>\n<p style=\"text-align: justify;\">Tutelare l&#8217;ambiente e promuovere l&#8217;uso efficiente delle risorse;<\/p>\n<\/li>\n<li>\n<p style=\"text-align: justify;\">Promuovere sistemi di trasporto sostenibili ed eliminare le strozzature nelle principali infrastrutture di rete;<\/p>\n<\/li>\n<li>\n<p style=\"text-align: justify;\">Promuovere l&#8217;occupazione e sostenere la mobilit\u00e0 dei lavoratori;<\/p>\n<\/li>\n<li>\n<p style=\"text-align: justify;\">Promuovere l&#8217;inclusione sociale e combattere la povert\u00e0;<\/p>\n<\/li>\n<li>\n<p style=\"text-align: justify;\">Investire nelle competenze, nell&#8217;istruzione e nell&#8217;apprendimento permanente;<\/p>\n<\/li>\n<li>\n<p style=\"text-align: justify;\">Rafforzare la capacit\u00e0 istituzionale e promuovere un&#8217;amministrazione pubblica efficiente.<\/p>\n<\/li>\n<\/ol>\n<p style=\"text-align: justify;\">La strategia segue inoltre un approccio \u201cterritoriale\u201d in due ambiti specifici: le \u201cAree Interne\u201d e le \u201cCitt\u00e0\u201d:<\/p>\n<ul>\n<li>\n<p style=\"text-align: justify;\">per le <strong>Aree Interne<\/strong>, l\u2019utilizzo integrato dei tre Fondi si concentrer\u00e0 in aree caratterizzate dal fenomeno del declino demografico, da condizioni di disagio socio-economico, dall\u2019esistenza di una distanza significativa dai centri di offerta dei servizi pubblici essenziali (salute, trasporti, istruzione). L\u2019individuazione delle aree eligibili, all\u2019interno di un percorso condiviso fra la Regione Lazio e il Dipartimento per lo Sviluppo e la Coesione Economica, si avvale di vari strumenti: le analisi statistico-economiche, gli incontri con referenti istituzionali e del territorio, le verifiche sul campo. Attraverso questo percorso condiviso si proceder\u00e0 alla successiva selezione dei progetti nelle quali i Comuni interessati dovranno assicurare la sostenibilit\u00e0 di lungo periodo anche mediante l\u2019associazione tra di essi nelle varie forme previste dalla normativa nazionale e regionale (Unione di Comuni, Protocolli d\u2019intesa, Consorzi, etc.).<\/p>\n<p><a href=\"https:\/\/www.lazioeuropa.it\/archivio1420\/proposta-di-perimetrazione-delle-aree-interne-del-lazio-a-esito-del-confronto-fra-la-regione-lazio-e-il-dipartimento-per-le-politiche-di-sviluppo\/\"><strong>Proposta di perimetrazione delle Aree Interne del Lazio a esito del confronto fra la Regione Lazio e il Dipartimento per lo Sviluppo e la Coesione Economica<\/strong><\/a><\/li>\n<li>\n<p style=\"text-align: justify;\">per le\u00a0<strong>Citt\u00e0 (Agenda Urbana)<\/strong>, il FESR e l\u2019FSE contribuiranno alla realizzazione di tre ambiti operativi: competitivit\u00e0, sostenibilit\u00e0 e inclusione sociale. In particolare, nei centri urbani si vuole far ripartire il motore di sviluppo delle citt\u00e0, attraverso la creazione di servizi avanzati.<\/p>\n<\/li>\n<\/ul>\n<h3 style=\"text-align: justify;\">I Fondi SIE 2014-2020 per il Lazio<\/h3>\n<p style=\"text-align: justify;\">Per il nuovo ciclo di programmazione 2014-2020 dei Fondi Strutturali e di Investimento Europei, il totale delle risorse di cui disporr\u00e0 la Regione Lazio a valere su FESR, FSE e FEASR \u00e8 di <strong>2,596 miliardi di euro<\/strong>: 913,2 milioni di euro per il FESR, 902,5 milioni per l\u2019FSE e 780,1 per il FEASR.<\/p>\n<div id=\"chart\" style=\"width: 700px; height: 400px; margin: 0 auto;\"><\/div>\n<p><script type=\"text\/javascript\" src=\"https:\/\/www.google.com\/jsapi\"><\/script><script type=\"text\/javascript\"><\/p>\n<p>  google.load('visualization', '1.0', {'packages':['corechart']});<br \/>\n  google.setOnLoadCallback(drawChart);<br \/>\n  function drawChart() {<br \/>\n    var data = new google.visualization.DataTable();<br \/>\n    data.addColumn('string', 'Topping');<br \/>\n    data.addColumn('number', 'Slices');<br \/>\n    data.addRows([<br \/>\n      ['FESR', 913.2],<br \/>\n      ['FSE', 902.5],<br \/>\n      ['FEASR', 780.1]<br \/>\n    ]);<br \/>\n    var options = {<br \/>\n      width:700,<br \/>\n      height:400,<br \/>\n      pieSliceText: 'value',<br \/>\n    };<br \/>\n    var chart = new google.visualization.PieChart(document.getElementById('chart'));<br \/>\n    chart.draw(data, options);<br \/>\n  }<br \/>\n<\/script><\/p>\n<p align=\"center\">\n","protected":false},"excerpt":{"rendered":"<p>I Fondi strutturali e di investimento europei (Fondi SIE) costituiscono i principali strumenti finanziari della politica regionale dell\u2019Unione Europea per lo sviluppo. I fondi operano congiuntamente a supporto dello sviluppo economico di tutti i Paesi dell\u2019Unione Europea in linea con gli obiettivi della strategia Europa 2020 e si suddividono in: Fondo Europeo di Sviluppo Regionale [&hellip;]<\/p>\n","protected":false},"author":1,"featured_media":0,"parent":8665,"menu_order":0,"comment_status":"closed","ping_status":"closed","template":"","meta":{"_acf_changed":false,"ghostkit_customizer_options":"","ghostkit_custom_css":"","ghostkit_custom_js_head":"","ghostkit_custom_js_foot":"","ghostkit_typography":"","footnotes":""},"class_list":["post-8666","page","type-page","status-publish","hentry"],"acf":[],"yoast_head":"<!-- This site is optimized with the Yoast SEO plugin v24.2 - https:\/\/yoast.com\/wordpress\/plugins\/seo\/ -->\n<title>I Fondi Strutturali e di Investimento Europei - LazioEuropa Archivio 1420<\/title>\n<meta name=\"robots\" content=\"index, follow, max-snippet:-1, max-image-preview:large, max-video-preview:-1\" \/>\n<link rel=\"canonical\" href=\"https:\/\/www.lazioeuropa.it\/archivio1420\/vision_e_programmazione-1\/le_risorse_per_lo_sviluppo-4\/le_risorse_europee-6\/i_fondi_strutturali_e_di_investimento_europei-1\/\" \/>\n<meta property=\"og:locale\" content=\"it_IT\" \/>\n<meta property=\"og:type\" content=\"article\" \/>\n<meta property=\"og:title\" content=\"I Fondi Strutturali e di Investimento Europei - LazioEuropa Archivio 1420\" \/>\n<meta property=\"og:description\" content=\"I Fondi strutturali e di investimento europei (Fondi SIE) costituiscono i principali strumenti finanziari della politica regionale dell\u2019Unione Europea per lo sviluppo. I fondi operano congiuntamente a supporto dello sviluppo economico di tutti i Paesi dell\u2019Unione Europea in linea con gli obiettivi della strategia Europa 2020 e si suddividono in: Fondo Europeo di Sviluppo Regionale [&hellip;]\" \/>\n<meta property=\"og:url\" content=\"https:\/\/www.lazioeuropa.it\/archivio1420\/vision_e_programmazione-1\/le_risorse_per_lo_sviluppo-4\/le_risorse_europee-6\/i_fondi_strutturali_e_di_investimento_europei-1\/\" \/>\n<meta property=\"og:site_name\" content=\"LazioEuropa Archivio 1420\" \/>\n<meta property=\"article:modified_time\" content=\"2022-05-11T13:07:27+00:00\" \/>\n<meta name=\"twitter:card\" content=\"summary_large_image\" \/>\n<meta name=\"twitter:label1\" content=\"Est. reading time\" \/>\n\t<meta name=\"twitter:data1\" content=\"4 minuti\" \/>\n<script type=\"application\/ld+json\" class=\"yoast-schema-graph\">{\"@context\":\"https:\/\/schema.org\",\"@graph\":[{\"@type\":\"WebPage\",\"@id\":\"https:\/\/www.lazioeuropa.it\/archivio1420\/vision_e_programmazione-1\/le_risorse_per_lo_sviluppo-4\/le_risorse_europee-6\/i_fondi_strutturali_e_di_investimento_europei-1\/\",\"url\":\"https:\/\/www.lazioeuropa.it\/archivio1420\/vision_e_programmazione-1\/le_risorse_per_lo_sviluppo-4\/le_risorse_europee-6\/i_fondi_strutturali_e_di_investimento_europei-1\/\",\"name\":\"I Fondi Strutturali e di Investimento Europei - LazioEuropa Archivio 1420\",\"isPartOf\":{\"@id\":\"https:\/\/www.lazioeuropa.it\/archivio1420\/#website\"},\"datePublished\":\"2022-04-20T13:27:31+00:00\",\"dateModified\":\"2022-05-11T13:07:27+00:00\",\"breadcrumb\":{\"@id\":\"https:\/\/www.lazioeuropa.it\/archivio1420\/vision_e_programmazione-1\/le_risorse_per_lo_sviluppo-4\/le_risorse_europee-6\/i_fondi_strutturali_e_di_investimento_europei-1\/#breadcrumb\"},\"inLanguage\":\"it-IT\",\"potentialAction\":[{\"@type\":\"ReadAction\",\"target\":[\"https:\/\/www.lazioeuropa.it\/archivio1420\/vision_e_programmazione-1\/le_risorse_per_lo_sviluppo-4\/le_risorse_europee-6\/i_fondi_strutturali_e_di_investimento_europei-1\/\"]}]},{\"@type\":\"BreadcrumbList\",\"@id\":\"https:\/\/www.lazioeuropa.it\/archivio1420\/vision_e_programmazione-1\/le_risorse_per_lo_sviluppo-4\/le_risorse_europee-6\/i_fondi_strutturali_e_di_investimento_europei-1\/#breadcrumb\",\"itemListElement\":[{\"@type\":\"ListItem\",\"position\":1,\"name\":\"Home\",\"item\":\"https:\/\/www.lazioeuropa.it\/archivio1420\/\"},{\"@type\":\"ListItem\",\"position\":2,\"name\":\"Vision e Programmazione\",\"item\":\"https:\/\/www.lazioeuropa.it\/archivio1420\/vision_e_programmazione-1\/\"},{\"@type\":\"ListItem\",\"position\":3,\"name\":\"Le risorse per lo sviluppo\",\"item\":\"https:\/\/www.lazioeuropa.it\/archivio1420\/vision_e_programmazione-1\/le_risorse_per_lo_sviluppo-4\/\"},{\"@type\":\"ListItem\",\"position\":4,\"name\":\"Le risorse europee\",\"item\":\"https:\/\/www.lazioeuropa.it\/archivio1420\/vision_e_programmazione-1\/le_risorse_per_lo_sviluppo-4\/le_risorse_europee-6\/\"},{\"@type\":\"ListItem\",\"position\":5,\"name\":\"I Fondi Strutturali e di Investimento Europei\"}]},{\"@type\":\"WebSite\",\"@id\":\"https:\/\/www.lazioeuropa.it\/archivio1420\/#website\",\"url\":\"https:\/\/www.lazioeuropa.it\/archivio1420\/\",\"name\":\"LazioEuropa Archivio 1420\",\"description\":\"Lazio Europa\",\"potentialAction\":[{\"@type\":\"SearchAction\",\"target\":{\"@type\":\"EntryPoint\",\"urlTemplate\":\"https:\/\/www.lazioeuropa.it\/archivio1420\/?s={search_term_string}\"},\"query-input\":{\"@type\":\"PropertyValueSpecification\",\"valueRequired\":true,\"valueName\":\"search_term_string\"}}],\"inLanguage\":\"it-IT\"}]}<\/script>\n<!-- \/ Yoast SEO plugin. -->","yoast_head_json":{"title":"I Fondi Strutturali e di Investimento Europei - LazioEuropa Archivio 1420","robots":{"index":"index","follow":"follow","max-snippet":"max-snippet:-1","max-image-preview":"max-image-preview:large","max-video-preview":"max-video-preview:-1"},"canonical":"https:\/\/www.lazioeuropa.it\/archivio1420\/vision_e_programmazione-1\/le_risorse_per_lo_sviluppo-4\/le_risorse_europee-6\/i_fondi_strutturali_e_di_investimento_europei-1\/","og_locale":"it_IT","og_type":"article","og_title":"I Fondi Strutturali e di Investimento Europei - LazioEuropa Archivio 1420","og_description":"I Fondi strutturali e di investimento europei (Fondi SIE) costituiscono i principali strumenti finanziari della politica regionale dell\u2019Unione Europea per lo sviluppo. I fondi operano congiuntamente a supporto dello sviluppo economico di tutti i Paesi dell\u2019Unione Europea in linea con gli obiettivi della strategia Europa 2020 e si suddividono in: Fondo Europeo di Sviluppo Regionale [&hellip;]","og_url":"https:\/\/www.lazioeuropa.it\/archivio1420\/vision_e_programmazione-1\/le_risorse_per_lo_sviluppo-4\/le_risorse_europee-6\/i_fondi_strutturali_e_di_investimento_europei-1\/","og_site_name":"LazioEuropa Archivio 1420","article_modified_time":"2022-05-11T13:07:27+00:00","twitter_card":"summary_large_image","twitter_misc":{"Est. reading time":"4 minuti"},"schema":{"@context":"https:\/\/schema.org","@graph":[{"@type":"WebPage","@id":"https:\/\/www.lazioeuropa.it\/archivio1420\/vision_e_programmazione-1\/le_risorse_per_lo_sviluppo-4\/le_risorse_europee-6\/i_fondi_strutturali_e_di_investimento_europei-1\/","url":"https:\/\/www.lazioeuropa.it\/archivio1420\/vision_e_programmazione-1\/le_risorse_per_lo_sviluppo-4\/le_risorse_europee-6\/i_fondi_strutturali_e_di_investimento_europei-1\/","name":"I Fondi Strutturali e di Investimento Europei - LazioEuropa Archivio 1420","isPartOf":{"@id":"https:\/\/www.lazioeuropa.it\/archivio1420\/#website"},"datePublished":"2022-04-20T13:27:31+00:00","dateModified":"2022-05-11T13:07:27+00:00","breadcrumb":{"@id":"https:\/\/www.lazioeuropa.it\/archivio1420\/vision_e_programmazione-1\/le_risorse_per_lo_sviluppo-4\/le_risorse_europee-6\/i_fondi_strutturali_e_di_investimento_europei-1\/#breadcrumb"},"inLanguage":"it-IT","potentialAction":[{"@type":"ReadAction","target":["https:\/\/www.lazioeuropa.it\/archivio1420\/vision_e_programmazione-1\/le_risorse_per_lo_sviluppo-4\/le_risorse_europee-6\/i_fondi_strutturali_e_di_investimento_europei-1\/"]}]},{"@type":"BreadcrumbList","@id":"https:\/\/www.lazioeuropa.it\/archivio1420\/vision_e_programmazione-1\/le_risorse_per_lo_sviluppo-4\/le_risorse_europee-6\/i_fondi_strutturali_e_di_investimento_europei-1\/#breadcrumb","itemListElement":[{"@type":"ListItem","position":1,"name":"Home","item":"https:\/\/www.lazioeuropa.it\/archivio1420\/"},{"@type":"ListItem","position":2,"name":"Vision e Programmazione","item":"https:\/\/www.lazioeuropa.it\/archivio1420\/vision_e_programmazione-1\/"},{"@type":"ListItem","position":3,"name":"Le risorse per lo sviluppo","item":"https:\/\/www.lazioeuropa.it\/archivio1420\/vision_e_programmazione-1\/le_risorse_per_lo_sviluppo-4\/"},{"@type":"ListItem","position":4,"name":"Le risorse europee","item":"https:\/\/www.lazioeuropa.it\/archivio1420\/vision_e_programmazione-1\/le_risorse_per_lo_sviluppo-4\/le_risorse_europee-6\/"},{"@type":"ListItem","position":5,"name":"I Fondi Strutturali e di Investimento Europei"}]},{"@type":"WebSite","@id":"https:\/\/www.lazioeuropa.it\/archivio1420\/#website","url":"https:\/\/www.lazioeuropa.it\/archivio1420\/","name":"LazioEuropa Archivio 1420","description":"Lazio Europa","potentialAction":[{"@type":"SearchAction","target":{"@type":"EntryPoint","urlTemplate":"https:\/\/www.lazioeuropa.it\/archivio1420\/?s={search_term_string}"},"query-input":{"@type":"PropertyValueSpecification","valueRequired":true,"valueName":"search_term_string"}}],"inLanguage":"it-IT"}]}},"featured_image_src":null,"featured_image_src_square":null,"_links":{"self":[{"href":"https:\/\/www.lazioeuropa.it\/archivio1420\/wp-json\/wp\/v2\/pages\/8666","targetHints":{"allow":["GET"]}}],"collection":[{"href":"https:\/\/www.lazioeuropa.it\/archivio1420\/wp-json\/wp\/v2\/pages"}],"about":[{"href":"https:\/\/www.lazioeuropa.it\/archivio1420\/wp-json\/wp\/v2\/types\/page"}],"author":[{"embeddable":true,"href":"https:\/\/www.lazioeuropa.it\/archivio1420\/wp-json\/wp\/v2\/users\/1"}],"replies":[{"embeddable":true,"href":"https:\/\/www.lazioeuropa.it\/archivio1420\/wp-json\/wp\/v2\/comments?post=8666"}],"version-history":[{"count":5,"href":"https:\/\/www.lazioeuropa.it\/archivio1420\/wp-json\/wp\/v2\/pages\/8666\/revisions"}],"predecessor-version":[{"id":9646,"href":"https:\/\/www.lazioeuropa.it\/archivio1420\/wp-json\/wp\/v2\/pages\/8666\/revisions\/9646"}],"up":[{"embeddable":true,"href":"https:\/\/www.lazioeuropa.it\/archivio1420\/wp-json\/wp\/v2\/pages\/8665"}],"wp:attachment":[{"href":"https:\/\/www.lazioeuropa.it\/archivio1420\/wp-json\/wp\/v2\/media?parent=8666"}],"curies":[{"name":"wp","href":"https:\/\/api.w.org\/{rel}","templated":true}]}}