{"id":8674,"date":"2022-04-20T15:27:32","date_gmt":"2022-04-20T13:27:32","guid":{"rendered":"https:\/\/www.lazioeuropa.it\/archivio1420\/por_fesr-15\/struttura_organizzativa-61\/autorita_di_certificazione-28\/"},"modified":"2023-04-20T16:47:01","modified_gmt":"2023-04-20T14:47:01","slug":"autorita_di_certificazione-28","status":"publish","type":"page","link":"https:\/\/www.lazioeuropa.it\/archivio1420\/por_fesr-15\/struttura_organizzativa-61\/autorita_di_certificazione-28\/","title":{"rendered":"Autorit\u00e0 di Certificazione"},"content":{"rendered":"\n<div class=\"wp-block-columns is-layout-flex wp-container-core-columns-is-layout-1 wp-block-columns-is-layout-flex\">\n<div class=\"wp-block-column is-layout-flow wp-block-column-is-layout-flow\" style=\"flex-basis:66.66%\">\n<p><br>Ai sensi della regolamentazione valida per il periodo 2014-2020 l&#8217;Autorit\u00e0 di Certificazione del POR FESR \u00e8 incaricata in particolare dei compiti seguenti:<\/p>\n\n\n\n<ul class=\"wp-block-list\">\n<li>elaborare e trasmettere alla Commissione le domande di pagamento e certificare che provengono da sistemi di contabilit\u00e0 affidabili, sono basate su documenti giustificativi verificabili e sono state oggetto di verifiche da parte dell&#8217;Autorit\u00e0 di Gestione;<\/li>\n\n\n\n<li>preparare i bilanci di cui all&#8217;articolo 59, paragrafo 5, lettera a), del regolamento finanziario;<\/li>\n\n\n\n<li>certificare la completezza, esattezza e veridicit\u00e0 dei bilanci e che le spese in esse iscritte sono conformi al diritto applicabile e sono state sostenute in rapporto ad operazioni selezionate per il finanziamento conformemente ai criteri applicabili al programma operativo e nel rispetto del diritto applicabile;<\/li>\n\n\n\n<li>garantire l&#8217;esistenza di un sistema di registrazione e conservazione informatizzata dei dati contabili per ciascuna operazione, che gestisce tutti i dati necessari per la preparazione delle domande di pagamento e dei bilanci, compresi i dati degli importi recuperabili, recuperati e ritirati a seguito della soppressione totale o parziale del contributo a favore di un&#8217;operazione o di un programma operativo;<\/li>\n\n\n\n<li>ai fini della preparazione e della presentazione delle domande di pagamento,&nbsp;garantiredi aver ricevuto informazioni adeguate dall&#8217;Autorit\u00e0 di Gestione in merito alle procedure seguite e alle verifiche effettuate in relazione alle spese;<\/li>\n\n\n\n<li>tenere conto, nel preparare e presentare le domande di pagamento, dei risultati di tutte le attivit\u00e0 di audit svolte dall&#8217;Autorit\u00e0 di Audit o sotto la sua responsabilit\u00e0;<\/li>\n\n\n\n<li>mantenere una contabilit\u00e0 informatizzata delle spese dichiarate alla Commissione e del corrispondente contributo pubblico versato ai beneficiari;<\/li>\n\n\n\n<li>tenere una contabilit\u00e0 degli importi recuperabili e degli importi ritirati a seguito della soppressione totale o parziale del contributo a un&#8217;operazione. Gli importi recuperati sono restituiti al bilancio dell&#8217;Unione Europea prima della chiusura del programma operativo detraendoli dalla dichiarazione di spesa successiva.<\/li>\n<\/ul>\n<\/div>\n\n\n\n<div class=\"wp-block-column is-layout-flow wp-block-column-is-layout-flow\" style=\"flex-basis:33.33%\">\n<p class=\"ghostkit-custom-ZDwDQG has-text-color has-background\" style=\"color:#002744;background-color:#c6deee;font-size:16px\"><strong><a href=\"https:\/\/www.lazioeuropa.it\/archivio1420\/por_fesr-15\">Il programma <\/a><br><a href=\"https:\/\/www.lazioeuropa.it\/archivio1420\/por_fesr-15\/vas_valutazione_ambientale_strategica-60\/\">VAS (Valutazione Ambientale Strategica)<\/a><br><a href=\"https:\/\/www.lazioeuropa.it\/archivio1420\/por_fesr-15\/struttura_organizzativa-61\/\">Struttura organizzativa<\/a><br><a href=\"https:\/\/www.lazioeuropa.it\/archivio1420\/por_fesr-15\/comitato_di_sorveglianza-62\/\">Comitato di sorveglianza<\/a><br><a href=\"https:\/\/www.lazioeuropa.it\/archivio1420\/por_fesr-15\/attuazione_del_programma-130\/\">Attuazione del Programma<\/a><br><a href=\"https:\/\/www.lazioeuropa.it\/archivio1420\/por_fesr-15\/comunicazione_e_identita_visiva-65\/\">Comunicazione e identit\u00e0 visiva<\/a><br><a href=\"https:\/\/www.lazioeuropa.it\/archivio1420\/por_fesr-15\/sistema_di_gestione_e_controllo-109\/\">Sistema di gestione e controllo<\/a><br><a href=\"https:\/\/www.lazioeuropa.it\/archivio1420\/por_fesr-15\/misure_antifrode-151\/\">Misure antifrode<\/a><br><a href=\"https:\/\/www.lazioeuropa.it\/archivio1420\/por_fesr-15\/partenariato-63\/\">Partenariato<\/a><br><a href=\"https:\/\/www.lazioeuropa.it\/archivio1420\/por_fesr-15\/documentazione-92\/\">Documentazione<\/a><br><a href=\"https:\/\/www.lazioeuropa.it\/archivio1420\/por_fesr-15\/valutazione-64\/\">Valutazione<\/a><br><a href=\"https:\/\/www.lazioeuropa.it\/archivio1420\/por_fesr-15\/guide-69\/\">Guide<\/a><\/strong><\/p>\n\n\n\n<p class=\"has-text-color has-background\" style=\"color:#082386;background-color:#d0d3d5;font-size:16px\"><a href=\"https:\/\/www.lazioeuropa.it\/archivio1420\/por_fesr-15\/struttura_organizzativa-61\/autorita_di_gestione-27\/\"><strong>Autorit\u00e0 di Gestione<\/strong><\/a><br><a href=\"https:\/\/www.lazioeuropa.it\/archivio1420\/por_fesr-15\/struttura_organizzativa-61\/autorita_di_certificazione-28\/\"><strong>Autorit\u00e0 di Certificazione<\/strong><\/a><br><a href=\"https:\/\/www.lazioeuropa.it\/archivio1420\/por_fesr-15\/struttura_organizzativa-61\/autorita_di_audit-29\/\"><strong>Autorit\u00e0 di Audit<\/strong><\/a><br><a href=\"https:\/\/www.lazioeuropa.it\/archivio1420\/por_fesr-15\/struttura_organizzativa-61\/organismi_intermedi-57\/\"><strong>Organismi intermedi<\/strong><\/a><\/p>\n<\/div>\n<\/div>\n\n\n<p><a href=\"https:\/\/www.lazioeuropa.it\/archivio1420\/app\/uploads\/2022\/12\/DD_G15354_09_11_2022.pdf\" target=\"_blank\" rel=\"noopener\">Determinazione n. G15354 del 9 novembre 2022<\/a> &#8211; Approvazione del Manuale unico delle procedure dell&#8217;Autorit\u00e0 di Certificazione del POR FESR e del POR FSE 2014-2020 (Versione 4.0)<\/p>\n<p style=\"text-align: justify;\"><a href=\"https:\/\/www.lazioeuropa.it\/archivio1420\/app\/uploads\/2020\/10\/det._g09062_del_30.07.2020_manuale_adc.pdf\" target=\"_blank\" rel=\"noopener\">Determinazione n. G09062 del 30 luglio 2020<\/a> &#8211; Approvazione del Manuale unico delle procedure dell&#8217;Autorit\u00e0 di Certificazione del POR FESR e del POR FSE 2014-2020 (Versione 3.0)<\/p>\n<p style=\"text-align: justify;\"><strong>\u00a0<\/strong><\/p>\n<p>\u00a0<\/p>\n\n\n<p><\/p>\n","protected":false},"excerpt":{"rendered":"<p>Ai sensi della regolamentazione valida per il periodo 2014-2020 l&#8217;Autorit\u00e0 di Certificazione del POR FESR \u00e8 incaricata in particolare dei compiti seguenti: Determinazione n. G15354 del 9 novembre 2022 &#8211; Approvazione del Manuale unico delle procedure dell&#8217;Autorit\u00e0 di Certificazione del POR FESR e del POR FSE 2014-2020 (Versione 4.0) Determinazione n. G09062 del 30 luglio [&hellip;]<\/p>\n","protected":false},"author":1,"featured_media":0,"parent":8672,"menu_order":0,"comment_status":"closed","ping_status":"closed","template":"","meta":{"_acf_changed":false,"ghostkit_customizer_options":"","ghostkit_custom_css":"","ghostkit_custom_js_head":"","ghostkit_custom_js_foot":"","ghostkit_typography":"","footnotes":""},"class_list":["post-8674","page","type-page","status-publish","hentry"],"acf":[],"yoast_head":"<!-- This site is optimized with the Yoast SEO plugin v24.2 - https:\/\/yoast.com\/wordpress\/plugins\/seo\/ -->\n<title>Autorit\u00e0 di Certificazione - LazioEuropa Archivio 1420<\/title>\n<meta name=\"robots\" content=\"index, follow, max-snippet:-1, max-image-preview:large, max-video-preview:-1\" \/>\n<link rel=\"canonical\" href=\"https:\/\/www.lazioeuropa.it\/archivio1420\/por_fesr-15\/struttura_organizzativa-61\/autorita_di_certificazione-28\/\" \/>\n<meta property=\"og:locale\" content=\"it_IT\" \/>\n<meta property=\"og:type\" content=\"article\" \/>\n<meta property=\"og:title\" content=\"Autorit\u00e0 di Certificazione - LazioEuropa Archivio 1420\" \/>\n<meta property=\"og:description\" content=\"Ai sensi della regolamentazione valida per il periodo 2014-2020 l&#8217;Autorit\u00e0 di Certificazione del POR FESR \u00e8 incaricata in particolare dei compiti seguenti: Determinazione n. G15354 del 9 novembre 2022 &#8211; Approvazione del Manuale unico delle procedure dell&#8217;Autorit\u00e0 di Certificazione del POR FESR e del POR FSE 2014-2020 (Versione 4.0) Determinazione n. G09062 del 30 luglio [&hellip;]\" \/>\n<meta property=\"og:url\" content=\"https:\/\/www.lazioeuropa.it\/archivio1420\/por_fesr-15\/struttura_organizzativa-61\/autorita_di_certificazione-28\/\" \/>\n<meta property=\"og:site_name\" content=\"LazioEuropa Archivio 1420\" \/>\n<meta property=\"article:modified_time\" content=\"2023-04-20T14:47:01+00:00\" \/>\n<meta name=\"twitter:card\" content=\"summary_large_image\" \/>\n<meta name=\"twitter:label1\" content=\"Est. reading time\" \/>\n\t<meta name=\"twitter:data1\" content=\"2 minuti\" \/>\n<script type=\"application\/ld+json\" class=\"yoast-schema-graph\">{\"@context\":\"https:\/\/schema.org\",\"@graph\":[{\"@type\":\"WebPage\",\"@id\":\"https:\/\/www.lazioeuropa.it\/archivio1420\/por_fesr-15\/struttura_organizzativa-61\/autorita_di_certificazione-28\/\",\"url\":\"https:\/\/www.lazioeuropa.it\/archivio1420\/por_fesr-15\/struttura_organizzativa-61\/autorita_di_certificazione-28\/\",\"name\":\"Autorit\u00e0 di Certificazione - LazioEuropa Archivio 1420\",\"isPartOf\":{\"@id\":\"https:\/\/www.lazioeuropa.it\/archivio1420\/#website\"},\"datePublished\":\"2022-04-20T13:27:32+00:00\",\"dateModified\":\"2023-04-20T14:47:01+00:00\",\"breadcrumb\":{\"@id\":\"https:\/\/www.lazioeuropa.it\/archivio1420\/por_fesr-15\/struttura_organizzativa-61\/autorita_di_certificazione-28\/#breadcrumb\"},\"inLanguage\":\"it-IT\",\"potentialAction\":[{\"@type\":\"ReadAction\",\"target\":[\"https:\/\/www.lazioeuropa.it\/archivio1420\/por_fesr-15\/struttura_organizzativa-61\/autorita_di_certificazione-28\/\"]}]},{\"@type\":\"BreadcrumbList\",\"@id\":\"https:\/\/www.lazioeuropa.it\/archivio1420\/por_fesr-15\/struttura_organizzativa-61\/autorita_di_certificazione-28\/#breadcrumb\",\"itemListElement\":[{\"@type\":\"ListItem\",\"position\":1,\"name\":\"Home\",\"item\":\"https:\/\/www.lazioeuropa.it\/archivio1420\/\"},{\"@type\":\"ListItem\",\"position\":2,\"name\":\"POR FESR\",\"item\":\"https:\/\/www.lazioeuropa.it\/archivio1420\/por_fesr-15\/\"},{\"@type\":\"ListItem\",\"position\":3,\"name\":\"Struttura organizzativa\",\"item\":\"https:\/\/www.lazioeuropa.it\/archivio1420\/por_fesr-15\/struttura_organizzativa-61\/\"},{\"@type\":\"ListItem\",\"position\":4,\"name\":\"Autorit\u00e0 di Certificazione\"}]},{\"@type\":\"WebSite\",\"@id\":\"https:\/\/www.lazioeuropa.it\/archivio1420\/#website\",\"url\":\"https:\/\/www.lazioeuropa.it\/archivio1420\/\",\"name\":\"LazioEuropa Archivio 1420\",\"description\":\"Lazio Europa\",\"potentialAction\":[{\"@type\":\"SearchAction\",\"target\":{\"@type\":\"EntryPoint\",\"urlTemplate\":\"https:\/\/www.lazioeuropa.it\/archivio1420\/?s={search_term_string}\"},\"query-input\":{\"@type\":\"PropertyValueSpecification\",\"valueRequired\":true,\"valueName\":\"search_term_string\"}}],\"inLanguage\":\"it-IT\"}]}<\/script>\n<!-- \/ Yoast SEO plugin. -->","yoast_head_json":{"title":"Autorit\u00e0 di Certificazione - LazioEuropa Archivio 1420","robots":{"index":"index","follow":"follow","max-snippet":"max-snippet:-1","max-image-preview":"max-image-preview:large","max-video-preview":"max-video-preview:-1"},"canonical":"https:\/\/www.lazioeuropa.it\/archivio1420\/por_fesr-15\/struttura_organizzativa-61\/autorita_di_certificazione-28\/","og_locale":"it_IT","og_type":"article","og_title":"Autorit\u00e0 di Certificazione - LazioEuropa Archivio 1420","og_description":"Ai sensi della regolamentazione valida per il periodo 2014-2020 l&#8217;Autorit\u00e0 di Certificazione del POR FESR \u00e8 incaricata in particolare dei compiti seguenti: Determinazione n. G15354 del 9 novembre 2022 &#8211; Approvazione del Manuale unico delle procedure dell&#8217;Autorit\u00e0 di Certificazione del POR FESR e del POR FSE 2014-2020 (Versione 4.0) Determinazione n. G09062 del 30 luglio [&hellip;]","og_url":"https:\/\/www.lazioeuropa.it\/archivio1420\/por_fesr-15\/struttura_organizzativa-61\/autorita_di_certificazione-28\/","og_site_name":"LazioEuropa Archivio 1420","article_modified_time":"2023-04-20T14:47:01+00:00","twitter_card":"summary_large_image","twitter_misc":{"Est. reading time":"2 minuti"},"schema":{"@context":"https:\/\/schema.org","@graph":[{"@type":"WebPage","@id":"https:\/\/www.lazioeuropa.it\/archivio1420\/por_fesr-15\/struttura_organizzativa-61\/autorita_di_certificazione-28\/","url":"https:\/\/www.lazioeuropa.it\/archivio1420\/por_fesr-15\/struttura_organizzativa-61\/autorita_di_certificazione-28\/","name":"Autorit\u00e0 di Certificazione - LazioEuropa Archivio 1420","isPartOf":{"@id":"https:\/\/www.lazioeuropa.it\/archivio1420\/#website"},"datePublished":"2022-04-20T13:27:32+00:00","dateModified":"2023-04-20T14:47:01+00:00","breadcrumb":{"@id":"https:\/\/www.lazioeuropa.it\/archivio1420\/por_fesr-15\/struttura_organizzativa-61\/autorita_di_certificazione-28\/#breadcrumb"},"inLanguage":"it-IT","potentialAction":[{"@type":"ReadAction","target":["https:\/\/www.lazioeuropa.it\/archivio1420\/por_fesr-15\/struttura_organizzativa-61\/autorita_di_certificazione-28\/"]}]},{"@type":"BreadcrumbList","@id":"https:\/\/www.lazioeuropa.it\/archivio1420\/por_fesr-15\/struttura_organizzativa-61\/autorita_di_certificazione-28\/#breadcrumb","itemListElement":[{"@type":"ListItem","position":1,"name":"Home","item":"https:\/\/www.lazioeuropa.it\/archivio1420\/"},{"@type":"ListItem","position":2,"name":"POR FESR","item":"https:\/\/www.lazioeuropa.it\/archivio1420\/por_fesr-15\/"},{"@type":"ListItem","position":3,"name":"Struttura organizzativa","item":"https:\/\/www.lazioeuropa.it\/archivio1420\/por_fesr-15\/struttura_organizzativa-61\/"},{"@type":"ListItem","position":4,"name":"Autorit\u00e0 di Certificazione"}]},{"@type":"WebSite","@id":"https:\/\/www.lazioeuropa.it\/archivio1420\/#website","url":"https:\/\/www.lazioeuropa.it\/archivio1420\/","name":"LazioEuropa Archivio 1420","description":"Lazio Europa","potentialAction":[{"@type":"SearchAction","target":{"@type":"EntryPoint","urlTemplate":"https:\/\/www.lazioeuropa.it\/archivio1420\/?s={search_term_string}"},"query-input":{"@type":"PropertyValueSpecification","valueRequired":true,"valueName":"search_term_string"}}],"inLanguage":"it-IT"}]}},"featured_image_src":null,"featured_image_src_square":null,"_links":{"self":[{"href":"https:\/\/www.lazioeuropa.it\/archivio1420\/wp-json\/wp\/v2\/pages\/8674","targetHints":{"allow":["GET"]}}],"collection":[{"href":"https:\/\/www.lazioeuropa.it\/archivio1420\/wp-json\/wp\/v2\/pages"}],"about":[{"href":"https:\/\/www.lazioeuropa.it\/archivio1420\/wp-json\/wp\/v2\/types\/page"}],"author":[{"embeddable":true,"href":"https:\/\/www.lazioeuropa.it\/archivio1420\/wp-json\/wp\/v2\/users\/1"}],"replies":[{"embeddable":true,"href":"https:\/\/www.lazioeuropa.it\/archivio1420\/wp-json\/wp\/v2\/comments?post=8674"}],"version-history":[{"count":4,"href":"https:\/\/www.lazioeuropa.it\/archivio1420\/wp-json\/wp\/v2\/pages\/8674\/revisions"}],"predecessor-version":[{"id":10338,"href":"https:\/\/www.lazioeuropa.it\/archivio1420\/wp-json\/wp\/v2\/pages\/8674\/revisions\/10338"}],"up":[{"embeddable":true,"href":"https:\/\/www.lazioeuropa.it\/archivio1420\/wp-json\/wp\/v2\/pages\/8672"}],"wp:attachment":[{"href":"https:\/\/www.lazioeuropa.it\/archivio1420\/wp-json\/wp\/v2\/media?parent=8674"}],"curies":[{"name":"wp","href":"https:\/\/api.w.org\/{rel}","templated":true}]}}