{"id":8675,"date":"2022-04-20T15:27:32","date_gmt":"2022-04-20T13:27:32","guid":{"rendered":"https:\/\/www.lazioeuropa.it\/archivio1420\/por_fesr-15\/struttura_organizzativa-61\/autorita_di_audit-29\/"},"modified":"2024-04-04T16:13:29","modified_gmt":"2024-04-04T14:13:29","slug":"autorita_di_audit-29","status":"publish","type":"page","link":"https:\/\/www.lazioeuropa.it\/archivio1420\/por_fesr-15\/struttura_organizzativa-61\/autorita_di_audit-29\/","title":{"rendered":"Autorit\u00e0 di Audit"},"content":{"rendered":"\n<div class=\"wp-block-columns is-layout-flex wp-container-core-columns-is-layout-1 wp-block-columns-is-layout-flex\">\n<div class=\"wp-block-column is-layout-flow wp-block-column-is-layout-flow\" style=\"flex-basis:66.66%\">\n<p><br>Ai sensi della regolamentazione valida per il periodo 2014-2020 l&#8217;Autorit\u00e0 di Audit del POR FESR Lazio garantisce lo svolgimento di attivit\u00e0 di audit sul corretto funzionamento del sistema di gestione e controllo del programma operativo e su un campione adeguato di operazioni sulla base delle spese dichiarate. I controlli di audit cui sono sottoposte le spese dichiarate si basano su un campione rappresentativo e, come regola generale, su un metodo di campionamento statistico.<\/p>\n\n\n\n<p>Un metodo di campionamento non statistico pu\u00f2 essere impiegato previo giudizio professionale dell&#8217;Autorit\u00e0 di Audit in casi debitamente giustificati, in conformit\u00e0 alle norme internazionalmente accettate in materia di audit e, in ogni caso, se il numero di operazioni in un periodo contabile \u00e8 insufficiente a consentire il ricorso a un metodo statistico.<\/p>\n\n\n\n<p>In tali casi, la dimensione del campione \u00e8 sufficiente a consentire all&#8217;Autorit\u00e0 di redigere un parere di audit valido.<\/p>\n\n\n\n<p>Il metodo di campionamento non statistico copre almeno il 5 % delle operazioni per le quali sono state dichiarate spese alla Commissione Europea durante un periodo contabile e il 10 % delle spese dichiarate alla Commissione stessa durante un periodo contabile.<\/p>\n\n\n\n<p>Qualora le attivit\u00e0 di audit siano svolte da un organismo diverso dall&#8217;Autorit\u00e0 di Audit, quest&#8217;ultima si accerta che tale organismo disponga della necessaria indipendenza funzionale.<\/p>\n\n\n\n<p>L&#8217;Autorit\u00e0 si assicura che il lavoro di audit tenga conto degli standard riconosciuti a livello internazionale in materia.<\/p>\n<\/div>\n\n\n\n<div class=\"wp-block-column is-layout-flow wp-block-column-is-layout-flow\" style=\"flex-basis:33.33%\">\n<p class=\"ghostkit-custom-ZDwDQG has-text-color has-background\" style=\"color:#002744;background-color:#c6deee;font-size:16px\"><strong><a href=\"https:\/\/www.lazioeuropa.it\/archivio1420\/por_fesr-15\">Il programma <\/a><br><a href=\"https:\/\/www.lazioeuropa.it\/archivio1420\/por_fesr-15\/vas_valutazione_ambientale_strategica-60\/\">VAS (Valutazione Ambientale Strategica)<\/a><br><a href=\"https:\/\/www.lazioeuropa.it\/archivio1420\/por_fesr-15\/struttura_organizzativa-61\/\">Struttura organizzativa<\/a><br><a href=\"https:\/\/www.lazioeuropa.it\/archivio1420\/por_fesr-15\/comitato_di_sorveglianza-62\/\">Comitato di sorveglianza<\/a><br><a href=\"https:\/\/www.lazioeuropa.it\/archivio1420\/por_fesr-15\/attuazione_del_programma-130\/\">Attuazione del Programma<\/a><br><a href=\"https:\/\/www.lazioeuropa.it\/archivio1420\/por_fesr-15\/comunicazione_e_identita_visiva-65\/\">Comunicazione e identit\u00e0 visiva<\/a><br><a href=\"https:\/\/www.lazioeuropa.it\/archivio1420\/por_fesr-15\/sistema_di_gestione_e_controllo-109\/\">Sistema di gestione e controllo<\/a><br><a href=\"https:\/\/www.lazioeuropa.it\/archivio1420\/por_fesr-15\/misure_antifrode-151\/\">Misure antifrode<\/a><br><a href=\"https:\/\/www.lazioeuropa.it\/archivio1420\/por_fesr-15\/partenariato-63\/\">Partenariato<\/a><br><a href=\"https:\/\/www.lazioeuropa.it\/archivio1420\/por_fesr-15\/documentazione-92\/\">Documentazione<\/a><br><a href=\"https:\/\/www.lazioeuropa.it\/archivio1420\/por_fesr-15\/valutazione-64\/\">Valutazione<\/a><br><a href=\"https:\/\/www.lazioeuropa.it\/archivio1420\/por_fesr-15\/guide-69\/\">Guide<\/a><\/strong><\/p>\n\n\n\n<p class=\"has-text-color has-background\" style=\"color:#082386;background-color:#d0d3d5;font-size:16px\"><a href=\"https:\/\/www.lazioeuropa.it\/archivio1420\/por_fesr-15\/struttura_organizzativa-61\/autorita_di_gestione-27\/\"><strong>Autorit\u00e0 di Gestione<\/strong><\/a><br><a href=\"https:\/\/www.lazioeuropa.it\/archivio1420\/por_fesr-15\/struttura_organizzativa-61\/autorita_di_certificazione-28\/\"><strong>Autorit\u00e0 di Certificazione<\/strong><\/a><br><a href=\"https:\/\/www.lazioeuropa.it\/archivio1420\/por_fesr-15\/struttura_organizzativa-61\/autorita_di_audit-29\/\"><strong>Autorit\u00e0 di Audit<\/strong><\/a><br><a href=\"https:\/\/www.lazioeuropa.it\/archivio1420\/por_fesr-15\/struttura_organizzativa-61\/organismi_intermedi-57\/\"><strong>Organismi intermedi<\/strong><\/a><\/p>\n<\/div>\n<\/div>\n\n\n<div style=\"text-align: justify;\">\n<div style=\"text-align: justify;\">Inoltre, l&#8217;Autorit\u00e0 di Audit prepara:<\/div>\n<ul>\n<li style=\"text-align: justify;\">un parere di audit a norma dell&#8217;articolo 59, paragrafo 5, secondo comma, del regolamento finanziario;<\/li>\n<li style=\"text-align: justify;\">una relazione di controllo che evidenzi le principali risultanze delle attivit\u00e0 di audit svolte, comprese le carenze riscontrate nei sistemi di gestione e di controllo e le azioni correttive proposte e attuate.<\/li>\n<\/ul>\n<\/div>\n<div style=\"text-align: justify;\">La <strong>strategia di audit<\/strong> definisce la metodologia di audit, il metodo di campionamento sulle operazioni e la pianificazione delle attivit\u00e0 in relazione al periodo contabile corrente e ai due successivi, e sar\u00e0 aggiornata annualmente a partire dal 2016 e fino al 2024 compreso.<\/div>\n<div style=\"text-align: justify;\">\u00a0<\/div>\n<div style=\"text-align: justify;\">Con la\u00a0<a href=\"https:\/\/www.lazioeuropa.it\/archivio1420\/app\/uploads\/2015\/10\/dd_e00011_22_09_2015.pdf\" target=\"_blank\" rel=\"noopener\">determinazione n. E00011 del 22 settembre 2015<\/a>\u00a0la Regione Lazio ha approvato la\u00a0<a href=\"https:\/\/www.lazioeuropa.it\/archivio1420\/app\/uploads\/2015\/10\/dd_e00011_22_09_2015_strategia_audit_por_fesr.pdf\" target=\"_blank\" rel=\"noopener\">Strategia di Audit<\/a>.<\/div>\n<div style=\"text-align: justify;\">\u00a0<\/div>\n<div style=\"text-align: justify;\">Con la <a href=\"https:\/\/www.lazioeuropa.it\/archivio1420\/app\/uploads\/2016\/10\/dd_e00015_12_10_2016.pdf\" target=\"_blank\" rel=\"noopener\">determinazione n. E00015 del\u00a012 ottobre 2016<\/a> \u00e8 stato approvato l&#8217;<a href=\"https:\/\/www.lazioeuropa.it\/archivio1420\/app\/uploads\/2016\/10\/dd_e00015_12_10_2016_strategia_audit.pdf\" target=\"_blank\" rel=\"noopener\">aggiornamento della Strategia di Audit<\/a>, alla luce del modello\u00a0elaborato dal Dipartimento della\u00a0Ragioneria Generale dello Stato &#8211;\u00a0Ispettorato Generale per i Rapporti finanziari con l\u2019Unione Europea\u00a0(26 novembre 2015)\u00a0e conforme ai requisiti prescritti dalla disciplina comunitaria.<\/div>\n<div style=\"text-align: justify;\">\u00a0<\/div>\n<div style=\"text-align: justify;\">Con la <a href=\"https:\/\/www.lazioeuropa.it\/archivio1420\/app\/uploads\/2017\/11\/dd_e00007_06_11_2017.pdf\" target=\"_blank\" rel=\"noopener\">determinazione n. E00007 del 6 novembre 2017<\/a> \u00e8 stato approvato il <a href=\"https:\/\/www.lazioeuropa.it\/archivio1420\/app\/uploads\/2017\/11\/dd_e00007_06_11_2017_strategia.pdf\" target=\"_blank\" rel=\"noopener\">terzo aggiornamento annuale della Strategia di Audit<\/a>.<\/div>\n<div style=\"text-align: justify;\">\u00a0<\/div>\n<div style=\"text-align: justify;\">Con la <a href=\"https:\/\/www.lazioeuropa.it\/archivio1420\/app\/uploads\/2018\/12\/dd_g15477_29_11_2018.pdf\" target=\"_blank\" rel=\"noopener\">determinazione n. G15477 del 29 novembre 2018<\/a> la Regione Lazio ha approvato il <a href=\"https:\/\/www.lazioeuropa.it\/archivio1420\/app\/uploads\/2018\/12\/dd_g15477_29_11_2018_strategia_audit_porfesr.pdf\" target=\"_blank\" rel=\"noopener\">quarto aggiornamento della Strategia di Audit<\/a>.<\/div>\n<div style=\"text-align: justify;\">\n<p>Con la <a href=\"https:\/\/www.lazioeuropa.it\/archivio1420\/app\/uploads\/2019\/08\/1.dd_g10517_31.07.2019_modifica_strategia_audit_fesr.pdf\" target=\"_blank\" rel=\"noopener\">determinazione n. G10517 del 31 luglio 2019<\/a>\u00a0\u00e8 stato modificato il quarto aggiornamento della Strategia di Audit: Tabella n. 6 (Valutazione dei rischi), paragrafo 4.2 (Calendario Audit).<\/p>\n<p>Con la <a href=\"https:\/\/www.lazioeuropa.it\/archivio1420\/app\/uploads\/2019\/12\/dd_g18563_23.12.2019_strategia_fesr.pdf\">determinazione <u>n. G18563 del 23 dicembre 2019<\/u><\/a> la Regione Lazio ha approvato il <a href=\"https:\/\/www.lazioeuropa.it\/archivio1420\/app\/uploads\/2019\/12\/dd_g18563_23.12.2019_strategia_fesr.pdf\"><u>quinto aggiornamento della Strategia di Audit<\/u><\/a>.<\/p>\n<p>Con la\u00a0<a href=\"https:\/\/www.lazioeuropa.it\/archivio1420\/app\/uploads\/2020\/08\/g09361_05.08.2020_modifica_strategia_fesr_5.0.pdf\">determinazione n. G09361 del 05 agosto 2020<\/a>\u00a0\u00e8 stato modificato il quinto aggiornamento della Strategia di Audit: capitolo 4 (Lavoro di Audit Pianificato).<\/p>\n<p>Con la <a href=\"https:\/\/www.lazioeuropa.it\/archivio1420\/app\/uploads\/2020\/12\/dd_g15737_18_12_2020.pdf\" target=\"_blank\" rel=\"noopener\">determinazione n. G15737 del 18 dicembre 2020<\/a> \u00e8 stato approvato il sesto aggiornamento della Strategia di Audit.<\/p>\n<p>Con la <a href=\"https:\/\/www.lazioeuropa.it\/archivio1420\/app\/uploads\/2021\/06\/dd_g08309_18_06_2021.pdf\" target=\"_blank\" rel=\"noopener\">determinazione n. G08309 del 23 giugno 2021<\/a> \u00e8 stato modificato il sesto aggiornamento della Strategia di Audit: capitolo 4 (Lavoro di Audit pianificato).<\/p>\n<p>Con la <a href=\"https:\/\/www.lazioeuropa.it\/archivio1420\/app\/uploads\/2021\/12\/dd_g16270_23_12_2021.pdf\" target=\"_blank\" rel=\"noopener\">determinazione n. G16270 del 23 dicembre 2021<\/a> \u00e8 stato approvato il settimo aggiornamento della Strategia di Audit.<\/p>\n<p>La <a href=\"https:\/\/www.lazioeuropa.it\/archivio1420\/app\/uploads\/2022\/05\/DD_G04884_26_04_2022.pdf\">determinazione n. G04884 del 26 aprile 2022<\/a> ha modificato la Strategia di Audit (versione 7.0).<\/p>\n<p>Con la <a href=\"https:\/\/www.lazioeuropa.it\/archivio1420\/app\/uploads\/2022\/12\/DD_G18843_28_12_2022.pdf\" target=\"_blank\" rel=\"noopener\">determinazione n. G18843 del 28 dicembre 2022<\/a> \u00e8 stato approvato l\u2019ottavo aggiornamento della Strategia di Audit.<\/p>\n<div style=\"text-align: justify;\">\n<p>La <a href=\"https:\/\/www.lazioeuropa.it\/archivio1420\/app\/uploads\/2023\/06\/DD_G07916_07_06_2023.pdf\" target=\"_blank\" rel=\"noopener\">determinazione n. G07916 del 7 giugno 2023<\/a> ha modificato la Strategia di Audit (versione 8.0).<\/p>\n<p>Con la <a href=\"https:\/\/www.lazioeuropa.it\/archivio1420\/app\/uploads\/2023\/07\/DD_G09828_17_07_2023.pdf\" target=\"_blank\" rel=\"noopener\">determinazione n. G09828 del 17 luglio 2023<\/a> \u00e8 stato modificato l\u2019ottavo aggiornamento della Strategia di Audit.<\/p>\n<\/div>\n<div style=\"text-align: justify;\">\u00a0<\/div>\n<p>Nel <strong>Manuale delle Procedure dell\u2019Autorit\u00e0 di Audit dei Programmi FESR e FSE cofinanziati dall\u2019Unione Europea per il periodo di programmazione 2014-2020 <\/strong>sono descritte le procedure a cui il personale dell\u2019Autorit\u00e0 di Audit deve attenersi nello svolgimento delle funzioni ad esso attribuite.<\/p>\n<p>Con la <a href=\"https:\/\/www.lazioeuropa.it\/archivio1420\/app\/uploads\/2021\/12\/g14805_30.11.2021_manuale_audit_nov._2021_vers._4.rar\" target=\"_blank\" rel=\"noopener\">determinazione n. G14805 del 30 novembre 2021<\/a> \u00e8 stata approvata la versione 4.0 del Manuale.<\/p>\n<\/div>\n<h3 style=\"text-align: justify;\"><strong>Riferimenti<\/strong><\/h3>\n<p>Maria Chiara Coletti<br \/>Autorit\u00e0 di Audit POR FESR Lazio 2014-2020 e POR FSE Lazio 2014-2020<br \/>Struttura organizzativa di livello direzionale Anticorruzione &#8211; Audit FESR, FSE &#8211; controllo interno<br \/>Telefono: 06.5168.8635<br \/>E-mail: <a href=\"mailto:auditcomplazio@regione.lazio.it\">auditcomplazio@regione.lazio.it<\/a><br \/>Indirizzo PEC: <a href=\"mailto:auditcomplazio@regione.lazio.legalmail.it\">auditcomplazio@regione.lazio.legalmail.it<\/a><\/p>","protected":false},"excerpt":{"rendered":"<p>Ai sensi della regolamentazione valida per il periodo 2014-2020 l&#8217;Autorit\u00e0 di Audit del POR FESR Lazio garantisce lo svolgimento di attivit\u00e0 di audit sul corretto funzionamento del sistema di gestione e controllo del programma operativo e su un campione adeguato di operazioni sulla base delle spese dichiarate. I controlli di audit cui sono sottoposte le [&hellip;]<\/p>\n","protected":false},"author":1,"featured_media":0,"parent":8672,"menu_order":0,"comment_status":"closed","ping_status":"closed","template":"","meta":{"_acf_changed":false,"ghostkit_customizer_options":"","ghostkit_custom_css":"","ghostkit_custom_js_head":"","ghostkit_custom_js_foot":"","ghostkit_typography":"","footnotes":""},"class_list":["post-8675","page","type-page","status-publish","hentry"],"acf":[],"yoast_head":"<!-- This site is optimized with the Yoast SEO plugin v24.2 - https:\/\/yoast.com\/wordpress\/plugins\/seo\/ -->\n<title>Autorit\u00e0 di Audit - LazioEuropa Archivio 1420<\/title>\n<meta name=\"robots\" content=\"index, follow, max-snippet:-1, max-image-preview:large, max-video-preview:-1\" \/>\n<link rel=\"canonical\" href=\"https:\/\/www.lazioeuropa.it\/archivio1420\/por_fesr-15\/struttura_organizzativa-61\/autorita_di_audit-29\/\" \/>\n<meta property=\"og:locale\" content=\"it_IT\" \/>\n<meta property=\"og:type\" content=\"article\" \/>\n<meta property=\"og:title\" content=\"Autorit\u00e0 di Audit - LazioEuropa Archivio 1420\" \/>\n<meta property=\"og:description\" content=\"Ai sensi della regolamentazione valida per il periodo 2014-2020 l&#8217;Autorit\u00e0 di Audit del POR FESR Lazio garantisce lo svolgimento di attivit\u00e0 di audit sul corretto funzionamento del sistema di gestione e controllo del programma operativo e su un campione adeguato di operazioni sulla base delle spese dichiarate. I controlli di audit cui sono sottoposte le [&hellip;]\" \/>\n<meta property=\"og:url\" content=\"https:\/\/www.lazioeuropa.it\/archivio1420\/por_fesr-15\/struttura_organizzativa-61\/autorita_di_audit-29\/\" \/>\n<meta property=\"og:site_name\" content=\"LazioEuropa Archivio 1420\" \/>\n<meta property=\"article:modified_time\" content=\"2024-04-04T14:13:29+00:00\" \/>\n<meta name=\"twitter:card\" content=\"summary_large_image\" \/>\n<meta name=\"twitter:label1\" content=\"Est. reading time\" \/>\n\t<meta name=\"twitter:data1\" content=\"12 minuti\" \/>\n<script type=\"application\/ld+json\" class=\"yoast-schema-graph\">{\"@context\":\"https:\/\/schema.org\",\"@graph\":[{\"@type\":\"WebPage\",\"@id\":\"https:\/\/www.lazioeuropa.it\/archivio1420\/por_fesr-15\/struttura_organizzativa-61\/autorita_di_audit-29\/\",\"url\":\"https:\/\/www.lazioeuropa.it\/archivio1420\/por_fesr-15\/struttura_organizzativa-61\/autorita_di_audit-29\/\",\"name\":\"Autorit\u00e0 di Audit - LazioEuropa Archivio 1420\",\"isPartOf\":{\"@id\":\"https:\/\/www.lazioeuropa.it\/archivio1420\/#website\"},\"datePublished\":\"2022-04-20T13:27:32+00:00\",\"dateModified\":\"2024-04-04T14:13:29+00:00\",\"breadcrumb\":{\"@id\":\"https:\/\/www.lazioeuropa.it\/archivio1420\/por_fesr-15\/struttura_organizzativa-61\/autorita_di_audit-29\/#breadcrumb\"},\"inLanguage\":\"it-IT\",\"potentialAction\":[{\"@type\":\"ReadAction\",\"target\":[\"https:\/\/www.lazioeuropa.it\/archivio1420\/por_fesr-15\/struttura_organizzativa-61\/autorita_di_audit-29\/\"]}]},{\"@type\":\"BreadcrumbList\",\"@id\":\"https:\/\/www.lazioeuropa.it\/archivio1420\/por_fesr-15\/struttura_organizzativa-61\/autorita_di_audit-29\/#breadcrumb\",\"itemListElement\":[{\"@type\":\"ListItem\",\"position\":1,\"name\":\"Home\",\"item\":\"https:\/\/www.lazioeuropa.it\/archivio1420\/\"},{\"@type\":\"ListItem\",\"position\":2,\"name\":\"POR FESR\",\"item\":\"https:\/\/www.lazioeuropa.it\/archivio1420\/por_fesr-15\/\"},{\"@type\":\"ListItem\",\"position\":3,\"name\":\"Struttura organizzativa\",\"item\":\"https:\/\/www.lazioeuropa.it\/archivio1420\/por_fesr-15\/struttura_organizzativa-61\/\"},{\"@type\":\"ListItem\",\"position\":4,\"name\":\"Autorit\u00e0 di Audit\"}]},{\"@type\":\"WebSite\",\"@id\":\"https:\/\/www.lazioeuropa.it\/archivio1420\/#website\",\"url\":\"https:\/\/www.lazioeuropa.it\/archivio1420\/\",\"name\":\"LazioEuropa Archivio 1420\",\"description\":\"Lazio Europa\",\"potentialAction\":[{\"@type\":\"SearchAction\",\"target\":{\"@type\":\"EntryPoint\",\"urlTemplate\":\"https:\/\/www.lazioeuropa.it\/archivio1420\/?s={search_term_string}\"},\"query-input\":{\"@type\":\"PropertyValueSpecification\",\"valueRequired\":true,\"valueName\":\"search_term_string\"}}],\"inLanguage\":\"it-IT\"}]}<\/script>\n<!-- \/ Yoast SEO plugin. -->","yoast_head_json":{"title":"Autorit\u00e0 di Audit - LazioEuropa Archivio 1420","robots":{"index":"index","follow":"follow","max-snippet":"max-snippet:-1","max-image-preview":"max-image-preview:large","max-video-preview":"max-video-preview:-1"},"canonical":"https:\/\/www.lazioeuropa.it\/archivio1420\/por_fesr-15\/struttura_organizzativa-61\/autorita_di_audit-29\/","og_locale":"it_IT","og_type":"article","og_title":"Autorit\u00e0 di Audit - LazioEuropa Archivio 1420","og_description":"Ai sensi della regolamentazione valida per il periodo 2014-2020 l&#8217;Autorit\u00e0 di Audit del POR FESR Lazio garantisce lo svolgimento di attivit\u00e0 di audit sul corretto funzionamento del sistema di gestione e controllo del programma operativo e su un campione adeguato di operazioni sulla base delle spese dichiarate. I controlli di audit cui sono sottoposte le [&hellip;]","og_url":"https:\/\/www.lazioeuropa.it\/archivio1420\/por_fesr-15\/struttura_organizzativa-61\/autorita_di_audit-29\/","og_site_name":"LazioEuropa Archivio 1420","article_modified_time":"2024-04-04T14:13:29+00:00","twitter_card":"summary_large_image","twitter_misc":{"Est. reading time":"12 minuti"},"schema":{"@context":"https:\/\/schema.org","@graph":[{"@type":"WebPage","@id":"https:\/\/www.lazioeuropa.it\/archivio1420\/por_fesr-15\/struttura_organizzativa-61\/autorita_di_audit-29\/","url":"https:\/\/www.lazioeuropa.it\/archivio1420\/por_fesr-15\/struttura_organizzativa-61\/autorita_di_audit-29\/","name":"Autorit\u00e0 di Audit - LazioEuropa Archivio 1420","isPartOf":{"@id":"https:\/\/www.lazioeuropa.it\/archivio1420\/#website"},"datePublished":"2022-04-20T13:27:32+00:00","dateModified":"2024-04-04T14:13:29+00:00","breadcrumb":{"@id":"https:\/\/www.lazioeuropa.it\/archivio1420\/por_fesr-15\/struttura_organizzativa-61\/autorita_di_audit-29\/#breadcrumb"},"inLanguage":"it-IT","potentialAction":[{"@type":"ReadAction","target":["https:\/\/www.lazioeuropa.it\/archivio1420\/por_fesr-15\/struttura_organizzativa-61\/autorita_di_audit-29\/"]}]},{"@type":"BreadcrumbList","@id":"https:\/\/www.lazioeuropa.it\/archivio1420\/por_fesr-15\/struttura_organizzativa-61\/autorita_di_audit-29\/#breadcrumb","itemListElement":[{"@type":"ListItem","position":1,"name":"Home","item":"https:\/\/www.lazioeuropa.it\/archivio1420\/"},{"@type":"ListItem","position":2,"name":"POR FESR","item":"https:\/\/www.lazioeuropa.it\/archivio1420\/por_fesr-15\/"},{"@type":"ListItem","position":3,"name":"Struttura organizzativa","item":"https:\/\/www.lazioeuropa.it\/archivio1420\/por_fesr-15\/struttura_organizzativa-61\/"},{"@type":"ListItem","position":4,"name":"Autorit\u00e0 di Audit"}]},{"@type":"WebSite","@id":"https:\/\/www.lazioeuropa.it\/archivio1420\/#website","url":"https:\/\/www.lazioeuropa.it\/archivio1420\/","name":"LazioEuropa Archivio 1420","description":"Lazio Europa","potentialAction":[{"@type":"SearchAction","target":{"@type":"EntryPoint","urlTemplate":"https:\/\/www.lazioeuropa.it\/archivio1420\/?s={search_term_string}"},"query-input":{"@type":"PropertyValueSpecification","valueRequired":true,"valueName":"search_term_string"}}],"inLanguage":"it-IT"}]}},"featured_image_src":null,"featured_image_src_square":null,"_links":{"self":[{"href":"https:\/\/www.lazioeuropa.it\/archivio1420\/wp-json\/wp\/v2\/pages\/8675","targetHints":{"allow":["GET"]}}],"collection":[{"href":"https:\/\/www.lazioeuropa.it\/archivio1420\/wp-json\/wp\/v2\/pages"}],"about":[{"href":"https:\/\/www.lazioeuropa.it\/archivio1420\/wp-json\/wp\/v2\/types\/page"}],"author":[{"embeddable":true,"href":"https:\/\/www.lazioeuropa.it\/archivio1420\/wp-json\/wp\/v2\/users\/1"}],"replies":[{"embeddable":true,"href":"https:\/\/www.lazioeuropa.it\/archivio1420\/wp-json\/wp\/v2\/comments?post=8675"}],"version-history":[{"count":9,"href":"https:\/\/www.lazioeuropa.it\/archivio1420\/wp-json\/wp\/v2\/pages\/8675\/revisions"}],"predecessor-version":[{"id":10521,"href":"https:\/\/www.lazioeuropa.it\/archivio1420\/wp-json\/wp\/v2\/pages\/8675\/revisions\/10521"}],"up":[{"embeddable":true,"href":"https:\/\/www.lazioeuropa.it\/archivio1420\/wp-json\/wp\/v2\/pages\/8672"}],"wp:attachment":[{"href":"https:\/\/www.lazioeuropa.it\/archivio1420\/wp-json\/wp\/v2\/media?parent=8675"}],"curies":[{"name":"wp","href":"https:\/\/api.w.org\/{rel}","templated":true}]}}