{"id":8676,"date":"2022-04-20T15:27:32","date_gmt":"2022-04-20T13:27:32","guid":{"rendered":"https:\/\/www.lazioeuropa.it\/archivio1420\/por_fesr-15\/struttura_organizzativa-61\/organismi_intermedi-57\/"},"modified":"2023-04-20T16:50:27","modified_gmt":"2023-04-20T14:50:27","slug":"organismi_intermedi-57","status":"publish","type":"page","link":"https:\/\/www.lazioeuropa.it\/archivio1420\/por_fesr-15\/struttura_organizzativa-61\/organismi_intermedi-57\/","title":{"rendered":"Organismi intermedi"},"content":{"rendered":"\n<div class=\"wp-block-columns is-layout-flex wp-container-core-columns-is-layout-1 wp-block-columns-is-layout-flex\">\n<div class=\"wp-block-column is-layout-flow wp-block-column-is-layout-flow\" style=\"flex-basis:66.66%\">\n<p><br>Ai sensi del Regolamento UE n. 1303\/2013, l&#8217;organismo intermedio agisce sotto la responsabilit\u00e0 dell&#8217;Autorit\u00e0 di Gestione o dell&#8217;Autorit\u00e0 di&nbsp;Certificazione,&nbsp;o svolge mansioni per conto delle stesse&nbsp;Autorit\u00e0 nei&nbsp;confronti dei beneficiari (soggetti che attuano le operazioni).<\/p>\n\n\n\n<p>L&#8217;organismo intermedio pu\u00f2 essere designato per lo svolgimento di determinati compiti dell&#8217;autorit\u00e0 di gestione o di certificazione, sotto la responsabilit\u00e0 di queste ultime.<\/p>\n\n\n\n<p>Inoltre, l&#8217;Autorit\u00e0 di gestione pu\u00f2 affidare la gestione di parte del Programma Operativo a un organismo intermedio (&#8220;sovvenzione globale&#8221;), che garantisce la propria solvibilit\u00e0 e competenza nel settore interessato, nonch\u00e9 la propria capacit\u00e0 di gestione amministrativa e finanziaria.<\/p>\n\n\n\n<p><br><a href=\"https:\/\/www.lazioeuropa.it\/archivio1420\/app\/uploads\/2022\/10\/DD_G13509_06_10_2022.pdf\" target=\"_blank\" rel=\"noreferrer noopener\">Determinazione n. G13509 del 6 ottobre 2022<\/a> &#8211; Conferma designazione di Lazio Innova S.p.A., quale Organismo Intermedio relativamente alle Azioni 1.1.3, 1.1.4, 1.2.1a, 1.2.1b, 1.4.1 (sovvenzioni), 1.5.1 (parte), 3.1.2, 3.1.3, 3.3.1, 3.4.1, 3.4.2, 3.5.2 e 4.2.1<\/p>\n\n\n\n<p><br><a href=\"https:\/\/www.lazioeuropa.it\/archivio1420\/app\/uploads\/2021\/07\/dd_g09100_08_07_2021.pdf\" target=\"_blank\" rel=\"noreferrer noopener\">Determinazione n. G09100 dell&#8217;8 luglio 2021<\/a> &#8211; Procedure di vigilanza delle funzioni formalmente delegate dall&#8217;Autorit\u00e0 di Gestione all&#8217;Organismo Intermedio. Approvazione documento &#8220;Metodologia dell&#8217;attivit\u00e0 di Vigilanza sulla gestione degli interventi dell&#8217;OI Lazio Innova &#8211; annualit\u00e0 2021&#8221;<\/p>\n<\/div>\n\n\n\n<div class=\"wp-block-column is-layout-flow wp-block-column-is-layout-flow\" style=\"flex-basis:33.33%\">\n<p class=\"ghostkit-custom-ZDwDQG has-text-color has-background\" style=\"color:#002744;background-color:#c6deee;font-size:16px\"><strong><a href=\"https:\/\/www.lazioeuropa.it\/archivio1420\/por_fesr-15\">Il programma <\/a><br><a href=\"https:\/\/www.lazioeuropa.it\/archivio1420\/por_fesr-15\/vas_valutazione_ambientale_strategica-60\/\">VAS (Valutazione Ambientale Strategica)<\/a><br><a href=\"https:\/\/www.lazioeuropa.it\/archivio1420\/por_fesr-15\/struttura_organizzativa-61\/\">Struttura organizzativa<\/a><br><a href=\"https:\/\/www.lazioeuropa.it\/archivio1420\/por_fesr-15\/comitato_di_sorveglianza-62\/\">Comitato di sorveglianza<\/a><br><a href=\"https:\/\/www.lazioeuropa.it\/archivio1420\/por_fesr-15\/attuazione_del_programma-130\/\">Attuazione del Programma<\/a><br><a href=\"https:\/\/www.lazioeuropa.it\/archivio1420\/por_fesr-15\/comunicazione_e_identita_visiva-65\/\">Comunicazione e identit\u00e0 visiva<\/a><br><a href=\"https:\/\/www.lazioeuropa.it\/archivio1420\/por_fesr-15\/sistema_di_gestione_e_controllo-109\/\">Sistema di gestione e controllo<\/a><br><a href=\"https:\/\/www.lazioeuropa.it\/archivio1420\/por_fesr-15\/misure_antifrode-151\/\">Misure antifrode<\/a><br><a href=\"https:\/\/www.lazioeuropa.it\/archivio1420\/por_fesr-15\/partenariato-63\/\">Partenariato<\/a><br><a href=\"https:\/\/www.lazioeuropa.it\/archivio1420\/por_fesr-15\/documentazione-92\/\">Documentazione<\/a><br><a href=\"https:\/\/www.lazioeuropa.it\/archivio1420\/por_fesr-15\/valutazione-64\/\">Valutazione<\/a><br><a href=\"https:\/\/www.lazioeuropa.it\/archivio1420\/por_fesr-15\/guide-69\/\">Guide<\/a><\/strong><\/p>\n\n\n\n<p class=\"has-text-color has-background\" style=\"color:#082386;background-color:#d0d3d5;font-size:16px\"><a href=\"https:\/\/www.lazioeuropa.it\/archivio1420\/por_fesr-15\/struttura_organizzativa-61\/autorita_di_gestione-27\/\"><strong>Autorit\u00e0 di Gestione<\/strong><\/a><br><a href=\"https:\/\/www.lazioeuropa.it\/archivio1420\/por_fesr-15\/struttura_organizzativa-61\/autorita_di_certificazione-28\/\"><strong>Autorit\u00e0 di Certificazione<\/strong><\/a><br><a href=\"https:\/\/www.lazioeuropa.it\/archivio1420\/por_fesr-15\/struttura_organizzativa-61\/autorita_di_audit-29\/\"><strong>Autorit\u00e0 di Audit<\/strong><\/a><br><a href=\"https:\/\/www.lazioeuropa.it\/archivio1420\/por_fesr-15\/struttura_organizzativa-61\/organismi_intermedi-57\/\"><strong>Organismi intermedi<\/strong><\/a><\/p>\n<\/div>\n<\/div>\n\n\n<p style=\"text-align: justify;\"><a href=\"https:\/\/www.lazioeuropa.it\/archivio1420\/app\/uploads\/2018\/09\/dd_g11003_05_09_2018.pdf\" target=\"_blank\" rel=\"noopener\">Determinazione n. G11003 del 5 settembre 2018<\/a> &#8211; Conferma designazione del Ministero dello Sviluppo Economico quale Organismo Intermedio\u00a0relativamente al &#8220;Completamento del Primo Intervento Attuativo del Programma Lazio 30Mega&#8221; (Azione 2.1.1)<\/p>\n<p style=\"text-align: justify;\"><br \/><a href=\"https:\/\/www.lazioeuropa.it\/archivio1420\/app\/uploads\/2016\/10\/dd_g11428_07_10_2016.pdf\" target=\"_blank\" rel=\"noopener\">Determinazione n. G11428 del 7 ottobre 2016<\/a>\u00a0&#8211;\u00a0Modifiche alla Determinazione dirigenziale n. G09008 del 5 agosto 2016\u00a0avente ad oggetto &#8220;Nomina di Lazio Innova S.p.A., quale Organismo Intermedio relativamente alle Azioni\u00a01.1.3, 1.1.4, 1.2.1b, 3.5.1b, 3.5.2, 3.3.1, 3.4.1, 3.1.2, 3.1.3 e 4.2.1&#8221;.<\/p>\n<p style=\"text-align: justify;\"><br \/><a href=\"https:\/\/www.lazioeuropa.it\/archivio1420\/app\/uploads\/2015\/10\/dd_g12417_15_10_2015.pdf\" target=\"_blank\" rel=\"noopener\">Determinazione\u00a0n. G12417 del 15 ottobre 2015<\/a>\u00a0&#8211; Approvazione schema di convenzione per la delega delle funzioni agli Organismi Intermedi\u00a0nell&#8217;ambito del POR FESR Lazio 2014-2020 (modificata dalla\u00a0<a href=\"https:\/\/www.lazioeuropa.it\/archivio1420\/app\/uploads\/2016\/10\/dd_g11014_29_09_2016.pdf\" target=\"_blank\" rel=\"noopener\">Determinazione n. G11014 del 29 settembre 2016<\/a>)<\/p>\n<p style=\"text-align: justify;\"><br \/>Con la\u00a0<a href=\"https:\/\/www.lazioeuropa.it\/archivio1420\/app\/uploads\/2016\/08\/dd_g09008_05_08_2016.pdf\" target=\"_blank\" rel=\"noopener\">Determinazione n. G09008 del\u00a05 agosto 2016<\/a> la societ\u00e0 Lazio Innova S.p.a. \u00e8 stata nominata\u00a0Organismo Intermedio\u00a0con delega\u00a0per la gestione e il controllo di primo\u00a0livello relativamente alle Azioni 1.1.3, 1.1.4, 1.2.1b,\u00a03.5.1b, 3.5.2, 3.3.1, 3.4.1, 3.1.2, 3.1.3 e 4.2.1<\/p>\n<p style=\"text-align: justify;\"><br \/>Con la\u00a0<a href=\"https:\/\/www.lazioeuropa.it\/archivio1420\/app\/uploads\/2016\/05\/dd_g13437_04_11_2015.pdf\" target=\"_blank\" rel=\"noopener\">Determinazione\u00a0n. G13437 del\u00a04 novembre\u00a02015<\/a> la societ\u00e0\u00a0BIC Lazio S.p.A. \u00e8 stata nominata Organismo Intermedio con delega per\u00a0la gestione e il controllo di primo\u00a0livello limitatamente all\u2019Avviso pubblico\u00a0\u201cInnovazione: Sostantivo Femminile\u201d (Asse 3).<\/p>\n<p>\u00a0<\/p>\n<p>\u00a0<\/p>\n<p>\u00a0<\/p>\n<p>\u00a0<\/p>","protected":false},"excerpt":{"rendered":"<p>Ai sensi del Regolamento UE n. 1303\/2013, l&#8217;organismo intermedio agisce sotto la responsabilit\u00e0 dell&#8217;Autorit\u00e0 di Gestione o dell&#8217;Autorit\u00e0 di&nbsp;Certificazione,&nbsp;o svolge mansioni per conto delle stesse&nbsp;Autorit\u00e0 nei&nbsp;confronti dei beneficiari (soggetti che attuano le operazioni). L&#8217;organismo intermedio pu\u00f2 essere designato per lo svolgimento di determinati compiti dell&#8217;autorit\u00e0 di gestione o di certificazione, sotto la responsabilit\u00e0 di queste [&hellip;]<\/p>\n","protected":false},"author":1,"featured_media":0,"parent":8672,"menu_order":0,"comment_status":"closed","ping_status":"closed","template":"","meta":{"_acf_changed":false,"ghostkit_customizer_options":"","ghostkit_custom_css":"","ghostkit_custom_js_head":"","ghostkit_custom_js_foot":"","ghostkit_typography":"","footnotes":""},"class_list":["post-8676","page","type-page","status-publish","hentry"],"acf":[],"yoast_head":"<!-- This site is optimized with the Yoast SEO plugin v24.2 - https:\/\/yoast.com\/wordpress\/plugins\/seo\/ -->\n<title>Organismi intermedi - LazioEuropa Archivio 1420<\/title>\n<meta name=\"robots\" content=\"index, follow, max-snippet:-1, max-image-preview:large, max-video-preview:-1\" \/>\n<link rel=\"canonical\" href=\"https:\/\/www.lazioeuropa.it\/archivio1420\/por_fesr-15\/struttura_organizzativa-61\/organismi_intermedi-57\/\" \/>\n<meta property=\"og:locale\" content=\"it_IT\" \/>\n<meta property=\"og:type\" content=\"article\" \/>\n<meta property=\"og:title\" content=\"Organismi intermedi - LazioEuropa Archivio 1420\" \/>\n<meta property=\"og:description\" content=\"Ai sensi del Regolamento UE n. 1303\/2013, l&#8217;organismo intermedio agisce sotto la responsabilit\u00e0 dell&#8217;Autorit\u00e0 di Gestione o dell&#8217;Autorit\u00e0 di&nbsp;Certificazione,&nbsp;o svolge mansioni per conto delle stesse&nbsp;Autorit\u00e0 nei&nbsp;confronti dei beneficiari (soggetti che attuano le operazioni). L&#8217;organismo intermedio pu\u00f2 essere designato per lo svolgimento di determinati compiti dell&#8217;autorit\u00e0 di gestione o di certificazione, sotto la responsabilit\u00e0 di queste [&hellip;]\" \/>\n<meta property=\"og:url\" content=\"https:\/\/www.lazioeuropa.it\/archivio1420\/por_fesr-15\/struttura_organizzativa-61\/organismi_intermedi-57\/\" \/>\n<meta property=\"og:site_name\" content=\"LazioEuropa Archivio 1420\" \/>\n<meta property=\"article:modified_time\" content=\"2023-04-20T14:50:27+00:00\" \/>\n<meta name=\"twitter:card\" content=\"summary_large_image\" \/>\n<meta name=\"twitter:label1\" content=\"Est. reading time\" \/>\n\t<meta name=\"twitter:data1\" content=\"2 minuti\" \/>\n<script type=\"application\/ld+json\" class=\"yoast-schema-graph\">{\"@context\":\"https:\/\/schema.org\",\"@graph\":[{\"@type\":\"WebPage\",\"@id\":\"https:\/\/www.lazioeuropa.it\/archivio1420\/por_fesr-15\/struttura_organizzativa-61\/organismi_intermedi-57\/\",\"url\":\"https:\/\/www.lazioeuropa.it\/archivio1420\/por_fesr-15\/struttura_organizzativa-61\/organismi_intermedi-57\/\",\"name\":\"Organismi intermedi - LazioEuropa Archivio 1420\",\"isPartOf\":{\"@id\":\"https:\/\/www.lazioeuropa.it\/archivio1420\/#website\"},\"datePublished\":\"2022-04-20T13:27:32+00:00\",\"dateModified\":\"2023-04-20T14:50:27+00:00\",\"breadcrumb\":{\"@id\":\"https:\/\/www.lazioeuropa.it\/archivio1420\/por_fesr-15\/struttura_organizzativa-61\/organismi_intermedi-57\/#breadcrumb\"},\"inLanguage\":\"it-IT\",\"potentialAction\":[{\"@type\":\"ReadAction\",\"target\":[\"https:\/\/www.lazioeuropa.it\/archivio1420\/por_fesr-15\/struttura_organizzativa-61\/organismi_intermedi-57\/\"]}]},{\"@type\":\"BreadcrumbList\",\"@id\":\"https:\/\/www.lazioeuropa.it\/archivio1420\/por_fesr-15\/struttura_organizzativa-61\/organismi_intermedi-57\/#breadcrumb\",\"itemListElement\":[{\"@type\":\"ListItem\",\"position\":1,\"name\":\"Home\",\"item\":\"https:\/\/www.lazioeuropa.it\/archivio1420\/\"},{\"@type\":\"ListItem\",\"position\":2,\"name\":\"POR FESR\",\"item\":\"https:\/\/www.lazioeuropa.it\/archivio1420\/por_fesr-15\/\"},{\"@type\":\"ListItem\",\"position\":3,\"name\":\"Struttura organizzativa\",\"item\":\"https:\/\/www.lazioeuropa.it\/archivio1420\/por_fesr-15\/struttura_organizzativa-61\/\"},{\"@type\":\"ListItem\",\"position\":4,\"name\":\"Organismi intermedi\"}]},{\"@type\":\"WebSite\",\"@id\":\"https:\/\/www.lazioeuropa.it\/archivio1420\/#website\",\"url\":\"https:\/\/www.lazioeuropa.it\/archivio1420\/\",\"name\":\"LazioEuropa Archivio 1420\",\"description\":\"Lazio Europa\",\"potentialAction\":[{\"@type\":\"SearchAction\",\"target\":{\"@type\":\"EntryPoint\",\"urlTemplate\":\"https:\/\/www.lazioeuropa.it\/archivio1420\/?s={search_term_string}\"},\"query-input\":{\"@type\":\"PropertyValueSpecification\",\"valueRequired\":true,\"valueName\":\"search_term_string\"}}],\"inLanguage\":\"it-IT\"}]}<\/script>\n<!-- \/ Yoast SEO plugin. -->","yoast_head_json":{"title":"Organismi intermedi - LazioEuropa Archivio 1420","robots":{"index":"index","follow":"follow","max-snippet":"max-snippet:-1","max-image-preview":"max-image-preview:large","max-video-preview":"max-video-preview:-1"},"canonical":"https:\/\/www.lazioeuropa.it\/archivio1420\/por_fesr-15\/struttura_organizzativa-61\/organismi_intermedi-57\/","og_locale":"it_IT","og_type":"article","og_title":"Organismi intermedi - LazioEuropa Archivio 1420","og_description":"Ai sensi del Regolamento UE n. 1303\/2013, l&#8217;organismo intermedio agisce sotto la responsabilit\u00e0 dell&#8217;Autorit\u00e0 di Gestione o dell&#8217;Autorit\u00e0 di&nbsp;Certificazione,&nbsp;o svolge mansioni per conto delle stesse&nbsp;Autorit\u00e0 nei&nbsp;confronti dei beneficiari (soggetti che attuano le operazioni). L&#8217;organismo intermedio pu\u00f2 essere designato per lo svolgimento di determinati compiti dell&#8217;autorit\u00e0 di gestione o di certificazione, sotto la responsabilit\u00e0 di queste [&hellip;]","og_url":"https:\/\/www.lazioeuropa.it\/archivio1420\/por_fesr-15\/struttura_organizzativa-61\/organismi_intermedi-57\/","og_site_name":"LazioEuropa Archivio 1420","article_modified_time":"2023-04-20T14:50:27+00:00","twitter_card":"summary_large_image","twitter_misc":{"Est. reading time":"2 minuti"},"schema":{"@context":"https:\/\/schema.org","@graph":[{"@type":"WebPage","@id":"https:\/\/www.lazioeuropa.it\/archivio1420\/por_fesr-15\/struttura_organizzativa-61\/organismi_intermedi-57\/","url":"https:\/\/www.lazioeuropa.it\/archivio1420\/por_fesr-15\/struttura_organizzativa-61\/organismi_intermedi-57\/","name":"Organismi intermedi - LazioEuropa Archivio 1420","isPartOf":{"@id":"https:\/\/www.lazioeuropa.it\/archivio1420\/#website"},"datePublished":"2022-04-20T13:27:32+00:00","dateModified":"2023-04-20T14:50:27+00:00","breadcrumb":{"@id":"https:\/\/www.lazioeuropa.it\/archivio1420\/por_fesr-15\/struttura_organizzativa-61\/organismi_intermedi-57\/#breadcrumb"},"inLanguage":"it-IT","potentialAction":[{"@type":"ReadAction","target":["https:\/\/www.lazioeuropa.it\/archivio1420\/por_fesr-15\/struttura_organizzativa-61\/organismi_intermedi-57\/"]}]},{"@type":"BreadcrumbList","@id":"https:\/\/www.lazioeuropa.it\/archivio1420\/por_fesr-15\/struttura_organizzativa-61\/organismi_intermedi-57\/#breadcrumb","itemListElement":[{"@type":"ListItem","position":1,"name":"Home","item":"https:\/\/www.lazioeuropa.it\/archivio1420\/"},{"@type":"ListItem","position":2,"name":"POR FESR","item":"https:\/\/www.lazioeuropa.it\/archivio1420\/por_fesr-15\/"},{"@type":"ListItem","position":3,"name":"Struttura organizzativa","item":"https:\/\/www.lazioeuropa.it\/archivio1420\/por_fesr-15\/struttura_organizzativa-61\/"},{"@type":"ListItem","position":4,"name":"Organismi intermedi"}]},{"@type":"WebSite","@id":"https:\/\/www.lazioeuropa.it\/archivio1420\/#website","url":"https:\/\/www.lazioeuropa.it\/archivio1420\/","name":"LazioEuropa Archivio 1420","description":"Lazio Europa","potentialAction":[{"@type":"SearchAction","target":{"@type":"EntryPoint","urlTemplate":"https:\/\/www.lazioeuropa.it\/archivio1420\/?s={search_term_string}"},"query-input":{"@type":"PropertyValueSpecification","valueRequired":true,"valueName":"search_term_string"}}],"inLanguage":"it-IT"}]}},"featured_image_src":null,"featured_image_src_square":null,"_links":{"self":[{"href":"https:\/\/www.lazioeuropa.it\/archivio1420\/wp-json\/wp\/v2\/pages\/8676","targetHints":{"allow":["GET"]}}],"collection":[{"href":"https:\/\/www.lazioeuropa.it\/archivio1420\/wp-json\/wp\/v2\/pages"}],"about":[{"href":"https:\/\/www.lazioeuropa.it\/archivio1420\/wp-json\/wp\/v2\/types\/page"}],"author":[{"embeddable":true,"href":"https:\/\/www.lazioeuropa.it\/archivio1420\/wp-json\/wp\/v2\/users\/1"}],"replies":[{"embeddable":true,"href":"https:\/\/www.lazioeuropa.it\/archivio1420\/wp-json\/wp\/v2\/comments?post=8676"}],"version-history":[{"count":4,"href":"https:\/\/www.lazioeuropa.it\/archivio1420\/wp-json\/wp\/v2\/pages\/8676\/revisions"}],"predecessor-version":[{"id":10342,"href":"https:\/\/www.lazioeuropa.it\/archivio1420\/wp-json\/wp\/v2\/pages\/8676\/revisions\/10342"}],"up":[{"embeddable":true,"href":"https:\/\/www.lazioeuropa.it\/archivio1420\/wp-json\/wp\/v2\/pages\/8672"}],"wp:attachment":[{"href":"https:\/\/www.lazioeuropa.it\/archivio1420\/wp-json\/wp\/v2\/media?parent=8676"}],"curies":[{"name":"wp","href":"https:\/\/api.w.org\/{rel}","templated":true}]}}