{"id":8678,"date":"2022-04-20T15:27:32","date_gmt":"2022-04-20T13:27:32","guid":{"rendered":"https:\/\/www.lazioeuropa.it\/archivio1420\/por_fesr-15\/comitato_di_sorveglianza-62\/"},"modified":"2023-04-20T16:09:19","modified_gmt":"2023-04-20T14:09:19","slug":"comitato_di_sorveglianza-62","status":"publish","type":"page","link":"https:\/\/www.lazioeuropa.it\/archivio1420\/por_fesr-15\/comitato_di_sorveglianza-62\/","title":{"rendered":"Comitato di sorveglianza"},"content":{"rendered":"\n<div class=\"wp-block-columns is-layout-flex wp-container-core-columns-is-layout-1 wp-block-columns-is-layout-flex\">\n<div class=\"wp-block-column is-layout-flow wp-block-column-is-layout-flow\" style=\"flex-basis:66.66%\">\n<p><br>Le funzioni, i compiti e i criteri per la composizione del Comitato di sorveglianza sono definiti dal Regolamento UE n. 1303\/2013.<\/p>\n\n\n\n<p><br>Il Comitato si riunisce almeno una volta l&#8217;anno per valutare l&#8217;attuazione del Programma e i progressi compiuti nel conseguimento dei suoi obiettivi. A tale proposito, tiene conto dei dati finanziari e degli indicatori comuni e specifici del programma, ivi compresi i cambiamenti nel valore degli indicatori di risultato e i progressi verso target quantificati, nonch\u00e9 dei target intermedi definiti nel quadro di riferimento dell&#8217;efficacia dell&#8217;attuazione e, se del caso, dei risultati delle analisi qualitative.<\/p>\n\n\n\n<p>Inoltre, esamina tutti gli aspetti che incidono sui risultati del Programma, comprese le conclusioni delle verifiche di efficacia dell\u2019attuazione.<\/p>\n\n\n\n<p><br><br>Il Comitato di sorveglianza \u00e8 consultato e, qualora lo ritenga opportuno, esprime un parere sulle eventuali modifiche del Programma proposte dall&#8217;Autorit\u00e0 di gestione; pu\u00f2 anche formulare osservazioni all&#8217;Autorit\u00e0 di gestione in merito all&#8217;attuazione e alla valutazione del Programma, comprese azioni relative alla riduzione degli oneri amministrativi a carico dei beneficiari.<\/p>\n<\/div>\n\n\n\n<div class=\"wp-block-column is-layout-flow wp-block-column-is-layout-flow\" style=\"flex-basis:33.33%\">\n<p class=\"ghostkit-custom-ZDwDQG has-text-color has-background\" style=\"color:#002744;background-color:#c6deee;font-size:16px\"><strong><a href=\"https:\/\/www.lazioeuropa.it\/archivio1420\/por_fesr-15\">Il programma <\/a><br><a href=\"https:\/\/www.lazioeuropa.it\/archivio1420\/por_fesr-15\/vas_valutazione_ambientale_strategica-60\/\">VAS (Valutazione Ambientale Strategica)<\/a><br><a href=\"https:\/\/www.lazioeuropa.it\/archivio1420\/por_fesr-15\/struttura_organizzativa-61\/\">Struttura organizzativa<\/a><br><a href=\"https:\/\/www.lazioeuropa.it\/archivio1420\/por_fesr-15\/comitato_di_sorveglianza-62\/\">Comitato di sorveglianza<\/a><br><a href=\"https:\/\/www.lazioeuropa.it\/archivio1420\/por_fesr-15\/attuazione_del_programma-130\/\">Attuazione del Programma<\/a><br><a href=\"https:\/\/www.lazioeuropa.it\/archivio1420\/por_fesr-15\/comunicazione_e_identita_visiva-65\/\">Comunicazione e identit\u00e0 visiva<\/a><br><a href=\"https:\/\/www.lazioeuropa.it\/archivio1420\/por_fesr-15\/sistema_di_gestione_e_controllo-109\/\">Sistema di gestione e controllo<\/a><br><a href=\"https:\/\/www.lazioeuropa.it\/archivio1420\/por_fesr-15\/misure_antifrode-151\/\">Misure antifrode<\/a><br><a href=\"https:\/\/www.lazioeuropa.it\/archivio1420\/por_fesr-15\/partenariato-63\/\">Partenariato<\/a><br><a href=\"https:\/\/www.lazioeuropa.it\/archivio1420\/por_fesr-15\/documentazione-92\/\">Documentazione<\/a><br><a href=\"https:\/\/www.lazioeuropa.it\/archivio1420\/por_fesr-15\/valutazione-64\/\">Valutazione<\/a><br><a href=\"https:\/\/www.lazioeuropa.it\/archivio1420\/por_fesr-15\/guide-69\/\">Guide<\/a><\/strong><\/p>\n\n\n\n<p class=\"has-text-color has-background\" style=\"color:#082386;background-color:#d0d3d5;font-size:16px\"><a href=\"https:\/\/www.lazioeuropa.it\/archivio1420\/por_fesr-15\/comitato_di_sorveglianza-62\/relazioni_di_attuazione-40\/\"><strong>Relazioni di attuazione<\/strong><\/a><br><a href=\"https:\/\/www.lazioeuropa.it\/archivio1420\/por_fesr-15\/comitato_di_sorveglianza-62\/riunione_del_21_giugno_2019_-_informative_e_presentazioni-81\/\"><strong>Riunione del 21 giugno 2019 \u2013 Informative e presentazioni<\/strong><\/a><br><a href=\"https:\/\/www.lazioeuropa.it\/archivio1420\/por_fesr-15\/comitato_di_sorveglianza-62\/riunione_del_10_dicembre_2020_-_informative_e_presentazioni-93\/\"><strong>Riunione del 10 dicembre 2020 \u2013 Informative e presentazioni<\/strong><\/a><\/p>\n<\/div>\n<\/div>\n\n\n<div style=\"text-align: justify;\">\n<div>In particolare, il Comitato di sorveglianza esamina:<\/div>\n<ul>\n<li>ogni aspetto che incide sui risultati del programma operativo;<\/li>\n<li>i progressi realizzati nell&#8217;attuazione del piano di valutazione e il seguito dato ai risultati delle valutazioni;<\/li>\n<li>l&#8217;attuazione della strategia di comunicazione;<\/li>\n<li>l&#8217;esecuzione dei grandi progetti;<\/li>\n<li>l&#8217;attuazione dei piani d&#8217;azione comuni;<\/li>\n<li>le azioni intese a promuovere la parit\u00e0 tra uomini e donne, le pari opportunit\u00e0, la non discriminazione, compresa l&#8217;accessibilit\u00e0 per persone con disabilit\u00e0;<\/li>\n<li>le azioni intese a promuovere lo sviluppo sostenibile;<\/li>\n<li>gli strumenti finanziari.<\/li>\n<\/ul>\n<div>Infine, il Comitato di sorveglianza esamina e approva:<\/div>\n<ul>\n<li>la metodologia e i criteri usati per la selezione delle operazioni;<\/li>\n<li>le relazioni di attuazione annuali e finali;<\/li>\n<li>il piano di valutazione del programma operativo ed eventuali modifiche dello stesso, anche quando uno dei due \u00e8 parte del piano di valutazione comune a norma dell&#8217;articolo 114, paragrafo 1;<\/li>\n<li>la strategia di comunicazione per il programma operativo ed eventuali modifiche della stessa;<\/li>\n<li>eventuali proposte di modifiche al programma operativo presentate dall&#8217;autorit\u00e0 di gestione.<\/li>\n<\/ul>\n<p>Il Comitato di Sorveglianza del POR FESR Lazio 2014-2020 \u00e8 stato istituito con <a href=\"https:\/\/www.lazioeuropa.it\/archivio1420\/app\/uploads\/2015\/05\/dgr_212_12_05_2015.pdf\" target=\"_blank\" rel=\"noopener\">Deliberazione della Giunta regionale n. 212 del 12 maggio 2015<\/a>.<\/p>\n<p><a href=\"https:\/\/www.lazioeuropa.it\/archivio1420\/app\/uploads\/2022\/05\/DGR_273_10_05_2022.pdf\" target=\"_blank\" rel=\"noopener\">Estensione delle funzioni del Comitato di Sorveglianza<\/a> (DGR n. 273 del 10 maggio 2022),&nbsp;<\/p>\n<p><a href=\"https:\/\/www.lazioeuropa.it\/archivio1420\/app\/uploads\/2020\/01\/dgr_1003_27_12_2019.pdf\" target=\"_blank\" rel=\"noopener\">Composizione del Comitato &#8211; aggiornamento<\/a> (DGR n. 1003 del 27 dicembre 2019)<\/p>\n<p><a href=\"https:\/\/www.lazioeuropa.it\/archivio1420\/app\/uploads\/2020\/04\/regolamentocdspofesr_2020.pdf\" target=\"_blank\" rel=\"noopener\">Regolamento<\/a> (DGR n. 166 del 7 aprile 2020)<\/p>\n<p><a href=\"https:\/\/www.lazioeuropa.it\/archivio1420\/por_fesr-15\/comitato_di_sorveglianza-62\/riunione_del_21_giugno_2019_-_informative_e_presentazioni-81\/\">Riunione del 21 giugno 2019 &#8211; Informative e presentazioni<\/a><\/p>\n<p><a href=\"https:\/\/www.lazioeuropa.it\/archivio1420\/app\/uploads\/2018\/08\/verbalecds_25_maggio_vers_def_2018_8_3.pdf\" target=\"_blank\" rel=\"noopener\">Verbale del 25 maggio 2018<\/a><\/p>\n<p><a href=\"https:\/\/www.lazioeuropa.it\/archivio1420\/app\/uploads\/2017\/08\/verbale_cds_por_fesr_lazio_2014_2020_del_16_giugno_2017.pdf\" target=\"_blank\" rel=\"noopener\">Verbale del 16 giugno 2017<\/a><\/p>\n<p><a href=\"https:\/\/www.lazioeuropa.it\/archivio1420\/app\/uploads\/2017\/08\/punto_5odg_modifiche_versione15jun.pdf\" target=\"_blank\" rel=\"noopener\">Comitato di sorveglianza del 16 giugno 2017 &#8211; Proposte di modifica del Programma Operativo<\/a><\/p>\n<p><a href=\"https:\/\/www.lazioeuropa.it\/archivio1420\/app\/uploads\/2017\/08\/verbale_cds_por_fesr_lazio_27.5.2016.pdf\" target=\"_blank\" rel=\"noopener\">Verbale del 27 maggio 2016<\/a><\/p>\n<p><a href=\"https:\/\/www.lazioeuropa.it\/archivio1420\/app\/uploads\/2016\/05\/verbale_25_giugno_2015.pdf\" target=\"_blank\" rel=\"noopener\">Verbale del 25 giugno 2015<\/a><\/p>\n<p><a href=\"https:\/\/www.lazioeuropa.it\/archivio1420\/app\/uploads\/2016\/05\/all.2_por_fesr_lazio2014_20_criteri_selezione_25_06_2015.pdf\" target=\"_blank\" rel=\"noopener\">Metodologia e Criteri di selezione delle operazioni<\/a> (approvati nella riunione del 25 giugno 2015)<\/p>\n<\/div>\n<div><a href=\"https:\/\/www.lazioeuropa.it\/archivio1420\/app\/uploads\/2015\/07\/slide_por_strategiacds_23_6_15.pptx\" target=\"_blank\" rel=\"noopener\">Obiettivi generali e opportunit\u00e0<\/a> (presentato nella riunione del 25 giugno 2015)<\/div>\n\n\n<p><a href=\"https:\/\/www.lazioeuropa.it\/archivio1420\/app\/uploads\/2015\/07\/si_monitoraggiopor_fesr2014_20_25_6_2015.ppt\" target=\"_blank\" rel=\"noreferrer noopener\">Informativa sullo scambio elettronico dei dati<\/a>&nbsp;(presentata nella riunione del 25 giugno 2015)<\/p>\n\n\n\n<p><a href=\"https:\/\/www.lazioeuropa.it\/archivio1420\/por_fesr-15\/comitato_di_sorveglianza-62\/relazioni_di_attuazione-40\/\">Relazioni di attuazione<\/a><\/p>\n","protected":false},"excerpt":{"rendered":"<p>Le funzioni, i compiti e i criteri per la composizione del Comitato di sorveglianza sono definiti dal Regolamento UE n. 1303\/2013. Il Comitato si riunisce almeno una volta l&#8217;anno per valutare l&#8217;attuazione del Programma e i progressi compiuti nel conseguimento dei suoi obiettivi. A tale proposito, tiene conto dei dati finanziari e degli indicatori comuni [&hellip;]<\/p>\n","protected":false},"author":1,"featured_media":0,"parent":8668,"menu_order":0,"comment_status":"closed","ping_status":"closed","template":"","meta":{"_acf_changed":false,"ghostkit_customizer_options":"","ghostkit_custom_css":"","ghostkit_custom_js_head":"","ghostkit_custom_js_foot":"","ghostkit_typography":"","footnotes":""},"class_list":["post-8678","page","type-page","status-publish","hentry"],"acf":[],"yoast_head":"<!-- This site is optimized with the Yoast SEO plugin v24.2 - https:\/\/yoast.com\/wordpress\/plugins\/seo\/ -->\n<title>Comitato di sorveglianza - LazioEuropa Archivio 1420<\/title>\n<meta name=\"robots\" content=\"index, follow, max-snippet:-1, max-image-preview:large, max-video-preview:-1\" \/>\n<link rel=\"canonical\" href=\"https:\/\/www.lazioeuropa.it\/archivio1420\/por_fesr-15\/comitato_di_sorveglianza-62\/\" \/>\n<meta property=\"og:locale\" content=\"it_IT\" \/>\n<meta property=\"og:type\" content=\"article\" \/>\n<meta property=\"og:title\" content=\"Comitato di sorveglianza - LazioEuropa Archivio 1420\" \/>\n<meta property=\"og:description\" content=\"Le funzioni, i compiti e i criteri per la composizione del Comitato di sorveglianza sono definiti dal Regolamento UE n. 1303\/2013. Il Comitato si riunisce almeno una volta l&#8217;anno per valutare l&#8217;attuazione del Programma e i progressi compiuti nel conseguimento dei suoi obiettivi. A tale proposito, tiene conto dei dati finanziari e degli indicatori comuni [&hellip;]\" \/>\n<meta property=\"og:url\" content=\"https:\/\/www.lazioeuropa.it\/archivio1420\/por_fesr-15\/comitato_di_sorveglianza-62\/\" \/>\n<meta property=\"og:site_name\" content=\"LazioEuropa Archivio 1420\" \/>\n<meta property=\"article:modified_time\" content=\"2023-04-20T14:09:19+00:00\" \/>\n<meta name=\"twitter:card\" content=\"summary_large_image\" \/>\n<meta name=\"twitter:label1\" content=\"Est. reading time\" \/>\n\t<meta name=\"twitter:data1\" content=\"3 minuti\" \/>\n<script type=\"application\/ld+json\" class=\"yoast-schema-graph\">{\"@context\":\"https:\/\/schema.org\",\"@graph\":[{\"@type\":\"WebPage\",\"@id\":\"https:\/\/www.lazioeuropa.it\/archivio1420\/por_fesr-15\/comitato_di_sorveglianza-62\/\",\"url\":\"https:\/\/www.lazioeuropa.it\/archivio1420\/por_fesr-15\/comitato_di_sorveglianza-62\/\",\"name\":\"Comitato di sorveglianza - LazioEuropa Archivio 1420\",\"isPartOf\":{\"@id\":\"https:\/\/www.lazioeuropa.it\/archivio1420\/#website\"},\"datePublished\":\"2022-04-20T13:27:32+00:00\",\"dateModified\":\"2023-04-20T14:09:19+00:00\",\"breadcrumb\":{\"@id\":\"https:\/\/www.lazioeuropa.it\/archivio1420\/por_fesr-15\/comitato_di_sorveglianza-62\/#breadcrumb\"},\"inLanguage\":\"it-IT\",\"potentialAction\":[{\"@type\":\"ReadAction\",\"target\":[\"https:\/\/www.lazioeuropa.it\/archivio1420\/por_fesr-15\/comitato_di_sorveglianza-62\/\"]}]},{\"@type\":\"BreadcrumbList\",\"@id\":\"https:\/\/www.lazioeuropa.it\/archivio1420\/por_fesr-15\/comitato_di_sorveglianza-62\/#breadcrumb\",\"itemListElement\":[{\"@type\":\"ListItem\",\"position\":1,\"name\":\"Home\",\"item\":\"https:\/\/www.lazioeuropa.it\/archivio1420\/\"},{\"@type\":\"ListItem\",\"position\":2,\"name\":\"POR FESR\",\"item\":\"https:\/\/www.lazioeuropa.it\/archivio1420\/por_fesr-15\/\"},{\"@type\":\"ListItem\",\"position\":3,\"name\":\"Comitato di sorveglianza\"}]},{\"@type\":\"WebSite\",\"@id\":\"https:\/\/www.lazioeuropa.it\/archivio1420\/#website\",\"url\":\"https:\/\/www.lazioeuropa.it\/archivio1420\/\",\"name\":\"LazioEuropa Archivio 1420\",\"description\":\"Lazio Europa\",\"potentialAction\":[{\"@type\":\"SearchAction\",\"target\":{\"@type\":\"EntryPoint\",\"urlTemplate\":\"https:\/\/www.lazioeuropa.it\/archivio1420\/?s={search_term_string}\"},\"query-input\":{\"@type\":\"PropertyValueSpecification\",\"valueRequired\":true,\"valueName\":\"search_term_string\"}}],\"inLanguage\":\"it-IT\"}]}<\/script>\n<!-- \/ Yoast SEO plugin. -->","yoast_head_json":{"title":"Comitato di sorveglianza - LazioEuropa Archivio 1420","robots":{"index":"index","follow":"follow","max-snippet":"max-snippet:-1","max-image-preview":"max-image-preview:large","max-video-preview":"max-video-preview:-1"},"canonical":"https:\/\/www.lazioeuropa.it\/archivio1420\/por_fesr-15\/comitato_di_sorveglianza-62\/","og_locale":"it_IT","og_type":"article","og_title":"Comitato di sorveglianza - LazioEuropa Archivio 1420","og_description":"Le funzioni, i compiti e i criteri per la composizione del Comitato di sorveglianza sono definiti dal Regolamento UE n. 1303\/2013. Il Comitato si riunisce almeno una volta l&#8217;anno per valutare l&#8217;attuazione del Programma e i progressi compiuti nel conseguimento dei suoi obiettivi. A tale proposito, tiene conto dei dati finanziari e degli indicatori comuni [&hellip;]","og_url":"https:\/\/www.lazioeuropa.it\/archivio1420\/por_fesr-15\/comitato_di_sorveglianza-62\/","og_site_name":"LazioEuropa Archivio 1420","article_modified_time":"2023-04-20T14:09:19+00:00","twitter_card":"summary_large_image","twitter_misc":{"Est. reading time":"3 minuti"},"schema":{"@context":"https:\/\/schema.org","@graph":[{"@type":"WebPage","@id":"https:\/\/www.lazioeuropa.it\/archivio1420\/por_fesr-15\/comitato_di_sorveglianza-62\/","url":"https:\/\/www.lazioeuropa.it\/archivio1420\/por_fesr-15\/comitato_di_sorveglianza-62\/","name":"Comitato di sorveglianza - LazioEuropa Archivio 1420","isPartOf":{"@id":"https:\/\/www.lazioeuropa.it\/archivio1420\/#website"},"datePublished":"2022-04-20T13:27:32+00:00","dateModified":"2023-04-20T14:09:19+00:00","breadcrumb":{"@id":"https:\/\/www.lazioeuropa.it\/archivio1420\/por_fesr-15\/comitato_di_sorveglianza-62\/#breadcrumb"},"inLanguage":"it-IT","potentialAction":[{"@type":"ReadAction","target":["https:\/\/www.lazioeuropa.it\/archivio1420\/por_fesr-15\/comitato_di_sorveglianza-62\/"]}]},{"@type":"BreadcrumbList","@id":"https:\/\/www.lazioeuropa.it\/archivio1420\/por_fesr-15\/comitato_di_sorveglianza-62\/#breadcrumb","itemListElement":[{"@type":"ListItem","position":1,"name":"Home","item":"https:\/\/www.lazioeuropa.it\/archivio1420\/"},{"@type":"ListItem","position":2,"name":"POR FESR","item":"https:\/\/www.lazioeuropa.it\/archivio1420\/por_fesr-15\/"},{"@type":"ListItem","position":3,"name":"Comitato di sorveglianza"}]},{"@type":"WebSite","@id":"https:\/\/www.lazioeuropa.it\/archivio1420\/#website","url":"https:\/\/www.lazioeuropa.it\/archivio1420\/","name":"LazioEuropa Archivio 1420","description":"Lazio Europa","potentialAction":[{"@type":"SearchAction","target":{"@type":"EntryPoint","urlTemplate":"https:\/\/www.lazioeuropa.it\/archivio1420\/?s={search_term_string}"},"query-input":{"@type":"PropertyValueSpecification","valueRequired":true,"valueName":"search_term_string"}}],"inLanguage":"it-IT"}]}},"featured_image_src":null,"featured_image_src_square":null,"_links":{"self":[{"href":"https:\/\/www.lazioeuropa.it\/archivio1420\/wp-json\/wp\/v2\/pages\/8678","targetHints":{"allow":["GET"]}}],"collection":[{"href":"https:\/\/www.lazioeuropa.it\/archivio1420\/wp-json\/wp\/v2\/pages"}],"about":[{"href":"https:\/\/www.lazioeuropa.it\/archivio1420\/wp-json\/wp\/v2\/types\/page"}],"author":[{"embeddable":true,"href":"https:\/\/www.lazioeuropa.it\/archivio1420\/wp-json\/wp\/v2\/users\/1"}],"replies":[{"embeddable":true,"href":"https:\/\/www.lazioeuropa.it\/archivio1420\/wp-json\/wp\/v2\/comments?post=8678"}],"version-history":[{"count":12,"href":"https:\/\/www.lazioeuropa.it\/archivio1420\/wp-json\/wp\/v2\/pages\/8678\/revisions"}],"predecessor-version":[{"id":10311,"href":"https:\/\/www.lazioeuropa.it\/archivio1420\/wp-json\/wp\/v2\/pages\/8678\/revisions\/10311"}],"up":[{"embeddable":true,"href":"https:\/\/www.lazioeuropa.it\/archivio1420\/wp-json\/wp\/v2\/pages\/8668"}],"wp:attachment":[{"href":"https:\/\/www.lazioeuropa.it\/archivio1420\/wp-json\/wp\/v2\/media?parent=8678"}],"curies":[{"name":"wp","href":"https:\/\/api.w.org\/{rel}","templated":true}]}}