{"id":8690,"date":"2022-04-20T15:27:32","date_gmt":"2022-04-20T13:27:32","guid":{"rendered":"https:\/\/www.lazioeuropa.it\/archivio1420\/por_fesr-15\/sistema_di_gestione_e_controllo-109\/"},"modified":"2023-07-06T08:50:30","modified_gmt":"2023-07-06T06:50:30","slug":"sistema_di_gestione_e_controllo-109","status":"publish","type":"page","link":"https:\/\/www.lazioeuropa.it\/archivio1420\/por_fesr-15\/sistema_di_gestione_e_controllo-109\/","title":{"rendered":"Sistema di gestione e controllo"},"content":{"rendered":"\n<div class=\"wp-block-columns is-layout-flex wp-container-core-columns-is-layout-1 wp-block-columns-is-layout-flex\">\n<div class=\"wp-block-column is-layout-flow wp-block-column-is-layout-flow\" style=\"flex-basis:66.66%\">\n<p><br>Questa sezione contiene la descrizione del funzionamento del sistema di gestione e controllo del Programma, nonch\u00e9 i manuali delle procedure.<\/p>\n\n\n\n<p><br><\/p>\n\n\n\n<p><a href=\"https:\/\/www.lazioeuropa.it\/archivio1420\/app\/uploads\/2023\/07\/DD_G08653_22_06_2023.pdf\" target=\"_blank\" rel=\"noreferrer noopener\">Det. n. G08653 del 22 giugno 2023<\/a> &#8211; Rettifica per mero errore materiale della Determinazione n. G08455\/2023<\/p>\n\n\n\n<p><a href=\"https:\/\/www.lazioeuropa.it\/archivio1420\/app\/uploads\/2023\/07\/DD_G08455_16_06_2023.pdf\" target=\"_blank\" rel=\"noreferrer noopener\">Det. n. G08455 del 16 giugno 2023<\/a> &#8211; Aggiornamento Allegato A4&#8243; Composizione organico PO&#8221; del documento &#8220;Descrizione delle funzioni e delle procedure in essere presso l&#8217;AdG e l&#8217;AdC&#8221;<\/p>\n\n\n\n<p><a href=\"https:\/\/www.lazioeuropa.it\/archivio1420\/app\/uploads\/2022\/09\/DD_G11349_25_08_2022.pdf\" target=\"_blank\" rel=\"noreferrer noopener\">Det. n. G11349 del 25 agosto 2022<\/a> &#8211; Procedure di vigilanza delle funzioni formalmente delegate dall&#8217;Autorit\u00e0 di Gestione all&#8217;Organismo Intermedio. Approvazione &#8220;Metodologia dell&#8217;attivit\u00e0 di Vigilanza sulla gestione degli interventi dell&#8217;O.I. Lazio Innova per l&#8217;annualit\u00e0 2022&#8221;<\/p>\n\n\n\n<p><a href=\"https:\/\/www.lazioeuropa.it\/archivio1420\/app\/uploads\/2022\/01\/dd_g00302_17_01_2022.pdf\" target=\"_blank\" rel=\"noreferrer noopener\">Det.&nbsp;n. G00302 del 17 gennaio 2022<\/a> &#8211; Approvazione aggiornamento del Piano di controllo e calendario delle attivit\u00e0 di reperforming per la verifica della veridicit\u00e0 delle autocertificazioni rilasciate ai sensi degli artt. 46 e 47 del DPR 445\/2000, del Modello di Verbale da utilizzare per il campionamento e del Modello di Verbale per la verifica della veridicit\u00e0 delle autocertificazioni rilasciate ai sensi del DPR n. 445\/2000<\/p>\n\n\n\n<p><\/p>\n<\/div>\n\n\n\n<div class=\"wp-block-column is-layout-flow wp-block-column-is-layout-flow\" style=\"flex-basis:33.33%\">\n<p class=\"ghostkit-custom-ZDwDQG has-text-color has-background\" style=\"color:#002744;background-color:#c6deee;font-size:16px\"><strong><a href=\"https:\/\/www.lazioeuropa.it\/archivio1420\/por_fesr-15\">Il programma <\/a><br><a href=\"https:\/\/www.lazioeuropa.it\/archivio1420\/por_fesr-15\/vas_valutazione_ambientale_strategica-60\/\">VAS (Valutazione Ambientale Strategica)<\/a><br><a href=\"https:\/\/www.lazioeuropa.it\/archivio1420\/por_fesr-15\/struttura_organizzativa-61\/\">Struttura organizzativa<\/a><br><a href=\"https:\/\/www.lazioeuropa.it\/archivio1420\/por_fesr-15\/comitato_di_sorveglianza-62\/\">Comitato di sorveglianza<\/a><br><a href=\"https:\/\/www.lazioeuropa.it\/archivio1420\/por_fesr-15\/attuazione_del_programma-130\/\">Attuazione del Programma<\/a><br><a href=\"https:\/\/www.lazioeuropa.it\/archivio1420\/por_fesr-15\/comunicazione_e_identita_visiva-65\/\">Comunicazione e identit\u00e0 visiva<\/a><br><a href=\"https:\/\/www.lazioeuropa.it\/archivio1420\/por_fesr-15\/sistema_di_gestione_e_controllo-109\/\">Sistema di gestione e controllo<\/a><br><a href=\"https:\/\/www.lazioeuropa.it\/archivio1420\/por_fesr-15\/misure_antifrode-151\/\">Misure antifrode<\/a><br><a href=\"https:\/\/www.lazioeuropa.it\/archivio1420\/por_fesr-15\/partenariato-63\/\">Partenariato<\/a><br><a href=\"https:\/\/www.lazioeuropa.it\/archivio1420\/por_fesr-15\/documentazione-92\/\">Documentazione<\/a><br><a href=\"https:\/\/www.lazioeuropa.it\/archivio1420\/por_fesr-15\/valutazione-64\/\">Valutazione<\/a><br><a href=\"https:\/\/www.lazioeuropa.it\/archivio1420\/por_fesr-15\/guide-69\/\">Guide<\/a><\/strong><\/p>\n<\/div>\n<\/div>\n\n\n<p><\/p>\n\n\n<\/p>\n<p><a href=\"https:\/\/www.lazioeuropa.it\/archivio1420\/app\/uploads\/2021\/12\/dd_g15880_18_12_2021.pdf\" target=\"_blank\" rel=\"noreferrer noopener\">Det.\u00a0n. G15880 del 18 dicembre 2021<\/a> &#8211; Approvazione Secondo Addendum al documento &#8220;Descrizione delle funzioni e\u00a0delle procedure in essere presso l&#8217;AdG e l&#8217;AdC&#8221; (versione 06)<\/p>\n<p>\n\n\n\n<\/p>\n<p><a href=\"https:\/\/www.lazioeuropa.it\/archivio1420\/app\/uploads\/2021\/07\/dd_g09807_20_07_2021.pdf\" target=\"_blank\" rel=\"noreferrer noopener\">Det. n. G09807 del 20 luglio 2021<\/a> &#8211;\u00a0Approvazione Addendum alla Descrizione delle funzioni e delle procedure in essere presso l&#8217;AdG e l&#8217;AdC\u00a0(vers.\u00a006). Modifica Determinazione n. G01197\/2021)<\/p>\n<p>\n\n\n\n<\/p>\n<p><a href=\"https:\/\/www.lazioeuropa.it\/archivio1420\/app\/uploads\/2021\/02\/dd_g01197_08_02_2021.pdf\" target=\"_blank\" rel=\"noreferrer noopener\">Det.\u00a0n. G01197 dell&#8217;8 febbraio 2021<\/a> &#8211;\u00a0Approvazione del documento &#8220;Descrizione delle funzioni e delle procedure in essere presso l&#8217;AdG e l&#8217;AdC&#8221; (versione 06)<\/p>\n<p>\n\n\n<p><\/p>\n<p style=\"text-align: justify;\"><a href=\"https:\/\/www.lazioeuropa.it\/archivio1420\/app\/uploads\/2020\/11\/dd_g12367_26_10_2020.pdf\" target=\"_blank\" rel=\"noopener\">Det.&nbsp;n. G12367 del 26 ottobre 2020<\/a> &#8211; Approvazione del &#8220;Manuale di monitoraggio del sistema SIGEM (modulo FESR)&#8221;<\/p>\n<p style=\"text-align: justify;\"><a href=\"https:\/\/www.lazioeuropa.it\/archivio1420\/app\/uploads\/2020\/08\/dd_g08102_09_07_2020.pdf\" target=\"_blank\" rel=\"noopener\">Det. n. G08102 del 9 luglio 2020<\/a> &#8211; Procedure di vigilanza delle funzioni formalmente delegate dall&#8217;Autorit\u00e0 di Gestione all&#8217;Organismo Intermedio. Approvazione &#8220;Metodologia dell&#8217;attivit\u00e0 di Vigilanza sulla gestione degli interventi dell&#8217;OI Lazio Innova per l&#8217;annualit\u00e0 2020&#8221;<\/p>\n<p style=\"text-align: justify;\"><a href=\"https:\/\/www.lazioeuropa.it\/archivio1420\/app\/uploads\/2020\/02\/dd_g00580_24_01_2020.pdf\" target=\"_blank\" rel=\"noopener\">Det.&nbsp;n. G00580 del 24 gennaio 2020<\/a> &#8211; Rettifica della det.&nbsp;n. G09456\/2019 &#8220;Approvazione documento &#8220;Descrizione delle funzioni e delle procedure in essere presso l&#8217;AdG e l&#8217;AdC&#8221; (versione 05)&#8221;, come modificata con det.&nbsp;G14557\/2019.- Approvazione nuovi Allegati IIa e IIb al Manuale di Gestione e Controllo del Programma<\/p>\n<p style=\"text-align: justify;\"><a href=\"https:\/\/www.lazioeuropa.it\/archivio1420\/app\/uploads\/2020\/01\/dd_g18456_23_12_2019.pdf\" target=\"_blank\" rel=\"noopener\">Det. n. G18456 del 23 dicembre 2019<\/a> &#8211;&nbsp;Aggiornamento del Piano di campionamento annuale delle verifiche sul posto 2019 (All.&nbsp;I) e sua divulgazione alle strutture competenti, in attuazione dell&#8217;art.&nbsp;125, parr.&nbsp;5, lettera b), 6 e 7 del Reg. (UE)&nbsp;1303\/2013<\/p>\n<p style=\"text-align: justify;\"><a href=\"https:\/\/www.lazioeuropa.it\/archivio1420\/app\/uploads\/2019\/11\/dd_g14557_24_10_2019.pdf\" target=\"_blank\" rel=\"noopener\">Det.&nbsp;n. G14557 del 24 ottobre 2019<\/a> &#8211; Integrazione e modifica, per errore materiale, della det. n. G09456 del10 luglio 2019&nbsp;Approvazione del documento &#8220;Descrizione delle funzioni e delle procedure in essere presso l&#8217;AdG e l&#8217;AdC&#8221; (versione 05)<\/p>\n<p style=\"text-align: justify;\"><a href=\"https:\/\/www.lazioeuropa.it\/archivio1420\/app\/uploads\/2019\/09\/atto_org_g12294_17_09_2019.pdf\" target=\"_blank\" rel=\"noopener\">Atto di Organizzazione n. G12294 del 17 settembre 2019<\/a>&nbsp;&#8211; Costituzione della Task Force a supporto all&#8217;Autorit\u00e0 di Gestione per attivit\u00e0 di verifica e monitoraggio del POR&nbsp;ai fini dell&#8217;accelerazione della spesa.<\/p>\n<p><a href=\"https:\/\/www.lazioeuropa.it\/archivio1420\/app\/uploads\/2019\/07\/dd_g09456_10_07_2019.pdf\" target=\"_blank\" rel=\"noopener\">Det.&nbsp;n. G09456 del 10 luglio 2019<\/a><br><a href=\"https:\/\/www.lazioeuropa.it\/archivio1420\/app\/uploads\/2019\/07\/dd_g09456_2019_funzioni_procedure_presso_adg_adc_vers05.pdf\" target=\"_blank\" rel=\"noopener\">Funzioni e procedure in essere presso l&#8217;Autorit\u00e0 di Gestione e l&#8217;Autorit\u00e0 di Certificazione<\/a> (versione 05)<\/p>\n<p style=\"text-align: justify;\"><a href=\"https:\/\/www.lazioeuropa.it\/archivio1420\/app\/uploads\/2019\/07\/dd_g08665_26_06_2019.pdf\" target=\"_blank\" rel=\"noopener\">Det.&nbsp;n. G08665 del 26 giugno 2019<\/a> &#8211; Procedure di vigilanza delle funzioni formalmente delegate dall&#8217;Autorit\u00e0 di Gestione all&#8217;Organismo Intermedio. Approvazione documento &#8220;Descrizione dell&#8217;attivit\u00e0 di Vigilanza sulla gestione degli interventi dell&#8217;OI&#8221; che allegato al presente atto ne costituisce parte integrante e sostanziale (All. 1), che modifica e sostituisce gli All.&nbsp;I, II e III alla Det.&nbsp;n. G11048\/2018.<\/p>\n<p style=\"text-align: justify;\"><a href=\"https:\/\/www.lazioeuropa.it\/archivio1420\/app\/uploads\/2019\/07\/dd_g07530_04_06_2019.pdf\" target=\"_blank\" rel=\"noopener\">Det.&nbsp;n. G07530 del 4 giugno 2019<\/a> &#8211; Primi indirizzi per l&#8217;utilizzo delle Opzioni Semplificate dei Costi di cui agli artt.&nbsp;67, 68, 68 bis e 68 ter Reg.&nbsp;(UE) n. 1303\/2013 modificato dal Reg.&nbsp;(UE, Euratom) 2018\/1046 e adozione delle tabelle dei costi unitari standard per le spese del personale dei progetti&nbsp;di ricerca e sviluppo sperimentale approvate con Decreto del MIUR n. 116\/2018<\/p>\n<p style=\"text-align: justify;\"><a href=\"https:\/\/www.lazioeuropa.it\/archivio1420\/app\/uploads\/2019\/03\/dd_g02617_07_03_2019.pdf\" target=\"_blank\" rel=\"noopener\">Det.&nbsp;n. G02617 del 7 marzo 2019<\/a> &#8211; Piano di campionamento annuale delle verifiche sul posto 2019 (Allegato I) e sua divulgazione alle strutture competenti, in attuazione dell&#8217;art.&nbsp;125, par.&nbsp;5, lett.&nbsp;b), 6 e 7 del Reg. (UE) 1303\/2013<\/p>\n<p style=\"text-align: justify;\"><a href=\"https:\/\/www.lazioeuropa.it\/archivio1420\/app\/uploads\/2019\/01\/dd_g17641_27_12_2018.pdf\" target=\"_blank\" rel=\"noopener\">Det.&nbsp;n. G17641&nbsp;del 27&nbsp;dicembre 2018<\/a><br><a href=\"https:\/\/www.lazioeuropa.it\/archivio1420\/app\/uploads\/2019\/01\/dd_g17641_27_12_2018_manuale_procedure_audit.pdf\" target=\"_blank\" rel=\"noopener\">Aggiornamento del Manuale delle Procedure dell&#8217;Autorit\u00e0&nbsp;di Audit<\/a><\/p>\n<p><a href=\"https:\/\/www.lazioeuropa.it\/archivio1420\/app\/uploads\/2019\/01\/dd_g17365_21_12_2018.pdf\" target=\"_blank\" rel=\"noopener\">Det.&nbsp;n. G17365 del 21 dicembre 2018<\/a><br><a href=\"https:\/\/www.lazioeuropa.it\/archivio1420\/app\/uploads\/2019\/01\/dd_g17365_2018_funzioni_procedure_adg_adc_vers_04.pdf\" target=\"_blank\" rel=\"noopener\">Funzioni e procedure in essere presso l&#8217;Autorit\u00e0 di Gestione e l&#8217;Autorit\u00e0 di Certificazione<\/a> (versione 04)<\/p>\n<p><a href=\"https:\/\/www.lazioeuropa.it\/archivio1420\/app\/uploads\/2018\/11\/dd_g13126_18_10_2018.pdf\" target=\"_blank\" rel=\"noopener\">Det.&nbsp;n. G13126 del 18 ottobre 2018<\/a><br><a href=\"https:\/\/www.lazioeuropa.it\/archivio1420\/app\/uploads\/2018\/11\/dd_g13126_18_10_2018_funzioni_procedure_adg_adg_vers3.pdf\" target=\"_blank\" rel=\"noopener\">Funzioni e procedure in essere presso l&#8217;Autorit\u00e0 di Gestione e l&#8217;Autorit\u00e0 di Certificazione<\/a> (versione 03)<\/p>\n<p><a href=\"https:\/\/www.lazioeuropa.it\/archivio1420\/app\/uploads\/2018\/10\/dd_g12532_05_10_2018_1.pdf\" target=\"_blank\" rel=\"noopener\">Det.&nbsp;n. G12532&nbsp;del 5 ottobre 2018<\/a> &#8211; Approvazione del Manuale unico delle procedure dell&#8217;Autorit\u00e0 di Certificazione del POR FESR e del POR FSE 2014-2020<\/p>\n<p><a href=\"https:\/\/www.lazioeuropa.it\/archivio1420\/app\/uploads\/2018\/09\/dd_g11048_07_09_2018.pdf\" target=\"_blank\" rel=\"noopener\">Det. n.&nbsp;G11048 del 7 settembre 2018<\/a> &#8211; Approvazione della &#8220;Descrizione dell&#8217;attivit\u00e0 di Vigilanza sulla gestione degli interventi dell&#8217;O.I.&nbsp;Lazio Innova S.p.A. Annualit\u00e0 2018&#8221; (All. 1), della Check list di controllo per le attivit\u00e0 di vigilanza sulla gestione degli&nbsp;interventi sull&#8217;O.I. (All. II), e del Modello di verbale per la vigilanza sulla gestione degli interventi dell&#8217;O.I. (All. III)<\/p>\n<p><a href=\"https:\/\/www.lazioeuropa.it\/archivio1420\/app\/uploads\/2018\/07\/dd_g08815_12_07_2018.pdf\" target=\"_blank\" rel=\"noopener\">Det. n. G08815 del 12 luglio 2018<\/a> &#8211;&nbsp;Aggiornamento del Piano di campionamento annuale delle verifiche sul posto 2018 (All.&nbsp;I) e sua divulgazione alle strutture competenti, in attuazione dell&#8217;art.&nbsp;125, par.&nbsp;5, lett.&nbsp;b), 6 e 7 del Reg. (UE) 1303\/2013<\/p>\n<p><a href=\"https:\/\/www.lazioeuropa.it\/archivio1420\/app\/uploads\/2018\/03\/dd_g03985_28_03_2018.pdf\" target=\"_blank\" rel=\"noopener\">Det.&nbsp;n. G03985 del 28 marzo 2018<\/a> &#8211; Approvazione del Piano di controllo e calendario delle attivit\u00e0 di riperforming per la verifica della veridicit\u00e0 delle autocertificazioni rilasciate ai sensi degli artt. 46 e 47 del DPR n. 445\/2000 (All. I), del Modello di Verbale da utilizzare per il campionamento (All. II) e del Modello di Verbale per la verifica della veridicit\u00e0 delle&nbsp;autocertificazioni rilasciate ai sensi del DPR 445\/2000 (All. III)<\/p>\n<p><a href=\"https:\/\/www.lazioeuropa.it\/archivio1420\/app\/uploads\/2018\/02\/dd_g01731_13_02_2018.pdf\" target=\"_blank\" rel=\"noopener\">Det.&nbsp;n. G01731 del 13 febbraio 2018<\/a> &#8211; Approvazione del Piano di campionamento annuale dei controlli in loco 2018 (All.&nbsp;I), dell&#8217;annesso &#8220;Modello di verbale&#8221; (All.&nbsp;II) e sua divulgazione alle strutture competenti<\/p>\n<p><a href=\"https:\/\/www.lazioeuropa.it\/archivio1420\/app\/uploads\/2017\/10\/dd_g12980_26_09_2017.pdf\" target=\"_blank\" rel=\"noopener\">Det.&nbsp;n. G12980 del 26 settembre 2017<\/a> &#8211; Approvazione del Documento di autovalutazione del rischio di frode<\/p>\n<p><a href=\"https:\/\/www.lazioeuropa.it\/archivio1420\/app\/uploads\/2017\/08\/dd_g10790_28_07_2017.pdf\" target=\"_blank\" rel=\"noopener\">Det.&nbsp;n. G10790 del 28 luglio 2017<\/a><br><a href=\"https:\/\/www.lazioeuropa.it\/archivio1420\/app\/uploads\/2017\/08\/dd_g10790_28_07_2017_procedure_adg_e_adc.pdf\" target=\"_blank\" rel=\"noopener\">Funzioni e procedure in essere presso l&#8217;Autorit\u00e0 di Gestione e l&#8217;Autorit\u00e0 di Certificazione<\/a><\/p>\n<p><a href=\"https:\/\/www.lazioeuropa.it\/archivio1420\/app\/uploads\/2019\/01\/de_00005_09_05_2017.pdf\" target=\"_blank\" rel=\"noopener\">Determinazione Strutture Presidenza della Giunta&nbsp;n. E00005 del 9 maggio 2017<\/a><br><a href=\"https:\/\/www.lazioeuropa.it\/archivio1420\/app\/uploads\/2019\/01\/de_00005_09_05_2017_manuale_procedure_audit.pdf\" target=\"_blank\" rel=\"noopener\">Manuale delle procedure dell&#8217;Autorit\u00e0 di Audit<\/a><\/p>","protected":false},"excerpt":{"rendered":"<p>Questa sezione contiene la descrizione del funzionamento del sistema di gestione e controllo del Programma, nonch\u00e9 i manuali delle procedure. Det. n. G08653 del 22 giugno 2023 &#8211; Rettifica per mero errore materiale della Determinazione n. G08455\/2023 Det. n. G08455 del 16 giugno 2023 &#8211; Aggiornamento Allegato A4&#8243; Composizione organico PO&#8221; del documento &#8220;Descrizione delle [&hellip;]<\/p>\n","protected":false},"author":1,"featured_media":0,"parent":8668,"menu_order":0,"comment_status":"closed","ping_status":"closed","template":"","meta":{"_acf_changed":false,"ghostkit_customizer_options":"","ghostkit_custom_css":"","ghostkit_custom_js_head":"","ghostkit_custom_js_foot":"","ghostkit_typography":"","footnotes":""},"class_list":["post-8690","page","type-page","status-publish","hentry"],"acf":[],"yoast_head":"<!-- This site is optimized with the Yoast SEO plugin v24.2 - https:\/\/yoast.com\/wordpress\/plugins\/seo\/ -->\n<title>Sistema di gestione e controllo - LazioEuropa Archivio 1420<\/title>\n<meta name=\"robots\" content=\"index, follow, max-snippet:-1, max-image-preview:large, max-video-preview:-1\" \/>\n<link rel=\"canonical\" href=\"https:\/\/www.lazioeuropa.it\/archivio1420\/por_fesr-15\/sistema_di_gestione_e_controllo-109\/\" \/>\n<meta property=\"og:locale\" content=\"it_IT\" \/>\n<meta property=\"og:type\" content=\"article\" \/>\n<meta property=\"og:title\" content=\"Sistema di gestione e controllo - LazioEuropa Archivio 1420\" \/>\n<meta property=\"og:description\" content=\"Questa sezione contiene la descrizione del funzionamento del sistema di gestione e controllo del Programma, nonch\u00e9 i manuali delle procedure. Det. n. G08653 del 22 giugno 2023 &#8211; Rettifica per mero errore materiale della Determinazione n. G08455\/2023 Det. n. G08455 del 16 giugno 2023 &#8211; Aggiornamento Allegato A4&#8243; Composizione organico PO&#8221; del documento &#8220;Descrizione delle [&hellip;]\" \/>\n<meta property=\"og:url\" content=\"https:\/\/www.lazioeuropa.it\/archivio1420\/por_fesr-15\/sistema_di_gestione_e_controllo-109\/\" \/>\n<meta property=\"og:site_name\" content=\"LazioEuropa Archivio 1420\" \/>\n<meta property=\"article:modified_time\" content=\"2023-07-06T06:50:30+00:00\" \/>\n<meta name=\"twitter:card\" content=\"summary_large_image\" \/>\n<meta name=\"twitter:label1\" content=\"Est. reading time\" \/>\n\t<meta name=\"twitter:data1\" content=\"6 minuti\" \/>\n<script type=\"application\/ld+json\" class=\"yoast-schema-graph\">{\"@context\":\"https:\/\/schema.org\",\"@graph\":[{\"@type\":\"WebPage\",\"@id\":\"https:\/\/www.lazioeuropa.it\/archivio1420\/por_fesr-15\/sistema_di_gestione_e_controllo-109\/\",\"url\":\"https:\/\/www.lazioeuropa.it\/archivio1420\/por_fesr-15\/sistema_di_gestione_e_controllo-109\/\",\"name\":\"Sistema di gestione e controllo - LazioEuropa Archivio 1420\",\"isPartOf\":{\"@id\":\"https:\/\/www.lazioeuropa.it\/archivio1420\/#website\"},\"datePublished\":\"2022-04-20T13:27:32+00:00\",\"dateModified\":\"2023-07-06T06:50:30+00:00\",\"breadcrumb\":{\"@id\":\"https:\/\/www.lazioeuropa.it\/archivio1420\/por_fesr-15\/sistema_di_gestione_e_controllo-109\/#breadcrumb\"},\"inLanguage\":\"it-IT\",\"potentialAction\":[{\"@type\":\"ReadAction\",\"target\":[\"https:\/\/www.lazioeuropa.it\/archivio1420\/por_fesr-15\/sistema_di_gestione_e_controllo-109\/\"]}]},{\"@type\":\"BreadcrumbList\",\"@id\":\"https:\/\/www.lazioeuropa.it\/archivio1420\/por_fesr-15\/sistema_di_gestione_e_controllo-109\/#breadcrumb\",\"itemListElement\":[{\"@type\":\"ListItem\",\"position\":1,\"name\":\"Home\",\"item\":\"https:\/\/www.lazioeuropa.it\/archivio1420\/\"},{\"@type\":\"ListItem\",\"position\":2,\"name\":\"POR FESR\",\"item\":\"https:\/\/www.lazioeuropa.it\/archivio1420\/por_fesr-15\/\"},{\"@type\":\"ListItem\",\"position\":3,\"name\":\"Sistema di gestione e controllo\"}]},{\"@type\":\"WebSite\",\"@id\":\"https:\/\/www.lazioeuropa.it\/archivio1420\/#website\",\"url\":\"https:\/\/www.lazioeuropa.it\/archivio1420\/\",\"name\":\"LazioEuropa Archivio 1420\",\"description\":\"Lazio Europa\",\"potentialAction\":[{\"@type\":\"SearchAction\",\"target\":{\"@type\":\"EntryPoint\",\"urlTemplate\":\"https:\/\/www.lazioeuropa.it\/archivio1420\/?s={search_term_string}\"},\"query-input\":{\"@type\":\"PropertyValueSpecification\",\"valueRequired\":true,\"valueName\":\"search_term_string\"}}],\"inLanguage\":\"it-IT\"}]}<\/script>\n<!-- \/ Yoast SEO plugin. -->","yoast_head_json":{"title":"Sistema di gestione e controllo - LazioEuropa Archivio 1420","robots":{"index":"index","follow":"follow","max-snippet":"max-snippet:-1","max-image-preview":"max-image-preview:large","max-video-preview":"max-video-preview:-1"},"canonical":"https:\/\/www.lazioeuropa.it\/archivio1420\/por_fesr-15\/sistema_di_gestione_e_controllo-109\/","og_locale":"it_IT","og_type":"article","og_title":"Sistema di gestione e controllo - LazioEuropa Archivio 1420","og_description":"Questa sezione contiene la descrizione del funzionamento del sistema di gestione e controllo del Programma, nonch\u00e9 i manuali delle procedure. Det. n. G08653 del 22 giugno 2023 &#8211; Rettifica per mero errore materiale della Determinazione n. G08455\/2023 Det. n. G08455 del 16 giugno 2023 &#8211; Aggiornamento Allegato A4&#8243; Composizione organico PO&#8221; del documento &#8220;Descrizione delle [&hellip;]","og_url":"https:\/\/www.lazioeuropa.it\/archivio1420\/por_fesr-15\/sistema_di_gestione_e_controllo-109\/","og_site_name":"LazioEuropa Archivio 1420","article_modified_time":"2023-07-06T06:50:30+00:00","twitter_card":"summary_large_image","twitter_misc":{"Est. reading time":"6 minuti"},"schema":{"@context":"https:\/\/schema.org","@graph":[{"@type":"WebPage","@id":"https:\/\/www.lazioeuropa.it\/archivio1420\/por_fesr-15\/sistema_di_gestione_e_controllo-109\/","url":"https:\/\/www.lazioeuropa.it\/archivio1420\/por_fesr-15\/sistema_di_gestione_e_controllo-109\/","name":"Sistema di gestione e controllo - LazioEuropa Archivio 1420","isPartOf":{"@id":"https:\/\/www.lazioeuropa.it\/archivio1420\/#website"},"datePublished":"2022-04-20T13:27:32+00:00","dateModified":"2023-07-06T06:50:30+00:00","breadcrumb":{"@id":"https:\/\/www.lazioeuropa.it\/archivio1420\/por_fesr-15\/sistema_di_gestione_e_controllo-109\/#breadcrumb"},"inLanguage":"it-IT","potentialAction":[{"@type":"ReadAction","target":["https:\/\/www.lazioeuropa.it\/archivio1420\/por_fesr-15\/sistema_di_gestione_e_controllo-109\/"]}]},{"@type":"BreadcrumbList","@id":"https:\/\/www.lazioeuropa.it\/archivio1420\/por_fesr-15\/sistema_di_gestione_e_controllo-109\/#breadcrumb","itemListElement":[{"@type":"ListItem","position":1,"name":"Home","item":"https:\/\/www.lazioeuropa.it\/archivio1420\/"},{"@type":"ListItem","position":2,"name":"POR FESR","item":"https:\/\/www.lazioeuropa.it\/archivio1420\/por_fesr-15\/"},{"@type":"ListItem","position":3,"name":"Sistema di gestione e controllo"}]},{"@type":"WebSite","@id":"https:\/\/www.lazioeuropa.it\/archivio1420\/#website","url":"https:\/\/www.lazioeuropa.it\/archivio1420\/","name":"LazioEuropa Archivio 1420","description":"Lazio Europa","potentialAction":[{"@type":"SearchAction","target":{"@type":"EntryPoint","urlTemplate":"https:\/\/www.lazioeuropa.it\/archivio1420\/?s={search_term_string}"},"query-input":{"@type":"PropertyValueSpecification","valueRequired":true,"valueName":"search_term_string"}}],"inLanguage":"it-IT"}]}},"featured_image_src":null,"featured_image_src_square":null,"_links":{"self":[{"href":"https:\/\/www.lazioeuropa.it\/archivio1420\/wp-json\/wp\/v2\/pages\/8690","targetHints":{"allow":["GET"]}}],"collection":[{"href":"https:\/\/www.lazioeuropa.it\/archivio1420\/wp-json\/wp\/v2\/pages"}],"about":[{"href":"https:\/\/www.lazioeuropa.it\/archivio1420\/wp-json\/wp\/v2\/types\/page"}],"author":[{"embeddable":true,"href":"https:\/\/www.lazioeuropa.it\/archivio1420\/wp-json\/wp\/v2\/users\/1"}],"replies":[{"embeddable":true,"href":"https:\/\/www.lazioeuropa.it\/archivio1420\/wp-json\/wp\/v2\/comments?post=8690"}],"version-history":[{"count":7,"href":"https:\/\/www.lazioeuropa.it\/archivio1420\/wp-json\/wp\/v2\/pages\/8690\/revisions"}],"predecessor-version":[{"id":10429,"href":"https:\/\/www.lazioeuropa.it\/archivio1420\/wp-json\/wp\/v2\/pages\/8690\/revisions\/10429"}],"up":[{"embeddable":true,"href":"https:\/\/www.lazioeuropa.it\/archivio1420\/wp-json\/wp\/v2\/pages\/8668"}],"wp:attachment":[{"href":"https:\/\/www.lazioeuropa.it\/archivio1420\/wp-json\/wp\/v2\/media?parent=8690"}],"curies":[{"name":"wp","href":"https:\/\/api.w.org\/{rel}","templated":true}]}}