{"id":8705,"date":"2022-04-20T15:27:33","date_gmt":"2022-04-20T13:27:33","guid":{"rendered":"https:\/\/www.lazioeuropa.it\/archivio1420\/por_fse-16\/struttura_organizzativa-71\/"},"modified":"2023-04-20T13:36:04","modified_gmt":"2023-04-20T11:36:04","slug":"struttura_organizzativa-71","status":"publish","type":"page","link":"https:\/\/www.lazioeuropa.it\/archivio1420\/por_fse-16\/struttura_organizzativa-71\/","title":{"rendered":"Struttura organizzativa"},"content":{"rendered":"\n<div class=\"wp-block-columns is-layout-flex wp-container-core-columns-is-layout-1 wp-block-columns-is-layout-flex\">\n<div class=\"wp-block-column is-layout-flow wp-block-column-is-layout-flow\" style=\"flex-basis:66.66%\">\n<p><br>Le modalit\u00e0 e le procedure di attuazione del Programma fanno riferimento alla normativa comunitaria per il periodo 20014-2020, in particolare alle disposizioni previste dai Regolamenti UE n. 1303\/2013 e 1304\/2013 e s.m.i.<\/p>\n\n\n\n<p>Con <a href=\"https:\/\/www.lazioeuropa.it\/archivio1420\/app\/uploads\/2015\/05\/dgr_660_14_10_2014.pdf\" target=\"_blank\" rel=\"noopener\">Deliberazione&nbsp;della Giunta regionale n. 660 del 14 ottobre 2014<\/a>, nel rispetto del principio della separazione delle funzioni e con le finalit\u00e0 di garantire l\u2019efficace e corretta attuazione dei Programmi Operativi e il corretto funzionamento dei sistemi di gestione e controllo, sono state designate l&#8217;Autorit\u00e0 di Audit, l&#8217;Autorit\u00e0 di Certificazione e l&#8217;Autorit\u00e0 di Gestione del Fondo europeo di sviluppo regionale (FESR) e l&#8217;Autorit\u00e0 di Gestione del Fondo Sociale Europeo (FSE) per il ciclo di Programmazione 2014-2020, come di seguito specificato:<\/p>\n\n\n\n<ul class=\"wp-block-list\">\n<li><a href=\"https:\/\/www.lazioeuropa.it\/archivio1420\/por_fse-16\/struttura_organizzativa-71\/autorita_di_audit-26\/\" target=\"_self\" rel=\"noopener\"><u>Autorit\u00e0 di Audit 2014-2020<\/u><\/a>: Autorit\u00e0 d&#8217;Audit dei Programmi FESR e FSE cofinanziati dall&#8217;Unione Europea presso il Segretariato Generale della Giunta della Regione Lazio.&nbsp;Successivamente, la Giunta regionale ha&nbsp;individuato&nbsp;la Direzione regionale Audit FESR, FSE e controllo interno (Deliberazione n. 170 del 21 marzo 2018, Deliberazione n. 203 del 24 aprile 2018 e Deliberazione n. 137 del 19 marzo 2019);<\/li>\n\n\n\n<li><a href=\"https:\/\/www.lazioeuropa.it\/archivio1420\/por_fse-16\/struttura_organizzativa-71\/autorita_di_certificazione-25\/\" target=\"_self\" rel=\"noopener\"><u>Autorit\u00e0 di Certificazione Fondi FESR e FSE 2014-2020<\/u><\/a>: Direzione Regionale Programmazione Economica, Bilancio, Demanio e Patrimonio;<\/li>\n\n\n\n<li><a href=\"https:\/\/www.lazioeuropa.it\/archivio1420\/por_fse-16\/struttura_organizzativa-71\/autorita_di_gestione-24\/\" target=\"_self\" rel=\"noopener\"><u>Autorit\u00e0 di Gestione FSE 2014-2020<\/u><\/a>: Direzione Regionale Formazione, Ricerca e Innovazione, Scuola e Universit\u00e0, Diritto allo studio;<\/li>\n\n\n\n<li><a href=\"https:\/\/www.lazioeuropa.it\/archivio1420\/por_fesr-15\/struttura_organizzativa-61\/autorita_di_gestione-27\/\" target=\"_self\" rel=\"noopener\"><u>Autorit\u00e0 di Gestione FESR 2014-2020<\/u><\/a>: Direzione Regionale per lo Sviluppo Economico e le Attivit\u00e0 Produttive.&nbsp;<\/li>\n<\/ul>\n<\/div>\n\n\n\n<div class=\"wp-block-column is-layout-flow wp-block-column-is-layout-flow\" style=\"flex-basis:33.33%\">\n<p class=\"has-text-color has-background\" style=\"color:#082386;background-color:#c6deee;font-size:16px\"><strong><a href=\"https:\/\/www.lazioeuropa.it\/archivio1420\/por_fse-16\/\">Il programma &#8211; POR FSE 2014-2020<\/a><br><a href=\"https:\/\/www.lazioeuropa.it\/archivio1420\/por_fse-16\/struttura_organizzativa-71\/\">Struttura organizzativa<\/a><br><a href=\"https:\/\/www.lazioeuropa.it\/archivio1420\/por_fse-16\/comitato_di_sorveglianza-72\/\">Comitato di sorveglianza<\/a><br><a href=\"https:\/\/www.lazioeuropa.it\/archivio1420\/por_fse-16\/sistema_di_gestione_e_controllo-107\/\">Sistema di gestione e controllo<\/a><br><a href=\"https:\/\/www.lazioeuropa.it\/archivio1420\/por_fse-16\/misure_antifrode-152\/\">Misure antifrode<\/a><br><a href=\"https:\/\/www.lazioeuropa.it\/archivio1420\/por_fse-16\/attuazione_del_programma-129\/\">Attuazione del Programma<\/a><br><a href=\"https:\/\/www.lazioeuropa.it\/archivio1420\/por_fse-16\/sistema_informativo-128\/\">Sistema informativo<\/a><br><a href=\"https:\/\/www.lazioeuropa.it\/archivio1420\/por_fse-16\/valutazione-74\/\">Valutazione<\/a><br><a href=\"https:\/\/www.lazioeuropa.it\/archivio1420\/por_fse-16\/comunicazione_e_identita_visiva-75\/\">Comunicazione e identit\u00e0 visiva<\/a><br><a href=\"https:\/\/www.lazioeuropa.it\/archivio1420\/por_fse-16\/partenariato-73\/\">Partenariato<\/a><br><a href=\"https:\/\/www.lazioeuropa.it\/archivio1420\/por_fse-16\/documentazione-108\/\">Documentazione<\/a><\/strong><\/p>\n\n\n\n<p><\/p>\n\n\n\n<p class=\"has-text-color has-background\" style=\"color:#082386;background-color:#d0d3d5;font-size:16px\"><strong><a href=\"https:\/\/www.lazioeuropa.it\/archivio1420\/por_fse-16\/struttura_organizzativa-71\/autorita_di_gestione-24\/\">Autorit\u00e0 di Gestione<\/a><br><a href=\"https:\/\/www.lazioeuropa.it\/archivio1420\/por_fse-16\/struttura_organizzativa-71\/autorita_di_certificazione-25\/\">Autorit\u00e0 di Certificazione<\/a><br><a href=\"https:\/\/www.lazioeuropa.it\/archivio1420\/por_fse-16\/struttura_organizzativa-71\/autorita_di_audit-26\/\">Autorit\u00e0 di Audit<\/a><br><a href=\"https:\/\/www.lazioeuropa.it\/archivio1420\/por_fse-16\/struttura_organizzativa-71\/organismi_intermedi-52\/\">Organismi intermedi<\/a><\/strong><\/p>\n<\/div>\n<\/div>\n\n\n\n<p>La designazione dell&#8217;Autorit\u00e0 di Gestione e dell&#8217;Autorit\u00e0 di Certificazione del Programma Operativo FSE&nbsp;2014-2020 \u00e8 stata perfezionata con la&nbsp;<a href=\"https:\/\/www.lazioeuropa.it\/archivio1420\/app\/uploads\/2017\/02\/dgr_833_30_12_2016.pdf\" target=\"_blank\" rel=\"noopener\">Deliberazione della Giunta regionale n. 833&nbsp;del 30 dicembre 2016<\/a>.<\/p>\n","protected":false},"excerpt":{"rendered":"<p>Le modalit\u00e0 e le procedure di attuazione del Programma fanno riferimento alla normativa comunitaria per il periodo 20014-2020, in particolare alle disposizioni previste dai Regolamenti UE n. 1303\/2013 e 1304\/2013 e s.m.i. Con Deliberazione&nbsp;della Giunta regionale n. 660 del 14 ottobre 2014, nel rispetto del principio della separazione delle funzioni e con le finalit\u00e0 di [&hellip;]<\/p>\n","protected":false},"author":1,"featured_media":0,"parent":8702,"menu_order":0,"comment_status":"closed","ping_status":"closed","template":"","meta":{"_acf_changed":false,"ghostkit_customizer_options":"","ghostkit_custom_css":"","ghostkit_custom_js_head":"","ghostkit_custom_js_foot":"","ghostkit_typography":"","footnotes":""},"class_list":["post-8705","page","type-page","status-publish","hentry"],"acf":[],"yoast_head":"<!-- This site is optimized with the Yoast SEO plugin v24.2 - https:\/\/yoast.com\/wordpress\/plugins\/seo\/ -->\n<title>Struttura organizzativa - LazioEuropa Archivio 1420<\/title>\n<meta name=\"robots\" content=\"index, follow, max-snippet:-1, max-image-preview:large, max-video-preview:-1\" \/>\n<link rel=\"canonical\" href=\"https:\/\/www.lazioeuropa.it\/archivio1420\/por_fse-16\/struttura_organizzativa-71\/\" \/>\n<meta property=\"og:locale\" content=\"it_IT\" \/>\n<meta property=\"og:type\" content=\"article\" \/>\n<meta property=\"og:title\" content=\"Struttura organizzativa - LazioEuropa Archivio 1420\" \/>\n<meta property=\"og:description\" content=\"Le modalit\u00e0 e le procedure di attuazione del Programma fanno riferimento alla normativa comunitaria per il periodo 20014-2020, in particolare alle disposizioni previste dai Regolamenti UE n. 1303\/2013 e 1304\/2013 e s.m.i. Con Deliberazione&nbsp;della Giunta regionale n. 660 del 14 ottobre 2014, nel rispetto del principio della separazione delle funzioni e con le finalit\u00e0 di [&hellip;]\" \/>\n<meta property=\"og:url\" content=\"https:\/\/www.lazioeuropa.it\/archivio1420\/por_fse-16\/struttura_organizzativa-71\/\" \/>\n<meta property=\"og:site_name\" content=\"LazioEuropa Archivio 1420\" \/>\n<meta property=\"article:modified_time\" content=\"2023-04-20T11:36:04+00:00\" \/>\n<meta name=\"twitter:card\" content=\"summary_large_image\" \/>\n<meta name=\"twitter:label1\" content=\"Est. reading time\" \/>\n\t<meta name=\"twitter:data1\" content=\"2 minuti\" \/>\n<script type=\"application\/ld+json\" class=\"yoast-schema-graph\">{\"@context\":\"https:\/\/schema.org\",\"@graph\":[{\"@type\":\"WebPage\",\"@id\":\"https:\/\/www.lazioeuropa.it\/archivio1420\/por_fse-16\/struttura_organizzativa-71\/\",\"url\":\"https:\/\/www.lazioeuropa.it\/archivio1420\/por_fse-16\/struttura_organizzativa-71\/\",\"name\":\"Struttura organizzativa - LazioEuropa Archivio 1420\",\"isPartOf\":{\"@id\":\"https:\/\/www.lazioeuropa.it\/archivio1420\/#website\"},\"datePublished\":\"2022-04-20T13:27:33+00:00\",\"dateModified\":\"2023-04-20T11:36:04+00:00\",\"breadcrumb\":{\"@id\":\"https:\/\/www.lazioeuropa.it\/archivio1420\/por_fse-16\/struttura_organizzativa-71\/#breadcrumb\"},\"inLanguage\":\"it-IT\",\"potentialAction\":[{\"@type\":\"ReadAction\",\"target\":[\"https:\/\/www.lazioeuropa.it\/archivio1420\/por_fse-16\/struttura_organizzativa-71\/\"]}]},{\"@type\":\"BreadcrumbList\",\"@id\":\"https:\/\/www.lazioeuropa.it\/archivio1420\/por_fse-16\/struttura_organizzativa-71\/#breadcrumb\",\"itemListElement\":[{\"@type\":\"ListItem\",\"position\":1,\"name\":\"Home\",\"item\":\"https:\/\/www.lazioeuropa.it\/archivio1420\/\"},{\"@type\":\"ListItem\",\"position\":2,\"name\":\"POR FSE\",\"item\":\"https:\/\/www.lazioeuropa.it\/archivio1420\/por_fse-16\/\"},{\"@type\":\"ListItem\",\"position\":3,\"name\":\"Struttura organizzativa\"}]},{\"@type\":\"WebSite\",\"@id\":\"https:\/\/www.lazioeuropa.it\/archivio1420\/#website\",\"url\":\"https:\/\/www.lazioeuropa.it\/archivio1420\/\",\"name\":\"LazioEuropa Archivio 1420\",\"description\":\"Lazio Europa\",\"potentialAction\":[{\"@type\":\"SearchAction\",\"target\":{\"@type\":\"EntryPoint\",\"urlTemplate\":\"https:\/\/www.lazioeuropa.it\/archivio1420\/?s={search_term_string}\"},\"query-input\":{\"@type\":\"PropertyValueSpecification\",\"valueRequired\":true,\"valueName\":\"search_term_string\"}}],\"inLanguage\":\"it-IT\"}]}<\/script>\n<!-- \/ Yoast SEO plugin. -->","yoast_head_json":{"title":"Struttura organizzativa - LazioEuropa Archivio 1420","robots":{"index":"index","follow":"follow","max-snippet":"max-snippet:-1","max-image-preview":"max-image-preview:large","max-video-preview":"max-video-preview:-1"},"canonical":"https:\/\/www.lazioeuropa.it\/archivio1420\/por_fse-16\/struttura_organizzativa-71\/","og_locale":"it_IT","og_type":"article","og_title":"Struttura organizzativa - LazioEuropa Archivio 1420","og_description":"Le modalit\u00e0 e le procedure di attuazione del Programma fanno riferimento alla normativa comunitaria per il periodo 20014-2020, in particolare alle disposizioni previste dai Regolamenti UE n. 1303\/2013 e 1304\/2013 e s.m.i. Con Deliberazione&nbsp;della Giunta regionale n. 660 del 14 ottobre 2014, nel rispetto del principio della separazione delle funzioni e con le finalit\u00e0 di [&hellip;]","og_url":"https:\/\/www.lazioeuropa.it\/archivio1420\/por_fse-16\/struttura_organizzativa-71\/","og_site_name":"LazioEuropa Archivio 1420","article_modified_time":"2023-04-20T11:36:04+00:00","twitter_card":"summary_large_image","twitter_misc":{"Est. reading time":"2 minuti"},"schema":{"@context":"https:\/\/schema.org","@graph":[{"@type":"WebPage","@id":"https:\/\/www.lazioeuropa.it\/archivio1420\/por_fse-16\/struttura_organizzativa-71\/","url":"https:\/\/www.lazioeuropa.it\/archivio1420\/por_fse-16\/struttura_organizzativa-71\/","name":"Struttura organizzativa - LazioEuropa Archivio 1420","isPartOf":{"@id":"https:\/\/www.lazioeuropa.it\/archivio1420\/#website"},"datePublished":"2022-04-20T13:27:33+00:00","dateModified":"2023-04-20T11:36:04+00:00","breadcrumb":{"@id":"https:\/\/www.lazioeuropa.it\/archivio1420\/por_fse-16\/struttura_organizzativa-71\/#breadcrumb"},"inLanguage":"it-IT","potentialAction":[{"@type":"ReadAction","target":["https:\/\/www.lazioeuropa.it\/archivio1420\/por_fse-16\/struttura_organizzativa-71\/"]}]},{"@type":"BreadcrumbList","@id":"https:\/\/www.lazioeuropa.it\/archivio1420\/por_fse-16\/struttura_organizzativa-71\/#breadcrumb","itemListElement":[{"@type":"ListItem","position":1,"name":"Home","item":"https:\/\/www.lazioeuropa.it\/archivio1420\/"},{"@type":"ListItem","position":2,"name":"POR FSE","item":"https:\/\/www.lazioeuropa.it\/archivio1420\/por_fse-16\/"},{"@type":"ListItem","position":3,"name":"Struttura organizzativa"}]},{"@type":"WebSite","@id":"https:\/\/www.lazioeuropa.it\/archivio1420\/#website","url":"https:\/\/www.lazioeuropa.it\/archivio1420\/","name":"LazioEuropa Archivio 1420","description":"Lazio Europa","potentialAction":[{"@type":"SearchAction","target":{"@type":"EntryPoint","urlTemplate":"https:\/\/www.lazioeuropa.it\/archivio1420\/?s={search_term_string}"},"query-input":{"@type":"PropertyValueSpecification","valueRequired":true,"valueName":"search_term_string"}}],"inLanguage":"it-IT"}]}},"featured_image_src":null,"featured_image_src_square":null,"_links":{"self":[{"href":"https:\/\/www.lazioeuropa.it\/archivio1420\/wp-json\/wp\/v2\/pages\/8705","targetHints":{"allow":["GET"]}}],"collection":[{"href":"https:\/\/www.lazioeuropa.it\/archivio1420\/wp-json\/wp\/v2\/pages"}],"about":[{"href":"https:\/\/www.lazioeuropa.it\/archivio1420\/wp-json\/wp\/v2\/types\/page"}],"author":[{"embeddable":true,"href":"https:\/\/www.lazioeuropa.it\/archivio1420\/wp-json\/wp\/v2\/users\/1"}],"replies":[{"embeddable":true,"href":"https:\/\/www.lazioeuropa.it\/archivio1420\/wp-json\/wp\/v2\/comments?post=8705"}],"version-history":[{"count":2,"href":"https:\/\/www.lazioeuropa.it\/archivio1420\/wp-json\/wp\/v2\/pages\/8705\/revisions"}],"predecessor-version":[{"id":10167,"href":"https:\/\/www.lazioeuropa.it\/archivio1420\/wp-json\/wp\/v2\/pages\/8705\/revisions\/10167"}],"up":[{"embeddable":true,"href":"https:\/\/www.lazioeuropa.it\/archivio1420\/wp-json\/wp\/v2\/pages\/8702"}],"wp:attachment":[{"href":"https:\/\/www.lazioeuropa.it\/archivio1420\/wp-json\/wp\/v2\/media?parent=8705"}],"curies":[{"name":"wp","href":"https:\/\/api.w.org\/{rel}","templated":true}]}}