{"id":8706,"date":"2022-04-20T15:27:33","date_gmt":"2022-04-20T13:27:33","guid":{"rendered":"https:\/\/www.lazioeuropa.it\/archivio1420\/por_fse-16\/struttura_organizzativa-71\/autorita_di_gestione-24\/"},"modified":"2023-04-20T13:36:33","modified_gmt":"2023-04-20T11:36:33","slug":"autorita_di_gestione-24","status":"publish","type":"page","link":"https:\/\/www.lazioeuropa.it\/archivio1420\/por_fse-16\/struttura_organizzativa-71\/autorita_di_gestione-24\/","title":{"rendered":"Autorit\u00e0 di Gestione"},"content":{"rendered":"\n<div class=\"wp-block-columns is-layout-flex wp-container-core-columns-is-layout-1 wp-block-columns-is-layout-flex\">\n<div class=\"wp-block-column is-layout-flow wp-block-column-is-layout-flow\" style=\"flex-basis:66.66%\">\n<p>L\u2019Autorit\u00e0 di Gestione \u00e8 l\u2019autorit\u00e0 pubblica designata per gestire il Programma Operativo (PO). E\u2019 responsabile della gestione e attuazione del Programma conformemente al principio della sana gestione finanziaria e si occupa, fra l\u2019altro, di realizzare i cosiddetti controlli di primo livello. L\u2019Ufficio dell\u2019Autorit\u00e0 di Gestione del POR Lazio 2014-2020&nbsp;\u00e8 incardinato nella Direzione regionale Formazione, Ricerca e Innovazione, Scuola e Universit\u00e0, Diritto allo studio ed \u00e8 attualmente rappresentata dall&#8217;avv. Elisabetta Longo. Fra le diverse funzioni previste dall\u2019art. 125&nbsp;del Regolamento (CE) 1303\/2013, l\u2019Autorit\u00e0 di Gestione:&nbsp;<\/p>\n\n\n\n<ul class=\"wp-block-list\">\n<li>assiste il Comitato di sorveglianza e fornisce a esso le informazioni necessarie allo svolgimento dei suoi compiti, in particolare dati relativi ai progressi del Programma nel raggiungimento degli obiettivi, dati finanziari e dati relativi a indicatori e target intermedi;<\/li>\n\n\n\n<li>elabora e presenta alla Commissione, previa approvazione del Comitato di sorveglianza, le relazioni di attuazione annuali e finali;<\/li>\n\n\n\n<li>rende disponibili agli organismi intermedi e ai beneficiari informazioni pertinenti rispettivamente per l&#8217;esecuzione dei loro compiti e l&#8217;attuazione delleoperazioni;<\/li>\n\n\n\n<li>istituisce un sistema di registrazione e conservazione informatizzata dei dati relativi a ciascuna operazione, necessari per la sorveglianza, la valutazione, la gestione finanziaria, la verifica e l&#8217;audit.<\/li>\n<\/ul>\n<\/div>\n\n\n\n<div class=\"wp-block-column is-layout-flow wp-block-column-is-layout-flow\" style=\"flex-basis:33.33%\">\n<p class=\"has-text-color has-background\" style=\"color:#082386;background-color:#c6deee;font-size:16px\"><strong><a href=\"https:\/\/www.lazioeuropa.it\/archivio1420\/por_fse-16\/\">Il programma &#8211; POR FSE 2014-2020<\/a><br><a href=\"https:\/\/www.lazioeuropa.it\/archivio1420\/por_fse-16\/struttura_organizzativa-71\/\">Struttura organizzativa<\/a><br><a href=\"https:\/\/www.lazioeuropa.it\/archivio1420\/por_fse-16\/comitato_di_sorveglianza-72\/\">Comitato di sorveglianza<\/a><br><a href=\"https:\/\/www.lazioeuropa.it\/archivio1420\/por_fse-16\/sistema_di_gestione_e_controllo-107\/\">Sistema di gestione e controllo<\/a><br><a href=\"https:\/\/www.lazioeuropa.it\/archivio1420\/por_fse-16\/misure_antifrode-152\/\">Misure antifrode<\/a><br><a href=\"https:\/\/www.lazioeuropa.it\/archivio1420\/por_fse-16\/attuazione_del_programma-129\/\">Attuazione del Programma<\/a><br><a href=\"https:\/\/www.lazioeuropa.it\/archivio1420\/por_fse-16\/sistema_informativo-128\/\">Sistema informativo<\/a><br><a href=\"https:\/\/www.lazioeuropa.it\/archivio1420\/por_fse-16\/valutazione-74\/\">Valutazione<\/a><br><a href=\"https:\/\/www.lazioeuropa.it\/archivio1420\/por_fse-16\/comunicazione_e_identita_visiva-75\/\">Comunicazione e identit\u00e0 visiva<\/a><br><a href=\"https:\/\/www.lazioeuropa.it\/archivio1420\/por_fse-16\/partenariato-73\/\">Partenariato<\/a><br><a href=\"https:\/\/www.lazioeuropa.it\/archivio1420\/por_fse-16\/documentazione-108\/\">Documentazione<\/a><\/strong><\/p>\n\n\n\n<p><\/p>\n\n\n\n<p class=\"has-text-color has-background\" style=\"color:#082386;background-color:#d0d3d5;font-size:16px\"><strong><a href=\"https:\/\/www.lazioeuropa.it\/archivio1420\/por_fse-16\/struttura_organizzativa-71\/autorita_di_gestione-24\/\">Autorit\u00e0 di Gestione<\/a><br><a href=\"https:\/\/www.lazioeuropa.it\/archivio1420\/por_fse-16\/struttura_organizzativa-71\/autorita_di_certificazione-25\/\">Autorit\u00e0 di Certificazione<\/a><br><a href=\"https:\/\/www.lazioeuropa.it\/archivio1420\/por_fse-16\/struttura_organizzativa-71\/autorita_di_audit-26\/\">Autorit\u00e0 di Audit<\/a><br><a href=\"https:\/\/www.lazioeuropa.it\/archivio1420\/por_fse-16\/struttura_organizzativa-71\/organismi_intermedi-52\/\">Organismi intermedi<\/a><\/strong><\/p>\n<\/div>\n<\/div>\n\n\n<div style=\"text-align: justify;\">\n<p>Per quanto concerne la <strong>selezione delle operazioni<\/strong>, l&#8217;Autorit\u00e0 di gestione, tra l&#8217;altro:<\/p>\n<ul>\n<li>elabora e, previa approvazione, applica procedure e criteri di selezione adeguati che garantiscano il contributo delle operazioni al conseguimento degli obiettivi e dei risultati specifici della pertinente priorit\u00e0, siano non discriminatori e trasparenti e tengano conto dei principi generali relativi allo sviluppo sostenibile e al principio di parit\u00e0;<\/li>\n<li>garantisce che l&#8217;operazione selezionata rientri nell&#8217;ambito di applicazione del fondo o dei fondi interessati e possa essere attribuita a una categoria di operazione;<\/li>\n<li>provvede affinch\u00e9 sia fornito al beneficiario un documento contenente le condizioni per il sostegno relative a ciascuna operazione, compresi i requisiti specifici concernenti i prodotti o servizi da fornire nell&#8217;ambito dell&#8217;operazione, il piano finanziario e il termine per l&#8217;esecuzione;<\/li>\n<li>si accerta che il beneficiario abbia la capacit\u00e0 amministrativa, finanziaria e operativa per soddisfare le condizioni di cui alla lettera c) prima dell&#8217;approvazione dell&#8217;operazione.<\/li>\n<\/ul>\n<p>Per quanto concerne la<strong> gestione finanziaria<\/strong> e il <strong>controllo <\/strong>del Programma Operativo, l&#8217;Autorit\u00e0 di gestione tra l&#8217;altro:<\/p>\n<ul>\n<li>verifica che i prodotti e servizi cofinanziati siano stati forniti, che i beneficiari abbiano pagato le spese dichiarate e che queste ultime siano conformi al diritto applicabile, al programma operativo e alle condizioni per il sostegno dell&#8217;operazione;&nbsp;<\/li>\n<li>garantisce che i beneficiari coinvolti nell&#8217;attuazione di operazioni rimborsate sulla base dei costi ammissibili effettivamente mantengano un sistema di contabilit\u00e0 separata o una codificazione contabile adeguata per tutte le transazioni relative a un&#8217;operazione;<\/li>\n<li>istituisce misure antifrode efficaci e proporzionate, tenendo conto dei rischi individuati;<\/li>\n<li>stabilisce procedure per far s\u00ec che tutti i documenti relativi alle spese e agli audit necessari per garantire una pista di controllo adeguata siano conservati.<\/li>\n<\/ul>\n<p><strong>Contatti<\/strong><\/p>\n<p>Direzione regionale Formazione, Innovazione e Ricerca, Scuola, Universit\u00e0 e Diritto allo Studio<\/p>\n<p>Referente&nbsp;<br>Direttrice avv. Elisabetta Longo&nbsp;<br>Telefono:&nbsp;06 51684949<br>e-mail: <a href=\"mailto:elongo@regione.lazio.it\">elongo@regione.lazio.it<\/a><\/p>\n<p><\/p>\n<p><strong>Riferimenti<\/strong><\/p>\n<p>Elisabetta Longo<\/p>\n<p>Direttrice della Direzione regionale Formazione, Ricerca e innovazione, Scuola e universit\u00e0, Diritto allo studio<\/p>\n<p>Autorit\u00e0 di gestione del POR FSE 2014-2020<\/p>\n<p>Telefono: 0651684949<\/p>\n<p>E-mail: <a href=\"mailto:elongo@regione.lazio.it\">elongo@regione.lazio.it<\/a><\/p>\n<\/div>","protected":false},"excerpt":{"rendered":"<p>L\u2019Autorit\u00e0 di Gestione \u00e8 l\u2019autorit\u00e0 pubblica designata per gestire il Programma Operativo (PO). E\u2019 responsabile della gestione e attuazione del Programma conformemente al principio della sana gestione finanziaria e si occupa, fra l\u2019altro, di realizzare i cosiddetti controlli di primo livello. L\u2019Ufficio dell\u2019Autorit\u00e0 di Gestione del POR Lazio 2014-2020&nbsp;\u00e8 incardinato nella Direzione regionale Formazione, Ricerca [&hellip;]<\/p>\n","protected":false},"author":1,"featured_media":0,"parent":8705,"menu_order":0,"comment_status":"closed","ping_status":"closed","template":"","meta":{"_acf_changed":false,"ghostkit_customizer_options":"","ghostkit_custom_css":"","ghostkit_custom_js_head":"","ghostkit_custom_js_foot":"","ghostkit_typography":"","footnotes":""},"class_list":["post-8706","page","type-page","status-publish","hentry"],"acf":[],"yoast_head":"<!-- This site is optimized with the Yoast SEO plugin v24.2 - https:\/\/yoast.com\/wordpress\/plugins\/seo\/ -->\n<title>Autorit\u00e0 di Gestione - LazioEuropa Archivio 1420<\/title>\n<meta name=\"robots\" content=\"index, follow, max-snippet:-1, max-image-preview:large, max-video-preview:-1\" \/>\n<link rel=\"canonical\" href=\"https:\/\/www.lazioeuropa.it\/archivio1420\/por_fse-16\/struttura_organizzativa-71\/autorita_di_gestione-24\/\" \/>\n<meta property=\"og:locale\" content=\"it_IT\" \/>\n<meta property=\"og:type\" content=\"article\" \/>\n<meta property=\"og:title\" content=\"Autorit\u00e0 di Gestione - LazioEuropa Archivio 1420\" \/>\n<meta property=\"og:description\" content=\"L\u2019Autorit\u00e0 di Gestione \u00e8 l\u2019autorit\u00e0 pubblica designata per gestire il Programma Operativo (PO). E\u2019 responsabile della gestione e attuazione del Programma conformemente al principio della sana gestione finanziaria e si occupa, fra l\u2019altro, di realizzare i cosiddetti controlli di primo livello. L\u2019Ufficio dell\u2019Autorit\u00e0 di Gestione del POR Lazio 2014-2020&nbsp;\u00e8 incardinato nella Direzione regionale Formazione, Ricerca [&hellip;]\" \/>\n<meta property=\"og:url\" content=\"https:\/\/www.lazioeuropa.it\/archivio1420\/por_fse-16\/struttura_organizzativa-71\/autorita_di_gestione-24\/\" \/>\n<meta property=\"og:site_name\" content=\"LazioEuropa Archivio 1420\" \/>\n<meta property=\"article:modified_time\" content=\"2023-04-20T11:36:33+00:00\" \/>\n<meta name=\"twitter:card\" content=\"summary_large_image\" \/>\n<meta name=\"twitter:label1\" content=\"Est. reading time\" \/>\n\t<meta name=\"twitter:data1\" content=\"3 minuti\" \/>\n<script type=\"application\/ld+json\" class=\"yoast-schema-graph\">{\"@context\":\"https:\/\/schema.org\",\"@graph\":[{\"@type\":\"WebPage\",\"@id\":\"https:\/\/www.lazioeuropa.it\/archivio1420\/por_fse-16\/struttura_organizzativa-71\/autorita_di_gestione-24\/\",\"url\":\"https:\/\/www.lazioeuropa.it\/archivio1420\/por_fse-16\/struttura_organizzativa-71\/autorita_di_gestione-24\/\",\"name\":\"Autorit\u00e0 di Gestione - LazioEuropa Archivio 1420\",\"isPartOf\":{\"@id\":\"https:\/\/www.lazioeuropa.it\/archivio1420\/#website\"},\"datePublished\":\"2022-04-20T13:27:33+00:00\",\"dateModified\":\"2023-04-20T11:36:33+00:00\",\"breadcrumb\":{\"@id\":\"https:\/\/www.lazioeuropa.it\/archivio1420\/por_fse-16\/struttura_organizzativa-71\/autorita_di_gestione-24\/#breadcrumb\"},\"inLanguage\":\"it-IT\",\"potentialAction\":[{\"@type\":\"ReadAction\",\"target\":[\"https:\/\/www.lazioeuropa.it\/archivio1420\/por_fse-16\/struttura_organizzativa-71\/autorita_di_gestione-24\/\"]}]},{\"@type\":\"BreadcrumbList\",\"@id\":\"https:\/\/www.lazioeuropa.it\/archivio1420\/por_fse-16\/struttura_organizzativa-71\/autorita_di_gestione-24\/#breadcrumb\",\"itemListElement\":[{\"@type\":\"ListItem\",\"position\":1,\"name\":\"Home\",\"item\":\"https:\/\/www.lazioeuropa.it\/archivio1420\/\"},{\"@type\":\"ListItem\",\"position\":2,\"name\":\"POR FSE\",\"item\":\"https:\/\/www.lazioeuropa.it\/archivio1420\/por_fse-16\/\"},{\"@type\":\"ListItem\",\"position\":3,\"name\":\"Struttura organizzativa\",\"item\":\"https:\/\/www.lazioeuropa.it\/archivio1420\/por_fse-16\/struttura_organizzativa-71\/\"},{\"@type\":\"ListItem\",\"position\":4,\"name\":\"Autorit\u00e0 di Gestione\"}]},{\"@type\":\"WebSite\",\"@id\":\"https:\/\/www.lazioeuropa.it\/archivio1420\/#website\",\"url\":\"https:\/\/www.lazioeuropa.it\/archivio1420\/\",\"name\":\"LazioEuropa Archivio 1420\",\"description\":\"Lazio Europa\",\"potentialAction\":[{\"@type\":\"SearchAction\",\"target\":{\"@type\":\"EntryPoint\",\"urlTemplate\":\"https:\/\/www.lazioeuropa.it\/archivio1420\/?s={search_term_string}\"},\"query-input\":{\"@type\":\"PropertyValueSpecification\",\"valueRequired\":true,\"valueName\":\"search_term_string\"}}],\"inLanguage\":\"it-IT\"}]}<\/script>\n<!-- \/ Yoast SEO plugin. -->","yoast_head_json":{"title":"Autorit\u00e0 di Gestione - LazioEuropa Archivio 1420","robots":{"index":"index","follow":"follow","max-snippet":"max-snippet:-1","max-image-preview":"max-image-preview:large","max-video-preview":"max-video-preview:-1"},"canonical":"https:\/\/www.lazioeuropa.it\/archivio1420\/por_fse-16\/struttura_organizzativa-71\/autorita_di_gestione-24\/","og_locale":"it_IT","og_type":"article","og_title":"Autorit\u00e0 di Gestione - LazioEuropa Archivio 1420","og_description":"L\u2019Autorit\u00e0 di Gestione \u00e8 l\u2019autorit\u00e0 pubblica designata per gestire il Programma Operativo (PO). E\u2019 responsabile della gestione e attuazione del Programma conformemente al principio della sana gestione finanziaria e si occupa, fra l\u2019altro, di realizzare i cosiddetti controlli di primo livello. L\u2019Ufficio dell\u2019Autorit\u00e0 di Gestione del POR Lazio 2014-2020&nbsp;\u00e8 incardinato nella Direzione regionale Formazione, Ricerca [&hellip;]","og_url":"https:\/\/www.lazioeuropa.it\/archivio1420\/por_fse-16\/struttura_organizzativa-71\/autorita_di_gestione-24\/","og_site_name":"LazioEuropa Archivio 1420","article_modified_time":"2023-04-20T11:36:33+00:00","twitter_card":"summary_large_image","twitter_misc":{"Est. reading time":"3 minuti"},"schema":{"@context":"https:\/\/schema.org","@graph":[{"@type":"WebPage","@id":"https:\/\/www.lazioeuropa.it\/archivio1420\/por_fse-16\/struttura_organizzativa-71\/autorita_di_gestione-24\/","url":"https:\/\/www.lazioeuropa.it\/archivio1420\/por_fse-16\/struttura_organizzativa-71\/autorita_di_gestione-24\/","name":"Autorit\u00e0 di Gestione - LazioEuropa Archivio 1420","isPartOf":{"@id":"https:\/\/www.lazioeuropa.it\/archivio1420\/#website"},"datePublished":"2022-04-20T13:27:33+00:00","dateModified":"2023-04-20T11:36:33+00:00","breadcrumb":{"@id":"https:\/\/www.lazioeuropa.it\/archivio1420\/por_fse-16\/struttura_organizzativa-71\/autorita_di_gestione-24\/#breadcrumb"},"inLanguage":"it-IT","potentialAction":[{"@type":"ReadAction","target":["https:\/\/www.lazioeuropa.it\/archivio1420\/por_fse-16\/struttura_organizzativa-71\/autorita_di_gestione-24\/"]}]},{"@type":"BreadcrumbList","@id":"https:\/\/www.lazioeuropa.it\/archivio1420\/por_fse-16\/struttura_organizzativa-71\/autorita_di_gestione-24\/#breadcrumb","itemListElement":[{"@type":"ListItem","position":1,"name":"Home","item":"https:\/\/www.lazioeuropa.it\/archivio1420\/"},{"@type":"ListItem","position":2,"name":"POR FSE","item":"https:\/\/www.lazioeuropa.it\/archivio1420\/por_fse-16\/"},{"@type":"ListItem","position":3,"name":"Struttura organizzativa","item":"https:\/\/www.lazioeuropa.it\/archivio1420\/por_fse-16\/struttura_organizzativa-71\/"},{"@type":"ListItem","position":4,"name":"Autorit\u00e0 di Gestione"}]},{"@type":"WebSite","@id":"https:\/\/www.lazioeuropa.it\/archivio1420\/#website","url":"https:\/\/www.lazioeuropa.it\/archivio1420\/","name":"LazioEuropa Archivio 1420","description":"Lazio Europa","potentialAction":[{"@type":"SearchAction","target":{"@type":"EntryPoint","urlTemplate":"https:\/\/www.lazioeuropa.it\/archivio1420\/?s={search_term_string}"},"query-input":{"@type":"PropertyValueSpecification","valueRequired":true,"valueName":"search_term_string"}}],"inLanguage":"it-IT"}]}},"featured_image_src":null,"featured_image_src_square":null,"_links":{"self":[{"href":"https:\/\/www.lazioeuropa.it\/archivio1420\/wp-json\/wp\/v2\/pages\/8706","targetHints":{"allow":["GET"]}}],"collection":[{"href":"https:\/\/www.lazioeuropa.it\/archivio1420\/wp-json\/wp\/v2\/pages"}],"about":[{"href":"https:\/\/www.lazioeuropa.it\/archivio1420\/wp-json\/wp\/v2\/types\/page"}],"author":[{"embeddable":true,"href":"https:\/\/www.lazioeuropa.it\/archivio1420\/wp-json\/wp\/v2\/users\/1"}],"replies":[{"embeddable":true,"href":"https:\/\/www.lazioeuropa.it\/archivio1420\/wp-json\/wp\/v2\/comments?post=8706"}],"version-history":[{"count":2,"href":"https:\/\/www.lazioeuropa.it\/archivio1420\/wp-json\/wp\/v2\/pages\/8706\/revisions"}],"predecessor-version":[{"id":10168,"href":"https:\/\/www.lazioeuropa.it\/archivio1420\/wp-json\/wp\/v2\/pages\/8706\/revisions\/10168"}],"up":[{"embeddable":true,"href":"https:\/\/www.lazioeuropa.it\/archivio1420\/wp-json\/wp\/v2\/pages\/8705"}],"wp:attachment":[{"href":"https:\/\/www.lazioeuropa.it\/archivio1420\/wp-json\/wp\/v2\/media?parent=8706"}],"curies":[{"name":"wp","href":"https:\/\/api.w.org\/{rel}","templated":true}]}}