{"id":8708,"date":"2022-04-20T15:27:33","date_gmt":"2022-04-20T13:27:33","guid":{"rendered":"https:\/\/www.lazioeuropa.it\/archivio1420\/por_fse-16\/struttura_organizzativa-71\/autorita_di_audit-26\/"},"modified":"2024-04-04T16:12:06","modified_gmt":"2024-04-04T14:12:06","slug":"autorita_di_audit-26","status":"publish","type":"page","link":"https:\/\/www.lazioeuropa.it\/archivio1420\/por_fse-16\/struttura_organizzativa-71\/autorita_di_audit-26\/","title":{"rendered":"Autorit\u00e0 di Audit"},"content":{"rendered":"\n<div class=\"wp-block-columns is-layout-flex wp-container-core-columns-is-layout-1 wp-block-columns-is-layout-flex\">\n<div class=\"wp-block-column is-layout-flow wp-block-column-is-layout-flow\" style=\"flex-basis:66.66%\">\n<p><br>Ai sensi della regolamentazione valida per il periodo 2014-2020 l&#8217;Autorit\u00e0 di Audit del POR FSE Lazio garantisce lo svolgimento di attivit\u00e0 di audit sul corretto funzionamento del sistema di gestione e controllo del programma operativo, e su un campione adeguato di operazioni sulla base delle spese dichiarate. I controlli di audit cui sono sottoposte le spese dichiarate si basano su un campione rappresentativo e, come regola generale, su un metodo di campionamento statistico.<\/p>\n\n\n\n<p>Un metodo di campionamento non statistico pu\u00f2 essere impiegato previo giudizio professionale dell&#8217;Autorit\u00e0 di Audit in casi debitamente giustificati, in conformit\u00e0 alle norme internazionalmente accettate in materia di audit e, in ogni caso, se il numero di operazioni in un periodo contabile \u00e8 insufficiente a consentire il ricorso a un metodo statistico.<\/p>\n\n\n\n<p>In tali casi, la dimensione del campione \u00e8 sufficiente a consentire all&#8217;Autorit\u00e0 di redigere un parere di audit valido.<\/p>\n\n\n\n<p>Il metodo di campionamento non statistico copre almeno il 5 % delle operazioni per le quali sono state dichiarate spese alla Commissione Europea durante un periodo contabile e il 10 % delle spese dichiarate alla Commissione stessa durante un periodo contabile.<\/p>\n\n\n\n<p>Qualora le attivit\u00e0 di audit siano svolte da un organismo diverso dall&#8217;Autorit\u00e0 di Audit, quest&#8217;ultima si accerta che tale organismo disponga della necessaria indipendenza funzionale.<\/p>\n\n\n\n<p>L&#8217;Autorit\u00e0 si assicura che il lavoro di audit tenga conto degli standard riconosciuti a livello internazionale in materia.<\/p>\n<\/div>\n\n\n\n<div class=\"wp-block-column is-layout-flow wp-block-column-is-layout-flow\" style=\"flex-basis:33.33%\">\n<p class=\"has-text-color has-background\" style=\"color:#082386;background-color:#c6deee;font-size:16px\"><strong><a href=\"https:\/\/www.lazioeuropa.it\/archivio1420\/por_fse-16\/\">Il programma &#8211; POR FSE 2014-2020<\/a><br><a href=\"https:\/\/www.lazioeuropa.it\/archivio1420\/por_fse-16\/struttura_organizzativa-71\/\">Struttura organizzativa<\/a><br><a href=\"https:\/\/www.lazioeuropa.it\/archivio1420\/por_fse-16\/comitato_di_sorveglianza-72\/\">Comitato di sorveglianza<\/a><br><a href=\"https:\/\/www.lazioeuropa.it\/archivio1420\/por_fse-16\/sistema_di_gestione_e_controllo-107\/\">Sistema di gestione e controllo<\/a><br><a href=\"https:\/\/www.lazioeuropa.it\/archivio1420\/por_fse-16\/misure_antifrode-152\/\">Misure antifrode<\/a><br><a href=\"https:\/\/www.lazioeuropa.it\/archivio1420\/por_fse-16\/attuazione_del_programma-129\/\">Attuazione del Programma<\/a><br><a href=\"https:\/\/www.lazioeuropa.it\/archivio1420\/por_fse-16\/sistema_informativo-128\/\">Sistema informativo<\/a><br><a href=\"https:\/\/www.lazioeuropa.it\/archivio1420\/por_fse-16\/valutazione-74\/\">Valutazione<\/a><br><a href=\"https:\/\/www.lazioeuropa.it\/archivio1420\/por_fse-16\/comunicazione_e_identita_visiva-75\/\">Comunicazione e identit\u00e0 visiva<\/a><br><a href=\"https:\/\/www.lazioeuropa.it\/archivio1420\/por_fse-16\/partenariato-73\/\">Partenariato<\/a><br><a href=\"https:\/\/www.lazioeuropa.it\/archivio1420\/por_fse-16\/documentazione-108\/\">Documentazione<\/a><\/strong><\/p>\n\n\n\n<p><\/p>\n\n\n\n<p class=\"has-text-color has-background\" style=\"color:#082386;background-color:#d0d3d5;font-size:16px\"><strong><a href=\"https:\/\/www.lazioeuropa.it\/archivio1420\/por_fse-16\/struttura_organizzativa-71\/autorita_di_gestione-24\/\">Autorit\u00e0 di Gestione<\/a><br><a href=\"https:\/\/www.lazioeuropa.it\/archivio1420\/por_fse-16\/struttura_organizzativa-71\/autorita_di_certificazione-25\/\">Autorit\u00e0 di Certificazione<\/a><br><a href=\"https:\/\/www.lazioeuropa.it\/archivio1420\/por_fse-16\/struttura_organizzativa-71\/autorita_di_audit-26\/\">Autorit\u00e0 di Audit<\/a><br><a href=\"https:\/\/www.lazioeuropa.it\/archivio1420\/por_fse-16\/struttura_organizzativa-71\/organismi_intermedi-52\/\">Organismi intermedi<\/a><\/strong><\/p>\n<\/div>\n<\/div>\n\n\n<div style=\"text-align: justify;\">\n<div style=\"text-align: justify;\">Inoltre, l&#8217;Autorit\u00e0 di Audit prepara:<\/div>\n<ul>\n<li style=\"text-align: justify;\">un parere di audit a norma dell&#8217;articolo 59, paragrafo 5, secondo comma, del regolamento finanziario;<\/li>\n<li style=\"text-align: justify;\">una relazione di controllo che evidenzi le principali risultanze delle attivit\u00e0 di audit svolte, comprese le carenze riscontrate nei sistemi di gestione e di controllo e le azioni correttive proposte e attuate.<\/li>\n<\/ul>\n<\/div>\n<div style=\"text-align: justify;\">La strategia di audit definisce la metodologia, il metodo di campionamento sulle operazioni e la pianificazione delle attivit\u00e0 in relazione al periodo contabile corrente e ai due successivi, e\u00a0sar\u00e0 aggiornata annualmente a partire dal 2016 e fino al 2024 compreso.<\/div>\n<div style=\"text-align: justify;\">\u00a0<\/div>\n<div style=\"text-align: justify;\">Con la <a href=\"https:\/\/www.lazioeuropa.it\/archivio1420\/app\/uploads\/2015\/10\/dd_e00010_13_08_2015.pdf\" target=\"_blank\" rel=\"noopener\">determinazione n. E00010 del 13 agosto 2015<\/a> la Regione Lazio ha approvato la <a href=\"https:\/\/www.lazioeuropa.it\/archivio1420\/app\/uploads\/2015\/10\/dd_e00010_13_08_2015_strategia_audit_fse.pdf\" target=\"_blank\" rel=\"noopener\">Strategia di Audit del POR FSE 2014-2020<\/a>.<\/div>\n<p style=\"text-align: justify;\">Con la <a href=\"https:\/\/www.lazioeuropa.it\/archivio1420\/app\/uploads\/2017\/11\/dd_e00011_08_08_2016.pdf\" target=\"_blank\" rel=\"noopener\">determinazione n.\u00a0E00011 dell&#8217;8 agosto 2016<\/a>\u00a0\u00e8 stato\u00a0approvato l&#8217;<a href=\"https:\/\/www.lazioeuropa.it\/archivio1420\/app\/uploads\/2017\/11\/dd_e00011_08_08_2016_strategia.pdf\" target=\"_blank\" rel=\"noopener\">aggiornamento della Strategia di Audit<\/a>.<\/p>\n<p style=\"text-align: justify;\">Con la <a href=\"https:\/\/www.lazioeuropa.it\/archivio1420\/app\/uploads\/2017\/11\/dd_e00008_06_11_2017.pdf\" target=\"_blank\" rel=\"noopener\">determinazione\u00a0n. E00008 del 6 novembre 2017<\/a>\u00a0\u00e8 stato approvato il <a href=\"https:\/\/www.lazioeuropa.it\/archivio1420\/app\/uploads\/2017\/11\/dd_e00008_06_11_2017_strategia.pdf\" target=\"_blank\" rel=\"noopener\">terzo aggiornamento<\/a>\u00a0della Strategia di Audit.<\/p>\n<p style=\"text-align: justify;\">Con la <a href=\"https:\/\/www.lazioeuropa.it\/archivio1420\/app\/uploads\/2018\/12\/dd_g15478_29_11_2018.pdf\" target=\"_blank\" rel=\"noopener\">determinazione n. G15478 del 29 novembre 2018<\/a> \u00e8 stato approvato il <a href=\"https:\/\/www.lazioeuropa.it\/archivio1420\/app\/uploads\/2018\/12\/dd_g15478_29_11_2018_strategia_audit_porfse.pdf\" target=\"_blank\" rel=\"noopener\">quarto aggiornamento<\/a> della Strategia di Audit.<\/p>\n<p style=\"text-align: justify;\">Con la <a href=\"https:\/\/www.lazioeuropa.it\/archivio1420\/app\/uploads\/2019\/08\/1.dd_g10518_31.07.2019_modifica_strategia_audit_fse.pdf\" target=\"_blank\" rel=\"noopener\">determinazione n. G10518 del 31 luglio 2019<\/a> \u00e8 stato modificato il quarto aggiornamento della Strategia di Audit: Tabella n. 6 (Valutazione dei rischi), paragrafo 4.2 (Calendario Audit).<\/p>\n<p style=\"text-align: justify;\">Con la <a href=\"https:\/\/www.lazioeuropa.it\/archivio1420\/app\/uploads\/2019\/12\/dd_g18562_23.12.2019_strategia_fse.pdf\">determinazione <\/a><a href=\"https:\/\/www.lazioeuropa.it\/archivio1420\/app\/uploads\/2019\/12\/dd_g18562_23.12.2019_strategia_fse.pdf\" target=\"_blank\" rel=\"noopener\"><u>n. G18562 del 23 dicembre 2019<\/u><\/a> la Regione Lazio ha approvato il <a href=\"https:\/\/www.lazioeuropa.it\/archivio1420\/app\/uploads\/2019\/12\/dd_g18562_23.12.2019_strategia_fse.pdf\">quinto aggiornamento della Strategia di Audit<\/a>.<\/p>\n<p>Con la <a href=\"https:\/\/www.lazioeuropa.it\/archivio1420\/app\/uploads\/2020\/08\/g09320_04.08.2020_modifica_strategia_fse_5.0.pdf\">determinazione n. G09320 del 04 agosto 2020<\/a> \u00e8 stato modificato il quinto aggiornamento della Strategia di Audit: Tabella n. 6 (Valutazione dei rischi POR FSE Lazio), capitolo 4 (Lavoro di Audit Pianificato).<\/p>\n<p style=\"text-align: justify;\">Con la <a href=\"https:\/\/www.lazioeuropa.it\/archivio1420\/app\/uploads\/2020\/12\/dd_g15680_17_12_2020.pdf\" target=\"_blank\" rel=\"noopener\">determinazione n. G15680 del 17 dicembre 2020<\/a> \u00e8 stato approvato il sesto aggiornamento della Strategia di Audit.<\/p>\n<p style=\"text-align: justify;\">Con la <a href=\"https:\/\/www.lazioeuropa.it\/archivio1420\/app\/uploads\/2021\/09\/dd_g10837_15_09_2021.pdf\" target=\"_blank\" rel=\"noopener\">determinazione n. G10837 del 15 settembre 2021<\/a> \u00e8 stato modificato il sesto aggiornamento della Strategia di Audit: Tabella n. 6 (Valutazione dei rischi POR FSE Lazio), capitolo 4 (Lavoro di Audit Pianificato)<\/p>\n<p style=\"text-align: justify;\">Con la <a href=\"https:\/\/www.lazioeuropa.it\/archivio1420\/app\/uploads\/2021\/12\/dd_g16230_23_12_2021.pdf\" target=\"_blank\" rel=\"noopener\">determinazione n. G16230 del 23 dicembre 2021<\/a> \u00e8 stato approvato il settimo aggiornamento della Strategia di Audit.<\/p>\n<p style=\"text-align: justify;\">Con la <a href=\"https:\/\/www.lazioeuropa.it\/archivio1420\/app\/uploads\/2022\/12\/DD_G18929_29_12_2022.pdf\" target=\"_blank\" rel=\"noopener\">determinazione n. G18929 del 29 dicembre 2022<\/a> \u00e8 stato approvato l\u2019ottavo aggiornamento della Strategia di Audit.<\/p>\n<p>Con la <a href=\"https:\/\/www.lazioeuropa.it\/archivio1420\/app\/uploads\/2023\/05\/DD_G07277_26_05_2023.pdf\" target=\"_blank\" rel=\"noopener\">determinazione n. G07277 del 26 maggio 2023<\/a> \u00e8 stato modificato l\u2019ottavo aggiornamento della Strategia di Audit: Capitolo 4 (Lavoro di Audit Pianificato).<\/p>\n<p>Con la <a href=\"https:\/\/www.lazioeuropa.it\/archivio1420\/app\/uploads\/2023\/07\/DD_G09785_17_07_2023.pdf\" target=\"_blank\" rel=\"noopener\">determinazione n. G09785 del 17 luglio 2023<\/a> \u00e8 stato modificato l\u2019ottavo aggiornamento della Strategia di Audit.<\/p>\n<p>Con la <a href=\"https:\/\/www.lazioeuropa.it\/archivio1420\/app\/uploads\/2024\/03\/DD_G02830_13_03_2024.pdf\" target=\"_blank\" rel=\"noopener\">determinazione n. G02830 del 13 marzo 2024<\/a> \u00e8 stata modificata la Strategia di Audit.<\/p>\n<p>Nel\u00a0<strong>Manuale delle Procedure dell\u2019Autorit\u00e0 di Audit dei Programmi FESR e FSE cofinanziati dall\u2019Unione Europea per il periodo di programmazione 2014-2020\u00a0<\/strong>sono descritte le procedure a cui il personale dell\u2019Autorit\u00e0 di Audit deve attenersi nello svolgimento delle funzioni ad esso attribuite.<\/p>\n<p>Con la\u00a0<a href=\"https:\/\/www.lazioeuropa.it\/archivio1420\/app\/uploads\/2021\/12\/g14805_30.11.2021_manuale_audit_nov._2021_vers._4.rar\" target=\"_blank\" rel=\"noopener\">determinazione n. G14805 del 30 novembre 2021<\/a> \u00e8 stata approvata la versione 4.0 del Manuale.<\/p>\n<h3 style=\"text-align: justify;\">\u200b<strong>Riferimenti<\/strong><\/h3>\n<p style=\"text-align: justify;\">Maria Chiara Coletti<br \/>Autorit\u00e0 di Audit POR FESR Lazio 2014-2020 e POR FSE Lazio 2014-2020<br \/>Struttura organizzativa di livello direzionale Anticorruzione &#8211; Audit FESR, FSE &#8211; controllo interno<br \/>Telefono: 06.5168.8635<br \/>E-mail:\u00a0<a href=\"mailto:auditcomplazio@regione.lazio.it\">auditcomplazio@regione.lazio.it<\/a><br \/>Indirizzo PEC:\u00a0<a href=\"mailto:auditcomplazio@regione.lazio.legalmail.it\">auditcomplazio@regione.lazio.legalmail.it<\/a><\/p>","protected":false},"excerpt":{"rendered":"<p>Ai sensi della regolamentazione valida per il periodo 2014-2020 l&#8217;Autorit\u00e0 di Audit del POR FSE Lazio garantisce lo svolgimento di attivit\u00e0 di audit sul corretto funzionamento del sistema di gestione e controllo del programma operativo, e su un campione adeguato di operazioni sulla base delle spese dichiarate. I controlli di audit cui sono sottoposte le [&hellip;]<\/p>\n","protected":false},"author":1,"featured_media":0,"parent":8705,"menu_order":0,"comment_status":"closed","ping_status":"closed","template":"","meta":{"_acf_changed":false,"ghostkit_customizer_options":"","ghostkit_custom_css":"","ghostkit_custom_js_head":"","ghostkit_custom_js_foot":"","ghostkit_typography":"","footnotes":""},"class_list":["post-8708","page","type-page","status-publish","hentry"],"acf":[],"yoast_head":"<!-- This site is optimized with the Yoast SEO plugin v24.2 - https:\/\/yoast.com\/wordpress\/plugins\/seo\/ -->\n<title>Autorit\u00e0 di Audit - LazioEuropa Archivio 1420<\/title>\n<meta name=\"robots\" content=\"index, follow, max-snippet:-1, max-image-preview:large, max-video-preview:-1\" \/>\n<link rel=\"canonical\" href=\"https:\/\/www.lazioeuropa.it\/archivio1420\/por_fse-16\/struttura_organizzativa-71\/autorita_di_audit-26\/\" \/>\n<meta property=\"og:locale\" content=\"it_IT\" \/>\n<meta property=\"og:type\" content=\"article\" \/>\n<meta property=\"og:title\" content=\"Autorit\u00e0 di Audit - LazioEuropa Archivio 1420\" \/>\n<meta property=\"og:description\" content=\"Ai sensi della regolamentazione valida per il periodo 2014-2020 l&#8217;Autorit\u00e0 di Audit del POR FSE Lazio garantisce lo svolgimento di attivit\u00e0 di audit sul corretto funzionamento del sistema di gestione e controllo del programma operativo, e su un campione adeguato di operazioni sulla base delle spese dichiarate. I controlli di audit cui sono sottoposte le [&hellip;]\" \/>\n<meta property=\"og:url\" content=\"https:\/\/www.lazioeuropa.it\/archivio1420\/por_fse-16\/struttura_organizzativa-71\/autorita_di_audit-26\/\" \/>\n<meta property=\"og:site_name\" content=\"LazioEuropa Archivio 1420\" \/>\n<meta property=\"article:modified_time\" content=\"2024-04-04T14:12:06+00:00\" \/>\n<meta name=\"twitter:card\" content=\"summary_large_image\" \/>\n<meta name=\"twitter:label1\" content=\"Est. reading time\" \/>\n\t<meta name=\"twitter:data1\" content=\"12 minuti\" \/>\n<script type=\"application\/ld+json\" class=\"yoast-schema-graph\">{\"@context\":\"https:\/\/schema.org\",\"@graph\":[{\"@type\":\"WebPage\",\"@id\":\"https:\/\/www.lazioeuropa.it\/archivio1420\/por_fse-16\/struttura_organizzativa-71\/autorita_di_audit-26\/\",\"url\":\"https:\/\/www.lazioeuropa.it\/archivio1420\/por_fse-16\/struttura_organizzativa-71\/autorita_di_audit-26\/\",\"name\":\"Autorit\u00e0 di Audit - LazioEuropa Archivio 1420\",\"isPartOf\":{\"@id\":\"https:\/\/www.lazioeuropa.it\/archivio1420\/#website\"},\"datePublished\":\"2022-04-20T13:27:33+00:00\",\"dateModified\":\"2024-04-04T14:12:06+00:00\",\"breadcrumb\":{\"@id\":\"https:\/\/www.lazioeuropa.it\/archivio1420\/por_fse-16\/struttura_organizzativa-71\/autorita_di_audit-26\/#breadcrumb\"},\"inLanguage\":\"it-IT\",\"potentialAction\":[{\"@type\":\"ReadAction\",\"target\":[\"https:\/\/www.lazioeuropa.it\/archivio1420\/por_fse-16\/struttura_organizzativa-71\/autorita_di_audit-26\/\"]}]},{\"@type\":\"BreadcrumbList\",\"@id\":\"https:\/\/www.lazioeuropa.it\/archivio1420\/por_fse-16\/struttura_organizzativa-71\/autorita_di_audit-26\/#breadcrumb\",\"itemListElement\":[{\"@type\":\"ListItem\",\"position\":1,\"name\":\"Home\",\"item\":\"https:\/\/www.lazioeuropa.it\/archivio1420\/\"},{\"@type\":\"ListItem\",\"position\":2,\"name\":\"POR FSE\",\"item\":\"https:\/\/www.lazioeuropa.it\/archivio1420\/por_fse-16\/\"},{\"@type\":\"ListItem\",\"position\":3,\"name\":\"Struttura organizzativa\",\"item\":\"https:\/\/www.lazioeuropa.it\/archivio1420\/por_fse-16\/struttura_organizzativa-71\/\"},{\"@type\":\"ListItem\",\"position\":4,\"name\":\"Autorit\u00e0 di Audit\"}]},{\"@type\":\"WebSite\",\"@id\":\"https:\/\/www.lazioeuropa.it\/archivio1420\/#website\",\"url\":\"https:\/\/www.lazioeuropa.it\/archivio1420\/\",\"name\":\"LazioEuropa Archivio 1420\",\"description\":\"Lazio Europa\",\"potentialAction\":[{\"@type\":\"SearchAction\",\"target\":{\"@type\":\"EntryPoint\",\"urlTemplate\":\"https:\/\/www.lazioeuropa.it\/archivio1420\/?s={search_term_string}\"},\"query-input\":{\"@type\":\"PropertyValueSpecification\",\"valueRequired\":true,\"valueName\":\"search_term_string\"}}],\"inLanguage\":\"it-IT\"}]}<\/script>\n<!-- \/ Yoast SEO plugin. -->","yoast_head_json":{"title":"Autorit\u00e0 di Audit - LazioEuropa Archivio 1420","robots":{"index":"index","follow":"follow","max-snippet":"max-snippet:-1","max-image-preview":"max-image-preview:large","max-video-preview":"max-video-preview:-1"},"canonical":"https:\/\/www.lazioeuropa.it\/archivio1420\/por_fse-16\/struttura_organizzativa-71\/autorita_di_audit-26\/","og_locale":"it_IT","og_type":"article","og_title":"Autorit\u00e0 di Audit - LazioEuropa Archivio 1420","og_description":"Ai sensi della regolamentazione valida per il periodo 2014-2020 l&#8217;Autorit\u00e0 di Audit del POR FSE Lazio garantisce lo svolgimento di attivit\u00e0 di audit sul corretto funzionamento del sistema di gestione e controllo del programma operativo, e su un campione adeguato di operazioni sulla base delle spese dichiarate. I controlli di audit cui sono sottoposte le [&hellip;]","og_url":"https:\/\/www.lazioeuropa.it\/archivio1420\/por_fse-16\/struttura_organizzativa-71\/autorita_di_audit-26\/","og_site_name":"LazioEuropa Archivio 1420","article_modified_time":"2024-04-04T14:12:06+00:00","twitter_card":"summary_large_image","twitter_misc":{"Est. reading time":"12 minuti"},"schema":{"@context":"https:\/\/schema.org","@graph":[{"@type":"WebPage","@id":"https:\/\/www.lazioeuropa.it\/archivio1420\/por_fse-16\/struttura_organizzativa-71\/autorita_di_audit-26\/","url":"https:\/\/www.lazioeuropa.it\/archivio1420\/por_fse-16\/struttura_organizzativa-71\/autorita_di_audit-26\/","name":"Autorit\u00e0 di Audit - LazioEuropa Archivio 1420","isPartOf":{"@id":"https:\/\/www.lazioeuropa.it\/archivio1420\/#website"},"datePublished":"2022-04-20T13:27:33+00:00","dateModified":"2024-04-04T14:12:06+00:00","breadcrumb":{"@id":"https:\/\/www.lazioeuropa.it\/archivio1420\/por_fse-16\/struttura_organizzativa-71\/autorita_di_audit-26\/#breadcrumb"},"inLanguage":"it-IT","potentialAction":[{"@type":"ReadAction","target":["https:\/\/www.lazioeuropa.it\/archivio1420\/por_fse-16\/struttura_organizzativa-71\/autorita_di_audit-26\/"]}]},{"@type":"BreadcrumbList","@id":"https:\/\/www.lazioeuropa.it\/archivio1420\/por_fse-16\/struttura_organizzativa-71\/autorita_di_audit-26\/#breadcrumb","itemListElement":[{"@type":"ListItem","position":1,"name":"Home","item":"https:\/\/www.lazioeuropa.it\/archivio1420\/"},{"@type":"ListItem","position":2,"name":"POR FSE","item":"https:\/\/www.lazioeuropa.it\/archivio1420\/por_fse-16\/"},{"@type":"ListItem","position":3,"name":"Struttura organizzativa","item":"https:\/\/www.lazioeuropa.it\/archivio1420\/por_fse-16\/struttura_organizzativa-71\/"},{"@type":"ListItem","position":4,"name":"Autorit\u00e0 di Audit"}]},{"@type":"WebSite","@id":"https:\/\/www.lazioeuropa.it\/archivio1420\/#website","url":"https:\/\/www.lazioeuropa.it\/archivio1420\/","name":"LazioEuropa Archivio 1420","description":"Lazio Europa","potentialAction":[{"@type":"SearchAction","target":{"@type":"EntryPoint","urlTemplate":"https:\/\/www.lazioeuropa.it\/archivio1420\/?s={search_term_string}"},"query-input":{"@type":"PropertyValueSpecification","valueRequired":true,"valueName":"search_term_string"}}],"inLanguage":"it-IT"}]}},"featured_image_src":null,"featured_image_src_square":null,"_links":{"self":[{"href":"https:\/\/www.lazioeuropa.it\/archivio1420\/wp-json\/wp\/v2\/pages\/8708","targetHints":{"allow":["GET"]}}],"collection":[{"href":"https:\/\/www.lazioeuropa.it\/archivio1420\/wp-json\/wp\/v2\/pages"}],"about":[{"href":"https:\/\/www.lazioeuropa.it\/archivio1420\/wp-json\/wp\/v2\/types\/page"}],"author":[{"embeddable":true,"href":"https:\/\/www.lazioeuropa.it\/archivio1420\/wp-json\/wp\/v2\/users\/1"}],"replies":[{"embeddable":true,"href":"https:\/\/www.lazioeuropa.it\/archivio1420\/wp-json\/wp\/v2\/comments?post=8708"}],"version-history":[{"count":13,"href":"https:\/\/www.lazioeuropa.it\/archivio1420\/wp-json\/wp\/v2\/pages\/8708\/revisions"}],"predecessor-version":[{"id":10519,"href":"https:\/\/www.lazioeuropa.it\/archivio1420\/wp-json\/wp\/v2\/pages\/8708\/revisions\/10519"}],"up":[{"embeddable":true,"href":"https:\/\/www.lazioeuropa.it\/archivio1420\/wp-json\/wp\/v2\/pages\/8705"}],"wp:attachment":[{"href":"https:\/\/www.lazioeuropa.it\/archivio1420\/wp-json\/wp\/v2\/media?parent=8708"}],"curies":[{"name":"wp","href":"https:\/\/api.w.org\/{rel}","templated":true}]}}