{"id":8710,"date":"2022-04-20T15:27:33","date_gmt":"2022-04-20T13:27:33","guid":{"rendered":"https:\/\/www.lazioeuropa.it\/archivio1420\/por_fse-16\/struttura_organizzativa-71\/organismi_intermedi-52\/"},"modified":"2023-04-20T13:41:51","modified_gmt":"2023-04-20T11:41:51","slug":"organismi_intermedi-52","status":"publish","type":"page","link":"https:\/\/www.lazioeuropa.it\/archivio1420\/por_fse-16\/struttura_organizzativa-71\/organismi_intermedi-52\/","title":{"rendered":"Organismi intermedi"},"content":{"rendered":"\n<div class=\"wp-block-columns is-layout-flex wp-container-core-columns-is-layout-1 wp-block-columns-is-layout-flex\">\n<div class=\"wp-block-column is-layout-flow wp-block-column-is-layout-flow\" style=\"flex-basis:66.66%\">\n<p><br>Ai sensi del Regolamento UE n. 1303\/2013, l&#8217;organismo intermedio agisce sotto la responsabilit\u00e0 dell&#8217;Autorit\u00e0 di Gestione o dell&#8217;Autorit\u00e0 di&nbsp;Certificazione,&nbsp;o svolge mansioni per conto delle stesse&nbsp;Autorit\u00e0 nei&nbsp;confronti dei beneficiari (soggetti che attuano le operazioni).<br><\/p>\n\n\n\n<p><br>L&#8217;organismo intermedo pu\u00f2 essere designato per lo svolgimento di determinati compiti dell&#8217;autorit\u00e0 di gestione o di certificazione, sotto la responsabilit\u00e0 di queste ultime.<\/p>\n\n\n\n<p>Inoltre, l&#8217;Autorit\u00e0 di gestione pu\u00f2 affidare la gestione di parte del Programma Operativo a un organismo intermedio (&#8220;sovvenzione globale&#8221;), che garantisce la propria solvibilit\u00e0 e competenza nel settore interessato, nonch\u00e9 la propria capacit\u00e0 di gestione amministrativa e finanziaria.<br><\/p>\n\n\n\n<p><br><br>Con la <a href=\"https:\/\/www.lazioeuropa.it\/archivio1420\/app\/uploads\/2016\/05\/dd_g07317_15_06_2015.pdf\" target=\"_blank\" rel=\"noreferrer noopener\">determinazione\u00a0n. G07317 del\u00a015 giugno 2015<\/a>\u00a0la Direzione regionale Lavoro \u00e8 stata individuata\u00a0quale organismo intermedio del POR\u00a0FSE Lazio 2014-2020 per la realizzazione di interventi nell\u2019ambito dell\u2019Asse \u201cOccupazione\u201d.<\/p>\n<\/div>\n\n\n\n<div class=\"wp-block-column is-layout-flow wp-block-column-is-layout-flow\" style=\"flex-basis:33.33%\">\n<p class=\"has-text-color has-background\" style=\"color:#082386;background-color:#c6deee;font-size:16px\"><strong><a href=\"https:\/\/www.lazioeuropa.it\/archivio1420\/por_fse-16\/\">Il programma &#8211; POR FSE 2014-2020<\/a><br><a href=\"https:\/\/www.lazioeuropa.it\/archivio1420\/por_fse-16\/struttura_organizzativa-71\/\">Struttura organizzativa<\/a><br><a href=\"https:\/\/www.lazioeuropa.it\/archivio1420\/por_fse-16\/comitato_di_sorveglianza-72\/\">Comitato di sorveglianza<\/a><br><a href=\"https:\/\/www.lazioeuropa.it\/archivio1420\/por_fse-16\/sistema_di_gestione_e_controllo-107\/\">Sistema di gestione e controllo<\/a><br><a href=\"https:\/\/www.lazioeuropa.it\/archivio1420\/por_fse-16\/misure_antifrode-152\/\">Misure antifrode<\/a><br><a href=\"https:\/\/www.lazioeuropa.it\/archivio1420\/por_fse-16\/attuazione_del_programma-129\/\">Attuazione del Programma<\/a><br><a href=\"https:\/\/www.lazioeuropa.it\/archivio1420\/por_fse-16\/sistema_informativo-128\/\">Sistema informativo<\/a><br><a href=\"https:\/\/www.lazioeuropa.it\/archivio1420\/por_fse-16\/valutazione-74\/\">Valutazione<\/a><br><a href=\"https:\/\/www.lazioeuropa.it\/archivio1420\/por_fse-16\/comunicazione_e_identita_visiva-75\/\">Comunicazione e identit\u00e0 visiva<\/a><br><a href=\"https:\/\/www.lazioeuropa.it\/archivio1420\/por_fse-16\/partenariato-73\/\">Partenariato<\/a><br><a href=\"https:\/\/www.lazioeuropa.it\/archivio1420\/por_fse-16\/documentazione-108\/\">Documentazione<\/a><\/strong><\/p>\n\n\n\n<p><\/p>\n\n\n\n<p class=\"has-text-color has-background\" style=\"color:#082386;background-color:#d0d3d5;font-size:16px\"><strong><a href=\"https:\/\/www.lazioeuropa.it\/archivio1420\/por_fse-16\/struttura_organizzativa-71\/autorita_di_gestione-24\/\">Autorit\u00e0 di Gestione<\/a><br><a href=\"https:\/\/www.lazioeuropa.it\/archivio1420\/por_fse-16\/struttura_organizzativa-71\/autorita_di_certificazione-25\/\">Autorit\u00e0 di Certificazione<\/a><br><a href=\"https:\/\/www.lazioeuropa.it\/archivio1420\/por_fse-16\/struttura_organizzativa-71\/autorita_di_audit-26\/\">Autorit\u00e0 di Audit<\/a><br><a href=\"https:\/\/www.lazioeuropa.it\/archivio1420\/por_fse-16\/struttura_organizzativa-71\/organismi_intermedi-52\/\">Organismi intermedi<\/a><\/strong><\/p>\n<\/div>\n<\/div>\n\n\n<p style=\"text-align: justify;\">La <a href=\"https:\/\/www.lazioeuropa.it\/archivio1420\/app\/uploads\/2022\/05\/2020-3621.pdf\" target=\"_blank\" rel=\"noopener\">determinazione&nbsp;n.&nbsp;G05616 del 12 maggio 2020<\/a> ha approvato il Sistema di Gestione e Controllo della Sovvenzione Globale &#8220;Buoni servizio all&#8217;infanzia e ai soggetti non autosufficienti&#8221;, aggiudicata all&#8217;Organismo Intermedio RTI Edenred Italia S.r.l. &#8211; MBS S.r.l., prendendo inoltre atto&nbsp;del recepimento del Manuale delle procedure e approvando&nbsp;il Manuale delle procedure e la Pista di controllo, la citata determinazione conclude&nbsp;il processo di designazione dell\u2019Organismo Intermedio.<\/p>\n<p style=\"text-align: justify;\">La <a href=\"https:\/\/www.lazioeuropa.it\/archivio1420\/app\/uploads\/2022\/02\/dd_g01286_09_02_2022.pdf\" target=\"_blank\" rel=\"noopener\">determinazione n. G01286&nbsp;del 9 febbraio 2022<\/a> ha modificato&nbsp;i termini dell\u2019atto di delega alla&nbsp;Citt\u00e0 Metropolitana di Roma Capitale, di cui alla determinazione n. G01511\/2019 che individuava&nbsp;la stessa Citt\u00e0 Metropolitana di Roma Capitale quale Organismo Intermedio&nbsp;e approvava il relativo schema di Convenzione.<\/p>","protected":false},"excerpt":{"rendered":"<p>Ai sensi del Regolamento UE n. 1303\/2013, l&#8217;organismo intermedio agisce sotto la responsabilit\u00e0 dell&#8217;Autorit\u00e0 di Gestione o dell&#8217;Autorit\u00e0 di&nbsp;Certificazione,&nbsp;o svolge mansioni per conto delle stesse&nbsp;Autorit\u00e0 nei&nbsp;confronti dei beneficiari (soggetti che attuano le operazioni). L&#8217;organismo intermedo pu\u00f2 essere designato per lo svolgimento di determinati compiti dell&#8217;autorit\u00e0 di gestione o di certificazione, sotto la responsabilit\u00e0 di queste [&hellip;]<\/p>\n","protected":false},"author":1,"featured_media":0,"parent":8705,"menu_order":0,"comment_status":"closed","ping_status":"closed","template":"","meta":{"_acf_changed":false,"ghostkit_customizer_options":"","ghostkit_custom_css":"","ghostkit_custom_js_head":"","ghostkit_custom_js_foot":"","ghostkit_typography":"","footnotes":""},"class_list":["post-8710","page","type-page","status-publish","hentry"],"acf":[],"yoast_head":"<!-- This site is optimized with the Yoast SEO plugin v24.2 - https:\/\/yoast.com\/wordpress\/plugins\/seo\/ -->\n<title>Organismi intermedi - LazioEuropa Archivio 1420<\/title>\n<meta name=\"robots\" content=\"index, follow, max-snippet:-1, max-image-preview:large, max-video-preview:-1\" \/>\n<link rel=\"canonical\" href=\"https:\/\/www.lazioeuropa.it\/archivio1420\/por_fse-16\/struttura_organizzativa-71\/organismi_intermedi-52\/\" \/>\n<meta property=\"og:locale\" content=\"it_IT\" \/>\n<meta property=\"og:type\" content=\"article\" \/>\n<meta property=\"og:title\" content=\"Organismi intermedi - LazioEuropa Archivio 1420\" \/>\n<meta property=\"og:description\" content=\"Ai sensi del Regolamento UE n. 1303\/2013, l&#8217;organismo intermedio agisce sotto la responsabilit\u00e0 dell&#8217;Autorit\u00e0 di Gestione o dell&#8217;Autorit\u00e0 di&nbsp;Certificazione,&nbsp;o svolge mansioni per conto delle stesse&nbsp;Autorit\u00e0 nei&nbsp;confronti dei beneficiari (soggetti che attuano le operazioni). L&#8217;organismo intermedo pu\u00f2 essere designato per lo svolgimento di determinati compiti dell&#8217;autorit\u00e0 di gestione o di certificazione, sotto la responsabilit\u00e0 di queste [&hellip;]\" \/>\n<meta property=\"og:url\" content=\"https:\/\/www.lazioeuropa.it\/archivio1420\/por_fse-16\/struttura_organizzativa-71\/organismi_intermedi-52\/\" \/>\n<meta property=\"og:site_name\" content=\"LazioEuropa Archivio 1420\" \/>\n<meta property=\"article:modified_time\" content=\"2023-04-20T11:41:51+00:00\" \/>\n<meta name=\"twitter:card\" content=\"summary_large_image\" \/>\n<meta name=\"twitter:label1\" content=\"Est. reading time\" \/>\n\t<meta name=\"twitter:data1\" content=\"2 minuti\" \/>\n<script type=\"application\/ld+json\" class=\"yoast-schema-graph\">{\"@context\":\"https:\/\/schema.org\",\"@graph\":[{\"@type\":\"WebPage\",\"@id\":\"https:\/\/www.lazioeuropa.it\/archivio1420\/por_fse-16\/struttura_organizzativa-71\/organismi_intermedi-52\/\",\"url\":\"https:\/\/www.lazioeuropa.it\/archivio1420\/por_fse-16\/struttura_organizzativa-71\/organismi_intermedi-52\/\",\"name\":\"Organismi intermedi - LazioEuropa Archivio 1420\",\"isPartOf\":{\"@id\":\"https:\/\/www.lazioeuropa.it\/archivio1420\/#website\"},\"datePublished\":\"2022-04-20T13:27:33+00:00\",\"dateModified\":\"2023-04-20T11:41:51+00:00\",\"breadcrumb\":{\"@id\":\"https:\/\/www.lazioeuropa.it\/archivio1420\/por_fse-16\/struttura_organizzativa-71\/organismi_intermedi-52\/#breadcrumb\"},\"inLanguage\":\"it-IT\",\"potentialAction\":[{\"@type\":\"ReadAction\",\"target\":[\"https:\/\/www.lazioeuropa.it\/archivio1420\/por_fse-16\/struttura_organizzativa-71\/organismi_intermedi-52\/\"]}]},{\"@type\":\"BreadcrumbList\",\"@id\":\"https:\/\/www.lazioeuropa.it\/archivio1420\/por_fse-16\/struttura_organizzativa-71\/organismi_intermedi-52\/#breadcrumb\",\"itemListElement\":[{\"@type\":\"ListItem\",\"position\":1,\"name\":\"Home\",\"item\":\"https:\/\/www.lazioeuropa.it\/archivio1420\/\"},{\"@type\":\"ListItem\",\"position\":2,\"name\":\"POR FSE\",\"item\":\"https:\/\/www.lazioeuropa.it\/archivio1420\/por_fse-16\/\"},{\"@type\":\"ListItem\",\"position\":3,\"name\":\"Struttura organizzativa\",\"item\":\"https:\/\/www.lazioeuropa.it\/archivio1420\/por_fse-16\/struttura_organizzativa-71\/\"},{\"@type\":\"ListItem\",\"position\":4,\"name\":\"Organismi intermedi\"}]},{\"@type\":\"WebSite\",\"@id\":\"https:\/\/www.lazioeuropa.it\/archivio1420\/#website\",\"url\":\"https:\/\/www.lazioeuropa.it\/archivio1420\/\",\"name\":\"LazioEuropa Archivio 1420\",\"description\":\"Lazio Europa\",\"potentialAction\":[{\"@type\":\"SearchAction\",\"target\":{\"@type\":\"EntryPoint\",\"urlTemplate\":\"https:\/\/www.lazioeuropa.it\/archivio1420\/?s={search_term_string}\"},\"query-input\":{\"@type\":\"PropertyValueSpecification\",\"valueRequired\":true,\"valueName\":\"search_term_string\"}}],\"inLanguage\":\"it-IT\"}]}<\/script>\n<!-- \/ Yoast SEO plugin. -->","yoast_head_json":{"title":"Organismi intermedi - LazioEuropa Archivio 1420","robots":{"index":"index","follow":"follow","max-snippet":"max-snippet:-1","max-image-preview":"max-image-preview:large","max-video-preview":"max-video-preview:-1"},"canonical":"https:\/\/www.lazioeuropa.it\/archivio1420\/por_fse-16\/struttura_organizzativa-71\/organismi_intermedi-52\/","og_locale":"it_IT","og_type":"article","og_title":"Organismi intermedi - LazioEuropa Archivio 1420","og_description":"Ai sensi del Regolamento UE n. 1303\/2013, l&#8217;organismo intermedio agisce sotto la responsabilit\u00e0 dell&#8217;Autorit\u00e0 di Gestione o dell&#8217;Autorit\u00e0 di&nbsp;Certificazione,&nbsp;o svolge mansioni per conto delle stesse&nbsp;Autorit\u00e0 nei&nbsp;confronti dei beneficiari (soggetti che attuano le operazioni). L&#8217;organismo intermedo pu\u00f2 essere designato per lo svolgimento di determinati compiti dell&#8217;autorit\u00e0 di gestione o di certificazione, sotto la responsabilit\u00e0 di queste [&hellip;]","og_url":"https:\/\/www.lazioeuropa.it\/archivio1420\/por_fse-16\/struttura_organizzativa-71\/organismi_intermedi-52\/","og_site_name":"LazioEuropa Archivio 1420","article_modified_time":"2023-04-20T11:41:51+00:00","twitter_card":"summary_large_image","twitter_misc":{"Est. reading time":"2 minuti"},"schema":{"@context":"https:\/\/schema.org","@graph":[{"@type":"WebPage","@id":"https:\/\/www.lazioeuropa.it\/archivio1420\/por_fse-16\/struttura_organizzativa-71\/organismi_intermedi-52\/","url":"https:\/\/www.lazioeuropa.it\/archivio1420\/por_fse-16\/struttura_organizzativa-71\/organismi_intermedi-52\/","name":"Organismi intermedi - LazioEuropa Archivio 1420","isPartOf":{"@id":"https:\/\/www.lazioeuropa.it\/archivio1420\/#website"},"datePublished":"2022-04-20T13:27:33+00:00","dateModified":"2023-04-20T11:41:51+00:00","breadcrumb":{"@id":"https:\/\/www.lazioeuropa.it\/archivio1420\/por_fse-16\/struttura_organizzativa-71\/organismi_intermedi-52\/#breadcrumb"},"inLanguage":"it-IT","potentialAction":[{"@type":"ReadAction","target":["https:\/\/www.lazioeuropa.it\/archivio1420\/por_fse-16\/struttura_organizzativa-71\/organismi_intermedi-52\/"]}]},{"@type":"BreadcrumbList","@id":"https:\/\/www.lazioeuropa.it\/archivio1420\/por_fse-16\/struttura_organizzativa-71\/organismi_intermedi-52\/#breadcrumb","itemListElement":[{"@type":"ListItem","position":1,"name":"Home","item":"https:\/\/www.lazioeuropa.it\/archivio1420\/"},{"@type":"ListItem","position":2,"name":"POR FSE","item":"https:\/\/www.lazioeuropa.it\/archivio1420\/por_fse-16\/"},{"@type":"ListItem","position":3,"name":"Struttura organizzativa","item":"https:\/\/www.lazioeuropa.it\/archivio1420\/por_fse-16\/struttura_organizzativa-71\/"},{"@type":"ListItem","position":4,"name":"Organismi intermedi"}]},{"@type":"WebSite","@id":"https:\/\/www.lazioeuropa.it\/archivio1420\/#website","url":"https:\/\/www.lazioeuropa.it\/archivio1420\/","name":"LazioEuropa Archivio 1420","description":"Lazio Europa","potentialAction":[{"@type":"SearchAction","target":{"@type":"EntryPoint","urlTemplate":"https:\/\/www.lazioeuropa.it\/archivio1420\/?s={search_term_string}"},"query-input":{"@type":"PropertyValueSpecification","valueRequired":true,"valueName":"search_term_string"}}],"inLanguage":"it-IT"}]}},"featured_image_src":null,"featured_image_src_square":null,"_links":{"self":[{"href":"https:\/\/www.lazioeuropa.it\/archivio1420\/wp-json\/wp\/v2\/pages\/8710","targetHints":{"allow":["GET"]}}],"collection":[{"href":"https:\/\/www.lazioeuropa.it\/archivio1420\/wp-json\/wp\/v2\/pages"}],"about":[{"href":"https:\/\/www.lazioeuropa.it\/archivio1420\/wp-json\/wp\/v2\/types\/page"}],"author":[{"embeddable":true,"href":"https:\/\/www.lazioeuropa.it\/archivio1420\/wp-json\/wp\/v2\/users\/1"}],"replies":[{"embeddable":true,"href":"https:\/\/www.lazioeuropa.it\/archivio1420\/wp-json\/wp\/v2\/comments?post=8710"}],"version-history":[{"count":5,"href":"https:\/\/www.lazioeuropa.it\/archivio1420\/wp-json\/wp\/v2\/pages\/8710\/revisions"}],"predecessor-version":[{"id":10174,"href":"https:\/\/www.lazioeuropa.it\/archivio1420\/wp-json\/wp\/v2\/pages\/8710\/revisions\/10174"}],"up":[{"embeddable":true,"href":"https:\/\/www.lazioeuropa.it\/archivio1420\/wp-json\/wp\/v2\/pages\/8705"}],"wp:attachment":[{"href":"https:\/\/www.lazioeuropa.it\/archivio1420\/wp-json\/wp\/v2\/media?parent=8710"}],"curies":[{"name":"wp","href":"https:\/\/api.w.org\/{rel}","templated":true}]}}