{"id":8711,"date":"2022-04-20T15:27:33","date_gmt":"2022-04-20T13:27:33","guid":{"rendered":"https:\/\/www.lazioeuropa.it\/archivio1420\/por_fse-16\/comitato_di_sorveglianza-72\/"},"modified":"2023-04-20T13:45:03","modified_gmt":"2023-04-20T11:45:03","slug":"comitato_di_sorveglianza-72","status":"publish","type":"page","link":"https:\/\/www.lazioeuropa.it\/archivio1420\/por_fse-16\/comitato_di_sorveglianza-72\/","title":{"rendered":"Comitato di sorveglianza"},"content":{"rendered":"\n<div class=\"wp-block-columns is-layout-flex wp-container-core-columns-is-layout-1 wp-block-columns-is-layout-flex\">\n<div class=\"wp-block-column is-layout-flow wp-block-column-is-layout-flow\" style=\"flex-basis:66.66%\">\n<p><br>Le funzioni, i compiti e i criteri per la composizione del Comitato di sorveglianza sono definiti dal Regolamento UE n. 1303\/2013.<\/p>\n\n\n\n<p>Il Comitato si riunisce almeno una volta l&#8217;anno per valutare l&#8217;attuazione del Programma e i progressi compiuti nel conseguimento dei suoi obiettivi. A tale proposito, tiene conto dei dati finanziari e degli indicatori comuni e specifici del programma, ivi compresi i cambiamenti nel valore degli indicatori di risultato e i progressi verso target quantificati, nonch\u00e9 dei target intermedi definiti nel quadro di riferimento dell&#8217;efficacia dell&#8217;attuazione e, se del caso, dei risultati delle analisi qualitative.<\/p>\n\n\n\n<p>Inoltre, esamina tutti gli aspetti che incidono sui risultati del Programma, comprese le conclusioni delle verifiche di efficacia dell\u2019attuazione.<\/p>\n\n\n\n<p>Il Comitato di sorveglianza \u00e8 consultato e, qualora lo ritenga opportuno, esprime un parere sulle eventuali modifiche del Programma proposte dall&#8217;Autorit\u00e0 di gestione; pu\u00f2 anche formulare osservazioni all&#8217;Autorit\u00e0 di gestione in merito all&#8217;attuazione e alla valutazione del Programma, comprese azioni relative alla riduzione degli oneri amministrativi a carico dei beneficiari.<\/p>\n<\/div>\n\n\n\n<div class=\"wp-block-column is-layout-flow wp-block-column-is-layout-flow\" style=\"flex-basis:33.33%\">\n<p class=\"has-text-color has-background\" style=\"color:#082386;background-color:#c6deee;font-size:16px\"><strong><a href=\"https:\/\/www.lazioeuropa.it\/archivio1420\/por_fse-16\/\">Il programma &#8211; POR FSE 2014-2020<\/a><br><a href=\"https:\/\/www.lazioeuropa.it\/archivio1420\/por_fse-16\/struttura_organizzativa-71\/\">Struttura organizzativa<\/a><br><a href=\"https:\/\/www.lazioeuropa.it\/archivio1420\/por_fse-16\/comitato_di_sorveglianza-72\/\">Comitato di sorveglianza<\/a><br><a href=\"https:\/\/www.lazioeuropa.it\/archivio1420\/por_fse-16\/sistema_di_gestione_e_controllo-107\/\">Sistema di gestione e controllo<\/a><br><a href=\"https:\/\/www.lazioeuropa.it\/archivio1420\/por_fse-16\/misure_antifrode-152\/\">Misure antifrode<\/a><br><a href=\"https:\/\/www.lazioeuropa.it\/archivio1420\/por_fse-16\/attuazione_del_programma-129\/\">Attuazione del Programma<\/a><br><a href=\"https:\/\/www.lazioeuropa.it\/archivio1420\/por_fse-16\/sistema_informativo-128\/\">Sistema informativo<\/a><br><a href=\"https:\/\/www.lazioeuropa.it\/archivio1420\/por_fse-16\/valutazione-74\/\">Valutazione<\/a><br><a href=\"https:\/\/www.lazioeuropa.it\/archivio1420\/por_fse-16\/comunicazione_e_identita_visiva-75\/\">Comunicazione e identit\u00e0 visiva<\/a><br><a href=\"https:\/\/www.lazioeuropa.it\/archivio1420\/por_fse-16\/partenariato-73\/\">Partenariato<\/a><br><a href=\"https:\/\/www.lazioeuropa.it\/archivio1420\/por_fse-16\/documentazione-108\/\">Documentazione<\/a><\/strong><\/p>\n\n\n\n<p><\/p>\n\n\n\n<p class=\"has-text-color has-background\" style=\"color:#082386;background-color:#d0d3d5;font-size:16px\"><strong><a href=\"https:\/\/www.lazioeuropa.it\/archivio1420\/por_fse-16\/comitato_di_sorveglianza-72\/relazioni_di_attuazione-39\/\">Relazioni di attuazione<\/a><br><a href=\"https:\/\/www.lazioeuropa.it\/archivio1420\/por_fse-16\/comitato_di_sorveglianza-72\/verbali-53\/\">Verbali<\/a><\/strong><\/p>\n<\/div>\n<\/div>\n\n\n<div>\n<div style=\"text-align: justify;\">In particolare, il Comitato di sorveglianza esamina:<\/div>\n<div style=\"text-align: justify;\">&nbsp;<\/div>\n<ul>\n<li style=\"text-align: justify;\">ogni aspetto che incide sui risultati del programma operativo;<\/li>\n<li style=\"text-align: justify;\">i progressi realizzati nell&#8217;attuazione del piano di valutazione e il seguito dato ai risultati delle valutazioni;<\/li>\n<li style=\"text-align: justify;\">l&#8217;attuazione della strategia di comunicazione;<\/li>\n<li style=\"text-align: justify;\">l&#8217;esecuzione dei grandi progetti;<\/li>\n<li style=\"text-align: justify;\">l&#8217;attuazione dei piani d&#8217;azione comuni;<\/li>\n<li style=\"text-align: justify;\">le azioni intese a promuovere la parit\u00e0 tra uomini e donne, le pari opportunit\u00e0, la non discriminazione, compresa l&#8217;accessibilit\u00e0 per persone con disabilit\u00e0;<\/li>\n<li style=\"text-align: justify;\">le azioni intese a promuovere lo sviluppo sostenibile;<\/li>\n<li style=\"text-align: justify;\">gli strumenti finanziari.<\/li>\n<\/ul>\n<div style=\"text-align: justify;\">Infine, il Comitato di sorveglianza esamina e approva:<\/div>\n<ul>\n<li style=\"text-align: justify;\">la metodologia e i criteri usati per la selezione delle operazioni;<\/li>\n<li style=\"text-align: justify;\">le relazioni di attuazione annuali e finali;<\/li>\n<li style=\"text-align: justify;\">il piano di valutazione del programma operativo ed eventuali modifiche dello stesso, anche quando uno dei due \u00e8 parte del piano di valutazione comune a norma dell&#8217;articolo 114, paragrafo 1;<\/li>\n<li style=\"text-align: justify;\">la strategia di comunicazione per il programma operativo ed eventuali modifiche della stessa;<\/li>\n<li style=\"text-align: justify;\">eventuali proposte di modifiche al programma operativo presentate dall&#8217;autorit\u00e0 di gestione.<\/li>\n<\/ul>\n<p style=\"text-align: justify;\">Il Comitato di Sorveglianza del POR FSE Lazio 2014-2020 \u00e8 stato istituito con&nbsp;<a href=\"https:\/\/www.lazioeuropa.it\/archivio1420\/app\/uploads\/2015\/05\/dgr_83_13_03_2015.pdf\" target=\"_blank\" rel=\"noopener\">Deliberazione della Giunta regionale n. 83&nbsp;del 13 marzo 2015<\/a>.<\/p>\n<p style=\"text-align: justify;\">\n<\/p><p style=\"text-align: justify;\"><a href=\"https:\/\/www.lazioeuropa.it\/archivio1420\/app\/uploads\/2015\/06\/fse_regolamento_interno_cds.pdf\" target=\"_blank\" rel=\"noopener\"><strong>Regolamento del Comitato di sorveglianza<\/strong><\/a> (approvato nella riunione del 27 maggio 2015)<\/p>\n<p style=\"text-align: justify;\"><a href=\"https:\/\/www.lazioeuropa.it\/archivio1420\/app\/uploads\/2016\/04\/por_fse_2014_2020_criteri_selezione.pdf\" target=\"_blank\" rel=\"noopener\"><strong>Criteri di selezione delle operazioni<\/strong><\/a> (approvati nella riunione del 27 maggio 2015)<\/p>\n<p style=\"text-align: justify;\"><a href=\"https:\/\/www.lazioeuropa.it\/archivio1420\/por_fse-16\/comitato_di_sorveglianza-72\/relazioni_di_attuazione-39\/\" target=\"_self\" rel=\"noopener\"><strong>Relazioni di attuazione<\/strong><\/a><\/p>\n<p style=\"text-align: justify;\"><a href=\"https:\/\/www.lazioeuropa.it\/archivio1420\/por_fse-16\/comitato_di_sorveglianza-72\/verbali-53\/\" target=\"_self\" rel=\"noopener\"><strong>Verbali<\/strong><\/a><\/p>\n<p style=\"text-align: justify;\">\n<\/p><p style=\"text-align: justify;\">\n<\/p><\/div>","protected":false},"excerpt":{"rendered":"<p>Le funzioni, i compiti e i criteri per la composizione del Comitato di sorveglianza sono definiti dal Regolamento UE n. 1303\/2013. Il Comitato si riunisce almeno una volta l&#8217;anno per valutare l&#8217;attuazione del Programma e i progressi compiuti nel conseguimento dei suoi obiettivi. A tale proposito, tiene conto dei dati finanziari e degli indicatori comuni [&hellip;]<\/p>\n","protected":false},"author":1,"featured_media":0,"parent":8702,"menu_order":0,"comment_status":"closed","ping_status":"closed","template":"","meta":{"_acf_changed":false,"ghostkit_customizer_options":"","ghostkit_custom_css":"","ghostkit_custom_js_head":"","ghostkit_custom_js_foot":"","ghostkit_typography":"","footnotes":""},"class_list":["post-8711","page","type-page","status-publish","hentry"],"acf":[],"yoast_head":"<!-- This site is optimized with the Yoast SEO plugin v24.2 - https:\/\/yoast.com\/wordpress\/plugins\/seo\/ -->\n<title>Comitato di sorveglianza - LazioEuropa Archivio 1420<\/title>\n<meta name=\"robots\" content=\"index, follow, max-snippet:-1, max-image-preview:large, max-video-preview:-1\" \/>\n<link rel=\"canonical\" href=\"https:\/\/www.lazioeuropa.it\/archivio1420\/por_fse-16\/comitato_di_sorveglianza-72\/\" \/>\n<meta property=\"og:locale\" content=\"it_IT\" \/>\n<meta property=\"og:type\" content=\"article\" \/>\n<meta property=\"og:title\" content=\"Comitato di sorveglianza - LazioEuropa Archivio 1420\" \/>\n<meta property=\"og:description\" content=\"Le funzioni, i compiti e i criteri per la composizione del Comitato di sorveglianza sono definiti dal Regolamento UE n. 1303\/2013. Il Comitato si riunisce almeno una volta l&#8217;anno per valutare l&#8217;attuazione del Programma e i progressi compiuti nel conseguimento dei suoi obiettivi. A tale proposito, tiene conto dei dati finanziari e degli indicatori comuni [&hellip;]\" \/>\n<meta property=\"og:url\" content=\"https:\/\/www.lazioeuropa.it\/archivio1420\/por_fse-16\/comitato_di_sorveglianza-72\/\" \/>\n<meta property=\"og:site_name\" content=\"LazioEuropa Archivio 1420\" \/>\n<meta property=\"article:modified_time\" content=\"2023-04-20T11:45:03+00:00\" \/>\n<meta name=\"twitter:card\" content=\"summary_large_image\" \/>\n<meta name=\"twitter:label1\" content=\"Est. reading time\" \/>\n\t<meta name=\"twitter:data1\" content=\"2 minuti\" \/>\n<script type=\"application\/ld+json\" class=\"yoast-schema-graph\">{\"@context\":\"https:\/\/schema.org\",\"@graph\":[{\"@type\":\"WebPage\",\"@id\":\"https:\/\/www.lazioeuropa.it\/archivio1420\/por_fse-16\/comitato_di_sorveglianza-72\/\",\"url\":\"https:\/\/www.lazioeuropa.it\/archivio1420\/por_fse-16\/comitato_di_sorveglianza-72\/\",\"name\":\"Comitato di sorveglianza - LazioEuropa Archivio 1420\",\"isPartOf\":{\"@id\":\"https:\/\/www.lazioeuropa.it\/archivio1420\/#website\"},\"datePublished\":\"2022-04-20T13:27:33+00:00\",\"dateModified\":\"2023-04-20T11:45:03+00:00\",\"breadcrumb\":{\"@id\":\"https:\/\/www.lazioeuropa.it\/archivio1420\/por_fse-16\/comitato_di_sorveglianza-72\/#breadcrumb\"},\"inLanguage\":\"it-IT\",\"potentialAction\":[{\"@type\":\"ReadAction\",\"target\":[\"https:\/\/www.lazioeuropa.it\/archivio1420\/por_fse-16\/comitato_di_sorveglianza-72\/\"]}]},{\"@type\":\"BreadcrumbList\",\"@id\":\"https:\/\/www.lazioeuropa.it\/archivio1420\/por_fse-16\/comitato_di_sorveglianza-72\/#breadcrumb\",\"itemListElement\":[{\"@type\":\"ListItem\",\"position\":1,\"name\":\"Home\",\"item\":\"https:\/\/www.lazioeuropa.it\/archivio1420\/\"},{\"@type\":\"ListItem\",\"position\":2,\"name\":\"POR FSE\",\"item\":\"https:\/\/www.lazioeuropa.it\/archivio1420\/por_fse-16\/\"},{\"@type\":\"ListItem\",\"position\":3,\"name\":\"Comitato di sorveglianza\"}]},{\"@type\":\"WebSite\",\"@id\":\"https:\/\/www.lazioeuropa.it\/archivio1420\/#website\",\"url\":\"https:\/\/www.lazioeuropa.it\/archivio1420\/\",\"name\":\"LazioEuropa Archivio 1420\",\"description\":\"Lazio Europa\",\"potentialAction\":[{\"@type\":\"SearchAction\",\"target\":{\"@type\":\"EntryPoint\",\"urlTemplate\":\"https:\/\/www.lazioeuropa.it\/archivio1420\/?s={search_term_string}\"},\"query-input\":{\"@type\":\"PropertyValueSpecification\",\"valueRequired\":true,\"valueName\":\"search_term_string\"}}],\"inLanguage\":\"it-IT\"}]}<\/script>\n<!-- \/ Yoast SEO plugin. -->","yoast_head_json":{"title":"Comitato di sorveglianza - LazioEuropa Archivio 1420","robots":{"index":"index","follow":"follow","max-snippet":"max-snippet:-1","max-image-preview":"max-image-preview:large","max-video-preview":"max-video-preview:-1"},"canonical":"https:\/\/www.lazioeuropa.it\/archivio1420\/por_fse-16\/comitato_di_sorveglianza-72\/","og_locale":"it_IT","og_type":"article","og_title":"Comitato di sorveglianza - LazioEuropa Archivio 1420","og_description":"Le funzioni, i compiti e i criteri per la composizione del Comitato di sorveglianza sono definiti dal Regolamento UE n. 1303\/2013. Il Comitato si riunisce almeno una volta l&#8217;anno per valutare l&#8217;attuazione del Programma e i progressi compiuti nel conseguimento dei suoi obiettivi. A tale proposito, tiene conto dei dati finanziari e degli indicatori comuni [&hellip;]","og_url":"https:\/\/www.lazioeuropa.it\/archivio1420\/por_fse-16\/comitato_di_sorveglianza-72\/","og_site_name":"LazioEuropa Archivio 1420","article_modified_time":"2023-04-20T11:45:03+00:00","twitter_card":"summary_large_image","twitter_misc":{"Est. reading time":"2 minuti"},"schema":{"@context":"https:\/\/schema.org","@graph":[{"@type":"WebPage","@id":"https:\/\/www.lazioeuropa.it\/archivio1420\/por_fse-16\/comitato_di_sorveglianza-72\/","url":"https:\/\/www.lazioeuropa.it\/archivio1420\/por_fse-16\/comitato_di_sorveglianza-72\/","name":"Comitato di sorveglianza - LazioEuropa Archivio 1420","isPartOf":{"@id":"https:\/\/www.lazioeuropa.it\/archivio1420\/#website"},"datePublished":"2022-04-20T13:27:33+00:00","dateModified":"2023-04-20T11:45:03+00:00","breadcrumb":{"@id":"https:\/\/www.lazioeuropa.it\/archivio1420\/por_fse-16\/comitato_di_sorveglianza-72\/#breadcrumb"},"inLanguage":"it-IT","potentialAction":[{"@type":"ReadAction","target":["https:\/\/www.lazioeuropa.it\/archivio1420\/por_fse-16\/comitato_di_sorveglianza-72\/"]}]},{"@type":"BreadcrumbList","@id":"https:\/\/www.lazioeuropa.it\/archivio1420\/por_fse-16\/comitato_di_sorveglianza-72\/#breadcrumb","itemListElement":[{"@type":"ListItem","position":1,"name":"Home","item":"https:\/\/www.lazioeuropa.it\/archivio1420\/"},{"@type":"ListItem","position":2,"name":"POR FSE","item":"https:\/\/www.lazioeuropa.it\/archivio1420\/por_fse-16\/"},{"@type":"ListItem","position":3,"name":"Comitato di sorveglianza"}]},{"@type":"WebSite","@id":"https:\/\/www.lazioeuropa.it\/archivio1420\/#website","url":"https:\/\/www.lazioeuropa.it\/archivio1420\/","name":"LazioEuropa Archivio 1420","description":"Lazio Europa","potentialAction":[{"@type":"SearchAction","target":{"@type":"EntryPoint","urlTemplate":"https:\/\/www.lazioeuropa.it\/archivio1420\/?s={search_term_string}"},"query-input":{"@type":"PropertyValueSpecification","valueRequired":true,"valueName":"search_term_string"}}],"inLanguage":"it-IT"}]}},"featured_image_src":null,"featured_image_src_square":null,"_links":{"self":[{"href":"https:\/\/www.lazioeuropa.it\/archivio1420\/wp-json\/wp\/v2\/pages\/8711","targetHints":{"allow":["GET"]}}],"collection":[{"href":"https:\/\/www.lazioeuropa.it\/archivio1420\/wp-json\/wp\/v2\/pages"}],"about":[{"href":"https:\/\/www.lazioeuropa.it\/archivio1420\/wp-json\/wp\/v2\/types\/page"}],"author":[{"embeddable":true,"href":"https:\/\/www.lazioeuropa.it\/archivio1420\/wp-json\/wp\/v2\/users\/1"}],"replies":[{"embeddable":true,"href":"https:\/\/www.lazioeuropa.it\/archivio1420\/wp-json\/wp\/v2\/comments?post=8711"}],"version-history":[{"count":4,"href":"https:\/\/www.lazioeuropa.it\/archivio1420\/wp-json\/wp\/v2\/pages\/8711\/revisions"}],"predecessor-version":[{"id":10179,"href":"https:\/\/www.lazioeuropa.it\/archivio1420\/wp-json\/wp\/v2\/pages\/8711\/revisions\/10179"}],"up":[{"embeddable":true,"href":"https:\/\/www.lazioeuropa.it\/archivio1420\/wp-json\/wp\/v2\/pages\/8702"}],"wp:attachment":[{"href":"https:\/\/www.lazioeuropa.it\/archivio1420\/wp-json\/wp\/v2\/media?parent=8711"}],"curies":[{"name":"wp","href":"https:\/\/api.w.org\/{rel}","templated":true}]}}