{"id":8727,"date":"2022-04-20T15:27:33","date_gmt":"2022-04-20T13:27:33","guid":{"rendered":"https:\/\/www.lazioeuropa.it\/archivio1420\/por_fse-16\/sistema_informativo-128\/"},"modified":"2023-04-20T14:43:13","modified_gmt":"2023-04-20T12:43:13","slug":"sistema_informativo-128","status":"publish","type":"page","link":"https:\/\/www.lazioeuropa.it\/archivio1420\/por_fse-16\/sistema_informativo-128\/","title":{"rendered":"Sistema informativo"},"content":{"rendered":"\n<p class=\"has-background\" style=\"background-color:#eceef0\"><strong>Comunicato riattivazione Sistema SiGeM<\/strong><br><br>Si comunica che a partire da oggi 20 aprile 2023 il sistema SiGem \u00e8 stato diviso in due applicativi, uno dedicato alla nuova programmazione PR FSE+ 21\/27 ed uno alla programmazione PO FSE 14\/20 e agli interventi finanziati con altre risorse.<br>Tutti gli interventi finanziati con il PR FSE 2021-2027 sono stati associati al nuovo applicativo, e quindi solo accedendo all\u2019apposita sezione sar\u00e0 possibile visualizzarli.<br>Si evidenzia che I progetti il cui codice contiene la lettera \u201cD\u201d si trovano nella sezione SIGEM PR FSE+ 2021-2027.<br>Il link per accedere a SIGEM 14-20 e 21-27 \u00e8 il seguente <a href=\"https:\/\/sicer.regione.lazio.it\/sigem\/\">SIGEM (regione.lazio.it)<\/a>. e si suggerisce di inserirlo nei \u201clink preferiti\u201d, sostituendolo al collegamento precedente<br>Si precisa che le credenziali di accesso sono rimaste invariate.<\/p>\n\n\n\n<div class=\"wp-block-columns is-layout-flex wp-container-core-columns-is-layout-1 wp-block-columns-is-layout-flex\">\n<div class=\"wp-block-column is-layout-flow wp-block-column-is-layout-flow\" style=\"flex-basis:66.66%\">\n<p><br>Con la programmazione 2014\/2020 la Regione Lazio ha avviato un processo di innovazione e semplificazione della gestione dei progetti finanziati con i fondi SIE, supportata da nuovi sistemi informativi.<br><\/p>\n\n\n\n<p><br>Attraverso il Sistema di Gestione e Monitoraggio (SiGeM) del POR FSE Lazio 2014-2020, a partire dalla gestione degli Avvisi Pubblici, ha l&#8217;obiettivo di:<\/p>\n\n\n\n<ul class=\"wp-block-list\">\n<li>Ridurre drasticamente riduzione la trasmissione di documentazione cartacea da e verso la Regione;<\/li>\n\n\n\n<li>Ridurre i tempi per la gestione di ogni fase delle attivit\u00e0 correlate agli Avvisi;<\/li>\n\n\n\n<li>Assicurare una maggiore trasparenza sullo stato di attuazione degli interventi.<\/li>\n<\/ul>\n\n\n\n<p><\/p>\n<\/div>\n\n\n\n<div class=\"wp-block-column is-layout-flow wp-block-column-is-layout-flow\" style=\"flex-basis:33.33%\">\n<p class=\"has-text-color has-background\" style=\"color:#082386;background-color:#c6deee;font-size:16px\"><strong><a href=\"https:\/\/www.lazioeuropa.it\/archivio1420\/por_fse-16\/\">Il programma &#8211; POR FSE 2014-2020<\/a><br><a href=\"https:\/\/www.lazioeuropa.it\/archivio1420\/por_fse-16\/struttura_organizzativa-71\/\">Struttura organizzativa<\/a><br><a href=\"https:\/\/www.lazioeuropa.it\/archivio1420\/por_fse-16\/comitato_di_sorveglianza-72\/\">Comitato di sorveglianza<\/a><br><a href=\"https:\/\/www.lazioeuropa.it\/archivio1420\/por_fse-16\/sistema_di_gestione_e_controllo-107\/\">Sistema di gestione e controllo<\/a><br><a href=\"https:\/\/www.lazioeuropa.it\/archivio1420\/por_fse-16\/misure_antifrode-152\/\">Misure antifrode<\/a><br><a href=\"https:\/\/www.lazioeuropa.it\/archivio1420\/por_fse-16\/attuazione_del_programma-129\/\">Attuazione del Programma<\/a><br><a href=\"https:\/\/www.lazioeuropa.it\/archivio1420\/por_fse-16\/sistema_informativo-128\/\">Sistema informativo<\/a><br><a href=\"https:\/\/www.lazioeuropa.it\/archivio1420\/por_fse-16\/valutazione-74\/\">Valutazione<\/a><br><a href=\"https:\/\/www.lazioeuropa.it\/archivio1420\/por_fse-16\/comunicazione_e_identita_visiva-75\/\">Comunicazione e identit\u00e0 visiva<\/a><br><a href=\"https:\/\/www.lazioeuropa.it\/archivio1420\/por_fse-16\/partenariato-73\/\">Partenariato<\/a><br><a href=\"https:\/\/www.lazioeuropa.it\/archivio1420\/por_fse-16\/documentazione-108\/\">Documentazione<\/a><\/strong><\/p>\n\n\n\n<p><\/p>\n<\/div>\n<\/div>\n\n\n\n<p>A partire dal 18 luglio 2020 l\u2019accesso a SiGeM \u00e8 consentito previo possesso o nuova registrazione su sistema SPID. Con SPID \u00e8 possibile accedere a sempre pi\u00f9 numerosi servizi della Pubblica Amministrazione centrale e locale.<\/p>\n\n\n\n<p>Dopo l&#8217;accesso con SPID tutti i soggetti che svolgono un ruolo nell&#8217;ambito del POR FSE (Autorit\u00e0 di Gestione, Organismi intermedi, Beneficiari e Destinatari finali) potranno, previa registrazione, svolgere tutte le attivit\u00e0 previste: dalla pubblicazione degli Avvisi e altre procedure di evidenza pubblica, all&#8217;inserimento delle proposte progettuali da parte dei beneficiari, alla selezione\/aggiudicazione dei progetti fino allo rendicontazione e al monitoraggio.<\/p>\n\n\n\n<p><a href=\"https:\/\/www.lazioeuropa.it\/archivio1420\/app\/uploads\/2022\/06\/ComunicatoDirettrice_SPID_def.pdf\" target=\"_blank\" rel=\"noopener\">Comunicato Accesso a SIGEM tramite SPID<\/a><\/p>\n\n\n\n<p><a href=\"https:\/\/sicer.regione.lazio.it\/sigem-gestione\/\" target=\"_blank\" rel=\"noopener\"><strong>Sistema di Gestione e Monitoraggio (SiGeM) del POR FSE Lazio 2014-2020<\/strong><\/a> (home page)<\/p>\n","protected":false},"excerpt":{"rendered":"<p>Comunicato riattivazione Sistema SiGeM Si comunica che a partire da oggi 20 aprile 2023 il sistema SiGem \u00e8 stato diviso in due applicativi, uno dedicato alla nuova programmazione PR FSE+ 21\/27 ed uno alla programmazione PO FSE 14\/20 e agli interventi finanziati con altre risorse.Tutti gli interventi finanziati con il PR FSE 2021-2027 sono stati [&hellip;]<\/p>\n","protected":false},"author":1,"featured_media":0,"parent":8702,"menu_order":0,"comment_status":"closed","ping_status":"closed","template":"","meta":{"_acf_changed":false,"ghostkit_customizer_options":"","ghostkit_custom_css":"","ghostkit_custom_js_head":"","ghostkit_custom_js_foot":"","ghostkit_typography":"","footnotes":""},"class_list":["post-8727","page","type-page","status-publish","hentry"],"acf":[],"yoast_head":"<!-- This site is optimized with the Yoast SEO plugin v24.2 - https:\/\/yoast.com\/wordpress\/plugins\/seo\/ -->\n<title>Sistema informativo - LazioEuropa Archivio 1420<\/title>\n<meta name=\"robots\" content=\"index, follow, max-snippet:-1, max-image-preview:large, max-video-preview:-1\" \/>\n<link rel=\"canonical\" href=\"https:\/\/www.lazioeuropa.it\/archivio1420\/por_fse-16\/sistema_informativo-128\/\" \/>\n<meta property=\"og:locale\" content=\"it_IT\" \/>\n<meta property=\"og:type\" content=\"article\" \/>\n<meta property=\"og:title\" content=\"Sistema informativo - LazioEuropa Archivio 1420\" \/>\n<meta property=\"og:description\" content=\"Comunicato riattivazione Sistema SiGeM Si comunica che a partire da oggi 20 aprile 2023 il sistema SiGem \u00e8 stato diviso in due applicativi, uno dedicato alla nuova programmazione PR FSE+ 21\/27 ed uno alla programmazione PO FSE 14\/20 e agli interventi finanziati con altre risorse.Tutti gli interventi finanziati con il PR FSE 2021-2027 sono stati [&hellip;]\" \/>\n<meta property=\"og:url\" content=\"https:\/\/www.lazioeuropa.it\/archivio1420\/por_fse-16\/sistema_informativo-128\/\" \/>\n<meta property=\"og:site_name\" content=\"LazioEuropa Archivio 1420\" \/>\n<meta property=\"article:modified_time\" content=\"2023-04-20T12:43:13+00:00\" \/>\n<meta name=\"twitter:card\" content=\"summary_large_image\" \/>\n<meta name=\"twitter:label1\" content=\"Est. reading time\" \/>\n\t<meta name=\"twitter:data1\" content=\"2 minuti\" \/>\n<script type=\"application\/ld+json\" class=\"yoast-schema-graph\">{\"@context\":\"https:\/\/schema.org\",\"@graph\":[{\"@type\":\"WebPage\",\"@id\":\"https:\/\/www.lazioeuropa.it\/archivio1420\/por_fse-16\/sistema_informativo-128\/\",\"url\":\"https:\/\/www.lazioeuropa.it\/archivio1420\/por_fse-16\/sistema_informativo-128\/\",\"name\":\"Sistema informativo - LazioEuropa Archivio 1420\",\"isPartOf\":{\"@id\":\"https:\/\/www.lazioeuropa.it\/archivio1420\/#website\"},\"datePublished\":\"2022-04-20T13:27:33+00:00\",\"dateModified\":\"2023-04-20T12:43:13+00:00\",\"breadcrumb\":{\"@id\":\"https:\/\/www.lazioeuropa.it\/archivio1420\/por_fse-16\/sistema_informativo-128\/#breadcrumb\"},\"inLanguage\":\"it-IT\",\"potentialAction\":[{\"@type\":\"ReadAction\",\"target\":[\"https:\/\/www.lazioeuropa.it\/archivio1420\/por_fse-16\/sistema_informativo-128\/\"]}]},{\"@type\":\"BreadcrumbList\",\"@id\":\"https:\/\/www.lazioeuropa.it\/archivio1420\/por_fse-16\/sistema_informativo-128\/#breadcrumb\",\"itemListElement\":[{\"@type\":\"ListItem\",\"position\":1,\"name\":\"Home\",\"item\":\"https:\/\/www.lazioeuropa.it\/archivio1420\/\"},{\"@type\":\"ListItem\",\"position\":2,\"name\":\"POR FSE\",\"item\":\"https:\/\/www.lazioeuropa.it\/archivio1420\/por_fse-16\/\"},{\"@type\":\"ListItem\",\"position\":3,\"name\":\"Sistema informativo\"}]},{\"@type\":\"WebSite\",\"@id\":\"https:\/\/www.lazioeuropa.it\/archivio1420\/#website\",\"url\":\"https:\/\/www.lazioeuropa.it\/archivio1420\/\",\"name\":\"LazioEuropa Archivio 1420\",\"description\":\"Lazio Europa\",\"potentialAction\":[{\"@type\":\"SearchAction\",\"target\":{\"@type\":\"EntryPoint\",\"urlTemplate\":\"https:\/\/www.lazioeuropa.it\/archivio1420\/?s={search_term_string}\"},\"query-input\":{\"@type\":\"PropertyValueSpecification\",\"valueRequired\":true,\"valueName\":\"search_term_string\"}}],\"inLanguage\":\"it-IT\"}]}<\/script>\n<!-- \/ Yoast SEO plugin. -->","yoast_head_json":{"title":"Sistema informativo - LazioEuropa Archivio 1420","robots":{"index":"index","follow":"follow","max-snippet":"max-snippet:-1","max-image-preview":"max-image-preview:large","max-video-preview":"max-video-preview:-1"},"canonical":"https:\/\/www.lazioeuropa.it\/archivio1420\/por_fse-16\/sistema_informativo-128\/","og_locale":"it_IT","og_type":"article","og_title":"Sistema informativo - LazioEuropa Archivio 1420","og_description":"Comunicato riattivazione Sistema SiGeM Si comunica che a partire da oggi 20 aprile 2023 il sistema SiGem \u00e8 stato diviso in due applicativi, uno dedicato alla nuova programmazione PR FSE+ 21\/27 ed uno alla programmazione PO FSE 14\/20 e agli interventi finanziati con altre risorse.Tutti gli interventi finanziati con il PR FSE 2021-2027 sono stati [&hellip;]","og_url":"https:\/\/www.lazioeuropa.it\/archivio1420\/por_fse-16\/sistema_informativo-128\/","og_site_name":"LazioEuropa Archivio 1420","article_modified_time":"2023-04-20T12:43:13+00:00","twitter_card":"summary_large_image","twitter_misc":{"Est. reading time":"2 minuti"},"schema":{"@context":"https:\/\/schema.org","@graph":[{"@type":"WebPage","@id":"https:\/\/www.lazioeuropa.it\/archivio1420\/por_fse-16\/sistema_informativo-128\/","url":"https:\/\/www.lazioeuropa.it\/archivio1420\/por_fse-16\/sistema_informativo-128\/","name":"Sistema informativo - LazioEuropa Archivio 1420","isPartOf":{"@id":"https:\/\/www.lazioeuropa.it\/archivio1420\/#website"},"datePublished":"2022-04-20T13:27:33+00:00","dateModified":"2023-04-20T12:43:13+00:00","breadcrumb":{"@id":"https:\/\/www.lazioeuropa.it\/archivio1420\/por_fse-16\/sistema_informativo-128\/#breadcrumb"},"inLanguage":"it-IT","potentialAction":[{"@type":"ReadAction","target":["https:\/\/www.lazioeuropa.it\/archivio1420\/por_fse-16\/sistema_informativo-128\/"]}]},{"@type":"BreadcrumbList","@id":"https:\/\/www.lazioeuropa.it\/archivio1420\/por_fse-16\/sistema_informativo-128\/#breadcrumb","itemListElement":[{"@type":"ListItem","position":1,"name":"Home","item":"https:\/\/www.lazioeuropa.it\/archivio1420\/"},{"@type":"ListItem","position":2,"name":"POR FSE","item":"https:\/\/www.lazioeuropa.it\/archivio1420\/por_fse-16\/"},{"@type":"ListItem","position":3,"name":"Sistema informativo"}]},{"@type":"WebSite","@id":"https:\/\/www.lazioeuropa.it\/archivio1420\/#website","url":"https:\/\/www.lazioeuropa.it\/archivio1420\/","name":"LazioEuropa Archivio 1420","description":"Lazio Europa","potentialAction":[{"@type":"SearchAction","target":{"@type":"EntryPoint","urlTemplate":"https:\/\/www.lazioeuropa.it\/archivio1420\/?s={search_term_string}"},"query-input":{"@type":"PropertyValueSpecification","valueRequired":true,"valueName":"search_term_string"}}],"inLanguage":"it-IT"}]}},"featured_image_src":null,"featured_image_src_square":null,"_links":{"self":[{"href":"https:\/\/www.lazioeuropa.it\/archivio1420\/wp-json\/wp\/v2\/pages\/8727","targetHints":{"allow":["GET"]}}],"collection":[{"href":"https:\/\/www.lazioeuropa.it\/archivio1420\/wp-json\/wp\/v2\/pages"}],"about":[{"href":"https:\/\/www.lazioeuropa.it\/archivio1420\/wp-json\/wp\/v2\/types\/page"}],"author":[{"embeddable":true,"href":"https:\/\/www.lazioeuropa.it\/archivio1420\/wp-json\/wp\/v2\/users\/1"}],"replies":[{"embeddable":true,"href":"https:\/\/www.lazioeuropa.it\/archivio1420\/wp-json\/wp\/v2\/comments?post=8727"}],"version-history":[{"count":5,"href":"https:\/\/www.lazioeuropa.it\/archivio1420\/wp-json\/wp\/v2\/pages\/8727\/revisions"}],"predecessor-version":[{"id":10242,"href":"https:\/\/www.lazioeuropa.it\/archivio1420\/wp-json\/wp\/v2\/pages\/8727\/revisions\/10242"}],"up":[{"embeddable":true,"href":"https:\/\/www.lazioeuropa.it\/archivio1420\/wp-json\/wp\/v2\/pages\/8702"}],"wp:attachment":[{"href":"https:\/\/www.lazioeuropa.it\/archivio1420\/wp-json\/wp\/v2\/media?parent=8727"}],"curies":[{"name":"wp","href":"https:\/\/api.w.org\/{rel}","templated":true}]}}