{"id":8728,"date":"2022-04-20T15:27:33","date_gmt":"2022-04-20T13:27:33","guid":{"rendered":"https:\/\/www.lazioeuropa.it\/archivio1420\/por_fse-16\/valutazione-74\/"},"modified":"2023-04-20T14:13:36","modified_gmt":"2023-04-20T12:13:36","slug":"valutazione-74","status":"publish","type":"page","link":"https:\/\/www.lazioeuropa.it\/archivio1420\/por_fse-16\/valutazione-74\/","title":{"rendered":"Valutazione"},"content":{"rendered":"\n<div class=\"wp-block-columns is-layout-flex wp-container-core-columns-is-layout-1 wp-block-columns-is-layout-flex\">\n<div class=\"wp-block-column is-layout-flow wp-block-column-is-layout-flow\" style=\"flex-basis:66.66%\">\n<p><br>In conformit\u00e0 al Regolamento UE n. 1303\/2013, nell&#8217;ambito del POR FSE sono previsti tre tipi di valutazione.<\/p>\n\n\n\n<p>La valutazione ex ante, che ha l&#8217;obiettivo di migliorare la qualit\u00e0 della progettazione del Programma, viene presentata alla Commissione europea insieme al Programma e prende in esame:<\/p>\n\n\n\n<ul class=\"wp-block-list\">\n<li>il contributo alla strategia dell&#8217;Unione per una crescita intelligente, sostenibile e inclusiva, in riferimento agli obiettivi tematici e alle priorit\u00e0 selezionati, tenendo conto delle esigenze regionali, delle potenzialit\u00e0 di sviluppo, nonch\u00e9 dell&#8217;esperienza acquisita nell&#8217;ambito dei precedenti periodi di programmazione;<\/li>\n\n\n\n<li>la coerenza interna del programma o delle attivit\u00e0 proposti e il rapporto con altri strumenti pertinenti;<\/li>\n\n\n\n<li>la coerenza dell&#8217;assegnazione delle risorse di bilancio con gli obiettivi del programma;<\/li>\n\n\n\n<li>la coerenza degli obiettivi tematici selezionati, delle priorit\u00e0 e dei corrispondenti obiettivi dei programmi con il QSC, l&#8217;accordo di partenariato e le raccomandazioni pertinenti specifiche per paese adottate a norma dell&#8217;articolo 121, paragrafo 2, TFUE e, se si applica a livello nazionale, il programma nazionale di riforma;<\/li>\n<\/ul>\n<\/div>\n\n\n\n<div class=\"wp-block-column is-layout-flow wp-block-column-is-layout-flow\" style=\"flex-basis:33.33%\">\n<p class=\"has-text-color has-background\" style=\"color:#082386;background-color:#c6deee;font-size:16px\"><strong><a href=\"https:\/\/www.lazioeuropa.it\/archivio1420\/por_fse-16\/\">Il programma &#8211; POR FSE 2014-2020<\/a><br><a href=\"https:\/\/www.lazioeuropa.it\/archivio1420\/por_fse-16\/struttura_organizzativa-71\/\">Struttura organizzativa<\/a><br><a href=\"https:\/\/www.lazioeuropa.it\/archivio1420\/por_fse-16\/comitato_di_sorveglianza-72\/\">Comitato di sorveglianza<\/a><br><a href=\"https:\/\/www.lazioeuropa.it\/archivio1420\/por_fse-16\/sistema_di_gestione_e_controllo-107\/\">Sistema di gestione e controllo<\/a><br><a href=\"https:\/\/www.lazioeuropa.it\/archivio1420\/por_fse-16\/misure_antifrode-152\/\">Misure antifrode<\/a><br><a href=\"https:\/\/www.lazioeuropa.it\/archivio1420\/por_fse-16\/attuazione_del_programma-129\/\">Attuazione del Programma<\/a><br><a href=\"https:\/\/www.lazioeuropa.it\/archivio1420\/por_fse-16\/sistema_informativo-128\/\">Sistema informativo<\/a><br><a href=\"https:\/\/www.lazioeuropa.it\/archivio1420\/por_fse-16\/valutazione-74\/\">Valutazione<\/a><br><a href=\"https:\/\/www.lazioeuropa.it\/archivio1420\/por_fse-16\/comunicazione_e_identita_visiva-75\/\">Comunicazione e identit\u00e0 visiva<\/a><br><a href=\"https:\/\/www.lazioeuropa.it\/archivio1420\/por_fse-16\/partenariato-73\/\">Partenariato<\/a><br><a href=\"https:\/\/www.lazioeuropa.it\/archivio1420\/por_fse-16\/documentazione-108\/\">Documentazione<\/a><\/strong><\/p>\n\n\n\n<p><\/p>\n\n\n\n<p class=\"has-text-color has-background\" style=\"color:#082386;background-color:#d0d3d5;font-size:16px\"><a href=\"https:\/\/www.lazioeuropa.it\/archivio1420\/por_fse-16\/valutazione-74\/report_e_pubblicazioni-50\/\"><strong>Report e pubblicazioni<\/strong><\/a><br><a href=\"https:\/\/www.lazioeuropa.it\/archivio1420\/por_fse-16\/valutazione-74\/avvisi_pubblici-80\/\"><strong>Avvisi pubblici<\/strong><\/a><\/p>\n<\/div>\n<\/div>\n\n\n<ul>\n<li>la pertinenza e la chiarezza degli indicatori del programma proposto;<\/li>\n<li>in che modo i risultati attesi contribuiranno al conseguimento degli obiettivi;<\/li>\n<li>se i valori obiettivo quantificati relativi agli indicatori sono realistici, tenendo conto del sostegno previsto dei fondi SIE;<\/li>\n<li style=\"text-align: justify;\">la motivazione della forma di sostegno proposta;\u00a0<\/li>\n<li style=\"text-align: justify;\">l&#8217;adeguatezza delle risorse umane e della capacit\u00e0 amministrativa per la gestione del programma;<\/li>\n<li style=\"text-align: justify;\">l&#8217;idoneit\u00e0 delle procedure per la sorveglianza del programma e per la raccolta dei dati necessari per l&#8217;effettuazione delle valutazioni;<\/li>\n<li style=\"text-align: justify;\">l&#8217;idoneit\u00e0 de target intermedi selezionati per il quadro di riferimento dell&#8217;efficacia dell&#8217;attuazione;<\/li>\n<li style=\"text-align: justify;\">l&#8217;adeguatezza delle misure pianificate per promuovere le pari opportunit\u00e0 tra uomini e donne e impedire qualunque discriminazione per quanto concerne, in particolare, l&#8217;accessibilit\u00e0 per le persone con disabilit\u00e0;<\/li>\n<li style=\"text-align: justify;\">l&#8217;adeguatezza delle misure pianificate per promuovere lo sviluppo sostenibile;<\/li>\n<li style=\"text-align: justify;\">le misure intese a ridurre gli oneri amministrativi a carico dei beneficiari.<\/li>\n<\/ul>\n<div style=\"text-align: justify;\">\u00a0<\/div>\n<div style=\"text-align: justify;\">La valutazione <u>durante il periodo di programmazione<\/u> \u00e8 finalizzata tra l&#8217;altro a valutare l&#8217;efficacia, l&#8217;efficienza e l&#8217;impatto del Programma, sulla base del piano di valutazione. Almeno una volta nel corso del periodo di programmazione occorre valutare in che modo il sostegno dei fondi SIE abbia contribuito al conseguimento degli obiettivi di ciascuna priorit\u00e0. Tutte le valutazioni sono soggette all&#8217;esame del Comitato di sorveglianza e trasmesse alla Commissione. Anche la Commissione, di sua iniziativa, pu\u00f2 effettuare \u00a0valutazioni del Programma.<\/div>\n<div style=\"text-align: justify;\">\u00a0<\/div>\n<div style=\"text-align: justify;\">La <u>valutazione ex post<\/u>,\u00a0effettuata dalla Commissione o dall&#8217;Autorit\u00e0 di gestione in stretta cooperazione con la Commissione, prende in esame l&#8217;efficacia e l&#8217;efficienza dei fondi SIE e il loro contributo alla strategia dell&#8217;Unione per una crescita intelligente, sostenibile e inclusiva, tenendo conto degli obiettivi definiti in tale strategia dell&#8217;Unione e conformemente ai requisiti specifici stabiliti nelle norme specifiche di ciascun fondo. La valutazione ex post dovr\u00e0 essere completata entro il 31 dicembre 2024.<\/div>\n<div style=\"text-align: justify;\">\u00a0<\/div>\n<div style=\"text-align: justify;\">Questa sezione contiene documenti e rapporti prodotti nell&#8217;ambito delle attivit\u00e0 di valutazione del POR FSE 2014-2020.<\/div>\n<div style=\"text-align: justify;\">\u00a0<\/div>\n<div style=\"text-align: justify;\"><a href=\"https:\/\/www.lazioeuropa.it\/archivio1420\/app\/uploads\/2015\/06\/vexa_por_fse_lazio_2014_2020.pdf\" target=\"_blank\" rel=\"noopener\">Valutazione ex ante del POR FSE Lazio 2014-2020<\/a><\/div>\n<div style=\"text-align: justify;\"><a href=\"https:\/\/www.lazioeuropa.it\/archivio1420\/app\/uploads\/2016\/04\/por_fse_2014_2020_piano_valutazione.pdf\" target=\"_blank\" rel=\"noopener\">Piano di Valutazione del POR FSE Lazio\u00a02014-2020<\/a><\/div>\n<div style=\"text-align: justify;\"><a href=\"https:\/\/www.lazioeuropa.it\/archivio1420\/por_fse-16\/valutazione-74\/report_e_pubblicazioni-50\/\" target=\"_self\" rel=\"noopener\">Report e pubblicazioni<\/a><\/div>\n<div style=\"text-align: justify;\"><a href=\"https:\/\/www.lazioeuropa.it\/archivio1420\/por_fse-16\/valutazione-74\/avvisi_pubblici-80\/\" target=\"_self\" rel=\"noopener\">Avvisi pubblici<\/a><\/div>\n<div style=\"text-align: justify;\">\u00a0<\/div>\n<div style=\"text-align: justify;\">\u00a0<\/div>\n<div style=\"text-align: justify;\">\u00a0<\/div>","protected":false},"excerpt":{"rendered":"<p>In conformit\u00e0 al Regolamento UE n. 1303\/2013, nell&#8217;ambito del POR FSE sono previsti tre tipi di valutazione. La valutazione ex ante, che ha l&#8217;obiettivo di migliorare la qualit\u00e0 della progettazione del Programma, viene presentata alla Commissione europea insieme al Programma e prende in esame: la pertinenza e la chiarezza degli indicatori del programma proposto; in [&hellip;]<\/p>\n","protected":false},"author":1,"featured_media":0,"parent":8702,"menu_order":0,"comment_status":"closed","ping_status":"closed","template":"","meta":{"_acf_changed":false,"ghostkit_customizer_options":"","ghostkit_custom_css":"","ghostkit_custom_js_head":"","ghostkit_custom_js_foot":"","ghostkit_typography":"","footnotes":""},"class_list":["post-8728","page","type-page","status-publish","hentry"],"acf":[],"yoast_head":"<!-- This site is optimized with the Yoast SEO plugin v24.2 - https:\/\/yoast.com\/wordpress\/plugins\/seo\/ -->\n<title>Valutazione - LazioEuropa Archivio 1420<\/title>\n<meta name=\"robots\" content=\"index, follow, max-snippet:-1, max-image-preview:large, max-video-preview:-1\" \/>\n<link rel=\"canonical\" href=\"https:\/\/www.lazioeuropa.it\/archivio1420\/por_fse-16\/valutazione-74\/\" \/>\n<meta property=\"og:locale\" content=\"it_IT\" \/>\n<meta property=\"og:type\" content=\"article\" \/>\n<meta property=\"og:title\" content=\"Valutazione - LazioEuropa Archivio 1420\" \/>\n<meta property=\"og:description\" content=\"In conformit\u00e0 al Regolamento UE n. 1303\/2013, nell&#8217;ambito del POR FSE sono previsti tre tipi di valutazione. La valutazione ex ante, che ha l&#8217;obiettivo di migliorare la qualit\u00e0 della progettazione del Programma, viene presentata alla Commissione europea insieme al Programma e prende in esame: la pertinenza e la chiarezza degli indicatori del programma proposto; in [&hellip;]\" \/>\n<meta property=\"og:url\" content=\"https:\/\/www.lazioeuropa.it\/archivio1420\/por_fse-16\/valutazione-74\/\" \/>\n<meta property=\"og:site_name\" content=\"LazioEuropa Archivio 1420\" \/>\n<meta property=\"article:modified_time\" content=\"2023-04-20T12:13:36+00:00\" \/>\n<meta name=\"twitter:card\" content=\"summary_large_image\" \/>\n<meta name=\"twitter:label1\" content=\"Est. reading time\" \/>\n\t<meta name=\"twitter:data1\" content=\"3 minuti\" \/>\n<script type=\"application\/ld+json\" class=\"yoast-schema-graph\">{\"@context\":\"https:\/\/schema.org\",\"@graph\":[{\"@type\":\"WebPage\",\"@id\":\"https:\/\/www.lazioeuropa.it\/archivio1420\/por_fse-16\/valutazione-74\/\",\"url\":\"https:\/\/www.lazioeuropa.it\/archivio1420\/por_fse-16\/valutazione-74\/\",\"name\":\"Valutazione - LazioEuropa Archivio 1420\",\"isPartOf\":{\"@id\":\"https:\/\/www.lazioeuropa.it\/archivio1420\/#website\"},\"datePublished\":\"2022-04-20T13:27:33+00:00\",\"dateModified\":\"2023-04-20T12:13:36+00:00\",\"breadcrumb\":{\"@id\":\"https:\/\/www.lazioeuropa.it\/archivio1420\/por_fse-16\/valutazione-74\/#breadcrumb\"},\"inLanguage\":\"it-IT\",\"potentialAction\":[{\"@type\":\"ReadAction\",\"target\":[\"https:\/\/www.lazioeuropa.it\/archivio1420\/por_fse-16\/valutazione-74\/\"]}]},{\"@type\":\"BreadcrumbList\",\"@id\":\"https:\/\/www.lazioeuropa.it\/archivio1420\/por_fse-16\/valutazione-74\/#breadcrumb\",\"itemListElement\":[{\"@type\":\"ListItem\",\"position\":1,\"name\":\"Home\",\"item\":\"https:\/\/www.lazioeuropa.it\/archivio1420\/\"},{\"@type\":\"ListItem\",\"position\":2,\"name\":\"POR FSE\",\"item\":\"https:\/\/www.lazioeuropa.it\/archivio1420\/por_fse-16\/\"},{\"@type\":\"ListItem\",\"position\":3,\"name\":\"Valutazione\"}]},{\"@type\":\"WebSite\",\"@id\":\"https:\/\/www.lazioeuropa.it\/archivio1420\/#website\",\"url\":\"https:\/\/www.lazioeuropa.it\/archivio1420\/\",\"name\":\"LazioEuropa Archivio 1420\",\"description\":\"Lazio Europa\",\"potentialAction\":[{\"@type\":\"SearchAction\",\"target\":{\"@type\":\"EntryPoint\",\"urlTemplate\":\"https:\/\/www.lazioeuropa.it\/archivio1420\/?s={search_term_string}\"},\"query-input\":{\"@type\":\"PropertyValueSpecification\",\"valueRequired\":true,\"valueName\":\"search_term_string\"}}],\"inLanguage\":\"it-IT\"}]}<\/script>\n<!-- \/ Yoast SEO plugin. -->","yoast_head_json":{"title":"Valutazione - LazioEuropa Archivio 1420","robots":{"index":"index","follow":"follow","max-snippet":"max-snippet:-1","max-image-preview":"max-image-preview:large","max-video-preview":"max-video-preview:-1"},"canonical":"https:\/\/www.lazioeuropa.it\/archivio1420\/por_fse-16\/valutazione-74\/","og_locale":"it_IT","og_type":"article","og_title":"Valutazione - LazioEuropa Archivio 1420","og_description":"In conformit\u00e0 al Regolamento UE n. 1303\/2013, nell&#8217;ambito del POR FSE sono previsti tre tipi di valutazione. La valutazione ex ante, che ha l&#8217;obiettivo di migliorare la qualit\u00e0 della progettazione del Programma, viene presentata alla Commissione europea insieme al Programma e prende in esame: la pertinenza e la chiarezza degli indicatori del programma proposto; in [&hellip;]","og_url":"https:\/\/www.lazioeuropa.it\/archivio1420\/por_fse-16\/valutazione-74\/","og_site_name":"LazioEuropa Archivio 1420","article_modified_time":"2023-04-20T12:13:36+00:00","twitter_card":"summary_large_image","twitter_misc":{"Est. reading time":"3 minuti"},"schema":{"@context":"https:\/\/schema.org","@graph":[{"@type":"WebPage","@id":"https:\/\/www.lazioeuropa.it\/archivio1420\/por_fse-16\/valutazione-74\/","url":"https:\/\/www.lazioeuropa.it\/archivio1420\/por_fse-16\/valutazione-74\/","name":"Valutazione - LazioEuropa Archivio 1420","isPartOf":{"@id":"https:\/\/www.lazioeuropa.it\/archivio1420\/#website"},"datePublished":"2022-04-20T13:27:33+00:00","dateModified":"2023-04-20T12:13:36+00:00","breadcrumb":{"@id":"https:\/\/www.lazioeuropa.it\/archivio1420\/por_fse-16\/valutazione-74\/#breadcrumb"},"inLanguage":"it-IT","potentialAction":[{"@type":"ReadAction","target":["https:\/\/www.lazioeuropa.it\/archivio1420\/por_fse-16\/valutazione-74\/"]}]},{"@type":"BreadcrumbList","@id":"https:\/\/www.lazioeuropa.it\/archivio1420\/por_fse-16\/valutazione-74\/#breadcrumb","itemListElement":[{"@type":"ListItem","position":1,"name":"Home","item":"https:\/\/www.lazioeuropa.it\/archivio1420\/"},{"@type":"ListItem","position":2,"name":"POR FSE","item":"https:\/\/www.lazioeuropa.it\/archivio1420\/por_fse-16\/"},{"@type":"ListItem","position":3,"name":"Valutazione"}]},{"@type":"WebSite","@id":"https:\/\/www.lazioeuropa.it\/archivio1420\/#website","url":"https:\/\/www.lazioeuropa.it\/archivio1420\/","name":"LazioEuropa Archivio 1420","description":"Lazio Europa","potentialAction":[{"@type":"SearchAction","target":{"@type":"EntryPoint","urlTemplate":"https:\/\/www.lazioeuropa.it\/archivio1420\/?s={search_term_string}"},"query-input":{"@type":"PropertyValueSpecification","valueRequired":true,"valueName":"search_term_string"}}],"inLanguage":"it-IT"}]}},"featured_image_src":null,"featured_image_src_square":null,"_links":{"self":[{"href":"https:\/\/www.lazioeuropa.it\/archivio1420\/wp-json\/wp\/v2\/pages\/8728","targetHints":{"allow":["GET"]}}],"collection":[{"href":"https:\/\/www.lazioeuropa.it\/archivio1420\/wp-json\/wp\/v2\/pages"}],"about":[{"href":"https:\/\/www.lazioeuropa.it\/archivio1420\/wp-json\/wp\/v2\/types\/page"}],"author":[{"embeddable":true,"href":"https:\/\/www.lazioeuropa.it\/archivio1420\/wp-json\/wp\/v2\/users\/1"}],"replies":[{"embeddable":true,"href":"https:\/\/www.lazioeuropa.it\/archivio1420\/wp-json\/wp\/v2\/comments?post=8728"}],"version-history":[{"count":3,"href":"https:\/\/www.lazioeuropa.it\/archivio1420\/wp-json\/wp\/v2\/pages\/8728\/revisions"}],"predecessor-version":[{"id":10215,"href":"https:\/\/www.lazioeuropa.it\/archivio1420\/wp-json\/wp\/v2\/pages\/8728\/revisions\/10215"}],"up":[{"embeddable":true,"href":"https:\/\/www.lazioeuropa.it\/archivio1420\/wp-json\/wp\/v2\/pages\/8702"}],"wp:attachment":[{"href":"https:\/\/www.lazioeuropa.it\/archivio1420\/wp-json\/wp\/v2\/media?parent=8728"}],"curies":[{"name":"wp","href":"https:\/\/api.w.org\/{rel}","templated":true}]}}