{"id":8802,"date":"2022-04-20T15:27:36","date_gmt":"2022-04-20T13:27:36","guid":{"rendered":"https:\/\/www.lazioeuropa.it\/archivio1420\/po_feamp-23\/"},"modified":"2022-05-10T22:36:10","modified_gmt":"2022-05-10T20:36:10","slug":"po_feamp-23","status":"publish","type":"page","link":"https:\/\/www.lazioeuropa.it\/archivio1420\/po_feamp-23\/","title":{"rendered":"PO FEAMP"},"content":{"rendered":"<p style=\"text-align: justify;\">Obiettivo generale del PO FEAMP \u00e8 favorire la gestione sostenibile delle attivit\u00e0 di pesca e di acquacoltura incentivando al contempo la competitivit\u00e0 e la relativa capacit\u00e0 di generare sviluppo, occupazione e coesione territoriale.<\/p>\n<p style=\"text-align: justify;\">Il Programma Operativo (PO) FEAMP 2014-2020 si inquadra nella pi\u00f9 ampia visione della <a href=\"http:\/\/ec.europa.eu\/europe2020\/index_it.htm\" target=\"_blank\" rel=\"noopener\">Strategia Europa 2020<\/a> per una crescita intelligente, sostenibile ed inclusiva e nel nuovo assetto stabilito dalla riforma della Politica Comune della Pesca (PCP &#8211; Reg. UE n. 1380\/2013) e dalle linee strategiche della <a href=\"https:\/\/ec.europa.eu\/oceans-and-fisheries\/ocean\/blue-economy\/sustainable-blue-economy_it\" target=\"_blank\" rel=\"noopener\">Crescita Blu<\/a>.\u00a0<\/p>\n<p style=\"text-align: justify;\">Ulteriori essenziali documenti programmatici sui quali si fonda la Strategia del Programma sono il \u201cPiano Strategico Nazionale pluriennale per l\u2019acquacoltura in Italia 2014-2020\u201d e il \u201cPiano d\u2019azione per lo sviluppo, la competitivit\u00e0 e la sostenibilit\u00e0 della pesca costiera artigianale\u201d rispettivamente ai sensi dell\u2019articolo 34 del Reg. (UE) n. 1380\/2013 e dell\u2019articolo 18, paragrafo 1, lettera i), del Reg. UE n. 508\/2014.\u00a0<\/p>\n<p style=\"text-align: justify;\">\u00a0<\/p>\n<p style=\"text-align: justify;\"><strong>Struttura Organizzativa<\/strong><br \/>Secondo quanto previsto dall\u2019art. 123 del Reg. (CE) 1303\/2013 del Regolamento (UE), la Regione Lazio\u00a0rappresenta l\u2019Organismo intermedio per l\u2019attuazione del Programma Nazionale del Fondo Europeo degli Affari Marittimi e della Pesca &#8211; FEAMP \u2013 PON \u00a02014-2020.<\/p>\n<p style=\"text-align: justify;\"><strong>Autorit\u00e0 di Gestione<\/strong><br \/>Rappresenta il soggetto responsabile dell\u2019efficace, efficiente e corretta gestione e attuazione del programma ed \u00e8 il Ministero delle politiche agricole alimentari e forestali &#8211; Dipartimento delle politiche competitive, della qualit\u00e0 agroalimentare, ippiche e della pesca &#8211; Direzione Generale della pesca marittima e dell\u2019acquacoltura.<\/p>\n<p style=\"text-align: justify;\"><strong>Referente Regionale dell\u2019Autorit\u00e0 di gestione\u00a0<\/strong><br \/>Rappresenta il soggetto responsabile dell\u2019efficace, efficiente e corretta gestione e attuazione del programma del territorio laziale ed \u00e8 individuata nella Direzione Generale Agricoltura Sviluppo Rurale Caccia e Pesca.\u00a0<\/p>\n<p style=\"text-align: justify;\"><strong>Autorit\u00e0 di Certificazione Nazionale<\/strong>\u00a0<br \/><a href=\"http:\/\/www.agea.gov.it\/portal\/page\/portal\/AGEAPageGroup\/HomeAGEA\" target=\"_blank\" rel=\"noopener\">Agenzia per le Erogazioni in Agricoltura (AGEA)<\/a> Organismo Pagatore Nazionale<\/p>\n<p style=\"text-align: justify;\"><strong>Referente Regionale Autorit\u00e0 di certificazione\u00a0<\/strong><br \/>Rappresenta il soggetto responsabile della certificazione regionale e\u00a0l&#8217;organismo pagatore regionale, ed \u00e8 individuato nella Direzione Regionale Programmazione Economica, Bilancio, Demanio e Patrimonio.\u00a0<\/p>\n<p style=\"text-align: justify;\"><strong>Autorit\u00e0 di Audit\u00a0<\/strong><br \/>Agenzia per le erogazioni in agricoltura (AGEA)\u00a0<br \/>Organismo di Coordinamento\u00a0<\/p>\n<p style=\"text-align: justify;\">Le tre autorit\u00e0 sopra designate sono tutte funzionalmente indipendenti.<br \/>\u00a0<br \/><strong>Comitato di Sorveglianza<\/strong><\/p>\n<p style=\"text-align: justify;\">Il Comitato di Sorveglianza\u00a0prevede nella propria composizione istituzionale anche le Regioni, nella qualit\u00e0 di Organismi Intermedi, ed esamina \u2013 con funzioni di controllo dei processi valutativi attivati \u2013 gli aspetti che concorrono alla determinazione dei risultati del PO FEAMP, e\u00a0quindi\u00a0legati principalmente al soddisfacimento degli obiettivi, nonch\u00e9 i progressi realizzati nell&#8217;attuazione del piano di valutazione e il seguito dato ai risultati delle valutazioni.<\/p>\n<p style=\"text-align: justify;\">\u00a0<\/p>\n<p style=\"text-align: justify;\"><strong>Allegati<\/strong>\u00a0<br \/><a href=\"https:\/\/www.lazioeuropa.it\/archivio1420\/app\/uploads\/2016\/04\/po_feamp_18_novembre_2015.pdf\" target=\"_blank\" rel=\"noopener\">Programma Operativo FEAMP 2014\/2020<\/a><br \/><a href=\"https:\/\/www.lazioeuropa.it\/archivio1420\/app\/uploads\/2016\/04\/po_ripartizione_feamp_per_misura.pdf\" target=\"_blank\" rel=\"noopener\">Ripartizione contributo FEAMP per misura<\/a><br \/><a href=\"https:\/\/www.lazioeuropa.it\/archivio1420\/app\/uploads\/2016\/04\/po_descrizione_sintetica_sigeco_feamp_2014_2020.pdf\" target=\"_blank\" rel=\"noopener\">Descrizione sintetica SI.GE.CO. PO FEAMP 2014\u20102020<\/a><br \/><a href=\"https:\/\/www.lazioeuropa.it\/archivio1420\/app\/uploads\/2016\/04\/po_piano_strategico_acquacoltura_150928.pdf\" target=\"_blank\" rel=\"noopener\">Piano strategico dell\u2019acquacoltura<\/a><br \/><a href=\"https:\/\/www.lazioeuropa.it\/archivio1420\/app\/uploads\/2016\/04\/po_piano_pesca_costiera_artigianale_vers_2015_10_15.pdf\" target=\"_blank\" rel=\"noopener\">Piano d\u2019azione per lo sviluppo, la competitivit\u00e0 e la sostenibilit\u00e0 della pesca costiera artigianale<\/a><\/p>\n\n<div id=\"fascia-bandi-block_627acbd4f7719\" class=\"fascia-bandi\">\n\n    <div class=\"fascia-bandi-bg\"><\/div>\n\n    <div class=\"fascia-bandi-container\">\n\n\n                <div class=\"fascia-bandi-titolo\"\">\n            Bandi        <\/div>\n        \n        <div class=\" fascia-bandi-bandi\">\n            <article class=\"box-bandi\">\n\n\n    <div class=\"box-bandi-immagine\">\n        <a href=\"https:\/\/www.lazioeuropa.it\/archivio1420\/bandi\/po_feamp_misura_1-38_limitazione_dellimpatto_della_pesca_sullambiente_marino_-530\/\">\n            <img decoding=\"async\" src=\"https:\/\/www.lazioeuropa.it\/archivio1420\/app\/uploads\/2018\/06\/fishboat.jpg\" alt=\"\">\n        <\/a>\n    <\/div>\n\n    <div class=\"box-bandi-testi\">\n        <div class=\"box-bandi-icona\">\n            <img decoding=\"async\" src=\"https:\/\/www.lazioeuropa.it\/archivio1420\/app\/themes\/lazioeuropa2127-master-theme\/images\/icona_bando_default.png\" alt=\"\">\n        <\/div>\n        <div class=\"box-bandi-categoria\">\n            <a href=\"https:\/\/www.lazioeuropa.it\/archivio1420\/aree\/imprese-agricole-della-pesca-e-dellacquacoltura\/\" rel=\"tag\">IMPRESE AGRICOLE, DELLA PESCA E DELL\u2019ACQUACOLTURA<\/a>        <\/div>\n\n\n\n\n\n        <div class=\"box-bandi-titolo\">\n            <a href=\"https:\/\/www.lazioeuropa.it\/archivio1420\/bandi\/po_feamp_misura_1-38_limitazione_dellimpatto_della_pesca_sullambiente_marino_-530\/\">\n                PO FEAMP, Misura 1.38: limitazione dell\u2019impatto della pesca sull&#8217;ambiente marino            <\/a>\n        <\/div>\n\n        <div class=\"box-bandi-status box-bandi-status-0\">\n            Chiuso        <\/div>\n\n        <div class=\"box-bandi-fondo\">\n            <a href=\"https:\/\/www.lazioeuropa.it\/archivio1420\/fondi\/po-feamp\/\" rel=\"tag\">PO FEAMP<\/a>        <\/div>\n    <\/div>\n<\/article>\n\n            <article class=\"box-bandi\">\n\n\n    <div class=\"box-bandi-immagine\">\n        <a href=\"https:\/\/www.lazioeuropa.it\/archivio1420\/bandi\/po_feamp_misura_1-42_bando_per_migliorare_la_qualita_della_pesca_e_incentivare_la_competitivita_delle_pmi-531\/\">\n            <img decoding=\"async\" src=\"https:\/\/www.lazioeuropa.it\/archivio1420\/app\/uploads\/2018\/06\/fishboat.jpg\" alt=\"\">\n        <\/a>\n    <\/div>\n\n    <div class=\"box-bandi-testi\">\n        <div class=\"box-bandi-icona\">\n            <img decoding=\"async\" src=\"https:\/\/www.lazioeuropa.it\/archivio1420\/app\/themes\/lazioeuropa2127-master-theme\/images\/icona_bando_default.png\" alt=\"\">\n        <\/div>\n        <div class=\"box-bandi-categoria\">\n            <a href=\"https:\/\/www.lazioeuropa.it\/archivio1420\/aree\/imprese-agricole-della-pesca-e-dellacquacoltura\/\" rel=\"tag\">IMPRESE AGRICOLE, DELLA PESCA E DELL\u2019ACQUACOLTURA<\/a>        <\/div>\n\n\n\n\n\n        <div class=\"box-bandi-titolo\">\n            <a href=\"https:\/\/www.lazioeuropa.it\/archivio1420\/bandi\/po_feamp_misura_1-42_bando_per_migliorare_la_qualita_della_pesca_e_incentivare_la_competitivita_delle_pmi-531\/\">\n                PO FEAMP, misura 1.42: bando per migliorare la qualit\u00e0 della pesca e incentivare la competitivit\u00e0 delle Pmi            <\/a>\n        <\/div>\n\n        <div class=\"box-bandi-status box-bandi-status-0\">\n            Chiuso        <\/div>\n\n        <div class=\"box-bandi-fondo\">\n            <a href=\"https:\/\/www.lazioeuropa.it\/archivio1420\/fondi\/po-feamp\/\" rel=\"tag\">PO FEAMP<\/a>        <\/div>\n    <\/div>\n<\/article>\n\n            <article class=\"box-bandi\">\n\n\n    <div class=\"box-bandi-immagine\">\n        <a href=\"https:\/\/www.lazioeuropa.it\/archivio1420\/bandi\/po_feamp_misura_1-44_par-_2_centomila_euro_per_lacquisizione_di_pescherecci_a_favore_dei_giovani_pescatori-526\/\">\n            <img decoding=\"async\" src=\"https:\/\/www.lazioeuropa.it\/archivio1420\/app\/uploads\/2018\/06\/fishboat.jpg\" alt=\"\">\n        <\/a>\n    <\/div>\n\n    <div class=\"box-bandi-testi\">\n        <div class=\"box-bandi-icona\">\n            <img decoding=\"async\" src=\"https:\/\/www.lazioeuropa.it\/archivio1420\/app\/themes\/lazioeuropa2127-master-theme\/images\/icona_bando_default.png\" alt=\"\">\n        <\/div>\n        <div class=\"box-bandi-categoria\">\n            <a href=\"https:\/\/www.lazioeuropa.it\/archivio1420\/aree\/imprese-agricole-della-pesca-e-dellacquacoltura\/\" rel=\"tag\">IMPRESE AGRICOLE, DELLA PESCA E DELL\u2019ACQUACOLTURA<\/a>        <\/div>\n\n\n\n\n\n        <div class=\"box-bandi-titolo\">\n            <a href=\"https:\/\/www.lazioeuropa.it\/archivio1420\/bandi\/po_feamp_misura_1-44_par-_2_centomila_euro_per_lacquisizione_di_pescherecci_a_favore_dei_giovani_pescatori-526\/\">\n                PO FEAMP, Misura 1.44 (par. 2): centomila euro per l\u2019acquisizione di pescherecci a favore dei giovani pescatori            <\/a>\n        <\/div>\n\n        <div class=\"box-bandi-status box-bandi-status-0\">\n            Chiuso        <\/div>\n\n        <div class=\"box-bandi-fondo\">\n            <a href=\"https:\/\/www.lazioeuropa.it\/archivio1420\/fondi\/po-feamp\/\" rel=\"tag\">PO FEAMP<\/a>        <\/div>\n    <\/div>\n<\/article>\n\n            <article class=\"box-bandi\">\n\n\n    <div class=\"box-bandi-immagine\">\n        <a href=\"https:\/\/www.lazioeuropa.it\/archivio1420\/bandi\/po_feamp_misura_1-31_sostegno_allavviamento_per_i_giovani_pescatori-525\/\">\n            <img decoding=\"async\" src=\"https:\/\/www.lazioeuropa.it\/archivio1420\/app\/uploads\/2018\/06\/fishboat.jpg\" alt=\"\">\n        <\/a>\n    <\/div>\n\n    <div class=\"box-bandi-testi\">\n        <div class=\"box-bandi-icona\">\n            <img decoding=\"async\" src=\"https:\/\/www.lazioeuropa.it\/archivio1420\/app\/themes\/lazioeuropa2127-master-theme\/images\/icona_bando_default.png\" alt=\"\">\n        <\/div>\n        <div class=\"box-bandi-categoria\">\n            <a href=\"https:\/\/www.lazioeuropa.it\/archivio1420\/aree\/imprese-agricole-della-pesca-e-dellacquacoltura\/\" rel=\"tag\">IMPRESE AGRICOLE, DELLA PESCA E DELL\u2019ACQUACOLTURA<\/a>        <\/div>\n\n\n\n\n\n        <div class=\"box-bandi-titolo\">\n            <a href=\"https:\/\/www.lazioeuropa.it\/archivio1420\/bandi\/po_feamp_misura_1-31_sostegno_allavviamento_per_i_giovani_pescatori-525\/\">\n                PO FEAMP, misura 1.31: sostegno all&#8217;avviamento per i giovani pescatori            <\/a>\n        <\/div>\n\n        <div class=\"box-bandi-status box-bandi-status-0\">\n            Chiuso        <\/div>\n\n        <div class=\"box-bandi-fondo\">\n            <a href=\"https:\/\/www.lazioeuropa.it\/archivio1420\/fondi\/po-feamp\/\" rel=\"tag\">PO FEAMP<\/a>        <\/div>\n    <\/div>\n<\/article>\n\n            <article class=\"box-bandi\">\n\n\n    <div class=\"box-bandi-immagine\">\n        <a href=\"https:\/\/www.lazioeuropa.it\/archivio1420\/bandi\/po_feamp_misura_1-41_par-_2_contributi_per_la_sostituzione_o_lammodernamonto_dei_motori_dei_pescherecci-524\/\">\n            <img decoding=\"async\" src=\"https:\/\/www.lazioeuropa.it\/archivio1420\/app\/uploads\/2018\/06\/fishboat.jpg\" alt=\"\">\n        <\/a>\n    <\/div>\n\n    <div class=\"box-bandi-testi\">\n        <div class=\"box-bandi-icona\">\n            <img decoding=\"async\" src=\"https:\/\/www.lazioeuropa.it\/archivio1420\/app\/themes\/lazioeuropa2127-master-theme\/images\/icona_bando_default.png\" alt=\"\">\n        <\/div>\n        <div class=\"box-bandi-categoria\">\n            <a href=\"https:\/\/www.lazioeuropa.it\/archivio1420\/aree\/imprese-agricole-della-pesca-e-dellacquacoltura\/\" rel=\"tag\">IMPRESE AGRICOLE, DELLA PESCA E DELL\u2019ACQUACOLTURA<\/a>        <\/div>\n\n\n\n\n\n        <div class=\"box-bandi-titolo\">\n            <a href=\"https:\/\/www.lazioeuropa.it\/archivio1420\/bandi\/po_feamp_misura_1-41_par-_2_contributi_per_la_sostituzione_o_lammodernamonto_dei_motori_dei_pescherecci-524\/\">\n                PO FEAMP, MISURA 1.41 (par. 2): contributi per la sostituzione o l\u2019ammodernamonto dei motori dei pescherecci            <\/a>\n        <\/div>\n\n        <div class=\"box-bandi-status box-bandi-status-0\">\n            Chiuso        <\/div>\n\n        <div class=\"box-bandi-fondo\">\n            <a href=\"https:\/\/www.lazioeuropa.it\/archivio1420\/fondi\/po-feamp\/\" rel=\"tag\">PO FEAMP<\/a>        <\/div>\n    <\/div>\n<\/article>\n\n            <article class=\"box-bandi\">\n\n\n    <div class=\"box-bandi-immagine\">\n        <a href=\"https:\/\/www.lazioeuropa.it\/archivio1420\/bandi\/po_feamp_misura_1-41_par-_1_contributi_per_lefficienza_energetica_dei_pescherecci-523\/\">\n            <img decoding=\"async\" src=\"https:\/\/www.lazioeuropa.it\/archivio1420\/app\/uploads\/2018\/06\/fishboat.jpg\" alt=\"\">\n        <\/a>\n    <\/div>\n\n    <div class=\"box-bandi-testi\">\n        <div class=\"box-bandi-icona\">\n            <img decoding=\"async\" src=\"https:\/\/www.lazioeuropa.it\/archivio1420\/app\/themes\/lazioeuropa2127-master-theme\/images\/icona_bando_default.png\" alt=\"\">\n        <\/div>\n        <div class=\"box-bandi-categoria\">\n            <a href=\"https:\/\/www.lazioeuropa.it\/archivio1420\/aree\/imprese-agricole-della-pesca-e-dellacquacoltura\/\" rel=\"tag\">IMPRESE AGRICOLE, DELLA PESCA E DELL\u2019ACQUACOLTURA<\/a>        <\/div>\n\n\n\n\n\n        <div class=\"box-bandi-titolo\">\n            <a href=\"https:\/\/www.lazioeuropa.it\/archivio1420\/bandi\/po_feamp_misura_1-41_par-_1_contributi_per_lefficienza_energetica_dei_pescherecci-523\/\">\n                PO FEAMP, Misura 1.41 (par. 1): contributi per l\u2019efficienza energetica dei pescherecci            <\/a>\n        <\/div>\n\n        <div class=\"box-bandi-status box-bandi-status-0\">\n            Chiuso        <\/div>\n\n        <div class=\"box-bandi-fondo\">\n            <a href=\"https:\/\/www.lazioeuropa.it\/archivio1420\/fondi\/po-feamp\/\" rel=\"tag\">PO FEAMP<\/a>        <\/div>\n    <\/div>\n<\/article>\n\n                    <\/div>\n    <\/div>\n\n<\/div>\n\n","protected":false},"excerpt":{"rendered":"<p>Obiettivo generale del PO FEAMP \u00e8 favorire la gestione sostenibile delle attivit\u00e0 di pesca e di acquacoltura incentivando al contempo la competitivit\u00e0 e la relativa capacit\u00e0 di generare sviluppo, occupazione e coesione territoriale. Il Programma Operativo (PO) FEAMP 2014-2020 si inquadra nella pi\u00f9 ampia visione della Strategia Europa 2020 per una crescita intelligente, sostenibile ed [&hellip;]<\/p>\n","protected":false},"author":1,"featured_media":0,"parent":0,"menu_order":0,"comment_status":"closed","ping_status":"closed","template":"","meta":{"_acf_changed":false,"ghostkit_customizer_options":"","ghostkit_custom_css":"","ghostkit_custom_js_head":"","ghostkit_custom_js_foot":"","ghostkit_typography":"","footnotes":""},"class_list":["post-8802","page","type-page","status-publish","hentry"],"acf":[],"yoast_head":"<!-- This site is optimized with the Yoast SEO plugin v24.2 - https:\/\/yoast.com\/wordpress\/plugins\/seo\/ -->\n<title>PO FEAMP - LazioEuropa Archivio 1420<\/title>\n<meta name=\"robots\" content=\"index, follow, max-snippet:-1, max-image-preview:large, max-video-preview:-1\" \/>\n<link rel=\"canonical\" href=\"https:\/\/www.lazioeuropa.it\/archivio1420\/po_feamp-23\/\" \/>\n<meta property=\"og:locale\" content=\"it_IT\" \/>\n<meta property=\"og:type\" content=\"article\" \/>\n<meta property=\"og:title\" content=\"PO FEAMP - LazioEuropa Archivio 1420\" \/>\n<meta property=\"og:description\" content=\"Obiettivo generale del PO FEAMP \u00e8 favorire la gestione sostenibile delle attivit\u00e0 di pesca e di acquacoltura incentivando al contempo la competitivit\u00e0 e la relativa capacit\u00e0 di generare sviluppo, occupazione e coesione territoriale. Il Programma Operativo (PO) FEAMP 2014-2020 si inquadra nella pi\u00f9 ampia visione della Strategia Europa 2020 per una crescita intelligente, sostenibile ed [&hellip;]\" \/>\n<meta property=\"og:url\" content=\"https:\/\/www.lazioeuropa.it\/archivio1420\/po_feamp-23\/\" \/>\n<meta property=\"og:site_name\" content=\"LazioEuropa Archivio 1420\" \/>\n<meta property=\"article:modified_time\" content=\"2022-05-10T20:36:10+00:00\" \/>\n<meta name=\"twitter:card\" content=\"summary_large_image\" \/>\n<meta name=\"twitter:label1\" content=\"Est. reading time\" \/>\n\t<meta name=\"twitter:data1\" content=\"3 minuti\" \/>\n<script type=\"application\/ld+json\" class=\"yoast-schema-graph\">{\"@context\":\"https:\/\/schema.org\",\"@graph\":[{\"@type\":\"WebPage\",\"@id\":\"https:\/\/www.lazioeuropa.it\/archivio1420\/po_feamp-23\/\",\"url\":\"https:\/\/www.lazioeuropa.it\/archivio1420\/po_feamp-23\/\",\"name\":\"PO FEAMP - LazioEuropa Archivio 1420\",\"isPartOf\":{\"@id\":\"https:\/\/www.lazioeuropa.it\/archivio1420\/#website\"},\"datePublished\":\"2022-04-20T13:27:36+00:00\",\"dateModified\":\"2022-05-10T20:36:10+00:00\",\"breadcrumb\":{\"@id\":\"https:\/\/www.lazioeuropa.it\/archivio1420\/po_feamp-23\/#breadcrumb\"},\"inLanguage\":\"it-IT\",\"potentialAction\":[{\"@type\":\"ReadAction\",\"target\":[\"https:\/\/www.lazioeuropa.it\/archivio1420\/po_feamp-23\/\"]}]},{\"@type\":\"BreadcrumbList\",\"@id\":\"https:\/\/www.lazioeuropa.it\/archivio1420\/po_feamp-23\/#breadcrumb\",\"itemListElement\":[{\"@type\":\"ListItem\",\"position\":1,\"name\":\"Home\",\"item\":\"https:\/\/www.lazioeuropa.it\/archivio1420\/\"},{\"@type\":\"ListItem\",\"position\":2,\"name\":\"PO FEAMP\"}]},{\"@type\":\"WebSite\",\"@id\":\"https:\/\/www.lazioeuropa.it\/archivio1420\/#website\",\"url\":\"https:\/\/www.lazioeuropa.it\/archivio1420\/\",\"name\":\"LazioEuropa Archivio 1420\",\"description\":\"Lazio Europa\",\"potentialAction\":[{\"@type\":\"SearchAction\",\"target\":{\"@type\":\"EntryPoint\",\"urlTemplate\":\"https:\/\/www.lazioeuropa.it\/archivio1420\/?s={search_term_string}\"},\"query-input\":{\"@type\":\"PropertyValueSpecification\",\"valueRequired\":true,\"valueName\":\"search_term_string\"}}],\"inLanguage\":\"it-IT\"}]}<\/script>\n<!-- \/ Yoast SEO plugin. -->","yoast_head_json":{"title":"PO FEAMP - LazioEuropa Archivio 1420","robots":{"index":"index","follow":"follow","max-snippet":"max-snippet:-1","max-image-preview":"max-image-preview:large","max-video-preview":"max-video-preview:-1"},"canonical":"https:\/\/www.lazioeuropa.it\/archivio1420\/po_feamp-23\/","og_locale":"it_IT","og_type":"article","og_title":"PO FEAMP - LazioEuropa Archivio 1420","og_description":"Obiettivo generale del PO FEAMP \u00e8 favorire la gestione sostenibile delle attivit\u00e0 di pesca e di acquacoltura incentivando al contempo la competitivit\u00e0 e la relativa capacit\u00e0 di generare sviluppo, occupazione e coesione territoriale. Il Programma Operativo (PO) FEAMP 2014-2020 si inquadra nella pi\u00f9 ampia visione della Strategia Europa 2020 per una crescita intelligente, sostenibile ed [&hellip;]","og_url":"https:\/\/www.lazioeuropa.it\/archivio1420\/po_feamp-23\/","og_site_name":"LazioEuropa Archivio 1420","article_modified_time":"2022-05-10T20:36:10+00:00","twitter_card":"summary_large_image","twitter_misc":{"Est. reading time":"3 minuti"},"schema":{"@context":"https:\/\/schema.org","@graph":[{"@type":"WebPage","@id":"https:\/\/www.lazioeuropa.it\/archivio1420\/po_feamp-23\/","url":"https:\/\/www.lazioeuropa.it\/archivio1420\/po_feamp-23\/","name":"PO FEAMP - LazioEuropa Archivio 1420","isPartOf":{"@id":"https:\/\/www.lazioeuropa.it\/archivio1420\/#website"},"datePublished":"2022-04-20T13:27:36+00:00","dateModified":"2022-05-10T20:36:10+00:00","breadcrumb":{"@id":"https:\/\/www.lazioeuropa.it\/archivio1420\/po_feamp-23\/#breadcrumb"},"inLanguage":"it-IT","potentialAction":[{"@type":"ReadAction","target":["https:\/\/www.lazioeuropa.it\/archivio1420\/po_feamp-23\/"]}]},{"@type":"BreadcrumbList","@id":"https:\/\/www.lazioeuropa.it\/archivio1420\/po_feamp-23\/#breadcrumb","itemListElement":[{"@type":"ListItem","position":1,"name":"Home","item":"https:\/\/www.lazioeuropa.it\/archivio1420\/"},{"@type":"ListItem","position":2,"name":"PO FEAMP"}]},{"@type":"WebSite","@id":"https:\/\/www.lazioeuropa.it\/archivio1420\/#website","url":"https:\/\/www.lazioeuropa.it\/archivio1420\/","name":"LazioEuropa Archivio 1420","description":"Lazio Europa","potentialAction":[{"@type":"SearchAction","target":{"@type":"EntryPoint","urlTemplate":"https:\/\/www.lazioeuropa.it\/archivio1420\/?s={search_term_string}"},"query-input":{"@type":"PropertyValueSpecification","valueRequired":true,"valueName":"search_term_string"}}],"inLanguage":"it-IT"}]}},"featured_image_src":null,"featured_image_src_square":null,"_links":{"self":[{"href":"https:\/\/www.lazioeuropa.it\/archivio1420\/wp-json\/wp\/v2\/pages\/8802","targetHints":{"allow":["GET"]}}],"collection":[{"href":"https:\/\/www.lazioeuropa.it\/archivio1420\/wp-json\/wp\/v2\/pages"}],"about":[{"href":"https:\/\/www.lazioeuropa.it\/archivio1420\/wp-json\/wp\/v2\/types\/page"}],"author":[{"embeddable":true,"href":"https:\/\/www.lazioeuropa.it\/archivio1420\/wp-json\/wp\/v2\/users\/1"}],"replies":[{"embeddable":true,"href":"https:\/\/www.lazioeuropa.it\/archivio1420\/wp-json\/wp\/v2\/comments?post=8802"}],"version-history":[{"count":4,"href":"https:\/\/www.lazioeuropa.it\/archivio1420\/wp-json\/wp\/v2\/pages\/8802\/revisions"}],"predecessor-version":[{"id":9613,"href":"https:\/\/www.lazioeuropa.it\/archivio1420\/wp-json\/wp\/v2\/pages\/8802\/revisions\/9613"}],"wp:attachment":[{"href":"https:\/\/www.lazioeuropa.it\/archivio1420\/wp-json\/wp\/v2\/media?parent=8802"}],"curies":[{"name":"wp","href":"https:\/\/api.w.org\/{rel}","templated":true}]}}