{"id":8803,"date":"2022-04-20T15:27:36","date_gmt":"2022-04-20T13:27:36","guid":{"rendered":"https:\/\/www.lazioeuropa.it\/archivio1420\/po_feamp-23\/il_programma_operativo-132\/"},"modified":"2023-04-20T14:51:39","modified_gmt":"2023-04-20T12:51:39","slug":"il_programma_operativo-132","status":"publish","type":"page","link":"https:\/\/www.lazioeuropa.it\/archivio1420\/po_feamp-23\/il_programma_operativo-132\/","title":{"rendered":"PO FEAMP Il programma operativo"},"content":{"rendered":"\n<div class=\"wp-block-columns is-layout-flex wp-container-core-columns-is-layout-1 wp-block-columns-is-layout-flex\">\n<div class=\"wp-block-column is-layout-flow wp-block-column-is-layout-flow\" style=\"flex-basis:66.66%\">\n<p><br>Obiettivo generale del PO FEAMP \u00e8 favorire la gestione sostenibile delle attivit\u00e0 di pesca e di acquacoltura incentivando al contempo la competitivit\u00e0 e la relativa capacit\u00e0 di generare sviluppo, occupazione e coesione territoriale.<\/p>\n\n\n\n<p>Il Programma Operativo (PO) FEAMP 2014-2020 si inquadra nella pi\u00f9 ampia visione della <a href=\"http:\/\/ec.europa.eu\/europe2020\/index_it.htm\" target=\"_blank\" rel=\"noopener\">Strategia Europa 2020<\/a> per una crescita intelligente, sostenibile ed inclusiva e nel nuovo assetto stabilito dalla riforma della Politica Comune della Pesca (PCP &#8211; Reg. UE n. 1380\/2013) e dalle linee strategiche della <a href=\"http:\/\/ec.europa.eu\/maritimeaffairs\/policy\/blue_growth\/index_it.htm\" target=\"_blank\" rel=\"noopener\">Crescita Blu<\/a>.&nbsp;<\/p>\n\n\n\n<p>Ulteriori essenziali documenti programmatici sui quali si fonda la Strategia del Programma sono il \u201cPiano Strategico Nazionale pluriennale per l\u2019acquacoltura in Italia 2014-2020\u201d e il \u201cPiano d\u2019azione per lo sviluppo, la competitivit\u00e0 e la sostenibilit\u00e0 della pesca costiera artigianale\u201d rispettivamente ai sensi dell\u2019articolo 34 del Reg. (UE) n. 1380\/2013 e dell\u2019articolo 18, paragrafo 1, lettera i), del Reg. UE n. 508\/2014.&nbsp;<\/p>\n\n\n\n<p><strong>Allegati<\/strong>&nbsp;<br><a href=\"https:\/\/www.lazioeuropa.it\/archivio1420\/app\/uploads\/2016\/04\/po_feamp_18_novembre_2015.pdf\" target=\"_blank\" rel=\"noreferrer noopener\">Programma Operativo FEAMP 2014\/2020<\/a><br><a href=\"https:\/\/www.lazioeuropa.it\/archivio1420\/app\/uploads\/2016\/04\/po_ripartizione_feamp_per_misura.pdf\" target=\"_blank\" rel=\"noreferrer noopener\">Ripartizione contributo FEAMP per misura<\/a><br><a href=\"https:\/\/www.lazioeuropa.it\/archivio1420\/app\/uploads\/2016\/04\/po_descrizione_sintetica_sigeco_feamp_2014_2020.pdf\" target=\"_blank\" rel=\"noreferrer noopener\">Descrizione sintetica SI.GE.CO. PO FEAMP 2014\u20102020<\/a><br><a href=\"https:\/\/www.lazioeuropa.it\/archivio1420\/app\/uploads\/2016\/04\/po_piano_strategico_acquacoltura_150928.pdf\" target=\"_blank\" rel=\"noreferrer noopener\">Piano strategico dell\u2019acquacoltura<\/a><br><a href=\"https:\/\/www.lazioeuropa.it\/archivio1420\/app\/uploads\/2016\/04\/po_piano_pesca_costiera_artigianale_vers_2015_10_15.pdf\" target=\"_blank\" rel=\"noreferrer noopener\">Piano d\u2019azione per lo sviluppo, la competitivit\u00e0 e la sostenibilit\u00e0 della pesca costiera artigianale<\/a><\/p>\n<\/div>\n\n\n\n<div class=\"wp-block-column is-layout-flow wp-block-column-is-layout-flow\" style=\"flex-basis:33.33%\">\n<p class=\"has-text-color has-background\" style=\"color:#082386;background-color:#c6deee;font-size:16px\"><strong><a href=\"https:\/\/www.lazioeuropa.it\/archivio1420\/po_feamp-23\/il_programma_operativo-132\/\">Il programma operativo<\/a><br><a href=\"https:\/\/www.lazioeuropa.it\/archivio1420\/po_feamp-23\/le_misure-133\/\">Le misure<\/a><br><a href=\"https:\/\/www.lazioeuropa.it\/archivio1420\/po_feamp-23\/glossario-134\/\">Glossario<\/a><br><a href=\"https:\/\/www.lazioeuropa.it\/archivio1420\/po_feamp-23\/sviluppo_locale_di_tipo_partecipativo_-_clld-135\/\">Sviluppo locale di tipo partecipativo \u2013 CLLD<\/a><br><a href=\"https:\/\/www.lazioeuropa.it\/archivio1420\/po_feamp-23\/procedure_attuative-136\/\">Procedure attuative<\/a><br><a href=\"https:\/\/www.lazioeuropa.it\/archivio1420\/po_feamp-23\/struttura_di_gestione-137\/\">Struttura di gestione<\/a><br><a href=\"https:\/\/www.lazioeuropa.it\/archivio1420\/po_feamp-23\/piano_dazione_per_la_riduzione_del_rischio_frode-160\/\">Piano d\u2019azione per la riduzione del rischio frode<\/a><br><a href=\"https:\/\/www.lazioeuropa.it\/archivio1420\/po_feamp-23\/bandi_e_graduatorie-138\/\">Bandi e graduatorie<\/a><br><a href=\"https:\/\/www.lazioeuropa.it\/archivio1420\/po_feamp-23\/comunicazione_e_informazione-139\/\">Comunicazione e informazione<\/a><br><a href=\"https:\/\/www.lazioeuropa.it\/archivio1420\/po_feamp-23\/faq-141\/\">FAQ<\/a><br><a href=\"https:\/\/www.lazioeuropa.it\/archivio1420\/po_feamp-23\/contattaci-142\/\">Contattaci<\/a><\/strong><\/p>\n\n\n\n<p class=\"has-text-color has-background\" style=\"color:#082386;background-color:#d0d3d5\"><a href=\"https:\/\/www.lazioeuropa.it\/archivio1420\/po_feamp-23\/il_programma_operativo-132\/documenti_ue-74\/\"><strong>Documenti UE<\/strong><\/a><\/p>\n<\/div>\n<\/div>\n\n\n\n<p><a href=\"https:\/\/www.lazioeuropa.it\/archivio1420\/po_feamp-23\/il_programma_operativo-132\/documenti_ue-74\/\" target=\"_self\" rel=\"noopener\"><strong>Documenti UE<\/strong><\/a><\/p>\n","protected":false},"excerpt":{"rendered":"<p>Obiettivo generale del PO FEAMP \u00e8 favorire la gestione sostenibile delle attivit\u00e0 di pesca e di acquacoltura incentivando al contempo la competitivit\u00e0 e la relativa capacit\u00e0 di generare sviluppo, occupazione e coesione territoriale. Il Programma Operativo (PO) FEAMP 2014-2020 si inquadra nella pi\u00f9 ampia visione della Strategia Europa 2020 per una crescita intelligente, sostenibile ed [&hellip;]<\/p>\n","protected":false},"author":1,"featured_media":0,"parent":8802,"menu_order":0,"comment_status":"closed","ping_status":"closed","template":"","meta":{"_acf_changed":false,"ghostkit_customizer_options":"","ghostkit_custom_css":"","ghostkit_custom_js_head":"","ghostkit_custom_js_foot":"","ghostkit_typography":"","footnotes":""},"class_list":["post-8803","page","type-page","status-publish","hentry"],"acf":[],"yoast_head":"<!-- This site is optimized with the Yoast SEO plugin v24.2 - https:\/\/yoast.com\/wordpress\/plugins\/seo\/ -->\n<title>PO FEAMP Il programma operativo - LazioEuropa Archivio 1420<\/title>\n<meta name=\"robots\" content=\"index, follow, max-snippet:-1, max-image-preview:large, max-video-preview:-1\" \/>\n<link rel=\"canonical\" href=\"https:\/\/www.lazioeuropa.it\/archivio1420\/po_feamp-23\/il_programma_operativo-132\/\" \/>\n<meta property=\"og:locale\" content=\"it_IT\" \/>\n<meta property=\"og:type\" content=\"article\" \/>\n<meta property=\"og:title\" content=\"PO FEAMP Il programma operativo - LazioEuropa Archivio 1420\" \/>\n<meta property=\"og:description\" content=\"Obiettivo generale del PO FEAMP \u00e8 favorire la gestione sostenibile delle attivit\u00e0 di pesca e di acquacoltura incentivando al contempo la competitivit\u00e0 e la relativa capacit\u00e0 di generare sviluppo, occupazione e coesione territoriale. Il Programma Operativo (PO) FEAMP 2014-2020 si inquadra nella pi\u00f9 ampia visione della Strategia Europa 2020 per una crescita intelligente, sostenibile ed [&hellip;]\" \/>\n<meta property=\"og:url\" content=\"https:\/\/www.lazioeuropa.it\/archivio1420\/po_feamp-23\/il_programma_operativo-132\/\" \/>\n<meta property=\"og:site_name\" content=\"LazioEuropa Archivio 1420\" \/>\n<meta property=\"article:modified_time\" content=\"2023-04-20T12:51:39+00:00\" \/>\n<meta name=\"twitter:card\" content=\"summary_large_image\" \/>\n<meta name=\"twitter:label1\" content=\"Est. reading time\" \/>\n\t<meta name=\"twitter:data1\" content=\"1 minuto\" \/>\n<script type=\"application\/ld+json\" class=\"yoast-schema-graph\">{\"@context\":\"https:\/\/schema.org\",\"@graph\":[{\"@type\":\"WebPage\",\"@id\":\"https:\/\/www.lazioeuropa.it\/archivio1420\/po_feamp-23\/il_programma_operativo-132\/\",\"url\":\"https:\/\/www.lazioeuropa.it\/archivio1420\/po_feamp-23\/il_programma_operativo-132\/\",\"name\":\"PO FEAMP Il programma operativo - LazioEuropa Archivio 1420\",\"isPartOf\":{\"@id\":\"https:\/\/www.lazioeuropa.it\/archivio1420\/#website\"},\"datePublished\":\"2022-04-20T13:27:36+00:00\",\"dateModified\":\"2023-04-20T12:51:39+00:00\",\"breadcrumb\":{\"@id\":\"https:\/\/www.lazioeuropa.it\/archivio1420\/po_feamp-23\/il_programma_operativo-132\/#breadcrumb\"},\"inLanguage\":\"it-IT\",\"potentialAction\":[{\"@type\":\"ReadAction\",\"target\":[\"https:\/\/www.lazioeuropa.it\/archivio1420\/po_feamp-23\/il_programma_operativo-132\/\"]}]},{\"@type\":\"BreadcrumbList\",\"@id\":\"https:\/\/www.lazioeuropa.it\/archivio1420\/po_feamp-23\/il_programma_operativo-132\/#breadcrumb\",\"itemListElement\":[{\"@type\":\"ListItem\",\"position\":1,\"name\":\"Home\",\"item\":\"https:\/\/www.lazioeuropa.it\/archivio1420\/\"},{\"@type\":\"ListItem\",\"position\":2,\"name\":\"PO FEAMP\",\"item\":\"https:\/\/www.lazioeuropa.it\/archivio1420\/po_feamp-23\/\"},{\"@type\":\"ListItem\",\"position\":3,\"name\":\"PO FEAMP Il programma operativo\"}]},{\"@type\":\"WebSite\",\"@id\":\"https:\/\/www.lazioeuropa.it\/archivio1420\/#website\",\"url\":\"https:\/\/www.lazioeuropa.it\/archivio1420\/\",\"name\":\"LazioEuropa Archivio 1420\",\"description\":\"Lazio Europa\",\"potentialAction\":[{\"@type\":\"SearchAction\",\"target\":{\"@type\":\"EntryPoint\",\"urlTemplate\":\"https:\/\/www.lazioeuropa.it\/archivio1420\/?s={search_term_string}\"},\"query-input\":{\"@type\":\"PropertyValueSpecification\",\"valueRequired\":true,\"valueName\":\"search_term_string\"}}],\"inLanguage\":\"it-IT\"}]}<\/script>\n<!-- \/ Yoast SEO plugin. -->","yoast_head_json":{"title":"PO FEAMP Il programma operativo - LazioEuropa Archivio 1420","robots":{"index":"index","follow":"follow","max-snippet":"max-snippet:-1","max-image-preview":"max-image-preview:large","max-video-preview":"max-video-preview:-1"},"canonical":"https:\/\/www.lazioeuropa.it\/archivio1420\/po_feamp-23\/il_programma_operativo-132\/","og_locale":"it_IT","og_type":"article","og_title":"PO FEAMP Il programma operativo - LazioEuropa Archivio 1420","og_description":"Obiettivo generale del PO FEAMP \u00e8 favorire la gestione sostenibile delle attivit\u00e0 di pesca e di acquacoltura incentivando al contempo la competitivit\u00e0 e la relativa capacit\u00e0 di generare sviluppo, occupazione e coesione territoriale. Il Programma Operativo (PO) FEAMP 2014-2020 si inquadra nella pi\u00f9 ampia visione della Strategia Europa 2020 per una crescita intelligente, sostenibile ed [&hellip;]","og_url":"https:\/\/www.lazioeuropa.it\/archivio1420\/po_feamp-23\/il_programma_operativo-132\/","og_site_name":"LazioEuropa Archivio 1420","article_modified_time":"2023-04-20T12:51:39+00:00","twitter_card":"summary_large_image","twitter_misc":{"Est. reading time":"1 minuto"},"schema":{"@context":"https:\/\/schema.org","@graph":[{"@type":"WebPage","@id":"https:\/\/www.lazioeuropa.it\/archivio1420\/po_feamp-23\/il_programma_operativo-132\/","url":"https:\/\/www.lazioeuropa.it\/archivio1420\/po_feamp-23\/il_programma_operativo-132\/","name":"PO FEAMP Il programma operativo - LazioEuropa Archivio 1420","isPartOf":{"@id":"https:\/\/www.lazioeuropa.it\/archivio1420\/#website"},"datePublished":"2022-04-20T13:27:36+00:00","dateModified":"2023-04-20T12:51:39+00:00","breadcrumb":{"@id":"https:\/\/www.lazioeuropa.it\/archivio1420\/po_feamp-23\/il_programma_operativo-132\/#breadcrumb"},"inLanguage":"it-IT","potentialAction":[{"@type":"ReadAction","target":["https:\/\/www.lazioeuropa.it\/archivio1420\/po_feamp-23\/il_programma_operativo-132\/"]}]},{"@type":"BreadcrumbList","@id":"https:\/\/www.lazioeuropa.it\/archivio1420\/po_feamp-23\/il_programma_operativo-132\/#breadcrumb","itemListElement":[{"@type":"ListItem","position":1,"name":"Home","item":"https:\/\/www.lazioeuropa.it\/archivio1420\/"},{"@type":"ListItem","position":2,"name":"PO FEAMP","item":"https:\/\/www.lazioeuropa.it\/archivio1420\/po_feamp-23\/"},{"@type":"ListItem","position":3,"name":"PO FEAMP Il programma operativo"}]},{"@type":"WebSite","@id":"https:\/\/www.lazioeuropa.it\/archivio1420\/#website","url":"https:\/\/www.lazioeuropa.it\/archivio1420\/","name":"LazioEuropa Archivio 1420","description":"Lazio Europa","potentialAction":[{"@type":"SearchAction","target":{"@type":"EntryPoint","urlTemplate":"https:\/\/www.lazioeuropa.it\/archivio1420\/?s={search_term_string}"},"query-input":{"@type":"PropertyValueSpecification","valueRequired":true,"valueName":"search_term_string"}}],"inLanguage":"it-IT"}]}},"featured_image_src":null,"featured_image_src_square":null,"_links":{"self":[{"href":"https:\/\/www.lazioeuropa.it\/archivio1420\/wp-json\/wp\/v2\/pages\/8803","targetHints":{"allow":["GET"]}}],"collection":[{"href":"https:\/\/www.lazioeuropa.it\/archivio1420\/wp-json\/wp\/v2\/pages"}],"about":[{"href":"https:\/\/www.lazioeuropa.it\/archivio1420\/wp-json\/wp\/v2\/types\/page"}],"author":[{"embeddable":true,"href":"https:\/\/www.lazioeuropa.it\/archivio1420\/wp-json\/wp\/v2\/users\/1"}],"replies":[{"embeddable":true,"href":"https:\/\/www.lazioeuropa.it\/archivio1420\/wp-json\/wp\/v2\/comments?post=8803"}],"version-history":[{"count":7,"href":"https:\/\/www.lazioeuropa.it\/archivio1420\/wp-json\/wp\/v2\/pages\/8803\/revisions"}],"predecessor-version":[{"id":10244,"href":"https:\/\/www.lazioeuropa.it\/archivio1420\/wp-json\/wp\/v2\/pages\/8803\/revisions\/10244"}],"up":[{"embeddable":true,"href":"https:\/\/www.lazioeuropa.it\/archivio1420\/wp-json\/wp\/v2\/pages\/8802"}],"wp:attachment":[{"href":"https:\/\/www.lazioeuropa.it\/archivio1420\/wp-json\/wp\/v2\/media?parent=8803"}],"curies":[{"name":"wp","href":"https:\/\/api.w.org\/{rel}","templated":true}]}}