{"id":8806,"date":"2022-04-20T15:27:36","date_gmt":"2022-04-20T13:27:36","guid":{"rendered":"https:\/\/www.lazioeuropa.it\/archivio1420\/po_feamp-23\/glossario-134\/"},"modified":"2023-04-20T12:48:40","modified_gmt":"2023-04-20T10:48:40","slug":"glossario-134","status":"publish","type":"page","link":"https:\/\/www.lazioeuropa.it\/archivio1420\/po_feamp-23\/glossario-134\/","title":{"rendered":"Glossario"},"content":{"rendered":"\n<div class=\"wp-block-columns is-layout-flex wp-container-core-columns-is-layout-1 wp-block-columns-is-layout-flex\">\n<div class=\"wp-block-column is-layout-flow wp-block-column-is-layout-flow\" style=\"flex-basis:66.66%\">\n<p><\/p>\n\n\n\n<p><strong>Ambiente comune per la condivisione delle informazioni (CISE)<\/strong>: una rete di sistemi a struttura decentrata destinati allo scambio di informazioni fra utenti per migliorare la conoscenza della situazione delle attivit\u00e0 in mare;<\/p>\n\n\n\n<p><strong>Interventi intersettoriali<\/strong>: iniziative che presentano vantaggi reciproci per diversi settori e\/o politiche settoriali, secondo quanto previsto dal TFUE, e che non possono essere realizzate interamente tramite misure circoscritte alle rispettive politiche;<\/p>\n\n\n\n<p><strong>Sistema di registrazione e comunicazione elettronica\u00a0(ERS)<\/strong>: un sistema per la registrazione e la comunicazione elettronica dei dati secondo quanto previsto nel regolamento (CE) n. 1224\/2009;<\/p>\n\n\n\n<p><strong>Rete europea di dati e osservazioni marine<\/strong>: una rete che integra la pertinente osservazione marina nazionale e i programmi di dati in una risorsa europea comune e accessibile;<\/p>\n<\/div>\n\n\n\n<div class=\"wp-block-column is-layout-flow wp-block-column-is-layout-flow\" style=\"flex-basis:33.33%\">\n<p class=\"has-text-color has-background\" style=\"color:#082386;background-color:#c6deee;font-size:16px\"><strong><a href=\"https:\/\/www.lazioeuropa.it\/archivio1420\/po_feamp-23\/il_programma_operativo-132\/\">Il programma operativo<\/a><br><a href=\"https:\/\/www.lazioeuropa.it\/archivio1420\/po_feamp-23\/le_misure-133\/\">Le misure<\/a><br><a href=\"https:\/\/www.lazioeuropa.it\/archivio1420\/po_feamp-23\/glossario-134\/\">Glossario<\/a><br><a href=\"https:\/\/www.lazioeuropa.it\/archivio1420\/po_feamp-23\/sviluppo_locale_di_tipo_partecipativo_-_clld-135\/\">Sviluppo locale di tipo partecipativo \u2013 CLLD<\/a><br><a href=\"https:\/\/www.lazioeuropa.it\/archivio1420\/po_feamp-23\/procedure_attuative-136\/\">Procedure attuative<\/a><br><a href=\"https:\/\/www.lazioeuropa.it\/archivio1420\/po_feamp-23\/struttura_di_gestione-137\/\">Struttura di gestione<\/a><br><a href=\"https:\/\/www.lazioeuropa.it\/archivio1420\/po_feamp-23\/piano_dazione_per_la_riduzione_del_rischio_frode-160\/\">Piano d\u2019azione per la riduzione del rischio frode<\/a><br><a href=\"https:\/\/www.lazioeuropa.it\/archivio1420\/po_feamp-23\/bandi_e_graduatorie-138\/\">Bandi e graduatorie<\/a><br><a href=\"https:\/\/www.lazioeuropa.it\/archivio1420\/po_feamp-23\/comunicazione_e_informazione-139\/\">Comunicazione e informazione<\/a><br><a href=\"https:\/\/www.lazioeuropa.it\/archivio1420\/po_feamp-23\/faq-141\/\">FAQ<\/a><br><a href=\"https:\/\/www.lazioeuropa.it\/archivio1420\/po_feamp-23\/contattaci-142\/\">Contattaci<\/a><\/strong><\/p>\n<\/div>\n<\/div>\n\n\n\n<p><\/p>\n\n\n\n<p><strong>Zona di pesca e acquacoltura<\/strong>: una zona in cui \u00e8 presente una costa marina o la sponda di un fiume o di un lago, comprendente stagni o il bacino di un fiume, con un livello significativo di occupazione in attivit\u00e0 di pesca o acquacoltura, che \u00e8 funzionalmente coerente in termini geografici, economici e sociali ed \u00e8 designata come tale dallo Stato membro;IT L 149\/12 Gazzetta ufficiale dell\u2019Unione europea 20.5.2014;<\/p>\n\n\n\n<p><strong>Pescatore<\/strong>: qualsiasi persona che esercita attivit\u00e0 di pesca commerciale, quali riconosciute dallo Stato membro;<\/p>\n\n\n\n<p><strong>Pesca nelle acque interne<\/strong>: le attivit\u00e0 di pesca praticate nelle acque interne a fini commerciali da pescherecci o mediante l\u2019utilizzo di altri dispositivi, compresi quelli per la pesca sul ghiaccio;<\/p>\n\n\n\n<p><strong>Gestione integrata delle zone costiere<\/strong>: le strategie e le misure descritte nella raccomandazione 2002\/413\/CE del Parlamento europeo e del Consiglio;<\/p>\n\n\n\n<p><strong>Governance marittima integrata<\/strong>: la gestione coordinata di tutte le politiche settoriali a livello dell\u2019Unione che hanno un\u2019incidenza sugli oceani, sui mari e sulle regioni costiere;<\/p>\n\n\n\n<p><strong>Politica marittima integrata&nbsp;(PMI)<\/strong>: una politica dell\u2019Unione il cui scopo \u00e8 di promuovere un processo decisionale coordinato e coerente al fine di ottimizzare lo sviluppo sostenibile, la crescita economica e la coesione sociale degli Stati membri, in particolare rispetto alle regioni costiere, insulari e ultraperiferiche nell\u2019Unione nonch\u00e9 ai settori marittimi, mediante politiche marittime coerenti e coordinate e la relativa cooperazione internazionale;<\/p>\n\n\n\n<p><strong>Sorveglianza marittima integrata&nbsp;(SMI)<\/strong>: un\u2019iniziativa dell\u2019Unione volta a migliorare l\u2019efficacia e l\u2019efficienza delle attivit\u00e0 di sorveglianza dei mari europei tramite lo scambio di informazioni e la collaborazione intersettoriale e internazionale;<\/p>\n\n\n\n<p><strong>Pianificazione dello spazio marittimo<\/strong>: un processo nel quale le pertinenti autorit\u00e0 dello Stato membro analizzano e organizzano le attivit\u00e0 umane nelle zone marine per conseguire obiettivi ecologici, economici e sociali;<\/p>\n\n\n\n<p><strong>Misura<\/strong>: una serie di interventi;<\/p>\n\n\n\n<p><strong>Pesca costiera artigianale<\/strong>: la pesca praticata da pescherecci di lunghezza fuori tutto inferiore a 12 metri che non utilizzano gli attrezzi da pesca trainati elencati nella tabella 3 dell\u2019allegato I del regolamento (CE) n. 26\/2004 della Commissione;<\/p>\n\n\n\n<p><strong>Navi che operano esclusivamente nelle acque interne<\/strong>: navi dedite alla pesca commerciale nelle acque interne e non incluse nel registro della flotta peschereccia dell\u2019Unione.<\/p>\n","protected":false},"excerpt":{"rendered":"<p>Ambiente comune per la condivisione delle informazioni (CISE): una rete di sistemi a struttura decentrata destinati allo scambio di informazioni fra utenti per migliorare la conoscenza della situazione delle attivit\u00e0 in mare; Interventi intersettoriali: iniziative che presentano vantaggi reciproci per diversi settori e\/o politiche settoriali, secondo quanto previsto dal TFUE, e che non possono essere [&hellip;]<\/p>\n","protected":false},"author":1,"featured_media":0,"parent":8802,"menu_order":0,"comment_status":"closed","ping_status":"closed","template":"","meta":{"_acf_changed":false,"ghostkit_customizer_options":"","ghostkit_custom_css":"","ghostkit_custom_js_head":"","ghostkit_custom_js_foot":"","ghostkit_typography":"","footnotes":""},"class_list":["post-8806","page","type-page","status-publish","hentry"],"acf":[],"yoast_head":"<!-- This site is optimized with the Yoast SEO plugin v24.2 - https:\/\/yoast.com\/wordpress\/plugins\/seo\/ -->\n<title>Glossario - LazioEuropa Archivio 1420<\/title>\n<meta name=\"robots\" content=\"index, follow, max-snippet:-1, max-image-preview:large, max-video-preview:-1\" \/>\n<link rel=\"canonical\" href=\"https:\/\/www.lazioeuropa.it\/archivio1420\/po_feamp-23\/glossario-134\/\" \/>\n<meta property=\"og:locale\" content=\"it_IT\" \/>\n<meta property=\"og:type\" content=\"article\" \/>\n<meta property=\"og:title\" content=\"Glossario - LazioEuropa Archivio 1420\" \/>\n<meta property=\"og:description\" content=\"Ambiente comune per la condivisione delle informazioni (CISE): una rete di sistemi a struttura decentrata destinati allo scambio di informazioni fra utenti per migliorare la conoscenza della situazione delle attivit\u00e0 in mare; Interventi intersettoriali: iniziative che presentano vantaggi reciproci per diversi settori e\/o politiche settoriali, secondo quanto previsto dal TFUE, e che non possono essere [&hellip;]\" \/>\n<meta property=\"og:url\" content=\"https:\/\/www.lazioeuropa.it\/archivio1420\/po_feamp-23\/glossario-134\/\" \/>\n<meta property=\"og:site_name\" content=\"LazioEuropa Archivio 1420\" \/>\n<meta property=\"article:modified_time\" content=\"2023-04-20T10:48:40+00:00\" \/>\n<meta name=\"twitter:card\" content=\"summary_large_image\" \/>\n<meta name=\"twitter:label1\" content=\"Est. reading time\" \/>\n\t<meta name=\"twitter:data1\" content=\"3 minuti\" \/>\n<script type=\"application\/ld+json\" class=\"yoast-schema-graph\">{\"@context\":\"https:\/\/schema.org\",\"@graph\":[{\"@type\":\"WebPage\",\"@id\":\"https:\/\/www.lazioeuropa.it\/archivio1420\/po_feamp-23\/glossario-134\/\",\"url\":\"https:\/\/www.lazioeuropa.it\/archivio1420\/po_feamp-23\/glossario-134\/\",\"name\":\"Glossario - LazioEuropa Archivio 1420\",\"isPartOf\":{\"@id\":\"https:\/\/www.lazioeuropa.it\/archivio1420\/#website\"},\"datePublished\":\"2022-04-20T13:27:36+00:00\",\"dateModified\":\"2023-04-20T10:48:40+00:00\",\"breadcrumb\":{\"@id\":\"https:\/\/www.lazioeuropa.it\/archivio1420\/po_feamp-23\/glossario-134\/#breadcrumb\"},\"inLanguage\":\"it-IT\",\"potentialAction\":[{\"@type\":\"ReadAction\",\"target\":[\"https:\/\/www.lazioeuropa.it\/archivio1420\/po_feamp-23\/glossario-134\/\"]}]},{\"@type\":\"BreadcrumbList\",\"@id\":\"https:\/\/www.lazioeuropa.it\/archivio1420\/po_feamp-23\/glossario-134\/#breadcrumb\",\"itemListElement\":[{\"@type\":\"ListItem\",\"position\":1,\"name\":\"Home\",\"item\":\"https:\/\/www.lazioeuropa.it\/archivio1420\/\"},{\"@type\":\"ListItem\",\"position\":2,\"name\":\"PO FEAMP\",\"item\":\"https:\/\/www.lazioeuropa.it\/archivio1420\/po_feamp-23\/\"},{\"@type\":\"ListItem\",\"position\":3,\"name\":\"Glossario\"}]},{\"@type\":\"WebSite\",\"@id\":\"https:\/\/www.lazioeuropa.it\/archivio1420\/#website\",\"url\":\"https:\/\/www.lazioeuropa.it\/archivio1420\/\",\"name\":\"LazioEuropa Archivio 1420\",\"description\":\"Lazio Europa\",\"potentialAction\":[{\"@type\":\"SearchAction\",\"target\":{\"@type\":\"EntryPoint\",\"urlTemplate\":\"https:\/\/www.lazioeuropa.it\/archivio1420\/?s={search_term_string}\"},\"query-input\":{\"@type\":\"PropertyValueSpecification\",\"valueRequired\":true,\"valueName\":\"search_term_string\"}}],\"inLanguage\":\"it-IT\"}]}<\/script>\n<!-- \/ Yoast SEO plugin. -->","yoast_head_json":{"title":"Glossario - LazioEuropa Archivio 1420","robots":{"index":"index","follow":"follow","max-snippet":"max-snippet:-1","max-image-preview":"max-image-preview:large","max-video-preview":"max-video-preview:-1"},"canonical":"https:\/\/www.lazioeuropa.it\/archivio1420\/po_feamp-23\/glossario-134\/","og_locale":"it_IT","og_type":"article","og_title":"Glossario - LazioEuropa Archivio 1420","og_description":"Ambiente comune per la condivisione delle informazioni (CISE): una rete di sistemi a struttura decentrata destinati allo scambio di informazioni fra utenti per migliorare la conoscenza della situazione delle attivit\u00e0 in mare; Interventi intersettoriali: iniziative che presentano vantaggi reciproci per diversi settori e\/o politiche settoriali, secondo quanto previsto dal TFUE, e che non possono essere [&hellip;]","og_url":"https:\/\/www.lazioeuropa.it\/archivio1420\/po_feamp-23\/glossario-134\/","og_site_name":"LazioEuropa Archivio 1420","article_modified_time":"2023-04-20T10:48:40+00:00","twitter_card":"summary_large_image","twitter_misc":{"Est. reading time":"3 minuti"},"schema":{"@context":"https:\/\/schema.org","@graph":[{"@type":"WebPage","@id":"https:\/\/www.lazioeuropa.it\/archivio1420\/po_feamp-23\/glossario-134\/","url":"https:\/\/www.lazioeuropa.it\/archivio1420\/po_feamp-23\/glossario-134\/","name":"Glossario - LazioEuropa Archivio 1420","isPartOf":{"@id":"https:\/\/www.lazioeuropa.it\/archivio1420\/#website"},"datePublished":"2022-04-20T13:27:36+00:00","dateModified":"2023-04-20T10:48:40+00:00","breadcrumb":{"@id":"https:\/\/www.lazioeuropa.it\/archivio1420\/po_feamp-23\/glossario-134\/#breadcrumb"},"inLanguage":"it-IT","potentialAction":[{"@type":"ReadAction","target":["https:\/\/www.lazioeuropa.it\/archivio1420\/po_feamp-23\/glossario-134\/"]}]},{"@type":"BreadcrumbList","@id":"https:\/\/www.lazioeuropa.it\/archivio1420\/po_feamp-23\/glossario-134\/#breadcrumb","itemListElement":[{"@type":"ListItem","position":1,"name":"Home","item":"https:\/\/www.lazioeuropa.it\/archivio1420\/"},{"@type":"ListItem","position":2,"name":"PO FEAMP","item":"https:\/\/www.lazioeuropa.it\/archivio1420\/po_feamp-23\/"},{"@type":"ListItem","position":3,"name":"Glossario"}]},{"@type":"WebSite","@id":"https:\/\/www.lazioeuropa.it\/archivio1420\/#website","url":"https:\/\/www.lazioeuropa.it\/archivio1420\/","name":"LazioEuropa Archivio 1420","description":"Lazio Europa","potentialAction":[{"@type":"SearchAction","target":{"@type":"EntryPoint","urlTemplate":"https:\/\/www.lazioeuropa.it\/archivio1420\/?s={search_term_string}"},"query-input":{"@type":"PropertyValueSpecification","valueRequired":true,"valueName":"search_term_string"}}],"inLanguage":"it-IT"}]}},"featured_image_src":null,"featured_image_src_square":null,"_links":{"self":[{"href":"https:\/\/www.lazioeuropa.it\/archivio1420\/wp-json\/wp\/v2\/pages\/8806","targetHints":{"allow":["GET"]}}],"collection":[{"href":"https:\/\/www.lazioeuropa.it\/archivio1420\/wp-json\/wp\/v2\/pages"}],"about":[{"href":"https:\/\/www.lazioeuropa.it\/archivio1420\/wp-json\/wp\/v2\/types\/page"}],"author":[{"embeddable":true,"href":"https:\/\/www.lazioeuropa.it\/archivio1420\/wp-json\/wp\/v2\/users\/1"}],"replies":[{"embeddable":true,"href":"https:\/\/www.lazioeuropa.it\/archivio1420\/wp-json\/wp\/v2\/comments?post=8806"}],"version-history":[{"count":2,"href":"https:\/\/www.lazioeuropa.it\/archivio1420\/wp-json\/wp\/v2\/pages\/8806\/revisions"}],"predecessor-version":[{"id":10121,"href":"https:\/\/www.lazioeuropa.it\/archivio1420\/wp-json\/wp\/v2\/pages\/8806\/revisions\/10121"}],"up":[{"embeddable":true,"href":"https:\/\/www.lazioeuropa.it\/archivio1420\/wp-json\/wp\/v2\/pages\/8802"}],"wp:attachment":[{"href":"https:\/\/www.lazioeuropa.it\/archivio1420\/wp-json\/wp\/v2\/media?parent=8806"}],"curies":[{"name":"wp","href":"https:\/\/api.w.org\/{rel}","templated":true}]}}