{"id":9338,"date":"2022-04-25T12:57:27","date_gmt":"2022-04-25T10:57:27","guid":{"rendered":"https:\/\/www.lazioeuropa.it\/archivio1420\/?page_id=9338"},"modified":"2022-04-29T14:43:24","modified_gmt":"2022-04-29T12:43:24","slug":"cooperazione-teritoriale","status":"publish","type":"page","link":"https:\/\/www.lazioeuropa.it\/archivio1420\/cooperazione-teritoriale\/","title":{"rendered":"Cooperazione Territoriale"},"content":{"rendered":"\n<p><\/p>\n\n\n\n<div class=\"wp-block-columns is-layout-flex wp-container-core-columns-is-layout-1 wp-block-columns-is-layout-flex\">\n<div class=\"wp-block-column is-layout-flow wp-block-column-is-layout-flow\" style=\"flex-basis:66.66%\">\n<p><br>La Cooperazione Territoriale Europea (CTE) si inserisce nel panorama di interventi programmati dall&#8217;Unione Europea al fine di attuare la&nbsp;<strong>Politica di Coesione territoriale economica e sociale<\/strong>&nbsp;e&nbsp;<strong>ridurre il divario tra i livelli di sviluppo<\/strong>&nbsp;delle diverse regioni. La Cooperazione Territoriale Europea, finanziata da fondi FESR, rappresenta infatti&nbsp;<strong>uno dei due obiettivi della politica di coesione<\/strong>, e promuove la collaborazione tra i territori dei diversi Stati membri dell\u2019UE mediante la realizzazione di&nbsp;<strong>azioni congiunte, scambi di esperienze e costruzione di reti<\/strong>&nbsp;per favorire il confronto e risolvere problemi&nbsp;comuni dei territori coinvolti.<\/p>\n<\/div>\n\n\n\n<div class=\"wp-block-column is-layout-flow wp-block-column-is-layout-flow\" style=\"flex-basis:33.33%\">\n<p class=\"has-background\" style=\"background-color:#c6deee\"><strong><a href=\"https:\/\/www.lazioeuropa.it\/archivio1420\/cooperazione-teritoriale\/eventi-cooperazione-territoriale\/\">Eventi<\/a><\/strong><br><strong><a href=\"https:\/\/www.lazioeuropa.it\/archivio1420\/cooperazione-teritoriale\/normativa-cooperazione-territoriale\/\">Normativa<\/a><\/strong><br><strong><a href=\"https:\/\/www.lazioeuropa.it\/archivio1420\/cooperazione-teritoriale\/link-utili-cooperazione-territoriale\/\">Link Utili<\/a><\/strong><\/p>\n<\/div>\n<\/div>\n\n\n\n<p>I programmi di Cooperazione territoriale europea si collocano nell\u2019ambito dei&nbsp;<strong>finanziamenti a gestione indiretta<\/strong>. La gestione dei fondi \u00e8 infatti delegata a un\u2019<strong>autorit\u00e0 di gestione<\/strong>,&nbsp;generalmente un ente nazionale o regionale al&nbsp;quale viene affidato il compito di programmare gli interventi, emanare i bandi, fornire informazioni sul programma, selezionare i progetti e monitorarne la realizzazione.<\/p>\n\n\n\n<p>L\u2019attuazione dei programmi \u00e8 pertanto disciplinata da norme comunitarie ed \u00e8 assicurata da strutture comuni di cooperazione (Autorit\u00e0 di gestione, Segretariato tecnico congiunto, Comitato di sorveglianza) alle quali partecipano rappresentanti dei diversi Stati partecipanti.<\/p>\n\n\n\n<p>A livello nazionale i Comitati nazionali assicurano il coordinamento e la partecipazione italiana ai diversi programmi e definiscono le posizioni nazionali che i rappresentanti italiani dovranno presentare nei comitati di sorveglianza.<\/p>\n\n\n\n<p><strong>La CTE \u00e8 attualmente caratterizzata da tre componenti:<\/strong><\/p>\n\n\n\n<ol class=\"wp-block-list\"><li><strong>Cooperazione transfrontaliera&nbsp;fra regioni limitrofe (NUTS 3)<\/strong>:&nbsp;finalizzata alla promozione dello sviluppo regionale integrato fra regioni confinanti, si suddivide a sua volta in due tipologie geografiche. La prima interessa le regioni&nbsp; &nbsp;di due o pi\u00f9 Stati membri con frontiere marittime e terrestri comuni. La seconda riguarda i confini esterni dell\u2019Unione Europea e coinvolge le regioni di almeno uno Stato membro e quelle di un paese terzo adiacente;<\/li><li><strong>Cooperazione transnazionale, su territori transnazionali pi\u00f9 estesi (NUTS 2)<\/strong>:&nbsp;mira al conseguimento di un livello pi\u00f9 elevato di integrazione territoriale dei territori. &nbsp;Coinvolge partner nazionali, regionali e locali e comprende anche la cooperazione marittima transfrontaliera nei casi che non rientrano nella cooperazione transfrontaliera;<\/li><li><strong>Cooperazione interregionale per rafforzare l&#8217;efficacia della politica di coesione<\/strong>:promuove&nbsp;lo scambio di esperienze e la diffusione di buone prassi tra i territori coinvolti.<\/li><\/ol>\n\n\n\n<p>I diversi Programmi operativi CTE sono definiti per aree geografiche specifiche e i progetti vengono selezionati sulla base di bandi sovranazionali, e di un processo di valutazione e&nbsp;approvazione da parte degli organi di programma. L\u2019accesso ai programmi di cooperazione territoriale dipende pertanto dalla collocazione geografica delle organizzazioni partecipanti. Nel caso dell\u2019Italia, l\u2019ammissibilit\u00e0 ai programmi di cooperazione transfrontaliera interna varia da Provincia a Provincia; l\u2019ammissibilit\u00e0 ai programmi di cooperazione transfrontaliera esterna e di cooperazione transnazionale varia da Regione a Regione. Non vi sono invece vincoli per quanto concerne la cooperazione interregionale, che investe tutto il territorio dell\u2019Unione.<\/p>\n\n\n\n<p>Le&nbsp;<strong>risorse FESR totali<\/strong>&nbsp;assegnate ai programmi dell\u2019obiettivo CTE per il 2014-2020, che rappresentano il 2,75 % delle risorse globali assegnate al FESR, al FSE e al Fondo di coesione, ammontano a&nbsp;<strong>8,9 miliardi di euro<\/strong>, cos\u00ec divisi:<\/p>\n\n\n\n<ul class=\"wp-block-list\"><li>6,6 miliardi di euro per la cooperazione transfrontaliera (74%)<\/li><li>1,8 miliardi di euro per la cooperazione transnazionale (20%)<\/li><li>500 milioni di euro per la cooperazione interregionale (6%)<\/li><\/ul>\n\n\n\n<p>A tali risorse si aggiungono le risorse FESR stanziate a sostegno dei programmi di cooperazione transfrontaliera definiti nell\u2019ambito dello strumento IPA (242 milioni di euro) e dello strumento ENI (634 milioni di euro).<\/p>\n\n\n\n<p>Nel ciclo di&nbsp;programmazione 2014-2020 \u00e8 stata mantenuta sostanzialmente invariata la dimensione finanziaria delle risorse ad essa destinata, anche in un quadro generale di riduzione delle risorse per la politica di coesione.<\/p>\n\n\n\n<p style=\"font-size:24px\"><strong>La Cooperazione territoriale nel Lazio:<\/strong><\/p>\n\n\n\n<p style=\"font-size:24px\"><strong><a href=\"https:\/\/www.lazioeuropa.it\/archivio1420\/cooperazione-teritoriale\/interreg-med\/\">INTERREG MED<\/a><br><a href=\"https:\/\/www.lazioeuropa.it\/archivio1420\/cooperazione-teritoriale\/interreg-europe\/\">INTERREG EUROPE<\/a><br><a href=\"https:\/\/www.lazioeuropa.it\/archivio1420\/cooperazione-teritoriale\/espon-2020\/\">ESPON 2020<\/a><br><a href=\"https:\/\/www.lazioeuropa.it\/archivio1420\/cooperazione-teritoriale\/urbact-iii\/\">URBACT III<\/a><br><a href=\"https:\/\/www.lazioeuropa.it\/archivio1420\/cooperazione-teritoriale\/interact-iii\/\">INTERACT III<\/a><br><a href=\"https:\/\/www.lazioeuropa.it\/archivio1420\/cooperazione-teritoriale\/eni-cbc-med\/\">ENI CBC MED<\/a><\/strong><br><br><br><\/p>\n","protected":false},"excerpt":{"rendered":"<p>La Cooperazione Territoriale Europea (CTE) si inserisce nel panorama di interventi programmati dall&#8217;Unione Europea al fine di attuare la&nbsp;Politica di Coesione territoriale economica e sociale&nbsp;e&nbsp;ridurre il divario tra i livelli di sviluppo&nbsp;delle diverse regioni. La Cooperazione Territoriale Europea, finanziata da fondi FESR, rappresenta infatti&nbsp;uno dei due obiettivi della politica di coesione, e promuove la collaborazione [&hellip;]<\/p>\n","protected":false},"author":6,"featured_media":0,"parent":0,"menu_order":0,"comment_status":"closed","ping_status":"closed","template":"","meta":{"_acf_changed":false,"ghostkit_customizer_options":"","ghostkit_custom_css":"","ghostkit_custom_js_head":"","ghostkit_custom_js_foot":"","ghostkit_typography":"","footnotes":""},"class_list":["post-9338","page","type-page","status-publish","hentry"],"acf":[],"yoast_head":"<!-- This site is optimized with the Yoast SEO plugin v24.2 - https:\/\/yoast.com\/wordpress\/plugins\/seo\/ -->\n<title>Cooperazione Territoriale - LazioEuropa Archivio 1420<\/title>\n<meta name=\"robots\" content=\"index, follow, max-snippet:-1, max-image-preview:large, max-video-preview:-1\" \/>\n<link rel=\"canonical\" href=\"https:\/\/www.lazioeuropa.it\/archivio1420\/cooperazione-teritoriale\/\" \/>\n<meta property=\"og:locale\" content=\"it_IT\" \/>\n<meta property=\"og:type\" content=\"article\" \/>\n<meta property=\"og:title\" content=\"Cooperazione Territoriale - LazioEuropa Archivio 1420\" \/>\n<meta property=\"og:description\" content=\"La Cooperazione Territoriale Europea (CTE) si inserisce nel panorama di interventi programmati dall&#8217;Unione Europea al fine di attuare la&nbsp;Politica di Coesione territoriale economica e sociale&nbsp;e&nbsp;ridurre il divario tra i livelli di sviluppo&nbsp;delle diverse regioni. La Cooperazione Territoriale Europea, finanziata da fondi FESR, rappresenta infatti&nbsp;uno dei due obiettivi della politica di coesione, e promuove la collaborazione [&hellip;]\" \/>\n<meta property=\"og:url\" content=\"https:\/\/www.lazioeuropa.it\/archivio1420\/cooperazione-teritoriale\/\" \/>\n<meta property=\"og:site_name\" content=\"LazioEuropa Archivio 1420\" \/>\n<meta property=\"article:modified_time\" content=\"2022-04-29T12:43:24+00:00\" \/>\n<meta name=\"twitter:card\" content=\"summary_large_image\" \/>\n<meta name=\"twitter:label1\" content=\"Est. reading time\" \/>\n\t<meta name=\"twitter:data1\" content=\"4 minuti\" \/>\n<script type=\"application\/ld+json\" class=\"yoast-schema-graph\">{\"@context\":\"https:\/\/schema.org\",\"@graph\":[{\"@type\":\"WebPage\",\"@id\":\"https:\/\/www.lazioeuropa.it\/archivio1420\/cooperazione-teritoriale\/\",\"url\":\"https:\/\/www.lazioeuropa.it\/archivio1420\/cooperazione-teritoriale\/\",\"name\":\"Cooperazione Territoriale - LazioEuropa Archivio 1420\",\"isPartOf\":{\"@id\":\"https:\/\/www.lazioeuropa.it\/archivio1420\/#website\"},\"datePublished\":\"2022-04-25T10:57:27+00:00\",\"dateModified\":\"2022-04-29T12:43:24+00:00\",\"breadcrumb\":{\"@id\":\"https:\/\/www.lazioeuropa.it\/archivio1420\/cooperazione-teritoriale\/#breadcrumb\"},\"inLanguage\":\"it-IT\",\"potentialAction\":[{\"@type\":\"ReadAction\",\"target\":[\"https:\/\/www.lazioeuropa.it\/archivio1420\/cooperazione-teritoriale\/\"]}]},{\"@type\":\"BreadcrumbList\",\"@id\":\"https:\/\/www.lazioeuropa.it\/archivio1420\/cooperazione-teritoriale\/#breadcrumb\",\"itemListElement\":[{\"@type\":\"ListItem\",\"position\":1,\"name\":\"Home\",\"item\":\"https:\/\/www.lazioeuropa.it\/archivio1420\/\"},{\"@type\":\"ListItem\",\"position\":2,\"name\":\"Cooperazione Territoriale\"}]},{\"@type\":\"WebSite\",\"@id\":\"https:\/\/www.lazioeuropa.it\/archivio1420\/#website\",\"url\":\"https:\/\/www.lazioeuropa.it\/archivio1420\/\",\"name\":\"LazioEuropa Archivio 1420\",\"description\":\"Lazio Europa\",\"potentialAction\":[{\"@type\":\"SearchAction\",\"target\":{\"@type\":\"EntryPoint\",\"urlTemplate\":\"https:\/\/www.lazioeuropa.it\/archivio1420\/?s={search_term_string}\"},\"query-input\":{\"@type\":\"PropertyValueSpecification\",\"valueRequired\":true,\"valueName\":\"search_term_string\"}}],\"inLanguage\":\"it-IT\"}]}<\/script>\n<!-- \/ Yoast SEO plugin. -->","yoast_head_json":{"title":"Cooperazione Territoriale - LazioEuropa Archivio 1420","robots":{"index":"index","follow":"follow","max-snippet":"max-snippet:-1","max-image-preview":"max-image-preview:large","max-video-preview":"max-video-preview:-1"},"canonical":"https:\/\/www.lazioeuropa.it\/archivio1420\/cooperazione-teritoriale\/","og_locale":"it_IT","og_type":"article","og_title":"Cooperazione Territoriale - LazioEuropa Archivio 1420","og_description":"La Cooperazione Territoriale Europea (CTE) si inserisce nel panorama di interventi programmati dall&#8217;Unione Europea al fine di attuare la&nbsp;Politica di Coesione territoriale economica e sociale&nbsp;e&nbsp;ridurre il divario tra i livelli di sviluppo&nbsp;delle diverse regioni. La Cooperazione Territoriale Europea, finanziata da fondi FESR, rappresenta infatti&nbsp;uno dei due obiettivi della politica di coesione, e promuove la collaborazione [&hellip;]","og_url":"https:\/\/www.lazioeuropa.it\/archivio1420\/cooperazione-teritoriale\/","og_site_name":"LazioEuropa Archivio 1420","article_modified_time":"2022-04-29T12:43:24+00:00","twitter_card":"summary_large_image","twitter_misc":{"Est. reading time":"4 minuti"},"schema":{"@context":"https:\/\/schema.org","@graph":[{"@type":"WebPage","@id":"https:\/\/www.lazioeuropa.it\/archivio1420\/cooperazione-teritoriale\/","url":"https:\/\/www.lazioeuropa.it\/archivio1420\/cooperazione-teritoriale\/","name":"Cooperazione Territoriale - LazioEuropa Archivio 1420","isPartOf":{"@id":"https:\/\/www.lazioeuropa.it\/archivio1420\/#website"},"datePublished":"2022-04-25T10:57:27+00:00","dateModified":"2022-04-29T12:43:24+00:00","breadcrumb":{"@id":"https:\/\/www.lazioeuropa.it\/archivio1420\/cooperazione-teritoriale\/#breadcrumb"},"inLanguage":"it-IT","potentialAction":[{"@type":"ReadAction","target":["https:\/\/www.lazioeuropa.it\/archivio1420\/cooperazione-teritoriale\/"]}]},{"@type":"BreadcrumbList","@id":"https:\/\/www.lazioeuropa.it\/archivio1420\/cooperazione-teritoriale\/#breadcrumb","itemListElement":[{"@type":"ListItem","position":1,"name":"Home","item":"https:\/\/www.lazioeuropa.it\/archivio1420\/"},{"@type":"ListItem","position":2,"name":"Cooperazione Territoriale"}]},{"@type":"WebSite","@id":"https:\/\/www.lazioeuropa.it\/archivio1420\/#website","url":"https:\/\/www.lazioeuropa.it\/archivio1420\/","name":"LazioEuropa Archivio 1420","description":"Lazio Europa","potentialAction":[{"@type":"SearchAction","target":{"@type":"EntryPoint","urlTemplate":"https:\/\/www.lazioeuropa.it\/archivio1420\/?s={search_term_string}"},"query-input":{"@type":"PropertyValueSpecification","valueRequired":true,"valueName":"search_term_string"}}],"inLanguage":"it-IT"}]}},"featured_image_src":null,"featured_image_src_square":null,"_links":{"self":[{"href":"https:\/\/www.lazioeuropa.it\/archivio1420\/wp-json\/wp\/v2\/pages\/9338","targetHints":{"allow":["GET"]}}],"collection":[{"href":"https:\/\/www.lazioeuropa.it\/archivio1420\/wp-json\/wp\/v2\/pages"}],"about":[{"href":"https:\/\/www.lazioeuropa.it\/archivio1420\/wp-json\/wp\/v2\/types\/page"}],"author":[{"embeddable":true,"href":"https:\/\/www.lazioeuropa.it\/archivio1420\/wp-json\/wp\/v2\/users\/6"}],"replies":[{"embeddable":true,"href":"https:\/\/www.lazioeuropa.it\/archivio1420\/wp-json\/wp\/v2\/comments?post=9338"}],"version-history":[{"count":17,"href":"https:\/\/www.lazioeuropa.it\/archivio1420\/wp-json\/wp\/v2\/pages\/9338\/revisions"}],"predecessor-version":[{"id":9580,"href":"https:\/\/www.lazioeuropa.it\/archivio1420\/wp-json\/wp\/v2\/pages\/9338\/revisions\/9580"}],"wp:attachment":[{"href":"https:\/\/www.lazioeuropa.it\/archivio1420\/wp-json\/wp\/v2\/media?parent=9338"}],"curies":[{"name":"wp","href":"https:\/\/api.w.org\/{rel}","templated":true}]}}