{"id":9344,"date":"2022-04-25T13:06:56","date_gmt":"2022-04-25T11:06:56","guid":{"rendered":"https:\/\/www.lazioeuropa.it\/archivio1420\/?page_id=9344"},"modified":"2022-05-11T21:53:25","modified_gmt":"2022-05-11T19:53:25","slug":"interreg-med","status":"publish","type":"page","link":"https:\/\/www.lazioeuropa.it\/archivio1420\/cooperazione-teritoriale\/interreg-med\/","title":{"rendered":"INTERREG MED"},"content":{"rendered":"\n<p><br><br><strong>Autorit\u00e0 di gestione:&nbsp;<\/strong>FRANCIA (Regione Sud)<\/p>\n\n\n\n<p><strong>Stati partner:&nbsp;<\/strong>Cipro, Croazia, Grecia, Malta, Slovenia, 5 regioni della Francia (Corsica, Languedoc-Roussillon, Provence-Alpes-C\u00f4te d\u2019Azur, Rh\u00f4ne-Alpes, Midi Pyr\u00e9n\u00e9es), 3 regioni del Portogallo (Algarve, Alentejo, Regione di Lisbona) 7 regioni della Spagna (Andalusia, Aragona, Catalogna, Isole Baleari, Murcia, Valencia, Ceuta e Melilla), Gibilterra per il Regno Unito e i 3 Paesi candidati (Albania, Bosnia-Erzegovina e Montenegro), che si affacciano sul Mediterraneo<strong>.<\/strong>.<\/p>\n\n\n\n<p><strong>Regioni italiane eleggibili:&nbsp;<\/strong>Tutte&nbsp;eccetto il Trentino Alto Adige.<\/p>\n\n\n\n<p><strong>Obiettivi:<\/strong>&nbsp;promuovere una crescita sostenibile nell\u2019area del Mediterraneo favorendo idee e pratiche innovative e&nbsp;un uso efficiente delle risorse (energia, acqua, risorse marittime), e sostenendo l\u2019integrazione sociale.<\/p>\n\n\n\n<p><strong>Dotazione finanziaria:&nbsp;<\/strong>\u20ac 268.450.342, di cui \u20ac 224.322.525 FESR<\/p>\n\n\n\n<p><br><strong>National Contact Point<\/strong><\/p>\n\n\n\n<p>I beneficiari italiani e tutti coloro che necessitano di informazioni sul programma e sui bandi possono rivolgersi agli uffici del National Contact Point Italia, gestito da ART-ER Attrattivit\u00e0 Ricerca Territorio (ex ERVET) della Regione Emilia Romagna.<\/p>\n\n\n\n<p>Eleonora Liuzzo | ART-ER (National Contact Point Italia)  <br>Orari: Lun\/Merc\/Ven 10:00\u201312:00 | Giov 14:30\u201316:30  <br>Tel.: +39 051 6450415; e-mail:&nbsp;<a href=\"mailto:medesk@regione.emilia-romagna.it\">medesk@regione.emilia-romagna.it<\/a><\/p>\n\n\n\n<p>Stefania Leoni | Regione Emilia-Romagna &#8211; Copresidente del Comitato Nazionale <br>Tel.: +39 051 527 3275\/3669\/8901; e-mail:&nbsp;<a href=\"mailto:medncp@regione.emilia-romagna.it\">medncp@regione.emilia-romagna.it<\/a><\/p>\n\n\n\n<h3 class=\"wp-block-heading\"><strong>Sito internet<\/strong>:&nbsp;<a href=\"https:\/\/interreg-med.eu\/\" target=\"_blank\" rel=\"noreferrer noopener\">https:\/\/interreg-med.eu\/<\/a><\/h3>\n\n\n\n<h3 class=\"wp-block-heading\"><br>PROGETTI APPROVATI<\/h3>\n\n\n\n<p>Si tratta di progetti del territorio finanziati nel&nbsp;Lazio.<\/p>\n\n\n\n<p><strong><a href=\"https:\/\/www.lazioeuropa.it\/archivio1420\/app\/uploads\/2022\/04\/interreg_med_regione_lazio_progetti_approvati.pdf\">Consulta&nbsp;l&#8217;elenco<\/a><\/strong><br><br><br><\/p>\n","protected":false},"excerpt":{"rendered":"<p>Autorit\u00e0 di gestione:&nbsp;FRANCIA (Regione Sud) Stati partner:&nbsp;Cipro, Croazia, Grecia, Malta, Slovenia, 5 regioni della Francia (Corsica, Languedoc-Roussillon, Provence-Alpes-C\u00f4te d\u2019Azur, Rh\u00f4ne-Alpes, Midi Pyr\u00e9n\u00e9es), 3 regioni del Portogallo (Algarve, Alentejo, Regione di Lisbona) 7 regioni della Spagna (Andalusia, Aragona, Catalogna, Isole Baleari, Murcia, Valencia, Ceuta e Melilla), Gibilterra per il Regno Unito e i 3 Paesi candidati [&hellip;]<\/p>\n","protected":false},"author":6,"featured_media":0,"parent":9338,"menu_order":0,"comment_status":"closed","ping_status":"closed","template":"","meta":{"_acf_changed":false,"ghostkit_customizer_options":"","ghostkit_custom_css":"","ghostkit_custom_js_head":"","ghostkit_custom_js_foot":"","ghostkit_typography":"","footnotes":""},"class_list":["post-9344","page","type-page","status-publish","hentry"],"acf":[],"yoast_head":"<!-- This site is optimized with the Yoast SEO plugin v24.2 - https:\/\/yoast.com\/wordpress\/plugins\/seo\/ -->\n<title>INTERREG MED - LazioEuropa Archivio 1420<\/title>\n<meta name=\"robots\" content=\"index, follow, max-snippet:-1, max-image-preview:large, max-video-preview:-1\" \/>\n<link rel=\"canonical\" href=\"https:\/\/www.lazioeuropa.it\/archivio1420\/cooperazione-teritoriale\/interreg-med\/\" \/>\n<meta property=\"og:locale\" content=\"it_IT\" \/>\n<meta property=\"og:type\" content=\"article\" \/>\n<meta property=\"og:title\" content=\"INTERREG MED - LazioEuropa Archivio 1420\" \/>\n<meta property=\"og:description\" content=\"Autorit\u00e0 di gestione:&nbsp;FRANCIA (Regione Sud) Stati partner:&nbsp;Cipro, Croazia, Grecia, Malta, Slovenia, 5 regioni della Francia (Corsica, Languedoc-Roussillon, Provence-Alpes-C\u00f4te d\u2019Azur, Rh\u00f4ne-Alpes, Midi Pyr\u00e9n\u00e9es), 3 regioni del Portogallo (Algarve, Alentejo, Regione di Lisbona) 7 regioni della Spagna (Andalusia, Aragona, Catalogna, Isole Baleari, Murcia, Valencia, Ceuta e Melilla), Gibilterra per il Regno Unito e i 3 Paesi candidati [&hellip;]\" \/>\n<meta property=\"og:url\" content=\"https:\/\/www.lazioeuropa.it\/archivio1420\/cooperazione-teritoriale\/interreg-med\/\" \/>\n<meta property=\"og:site_name\" content=\"LazioEuropa Archivio 1420\" \/>\n<meta property=\"article:modified_time\" content=\"2022-05-11T19:53:25+00:00\" \/>\n<meta name=\"twitter:card\" content=\"summary_large_image\" \/>\n<meta name=\"twitter:label1\" content=\"Est. reading time\" \/>\n\t<meta name=\"twitter:data1\" content=\"2 minuti\" \/>\n<script type=\"application\/ld+json\" class=\"yoast-schema-graph\">{\"@context\":\"https:\/\/schema.org\",\"@graph\":[{\"@type\":\"WebPage\",\"@id\":\"https:\/\/www.lazioeuropa.it\/archivio1420\/cooperazione-teritoriale\/interreg-med\/\",\"url\":\"https:\/\/www.lazioeuropa.it\/archivio1420\/cooperazione-teritoriale\/interreg-med\/\",\"name\":\"INTERREG MED - LazioEuropa Archivio 1420\",\"isPartOf\":{\"@id\":\"https:\/\/www.lazioeuropa.it\/archivio1420\/#website\"},\"datePublished\":\"2022-04-25T11:06:56+00:00\",\"dateModified\":\"2022-05-11T19:53:25+00:00\",\"breadcrumb\":{\"@id\":\"https:\/\/www.lazioeuropa.it\/archivio1420\/cooperazione-teritoriale\/interreg-med\/#breadcrumb\"},\"inLanguage\":\"it-IT\",\"potentialAction\":[{\"@type\":\"ReadAction\",\"target\":[\"https:\/\/www.lazioeuropa.it\/archivio1420\/cooperazione-teritoriale\/interreg-med\/\"]}]},{\"@type\":\"BreadcrumbList\",\"@id\":\"https:\/\/www.lazioeuropa.it\/archivio1420\/cooperazione-teritoriale\/interreg-med\/#breadcrumb\",\"itemListElement\":[{\"@type\":\"ListItem\",\"position\":1,\"name\":\"Home\",\"item\":\"https:\/\/www.lazioeuropa.it\/archivio1420\/\"},{\"@type\":\"ListItem\",\"position\":2,\"name\":\"Cooperazione Territoriale\",\"item\":\"https:\/\/www.lazioeuropa.it\/archivio1420\/cooperazione-teritoriale\/\"},{\"@type\":\"ListItem\",\"position\":3,\"name\":\"INTERREG MED\"}]},{\"@type\":\"WebSite\",\"@id\":\"https:\/\/www.lazioeuropa.it\/archivio1420\/#website\",\"url\":\"https:\/\/www.lazioeuropa.it\/archivio1420\/\",\"name\":\"LazioEuropa Archivio 1420\",\"description\":\"Lazio Europa\",\"potentialAction\":[{\"@type\":\"SearchAction\",\"target\":{\"@type\":\"EntryPoint\",\"urlTemplate\":\"https:\/\/www.lazioeuropa.it\/archivio1420\/?s={search_term_string}\"},\"query-input\":{\"@type\":\"PropertyValueSpecification\",\"valueRequired\":true,\"valueName\":\"search_term_string\"}}],\"inLanguage\":\"it-IT\"}]}<\/script>\n<!-- \/ Yoast SEO plugin. -->","yoast_head_json":{"title":"INTERREG MED - LazioEuropa Archivio 1420","robots":{"index":"index","follow":"follow","max-snippet":"max-snippet:-1","max-image-preview":"max-image-preview:large","max-video-preview":"max-video-preview:-1"},"canonical":"https:\/\/www.lazioeuropa.it\/archivio1420\/cooperazione-teritoriale\/interreg-med\/","og_locale":"it_IT","og_type":"article","og_title":"INTERREG MED - LazioEuropa Archivio 1420","og_description":"Autorit\u00e0 di gestione:&nbsp;FRANCIA (Regione Sud) Stati partner:&nbsp;Cipro, Croazia, Grecia, Malta, Slovenia, 5 regioni della Francia (Corsica, Languedoc-Roussillon, Provence-Alpes-C\u00f4te d\u2019Azur, Rh\u00f4ne-Alpes, Midi Pyr\u00e9n\u00e9es), 3 regioni del Portogallo (Algarve, Alentejo, Regione di Lisbona) 7 regioni della Spagna (Andalusia, Aragona, Catalogna, Isole Baleari, Murcia, Valencia, Ceuta e Melilla), Gibilterra per il Regno Unito e i 3 Paesi candidati [&hellip;]","og_url":"https:\/\/www.lazioeuropa.it\/archivio1420\/cooperazione-teritoriale\/interreg-med\/","og_site_name":"LazioEuropa Archivio 1420","article_modified_time":"2022-05-11T19:53:25+00:00","twitter_card":"summary_large_image","twitter_misc":{"Est. reading time":"2 minuti"},"schema":{"@context":"https:\/\/schema.org","@graph":[{"@type":"WebPage","@id":"https:\/\/www.lazioeuropa.it\/archivio1420\/cooperazione-teritoriale\/interreg-med\/","url":"https:\/\/www.lazioeuropa.it\/archivio1420\/cooperazione-teritoriale\/interreg-med\/","name":"INTERREG MED - LazioEuropa Archivio 1420","isPartOf":{"@id":"https:\/\/www.lazioeuropa.it\/archivio1420\/#website"},"datePublished":"2022-04-25T11:06:56+00:00","dateModified":"2022-05-11T19:53:25+00:00","breadcrumb":{"@id":"https:\/\/www.lazioeuropa.it\/archivio1420\/cooperazione-teritoriale\/interreg-med\/#breadcrumb"},"inLanguage":"it-IT","potentialAction":[{"@type":"ReadAction","target":["https:\/\/www.lazioeuropa.it\/archivio1420\/cooperazione-teritoriale\/interreg-med\/"]}]},{"@type":"BreadcrumbList","@id":"https:\/\/www.lazioeuropa.it\/archivio1420\/cooperazione-teritoriale\/interreg-med\/#breadcrumb","itemListElement":[{"@type":"ListItem","position":1,"name":"Home","item":"https:\/\/www.lazioeuropa.it\/archivio1420\/"},{"@type":"ListItem","position":2,"name":"Cooperazione Territoriale","item":"https:\/\/www.lazioeuropa.it\/archivio1420\/cooperazione-teritoriale\/"},{"@type":"ListItem","position":3,"name":"INTERREG MED"}]},{"@type":"WebSite","@id":"https:\/\/www.lazioeuropa.it\/archivio1420\/#website","url":"https:\/\/www.lazioeuropa.it\/archivio1420\/","name":"LazioEuropa Archivio 1420","description":"Lazio Europa","potentialAction":[{"@type":"SearchAction","target":{"@type":"EntryPoint","urlTemplate":"https:\/\/www.lazioeuropa.it\/archivio1420\/?s={search_term_string}"},"query-input":{"@type":"PropertyValueSpecification","valueRequired":true,"valueName":"search_term_string"}}],"inLanguage":"it-IT"}]}},"featured_image_src":null,"featured_image_src_square":null,"_links":{"self":[{"href":"https:\/\/www.lazioeuropa.it\/archivio1420\/wp-json\/wp\/v2\/pages\/9344","targetHints":{"allow":["GET"]}}],"collection":[{"href":"https:\/\/www.lazioeuropa.it\/archivio1420\/wp-json\/wp\/v2\/pages"}],"about":[{"href":"https:\/\/www.lazioeuropa.it\/archivio1420\/wp-json\/wp\/v2\/types\/page"}],"author":[{"embeddable":true,"href":"https:\/\/www.lazioeuropa.it\/archivio1420\/wp-json\/wp\/v2\/users\/6"}],"replies":[{"embeddable":true,"href":"https:\/\/www.lazioeuropa.it\/archivio1420\/wp-json\/wp\/v2\/comments?post=9344"}],"version-history":[{"count":5,"href":"https:\/\/www.lazioeuropa.it\/archivio1420\/wp-json\/wp\/v2\/pages\/9344\/revisions"}],"predecessor-version":[{"id":9681,"href":"https:\/\/www.lazioeuropa.it\/archivio1420\/wp-json\/wp\/v2\/pages\/9344\/revisions\/9681"}],"up":[{"embeddable":true,"href":"https:\/\/www.lazioeuropa.it\/archivio1420\/wp-json\/wp\/v2\/pages\/9338"}],"wp:attachment":[{"href":"https:\/\/www.lazioeuropa.it\/archivio1420\/wp-json\/wp\/v2\/media?parent=9344"}],"curies":[{"name":"wp","href":"https:\/\/api.w.org\/{rel}","templated":true}]}}