{"id":9360,"date":"2022-04-25T13:17:47","date_gmt":"2022-04-25T11:17:47","guid":{"rendered":"https:\/\/www.lazioeuropa.it\/archivio1420\/?page_id=9360"},"modified":"2022-04-25T13:19:08","modified_gmt":"2022-04-25T11:19:08","slug":"urbact-iii","status":"publish","type":"page","link":"https:\/\/www.lazioeuropa.it\/archivio1420\/cooperazione-teritoriale\/urbact-iii\/","title":{"rendered":"URBACT III"},"content":{"rendered":"\n<p><br><br><\/p>\n\n\n\n<p><strong>Autorit\u00e0 di gestione<\/strong>: Francia &#8211;&nbsp;Commissariat G\u00e9n\u00e9ral \u00e0&nbsp;l\u2019\u00c9galit\u00e8 des Territoires (CGET)<\/p>\n\n\n\n<p><strong>Stati partner<\/strong>: intero territorio UE, Norvegia e Svizzera&nbsp;e Paesi dell\u2019area IPA (Turchia, Albania, Montenegro, Serbia, Macedonia, Bosnia-Erzegovina e Kosovo).<\/p>\n\n\n\n<p><strong>Regioni italiane eleggibili<\/strong>:tutte<\/p>\n\n\n\n<p><strong>Obiettivi<\/strong>: il programma ha lo scopo di fornire soluzioni alternative per risolvere le principali sfide urbane, promuovendo uno sviluppo urbano integrato e sostenibile attraverso processi di apprendimento reciproco.<\/p>\n\n\n\n<p>Urbact utilizza i Fondi strutturali per contribuire al raggiungimento degli obiettivi della Strategia Europa&nbsp;2020, fornendo alle citt\u00e0 strumenti e metodi di sviluppo e soluzioni prioritarie per risolvere i problemi&nbsp;delle citt\u00e0 europee.<\/p>\n\n\n\n<p><strong>Dotazione finanziaria<\/strong>: \u20ac 96.324.550, di cui \u20ac 74.301,909 FESR<\/p>\n\n\n\n<h3 class=\"wp-block-heading\"><br><strong>Punto di Contatto Nazionale<\/strong><\/h3>\n\n\n\n<p>ANCI &#8211; Associazione nazionale dei Comuni italiani   <br>Simone D\u2019Antonio &#8211;&nbsp;e-mail:&nbsp;<a href=\"mailto:s.dantonio@anci.it\">s.dantonio@anci.it<\/a><\/p>\n\n\n\n<p>Ministero dei Trasporti&nbsp;(competenze su URBACT) <br>Daniela Versino &#8211;&nbsp;e-mail:&nbsp;<a href=\"mailto:daniela.versino@mit.gov.it\">daniela.versino@mit.gov.it<\/a><\/p>\n\n\n\n<h3 class=\"wp-block-heading\"><strong>Sito internet<\/strong>:&nbsp;<a href=\"https:\/\/urbact.eu\/\" target=\"_blank\" rel=\"noreferrer noopener\">https:\/\/urbact.eu\/<\/a><br><br><br><\/h3>\n","protected":false},"excerpt":{"rendered":"<p>Autorit\u00e0 di gestione: Francia &#8211;&nbsp;Commissariat G\u00e9n\u00e9ral \u00e0&nbsp;l\u2019\u00c9galit\u00e8 des Territoires (CGET) Stati partner: intero territorio UE, Norvegia e Svizzera&nbsp;e Paesi dell\u2019area IPA (Turchia, Albania, Montenegro, Serbia, Macedonia, Bosnia-Erzegovina e Kosovo). Regioni italiane eleggibili:tutte Obiettivi: il programma ha lo scopo di fornire soluzioni alternative per risolvere le principali sfide urbane, promuovendo uno sviluppo urbano integrato e sostenibile [&hellip;]<\/p>\n","protected":false},"author":6,"featured_media":0,"parent":9338,"menu_order":0,"comment_status":"closed","ping_status":"closed","template":"","meta":{"_acf_changed":false,"ghostkit_customizer_options":"","ghostkit_custom_css":"","ghostkit_custom_js_head":"","ghostkit_custom_js_foot":"","ghostkit_typography":"","footnotes":""},"class_list":["post-9360","page","type-page","status-publish","hentry"],"acf":[],"yoast_head":"<!-- This site is optimized with the Yoast SEO plugin v24.2 - https:\/\/yoast.com\/wordpress\/plugins\/seo\/ -->\n<title>URBACT III - LazioEuropa Archivio 1420<\/title>\n<meta name=\"robots\" content=\"index, follow, max-snippet:-1, max-image-preview:large, max-video-preview:-1\" \/>\n<link rel=\"canonical\" href=\"https:\/\/www.lazioeuropa.it\/archivio1420\/cooperazione-teritoriale\/urbact-iii\/\" \/>\n<meta property=\"og:locale\" content=\"it_IT\" \/>\n<meta property=\"og:type\" content=\"article\" \/>\n<meta property=\"og:title\" content=\"URBACT III - LazioEuropa Archivio 1420\" \/>\n<meta property=\"og:description\" content=\"Autorit\u00e0 di gestione: Francia &#8211;&nbsp;Commissariat G\u00e9n\u00e9ral \u00e0&nbsp;l\u2019\u00c9galit\u00e8 des Territoires (CGET) Stati partner: intero territorio UE, Norvegia e Svizzera&nbsp;e Paesi dell\u2019area IPA (Turchia, Albania, Montenegro, Serbia, Macedonia, Bosnia-Erzegovina e Kosovo). Regioni italiane eleggibili:tutte Obiettivi: il programma ha lo scopo di fornire soluzioni alternative per risolvere le principali sfide urbane, promuovendo uno sviluppo urbano integrato e sostenibile [&hellip;]\" \/>\n<meta property=\"og:url\" content=\"https:\/\/www.lazioeuropa.it\/archivio1420\/cooperazione-teritoriale\/urbact-iii\/\" \/>\n<meta property=\"og:site_name\" content=\"LazioEuropa Archivio 1420\" \/>\n<meta property=\"article:modified_time\" content=\"2022-04-25T11:19:08+00:00\" \/>\n<meta name=\"twitter:card\" content=\"summary_large_image\" \/>\n<meta name=\"twitter:label1\" content=\"Est. reading time\" \/>\n\t<meta name=\"twitter:data1\" content=\"1 minuto\" \/>\n<script type=\"application\/ld+json\" class=\"yoast-schema-graph\">{\"@context\":\"https:\/\/schema.org\",\"@graph\":[{\"@type\":\"WebPage\",\"@id\":\"https:\/\/www.lazioeuropa.it\/archivio1420\/cooperazione-teritoriale\/urbact-iii\/\",\"url\":\"https:\/\/www.lazioeuropa.it\/archivio1420\/cooperazione-teritoriale\/urbact-iii\/\",\"name\":\"URBACT III - LazioEuropa Archivio 1420\",\"isPartOf\":{\"@id\":\"https:\/\/www.lazioeuropa.it\/archivio1420\/#website\"},\"datePublished\":\"2022-04-25T11:17:47+00:00\",\"dateModified\":\"2022-04-25T11:19:08+00:00\",\"breadcrumb\":{\"@id\":\"https:\/\/www.lazioeuropa.it\/archivio1420\/cooperazione-teritoriale\/urbact-iii\/#breadcrumb\"},\"inLanguage\":\"it-IT\",\"potentialAction\":[{\"@type\":\"ReadAction\",\"target\":[\"https:\/\/www.lazioeuropa.it\/archivio1420\/cooperazione-teritoriale\/urbact-iii\/\"]}]},{\"@type\":\"BreadcrumbList\",\"@id\":\"https:\/\/www.lazioeuropa.it\/archivio1420\/cooperazione-teritoriale\/urbact-iii\/#breadcrumb\",\"itemListElement\":[{\"@type\":\"ListItem\",\"position\":1,\"name\":\"Home\",\"item\":\"https:\/\/www.lazioeuropa.it\/archivio1420\/\"},{\"@type\":\"ListItem\",\"position\":2,\"name\":\"Cooperazione Territoriale\",\"item\":\"https:\/\/www.lazioeuropa.it\/archivio1420\/cooperazione-teritoriale\/\"},{\"@type\":\"ListItem\",\"position\":3,\"name\":\"URBACT III\"}]},{\"@type\":\"WebSite\",\"@id\":\"https:\/\/www.lazioeuropa.it\/archivio1420\/#website\",\"url\":\"https:\/\/www.lazioeuropa.it\/archivio1420\/\",\"name\":\"LazioEuropa Archivio 1420\",\"description\":\"Lazio Europa\",\"potentialAction\":[{\"@type\":\"SearchAction\",\"target\":{\"@type\":\"EntryPoint\",\"urlTemplate\":\"https:\/\/www.lazioeuropa.it\/archivio1420\/?s={search_term_string}\"},\"query-input\":{\"@type\":\"PropertyValueSpecification\",\"valueRequired\":true,\"valueName\":\"search_term_string\"}}],\"inLanguage\":\"it-IT\"}]}<\/script>\n<!-- \/ Yoast SEO plugin. -->","yoast_head_json":{"title":"URBACT III - LazioEuropa Archivio 1420","robots":{"index":"index","follow":"follow","max-snippet":"max-snippet:-1","max-image-preview":"max-image-preview:large","max-video-preview":"max-video-preview:-1"},"canonical":"https:\/\/www.lazioeuropa.it\/archivio1420\/cooperazione-teritoriale\/urbact-iii\/","og_locale":"it_IT","og_type":"article","og_title":"URBACT III - LazioEuropa Archivio 1420","og_description":"Autorit\u00e0 di gestione: Francia &#8211;&nbsp;Commissariat G\u00e9n\u00e9ral \u00e0&nbsp;l\u2019\u00c9galit\u00e8 des Territoires (CGET) Stati partner: intero territorio UE, Norvegia e Svizzera&nbsp;e Paesi dell\u2019area IPA (Turchia, Albania, Montenegro, Serbia, Macedonia, Bosnia-Erzegovina e Kosovo). Regioni italiane eleggibili:tutte Obiettivi: il programma ha lo scopo di fornire soluzioni alternative per risolvere le principali sfide urbane, promuovendo uno sviluppo urbano integrato e sostenibile [&hellip;]","og_url":"https:\/\/www.lazioeuropa.it\/archivio1420\/cooperazione-teritoriale\/urbact-iii\/","og_site_name":"LazioEuropa Archivio 1420","article_modified_time":"2022-04-25T11:19:08+00:00","twitter_card":"summary_large_image","twitter_misc":{"Est. reading time":"1 minuto"},"schema":{"@context":"https:\/\/schema.org","@graph":[{"@type":"WebPage","@id":"https:\/\/www.lazioeuropa.it\/archivio1420\/cooperazione-teritoriale\/urbact-iii\/","url":"https:\/\/www.lazioeuropa.it\/archivio1420\/cooperazione-teritoriale\/urbact-iii\/","name":"URBACT III - LazioEuropa Archivio 1420","isPartOf":{"@id":"https:\/\/www.lazioeuropa.it\/archivio1420\/#website"},"datePublished":"2022-04-25T11:17:47+00:00","dateModified":"2022-04-25T11:19:08+00:00","breadcrumb":{"@id":"https:\/\/www.lazioeuropa.it\/archivio1420\/cooperazione-teritoriale\/urbact-iii\/#breadcrumb"},"inLanguage":"it-IT","potentialAction":[{"@type":"ReadAction","target":["https:\/\/www.lazioeuropa.it\/archivio1420\/cooperazione-teritoriale\/urbact-iii\/"]}]},{"@type":"BreadcrumbList","@id":"https:\/\/www.lazioeuropa.it\/archivio1420\/cooperazione-teritoriale\/urbact-iii\/#breadcrumb","itemListElement":[{"@type":"ListItem","position":1,"name":"Home","item":"https:\/\/www.lazioeuropa.it\/archivio1420\/"},{"@type":"ListItem","position":2,"name":"Cooperazione Territoriale","item":"https:\/\/www.lazioeuropa.it\/archivio1420\/cooperazione-teritoriale\/"},{"@type":"ListItem","position":3,"name":"URBACT III"}]},{"@type":"WebSite","@id":"https:\/\/www.lazioeuropa.it\/archivio1420\/#website","url":"https:\/\/www.lazioeuropa.it\/archivio1420\/","name":"LazioEuropa Archivio 1420","description":"Lazio Europa","potentialAction":[{"@type":"SearchAction","target":{"@type":"EntryPoint","urlTemplate":"https:\/\/www.lazioeuropa.it\/archivio1420\/?s={search_term_string}"},"query-input":{"@type":"PropertyValueSpecification","valueRequired":true,"valueName":"search_term_string"}}],"inLanguage":"it-IT"}]}},"featured_image_src":null,"featured_image_src_square":null,"_links":{"self":[{"href":"https:\/\/www.lazioeuropa.it\/archivio1420\/wp-json\/wp\/v2\/pages\/9360","targetHints":{"allow":["GET"]}}],"collection":[{"href":"https:\/\/www.lazioeuropa.it\/archivio1420\/wp-json\/wp\/v2\/pages"}],"about":[{"href":"https:\/\/www.lazioeuropa.it\/archivio1420\/wp-json\/wp\/v2\/types\/page"}],"author":[{"embeddable":true,"href":"https:\/\/www.lazioeuropa.it\/archivio1420\/wp-json\/wp\/v2\/users\/6"}],"replies":[{"embeddable":true,"href":"https:\/\/www.lazioeuropa.it\/archivio1420\/wp-json\/wp\/v2\/comments?post=9360"}],"version-history":[{"count":2,"href":"https:\/\/www.lazioeuropa.it\/archivio1420\/wp-json\/wp\/v2\/pages\/9360\/revisions"}],"predecessor-version":[{"id":9362,"href":"https:\/\/www.lazioeuropa.it\/archivio1420\/wp-json\/wp\/v2\/pages\/9360\/revisions\/9362"}],"up":[{"embeddable":true,"href":"https:\/\/www.lazioeuropa.it\/archivio1420\/wp-json\/wp\/v2\/pages\/9338"}],"wp:attachment":[{"href":"https:\/\/www.lazioeuropa.it\/archivio1420\/wp-json\/wp\/v2\/media?parent=9360"}],"curies":[{"name":"wp","href":"https:\/\/api.w.org\/{rel}","templated":true}]}}