{"id":340,"date":"2020-07-07T15:48:00","date_gmt":"2020-07-07T13:48:00","guid":{"rendered":"http:\/\/www.lazioeuropa.it\/laziosostenibile\/?page_id=340"},"modified":"2020-07-07T16:16:46","modified_gmt":"2020-07-07T14:16:46","slug":"le-attivita-realizzate-dalla-regione","status":"publish","type":"page","link":"https:\/\/www.lazioeuropa.it\/laziosostenibile\/le-attivita-realizzate-dalla-regione\/","title":{"rendered":"Le attivit\u00e0 realizzate dalla Regione"},"content":{"rendered":"\n<h2 class=\"wp-block-heading\"><strong>Il lavoro realizzato: le principali tappe<\/strong><\/h2>\n\n\n\n<p><strong>Dicembre 2018:<\/strong><\/p>\n\n\n\n<ul class=\"wp-block-list\"><li>la Regione approva lo&nbsp;Schema di Accordo ex art. 15 L. 241\/1990, ss.mm. e ii. con il MATTM e il Progetto esecutivo<strong> &#8220;Verso un Lazio della Sostenibilit\u00e0&#8221;<\/strong>&nbsp; &#8211; <strong>DGR 797 del 11.12.2018<\/strong><\/li><\/ul>\n\n\n\n<p><strong>Marzo 2019<\/strong><\/p>\n\n\n\n<ul class=\"wp-block-list\"><li>La Regione istituisce la <strong>Cabina di Regia interassessorile<\/strong> per lo sviluppo sostenibile coordinata dall\u2019Assessore allo Sviluppo Economico e composta da tutti gli Assessori competenti rispetto alle diverse dimensioni dello sviluppo sostenibile (economica, sociale, ambientale) &#8211; <strong>Decreto del Presidente della Regione Lazio n. T00066 del 20 marzo 2019<\/strong><\/li><li>La Regione individua il <strong>Gruppo di lavoro tecnico &#8211; GdL<\/strong>, quale supporto tecnico-amministrativo alla Cabina, composto dai referenti designati dai singoli assessorati. All\u2019interno del Gruppo di lavoro tecnico, viene identificato, quale nucleo operativo, un <strong>Gruppo di pilotaggio \u2013 GP<\/strong> (Lazio Innova, Dir. Programmazione Economica, Dir. Attivit\u00e0 Produttive e Uff. Contratti di Fiume e Piccoli Comuni &#8211; <strong>DE G03441 del 25.03.2019 e AO G11995 del 12.09.2019<\/strong><\/li><\/ul>\n\n\n\n<p><strong>Giugno 2019<\/strong><\/p>\n\n\n\n<ul class=\"wp-block-list\"><li>Con DE G07803 del 07.06.2019 affida una parte delle attivit\u00e0 relative alla realizzazione della SRSvS a Lazio Innova SpA e approva il <strong>Piano Operativo di Dettaglio (POD)<\/strong> e lo Schema di Convenzione<\/li><\/ul>\n\n\n\n<p><strong>Giugno \u2013 Ottobre 2019<\/strong><\/p>\n\n\n\n<ul class=\"wp-block-list\"><li>La Regione avvia il percorso operativo di definizione della SRSvS attraverso l\u2019attivazione di un percorso di <strong>audizioni<\/strong> presso le Direzioni regionali con competenza diretta o indiretta in materia di Sviluppo Sostenibile, finalizzato al coordinamento e integrazione con gli obiettivi della programmazione regionale<ul><li>Attraverso un <strong>Format di rilevazione <\/strong>ciascuna Direzione\/Area ha potuto fornire dati, informazioni, suggerimenti per avere una prima e fondamentale base informativa sullo stato dell\u2019arte regionale in termini di Programmi, Linee guida, Azioni e interventi utili a dare corpo e gambe alla redigenda SRSvS, ma anche alla programmazione comunitaria 2021-2027 e alla programmazione unitaria regionale nel suo complesso.<\/li><\/ul><ul><li>Qualche <strong>numero<\/strong> inerente alle Audizioni:<\/li><\/ul><ul><li>2 riunioni preparatorie (giugno e luglio 2019)<\/li><\/ul><ul><li>18 Direzioni regionali coinvolte<\/li><\/ul><ul><li>60 Aree regionali coinvolte<\/li><\/ul><ul><li>120 fra Dirigenti e funzionari regionali coinvolti<\/li><\/ul><ul><li>2 ore circa la durata di ciascuna Audizione<\/li><\/ul><\/li><\/ul>\n\n\n\n<p><strong>Novembre 2019 \u2013 Gennaio 2020<\/strong><\/p>\n\n\n\n<ul class=\"wp-block-list\"><li>E\u2019 stato avviato e completato il lavoro di analisi puntuale degli esiti delle Audizioni, attraverso elaborazioni di numerose matrici di sintesi, tabelle, documenti e report mirati<\/li><li>Qualche <strong>output:<\/strong><\/li><li><strong><em>proposte e indicazioni<\/em><\/strong> di interventi da avviare e\/o da completare di interesse per la SRSvS e coerenti con SNSS; la Programmazione ESI 2021 \u2013 2027 (Obiettivi di Policy e Obiettivi Specifici); il Documento Strategico di Programmazione (DSP) 2018 &#8211; 2023 (Macro aree\/Indirizzi Programmatici\/ Obiettivi); le 47 Azioni Cardine regionali; le linee di programmazione e gli indicatori SDG\u2019s; le linee di programmazione e gli indicatori BES<\/li><li><strong><em>elementi quantitativi<\/em><\/strong> in termini di target da raggiungere e fabbisogni economici necessari al loro conseguimento<\/li><li>indicazioni inerenti al pi\u00f9 efficace svolgimento dei <strong><em>Focus Group<\/em><\/strong> (approfondimenti specifici sui temi proposti e stakeholder da coinvolgere)<\/li><li>indicazioni su programmi, progetti, azioni inerenti alla <strong><em>Strategia Regionale di Adattamento ai Cambiamenti Climatici<\/em><\/strong><\/li><li>indicazioni di carattere <strong><em>strategico e trasversale<\/em><\/strong> quali, ad esempio, la necessit\u00e0 di condividere il patrimonio di conoscenze e know how presenti in Regione anche al fine di razionalizzare ed ottimizzare risorse e progettualit\u00e0 interne alle strutture regionali<\/li><\/ul>\n\n\n\n<p><strong>Gennaio \u2013 Giugno 2020<\/strong><\/p>\n\n\n\n<ul class=\"wp-block-list\"><li>Attraverso l\u2019organizzazione di tavoli di lavoro anche con la partecipazione del MATTM, \u00e8 stata avviata una interlocuzione privilegiata con la <strong>Citt\u00e0 Metropolitana di Roma Capitale<\/strong>, al fine di condividere tematiche e proposte di interesse comune (ad esempio: mobilit\u00e0, economia circolare, accesso allo studio &#8230;) ed inerenti alla SRSvS<\/li><li>Sono state avviate le attivit\u00e0 di costruzione del <strong>sito web<\/strong> <strong>Verso un Lazio della Sostenibilit\u00e0<\/strong><\/li><li>Sono state avviate le attivit\u00e0 propedeutiche alla realizzazione del <a href=\"http:\/\/www.lazioeuropa.it\/laziosostenibile\/forum\/\"><strong>Forum<\/strong> <\/a>virtuale (elaborazione del <strong><a href=\"http:\/\/www.lazioeuropa.it\/laziosostenibile\/forum\/questionario\/\">questionario <\/a><\/strong>per la partecipazione attiva della societ\u00e0 civile) e dei 7 <strong><a href=\"http:\/\/www.lazioeuropa.it\/laziosostenibile\/focus-group\/\">Focus Group<\/a><a href=\"#_ftn1\"><strong>[1]<\/strong><\/a><\/strong> previsti (paper tematici sulle tematiche di interesse e coinvolgimento degli stakeholder)<\/li><\/ul>\n\n\n\n<p style=\"font-size:12px\"><a href=\"#_ftnref1\">[1]<\/a> I temi dei Focus Group sono: Dematerializzare l\u2019economia, migliorando l\u2019efficienza dell\u2019uso delle risorse e promuovendo meccanismi di economia circolare; Aumentare la mobilit\u00e0 sostenibile di persone e merci; Ridurre l\u2019intensit\u00e0 ella povert\u00e0; Ridurre il tasso di abbandono scolastico e migliorare il sistema dell\u2019istruzione (Accesso allo studio); Cambiamenti climatici e gestione sostenibile delle risorse idriche; Rigenerare le citt\u00e0, garantire l\u2019accessibilit\u00e0 e assicurare la sostenibilit\u00e0 delle connessioni (Citt\u00e0 Intelligenti); Economia del mare<\/p>\n","protected":false},"excerpt":{"rendered":"<p>Il lavoro realizzato: le principali tappe Dicembre 2018: la Regione approva lo&nbsp;Schema di Accordo ex art. 15 L. 241\/1990, ss.mm. e ii. con il MATTM e il Progetto esecutivo &#8220;Verso un Lazio della Sostenibilit\u00e0&#8221;&nbsp; &#8211; DGR 797 del 11.12.2018 Marzo 2019 La Regione istituisce la Cabina di Regia interassessorile per lo sviluppo sostenibile coordinata dall\u2019Assessore [&hellip;]<\/p>\n","protected":false},"author":1,"featured_media":0,"parent":0,"menu_order":0,"comment_status":"closed","ping_status":"closed","template":"templates\/ilracconto.php","meta":{"_acf_changed":false,"_uag_custom_page_level_css":"","ghostkit_customizer_options":"","ghostkit_custom_css":"","ghostkit_custom_js_head":"","ghostkit_custom_js_foot":"","ghostkit_typography":"","footnotes":""},"class_list":["post-340","page","type-page","status-publish","hentry"],"acf":[],"yoast_head":"<!-- This site is optimized with the Yoast SEO plugin v25.9 - https:\/\/yoast.com\/wordpress\/plugins\/seo\/ -->\n<title>Le attivit\u00e0 realizzate dalla Regione - Lazio, regione sostenibile<\/title>\n<meta name=\"robots\" content=\"index, follow, max-snippet:-1, max-image-preview:large, max-video-preview:-1\" \/>\n<link rel=\"canonical\" href=\"https:\/\/www.lazioeuropa.it\/laziosostenibile\/le-attivita-realizzate-dalla-regione\/\" \/>\n<meta property=\"og:locale\" content=\"it_IT\" \/>\n<meta property=\"og:type\" content=\"article\" \/>\n<meta property=\"og:title\" content=\"Le attivit\u00e0 realizzate dalla Regione - Lazio, regione sostenibile\" \/>\n<meta property=\"og:description\" content=\"Il lavoro realizzato: le principali tappe Dicembre 2018: la Regione approva lo&nbsp;Schema di Accordo ex art. 15 L. 241\/1990, ss.mm. e ii. con il MATTM e il Progetto esecutivo &#8220;Verso un Lazio della Sostenibilit\u00e0&#8221;&nbsp; &#8211; DGR 797 del 11.12.2018 Marzo 2019 La Regione istituisce la Cabina di Regia interassessorile per lo sviluppo sostenibile coordinata dall\u2019Assessore [&hellip;]\" \/>\n<meta property=\"og:url\" content=\"https:\/\/www.lazioeuropa.it\/laziosostenibile\/le-attivita-realizzate-dalla-regione\/\" \/>\n<meta property=\"og:site_name\" content=\"Lazio, regione sostenibile\" \/>\n<meta property=\"article:modified_time\" content=\"2020-07-07T14:16:46+00:00\" \/>\n<meta name=\"twitter:card\" content=\"summary_large_image\" \/>\n<meta name=\"twitter:label1\" content=\"Tempo di lettura stimato\" \/>\n\t<meta name=\"twitter:data1\" content=\"3 minuti\" \/>\n<script type=\"application\/ld+json\" class=\"yoast-schema-graph\">{\"@context\":\"https:\/\/schema.org\",\"@graph\":[{\"@type\":\"WebPage\",\"@id\":\"https:\/\/www.lazioeuropa.it\/laziosostenibile\/le-attivita-realizzate-dalla-regione\/\",\"url\":\"https:\/\/www.lazioeuropa.it\/laziosostenibile\/le-attivita-realizzate-dalla-regione\/\",\"name\":\"Le attivit\u00e0 realizzate dalla Regione - Lazio, regione sostenibile\",\"isPartOf\":{\"@id\":\"https:\/\/www.lazioeuropa.it\/laziosostenibile\/#website\"},\"datePublished\":\"2020-07-07T13:48:00+00:00\",\"dateModified\":\"2020-07-07T14:16:46+00:00\",\"breadcrumb\":{\"@id\":\"https:\/\/www.lazioeuropa.it\/laziosostenibile\/le-attivita-realizzate-dalla-regione\/#breadcrumb\"},\"inLanguage\":\"it-IT\",\"potentialAction\":[{\"@type\":\"ReadAction\",\"target\":[\"https:\/\/www.lazioeuropa.it\/laziosostenibile\/le-attivita-realizzate-dalla-regione\/\"]}]},{\"@type\":\"BreadcrumbList\",\"@id\":\"https:\/\/www.lazioeuropa.it\/laziosostenibile\/le-attivita-realizzate-dalla-regione\/#breadcrumb\",\"itemListElement\":[{\"@type\":\"ListItem\",\"position\":1,\"name\":\"Home\",\"item\":\"https:\/\/www.lazioeuropa.it\/laziosostenibile\/\"},{\"@type\":\"ListItem\",\"position\":2,\"name\":\"Le attivit\u00e0 realizzate dalla Regione\"}]},{\"@type\":\"WebSite\",\"@id\":\"https:\/\/www.lazioeuropa.it\/laziosostenibile\/#website\",\"url\":\"https:\/\/www.lazioeuropa.it\/laziosostenibile\/\",\"name\":\"Lazio, regione sostenibile\",\"description\":\"Lazio, regione sostenibile\",\"potentialAction\":[{\"@type\":\"SearchAction\",\"target\":{\"@type\":\"EntryPoint\",\"urlTemplate\":\"https:\/\/www.lazioeuropa.it\/laziosostenibile\/?s={search_term_string}\"},\"query-input\":{\"@type\":\"PropertyValueSpecification\",\"valueRequired\":true,\"valueName\":\"search_term_string\"}}],\"inLanguage\":\"it-IT\"}]}<\/script>\n<!-- \/ Yoast SEO plugin. -->","yoast_head_json":{"title":"Le attivit\u00e0 realizzate dalla Regione - Lazio, regione sostenibile","robots":{"index":"index","follow":"follow","max-snippet":"max-snippet:-1","max-image-preview":"max-image-preview:large","max-video-preview":"max-video-preview:-1"},"canonical":"https:\/\/www.lazioeuropa.it\/laziosostenibile\/le-attivita-realizzate-dalla-regione\/","og_locale":"it_IT","og_type":"article","og_title":"Le attivit\u00e0 realizzate dalla Regione - Lazio, regione sostenibile","og_description":"Il lavoro realizzato: le principali tappe Dicembre 2018: la Regione approva lo&nbsp;Schema di Accordo ex art. 15 L. 241\/1990, ss.mm. e ii. con il MATTM e il Progetto esecutivo &#8220;Verso un Lazio della Sostenibilit\u00e0&#8221;&nbsp; &#8211; DGR 797 del 11.12.2018 Marzo 2019 La Regione istituisce la Cabina di Regia interassessorile per lo sviluppo sostenibile coordinata dall\u2019Assessore [&hellip;]","og_url":"https:\/\/www.lazioeuropa.it\/laziosostenibile\/le-attivita-realizzate-dalla-regione\/","og_site_name":"Lazio, regione sostenibile","article_modified_time":"2020-07-07T14:16:46+00:00","twitter_card":"summary_large_image","twitter_misc":{"Tempo di lettura stimato":"3 minuti"},"schema":{"@context":"https:\/\/schema.org","@graph":[{"@type":"WebPage","@id":"https:\/\/www.lazioeuropa.it\/laziosostenibile\/le-attivita-realizzate-dalla-regione\/","url":"https:\/\/www.lazioeuropa.it\/laziosostenibile\/le-attivita-realizzate-dalla-regione\/","name":"Le attivit\u00e0 realizzate dalla Regione - Lazio, regione sostenibile","isPartOf":{"@id":"https:\/\/www.lazioeuropa.it\/laziosostenibile\/#website"},"datePublished":"2020-07-07T13:48:00+00:00","dateModified":"2020-07-07T14:16:46+00:00","breadcrumb":{"@id":"https:\/\/www.lazioeuropa.it\/laziosostenibile\/le-attivita-realizzate-dalla-regione\/#breadcrumb"},"inLanguage":"it-IT","potentialAction":[{"@type":"ReadAction","target":["https:\/\/www.lazioeuropa.it\/laziosostenibile\/le-attivita-realizzate-dalla-regione\/"]}]},{"@type":"BreadcrumbList","@id":"https:\/\/www.lazioeuropa.it\/laziosostenibile\/le-attivita-realizzate-dalla-regione\/#breadcrumb","itemListElement":[{"@type":"ListItem","position":1,"name":"Home","item":"https:\/\/www.lazioeuropa.it\/laziosostenibile\/"},{"@type":"ListItem","position":2,"name":"Le attivit\u00e0 realizzate dalla Regione"}]},{"@type":"WebSite","@id":"https:\/\/www.lazioeuropa.it\/laziosostenibile\/#website","url":"https:\/\/www.lazioeuropa.it\/laziosostenibile\/","name":"Lazio, regione sostenibile","description":"Lazio, regione sostenibile","potentialAction":[{"@type":"SearchAction","target":{"@type":"EntryPoint","urlTemplate":"https:\/\/www.lazioeuropa.it\/laziosostenibile\/?s={search_term_string}"},"query-input":{"@type":"PropertyValueSpecification","valueRequired":true,"valueName":"search_term_string"}}],"inLanguage":"it-IT"}]}},"featured_image_src":null,"featured_image_src_square":null,"uagb_featured_image_src":{"full":false,"thumbnail":false,"medium":false,"medium_large":false,"large":false,"gs-tiny":false,"xl":false,"xxl":false,"xxxl":false,"xxxxl":false,"xxxxxl":false,"1536x1536":false,"2048x2048":false,"ab-block-post-grid-landscape":false,"ab-block-post-grid-square":false,"post-thumbnail":false,"twentytwenty-fullscreen":false},"uagb_author_info":{"display_name":"laziosostenibile","author_link":"https:\/\/www.lazioeuropa.it\/laziosostenibile\/author\/laziosostenibile\/"},"uagb_comment_info":0,"uagb_excerpt":"Il lavoro realizzato: le principali tappe Dicembre 2018: la Regione approva lo&nbsp;Schema di Accordo ex art. 15 L. 241\/1990, ss.mm. e ii. con il MATTM e il Progetto esecutivo &#8220;Verso un Lazio della Sostenibilit\u00e0&#8221;&nbsp; &#8211; DGR 797 del 11.12.2018 Marzo 2019 La Regione istituisce la Cabina di Regia interassessorile per lo sviluppo sostenibile coordinata dall\u2019Assessore&hellip;","_links":{"self":[{"href":"https:\/\/www.lazioeuropa.it\/laziosostenibile\/wp-json\/wp\/v2\/pages\/340","targetHints":{"allow":["GET"]}}],"collection":[{"href":"https:\/\/www.lazioeuropa.it\/laziosostenibile\/wp-json\/wp\/v2\/pages"}],"about":[{"href":"https:\/\/www.lazioeuropa.it\/laziosostenibile\/wp-json\/wp\/v2\/types\/page"}],"author":[{"embeddable":true,"href":"https:\/\/www.lazioeuropa.it\/laziosostenibile\/wp-json\/wp\/v2\/users\/1"}],"replies":[{"embeddable":true,"href":"https:\/\/www.lazioeuropa.it\/laziosostenibile\/wp-json\/wp\/v2\/comments?post=340"}],"version-history":[{"count":6,"href":"https:\/\/www.lazioeuropa.it\/laziosostenibile\/wp-json\/wp\/v2\/pages\/340\/revisions"}],"predecessor-version":[{"id":951,"href":"https:\/\/www.lazioeuropa.it\/laziosostenibile\/wp-json\/wp\/v2\/pages\/340\/revisions\/951"}],"wp:attachment":[{"href":"https:\/\/www.lazioeuropa.it\/laziosostenibile\/wp-json\/wp\/v2\/media?parent=340"}],"curies":[{"name":"wp","href":"https:\/\/api.w.org\/{rel}","templated":true}]}}